{"id":831,"date":"2013-08-07T15:54:38","date_gmt":"2013-08-07T07:54:38","guid":{"rendered":"http:\/\/vynz100photo.fr\/blog\/?page_id=831"},"modified":"2013-10-14T01:25:56","modified_gmt":"2013-10-13T17:25:56","slug":"canon-ef-85mm-f18-usm","status":"publish","type":"page","link":"https:\/\/vynz100photo.fr\/blog\/photographie\/test-de-materiel\/objectifs\/canon-ef-85mm-f18-usm\/","title":{"rendered":"Canon EF 85mm f\/1,8 USM"},"content":{"rendered":"<div>\n<div id=\"attachment_832\" style=\"width: 530px\" class=\"wp-caption aligncenter\"><a href=\"https:\/\/i0.wp.com\/vynz100photo.fr\/blog\/wp-content\/uploads\/2013\/08\/Canon-EF-85mm-f1.8-USM-01.jpg?ssl=1\"><img data-recalc-dims=\"1\" loading=\"lazy\" decoding=\"async\" aria-describedby=\"caption-attachment-832\" data-attachment-id=\"832\" data-permalink=\"https:\/\/vynz100photo.fr\/blog\/photographie\/test-de-materiel\/objectifs\/canon-ef-85mm-f18-usm\/canon-ef-85mm-f1-8-usm-01\/\" data-orig-file=\"https:\/\/i0.wp.com\/vynz100photo.fr\/blog\/wp-content\/uploads\/2013\/08\/Canon-EF-85mm-f1.8-USM-01.jpg?fit=650%2C650&amp;ssl=1\" data-orig-size=\"650,650\" data-comments-opened=\"1\" data-image-meta=\"{&quot;aperture&quot;:&quot;0&quot;,&quot;credit&quot;:&quot;&quot;,&quot;camera&quot;:&quot;&quot;,&quot;caption&quot;:&quot;&quot;,&quot;created_timestamp&quot;:&quot;0&quot;,&quot;copyright&quot;:&quot;&quot;,&quot;focal_length&quot;:&quot;0&quot;,&quot;iso&quot;:&quot;0&quot;,&quot;shutter_speed&quot;:&quot;0&quot;,&quot;title&quot;:&quot;&quot;}\" data-image-title=\"Canon EF 85mm f1.8 USM-01\" data-image-description=\"\" data-image-caption=\"&lt;p&gt;Canon EF 85mm f1.8 USM&lt;\/p&gt;\n\" data-large-file=\"https:\/\/i0.wp.com\/vynz100photo.fr\/blog\/wp-content\/uploads\/2013\/08\/Canon-EF-85mm-f1.8-USM-01.jpg?fit=650%2C650&amp;ssl=1\" class=\" wp-image-832 \" alt=\"Canon EF 85mm f1.8 USM\" src=\"https:\/\/i0.wp.com\/vynz100photo.fr\/blog\/wp-content\/uploads\/2013\/08\/Canon-EF-85mm-f1.8-USM-01.jpg?resize=520%2C520&#038;ssl=1\" width=\"520\" height=\"520\" srcset=\"https:\/\/i0.wp.com\/vynz100photo.fr\/blog\/wp-content\/uploads\/2013\/08\/Canon-EF-85mm-f1.8-USM-01.jpg?w=650&amp;ssl=1 650w, https:\/\/i0.wp.com\/vynz100photo.fr\/blog\/wp-content\/uploads\/2013\/08\/Canon-EF-85mm-f1.8-USM-01.jpg?resize=150%2C150&amp;ssl=1 150w, https:\/\/i0.wp.com\/vynz100photo.fr\/blog\/wp-content\/uploads\/2013\/08\/Canon-EF-85mm-f1.8-USM-01.jpg?resize=300%2C300&amp;ssl=1 300w\" sizes=\"auto, (max-width: 520px) 100vw, 520px\" \/><\/a><p id=\"caption-attachment-832\" class=\"wp-caption-text\">Canon EF 85mm f1.8 USM<\/p><\/div>\n<h2><\/h2>\n<h2><span style=\"color: #ff6600;\">Caract\u00e9ristiques<\/span><\/h2>\n<p><span style=\"text-decoration: underline;\">Poids<\/span>: 425 g<\/p>\n<p>&nbsp;<\/p>\n<\/div>\n<p><span style=\"text-decoration: underline;\">Prix<\/span>:\u00a0350\u20ac environ<\/p>\n<p style=\"text-align: justify;\">Un des <em>best-sellers<\/em> de Canon, dans la s\u00e9rie des focales fixes \u00e0 prix raisonnable. Sa <strong>focale de 85mm<\/strong> est <strong>id\u00e9ale pour les portraits<\/strong> serr\u00e9es (APS-C) ou de buste (24&#215;36); de plus sa <strong>grande ouverture de f.1,8<\/strong> permet de tr\u00e8s jolis flous d&rsquo;arri\u00e8re-plan&#8230;<\/p>\n<h2><span style=\"color: #ff6600;\">Construction<\/span><\/h2>\n<p style=\"text-align: justify;\">On est bien au-dessus du fragile <a href=\"https:\/\/vynz100photo.fr\/blog\/photographie\/test-de-materiel\/objectifs\/canon-ef-50mm-f18\/\">50mm f\/1,8<\/a>; ici, tout respire la <strong>solidit\u00e9 d&rsquo;un objectif bien construit<\/strong>, avec une bague de <strong>mise au point manuelle assez large<\/strong> et bien proportionn\u00e9e. On dispose d&rsquo;une petite fen\u00eatre des distances et <strong>l&rsquo;autofocus<\/strong> est de type <strong>USM<\/strong>, celui que l&rsquo;on retrouve sur les optiques professionnelles Canon: rapide, silencieux, efficace.<\/p>\n<p style=\"text-align: justify;\">Il reste n\u00e9anmoins <strong>assez compact<\/strong> par rapport \u00e0 un zoom, et donc facile \u00e0 transporter et utiliser.<\/p>\n<h2><span style=\"color: #ff6600;\">Sur le terrain<\/span><\/h2>\n<p style=\"text-align: justify;\">Je l&rsquo;ai d&rsquo;abord utilis\u00e9 sur un capteur APS-C (550D), o\u00f9 il a vite fait des merveilles: <strong>excellent piqu\u00e9<\/strong> d\u00e8s la pleine ouverture, <strong>autofocus tr\u00e8s efficace<\/strong>, tr\u00e8s beaux flous d&rsquo;arri\u00e8re-plan.<\/p>\n<p style=\"text-align: justify;\">Mais c&rsquo;est sur le grand capteur du 5D MarkII qu&rsquo;il d\u00e9ploie toutes ses qualit\u00e9s, avec une t<strong>r\u00e8s bonne colorim\u00e9trie<\/strong> (bien qu&rsquo;un poil froide), un <strong>tr\u00e8s bon respect des d\u00e9tails<\/strong> et un contraste au m\u00eame niveau. Seul d\u00e9faut optique de cet objectif, il y a des <strong>franges pourpres sur les zones tr\u00e8s\u00a0<\/strong><b>contrast\u00e9es<\/b>\u00a0(genre contre-jour) qui peuvent \u00eatre g\u00eanantes&#8230; bien que l&rsquo;on puisse facilement les effacer en post-traitement gr\u00e2ce \u00e0 un logiciel adapt\u00e9. A noter cependant que l&rsquo;on retrouve le m\u00eame d\u00e9faut sur le tr\u00e8s haut de gamme Canon EF 85mm f\/1,2 L ou sur le Zeiss 85mm f\/1,4&#8230; question de formule optique des 85mm?<\/p>\n<h2><span style=\"color: #ff6600;\">Exemples<\/span><\/h2>\n<div id=\"attachment_838\" style=\"width: 1034px\" class=\"wp-caption aligncenter\"><a href=\"https:\/\/i0.wp.com\/vynz100photo.fr\/blog\/wp-content\/uploads\/2013\/08\/27072011-IMG_1152.jpg?ssl=1\"><img data-recalc-dims=\"1\" loading=\"lazy\" decoding=\"async\" aria-describedby=\"caption-attachment-838\" data-attachment-id=\"838\" data-permalink=\"https:\/\/vynz100photo.fr\/blog\/photographie\/test-de-materiel\/objectifs\/canon-ef-85mm-f18-usm\/27072011-img_1152\/\" data-orig-file=\"https:\/\/i0.wp.com\/vynz100photo.fr\/blog\/wp-content\/uploads\/2013\/08\/27072011-IMG_1152.jpg?fit=1024%2C683&amp;ssl=1\" data-orig-size=\"1024,683\" data-comments-opened=\"1\" data-image-meta=\"{&quot;aperture&quot;:&quot;3.2&quot;,&quot;credit&quot;:&quot;Vincent Verger&quot;,&quot;camera&quot;:&quot;Canon EOS 550D&quot;,&quot;caption&quot;:&quot;&quot;,&quot;created_timestamp&quot;:&quot;1311777840&quot;,&quot;copyright&quot;:&quot;@ Vincent VERGER&quot;,&quot;focal_length&quot;:&quot;85&quot;,&quot;iso&quot;:&quot;200&quot;,&quot;shutter_speed&quot;:&quot;0.005&quot;,&quot;title&quot;:&quot;&quot;}\" data-image-title=\"27072011-IMG_1152\" data-image-description=\"\" data-image-caption=\"&lt;p&gt;550D&lt;\/p&gt;\n\" data-large-file=\"https:\/\/i0.wp.com\/vynz100photo.fr\/blog\/wp-content\/uploads\/2013\/08\/27072011-IMG_1152.jpg?fit=800%2C534&amp;ssl=1\" class=\"size-full wp-image-838\" alt=\"550D\" src=\"https:\/\/i0.wp.com\/vynz100photo.fr\/blog\/wp-content\/uploads\/2013\/08\/27072011-IMG_1152.jpg?resize=800%2C534&#038;ssl=1\" width=\"800\" height=\"534\" srcset=\"https:\/\/i0.wp.com\/vynz100photo.fr\/blog\/wp-content\/uploads\/2013\/08\/27072011-IMG_1152.jpg?w=1024&amp;ssl=1 1024w, https:\/\/i0.wp.com\/vynz100photo.fr\/blog\/wp-content\/uploads\/2013\/08\/27072011-IMG_1152.jpg?resize=300%2C200&amp;ssl=1 300w\" sizes=\"auto, (max-width: 800px) 100vw, 800px\" \/><\/a><p id=\"caption-attachment-838\" class=\"wp-caption-text\">550D<\/p><\/div>\n<div id=\"attachment_837\" style=\"width: 1034px\" class=\"wp-caption aligncenter\"><a href=\"https:\/\/i0.wp.com\/vynz100photo.fr\/blog\/wp-content\/uploads\/2013\/08\/13072011-IMG_9290.jpg?ssl=1\"><img data-recalc-dims=\"1\" loading=\"lazy\" decoding=\"async\" aria-describedby=\"caption-attachment-837\" data-attachment-id=\"837\" data-permalink=\"https:\/\/vynz100photo.fr\/blog\/photographie\/test-de-materiel\/objectifs\/canon-ef-85mm-f18-usm\/13072011-img_9290\/\" data-orig-file=\"https:\/\/i0.wp.com\/vynz100photo.fr\/blog\/wp-content\/uploads\/2013\/08\/13072011-IMG_9290.jpg?fit=1024%2C683&amp;ssl=1\" data-orig-size=\"1024,683\" data-comments-opened=\"1\" data-image-meta=\"{&quot;aperture&quot;:&quot;1.8&quot;,&quot;credit&quot;:&quot;Vincent Verger&quot;,&quot;camera&quot;:&quot;Canon EOS 550D&quot;,&quot;caption&quot;:&quot;&quot;,&quot;created_timestamp&quot;:&quot;1310574227&quot;,&quot;copyright&quot;:&quot;@ Vincent VERGER&quot;,&quot;focal_length&quot;:&quot;85&quot;,&quot;iso&quot;:&quot;100&quot;,&quot;shutter_speed&quot;:&quot;0.0003125&quot;,&quot;title&quot;:&quot;&quot;}\" data-image-title=\"13072011-IMG_9290\" data-image-description=\"\" data-image-caption=\"&lt;p&gt;550D&lt;\/p&gt;\n\" data-large-file=\"https:\/\/i0.wp.com\/vynz100photo.fr\/blog\/wp-content\/uploads\/2013\/08\/13072011-IMG_9290.jpg?fit=800%2C534&amp;ssl=1\" class=\"size-full wp-image-837\" alt=\"550D\" src=\"https:\/\/i0.wp.com\/vynz100photo.fr\/blog\/wp-content\/uploads\/2013\/08\/13072011-IMG_9290.jpg?resize=800%2C534&#038;ssl=1\" width=\"800\" height=\"534\" srcset=\"https:\/\/i0.wp.com\/vynz100photo.fr\/blog\/wp-content\/uploads\/2013\/08\/13072011-IMG_9290.jpg?w=1024&amp;ssl=1 1024w, https:\/\/i0.wp.com\/vynz100photo.fr\/blog\/wp-content\/uploads\/2013\/08\/13072011-IMG_9290.jpg?resize=300%2C200&amp;ssl=1 300w\" sizes=\"auto, (max-width: 800px) 100vw, 800px\" \/><\/a><p id=\"caption-attachment-837\" class=\"wp-caption-text\">550D<\/p><\/div>\n<div id=\"attachment_836\" style=\"width: 1034px\" class=\"wp-caption aligncenter\"><a href=\"https:\/\/i0.wp.com\/vynz100photo.fr\/blog\/wp-content\/uploads\/2013\/08\/17122011-IMG_4893.jpg?ssl=1\"><img data-recalc-dims=\"1\" loading=\"lazy\" decoding=\"async\" aria-describedby=\"caption-attachment-836\" data-attachment-id=\"836\" data-permalink=\"https:\/\/vynz100photo.fr\/blog\/photographie\/test-de-materiel\/objectifs\/canon-ef-85mm-f18-usm\/17122011-img_4893\/\" data-orig-file=\"https:\/\/i0.wp.com\/vynz100photo.fr\/blog\/wp-content\/uploads\/2013\/08\/17122011-IMG_4893.jpg?fit=1024%2C683&amp;ssl=1\" data-orig-size=\"1024,683\" data-comments-opened=\"1\" data-image-meta=\"{&quot;aperture&quot;:&quot;1.8&quot;,&quot;credit&quot;:&quot;Vincent Verger&quot;,&quot;camera&quot;:&quot;Canon EOS 5D Mark II&quot;,&quot;caption&quot;:&quot;&quot;,&quot;created_timestamp&quot;:&quot;1324113369&quot;,&quot;copyright&quot;:&quot;@ Vincent VERGER&quot;,&quot;focal_length&quot;:&quot;85&quot;,&quot;iso&quot;:&quot;100&quot;,&quot;shutter_speed&quot;:&quot;0.00025&quot;,&quot;title&quot;:&quot;&quot;}\" data-image-title=\"17122011-IMG_4893\" data-image-description=\"\" data-image-caption=\"&lt;p&gt;5D MarkII&lt;\/p&gt;\n\" data-large-file=\"https:\/\/i0.wp.com\/vynz100photo.fr\/blog\/wp-content\/uploads\/2013\/08\/17122011-IMG_4893.jpg?fit=800%2C534&amp;ssl=1\" class=\"size-full wp-image-836\" alt=\"5D MarkII\" src=\"https:\/\/i0.wp.com\/vynz100photo.fr\/blog\/wp-content\/uploads\/2013\/08\/17122011-IMG_4893.jpg?resize=800%2C534&#038;ssl=1\" width=\"800\" height=\"534\" srcset=\"https:\/\/i0.wp.com\/vynz100photo.fr\/blog\/wp-content\/uploads\/2013\/08\/17122011-IMG_4893.jpg?w=1024&amp;ssl=1 1024w, https:\/\/i0.wp.com\/vynz100photo.fr\/blog\/wp-content\/uploads\/2013\/08\/17122011-IMG_4893.jpg?resize=300%2C200&amp;ssl=1 300w\" sizes=\"auto, (max-width: 800px) 100vw, 800px\" \/><\/a><p id=\"caption-attachment-836\" class=\"wp-caption-text\">5D MarkII<\/p><\/div>\n<div id=\"attachment_835\" style=\"width: 693px\" class=\"wp-caption aligncenter\"><a href=\"https:\/\/i0.wp.com\/vynz100photo.fr\/blog\/wp-content\/uploads\/2013\/08\/20130328-IMG_6547.jpg?ssl=1\"><img data-recalc-dims=\"1\" loading=\"lazy\" decoding=\"async\" aria-describedby=\"caption-attachment-835\" data-attachment-id=\"835\" data-permalink=\"https:\/\/vynz100photo.fr\/blog\/photographie\/test-de-materiel\/objectifs\/canon-ef-85mm-f18-usm\/20130328-img_6547\/\" data-orig-file=\"https:\/\/i0.wp.com\/vynz100photo.fr\/blog\/wp-content\/uploads\/2013\/08\/20130328-IMG_6547.jpg?fit=683%2C1024&amp;ssl=1\" data-orig-size=\"683,1024\" data-comments-opened=\"1\" data-image-meta=\"{&quot;aperture&quot;:&quot;1.8&quot;,&quot;credit&quot;:&quot;Vincent Verger&quot;,&quot;camera&quot;:&quot;Canon EOS 5D Mark II&quot;,&quot;caption&quot;:&quot;&quot;,&quot;created_timestamp&quot;:&quot;1364478202&quot;,&quot;copyright&quot;:&quot;@ Vincent VERGER&quot;,&quot;focal_length&quot;:&quot;85&quot;,&quot;iso&quot;:&quot;100&quot;,&quot;shutter_speed&quot;:&quot;0.001&quot;,&quot;title&quot;:&quot;&quot;}\" data-image-title=\"20130328-IMG_6547\" data-image-description=\"\" data-image-caption=\"&lt;p&gt;5D MarkII&lt;\/p&gt;\n\" data-large-file=\"https:\/\/i0.wp.com\/vynz100photo.fr\/blog\/wp-content\/uploads\/2013\/08\/20130328-IMG_6547.jpg?fit=683%2C1024&amp;ssl=1\" class=\"size-full wp-image-835\" alt=\"5D MarkII\" src=\"https:\/\/i0.wp.com\/vynz100photo.fr\/blog\/wp-content\/uploads\/2013\/08\/20130328-IMG_6547.jpg?resize=683%2C1024&#038;ssl=1\" width=\"683\" height=\"1024\" srcset=\"https:\/\/i0.wp.com\/vynz100photo.fr\/blog\/wp-content\/uploads\/2013\/08\/20130328-IMG_6547.jpg?w=683&amp;ssl=1 683w, https:\/\/i0.wp.com\/vynz100photo.fr\/blog\/wp-content\/uploads\/2013\/08\/20130328-IMG_6547.jpg?resize=200%2C300&amp;ssl=1 200w\" sizes=\"auto, (max-width: 683px) 100vw, 683px\" \/><\/a><p id=\"caption-attachment-835\" class=\"wp-caption-text\">5D MarkII<\/p><\/div>\n<p>&nbsp;<\/p>\n<h2 style=\"text-align: justify;\"><span style=\"color: #ff6600;\">Conclusion<\/span><\/h2>\n<p style=\"text-align: justify;\">\u00a0Encore un <strong>excellent objectif de Canon<\/strong>, auquel il n&rsquo;y a pas grand-chose \u00e0 reprocher sinon ces petites franges pourpres qui apparaissent dans certaines situations. Il est <strong>l\u00e9ger, tr\u00e8s bon optiquement et a un autofocus tr\u00e8s efficace<\/strong>&#8230;<\/p>\n<p style=\"text-align: justify;\">Pour ma part, je l&rsquo;ai plus utilis\u00e9 sur le petit capteur du 550D que sur le 5D MarkII. En effet, <strong>sa focale de 85mm \u00e9quivaut sur APS-C \u00e0 une focale de 135mm<\/strong> (id\u00e9ale pour les portraits serr\u00e9s), mais sur 24&#215;36 elle est trop proche pour moi d&rsquo;un 50mm&#8230; j&rsquo;ai donc d\u00fb me r\u00e9soudre \u00e0 m&rsquo;en s\u00e9parer pour un <a title=\"Canon EF 135mm f\/2 L USM\" href=\"https:\/\/vynz100photo.fr\/blog\/photographie\/test-de-materiel\/objectifs\/canon-ef-135mm-f2-l-usm\/\">Canon EF 135mm f\/2 L USM<\/a> plus adapt\u00e9 \u00e0 ma pratique.<\/p>\n","protected":false},"excerpt":{"rendered":"<p>Caract\u00e9ristiques Poids: 425 g &nbsp; Prix:\u00a0350\u20ac environ Un des best-sellers de Canon, dans la s\u00e9rie des focales fixes \u00e0 prix raisonnable. Sa focale de 85mm est id\u00e9ale pour les portraits serr\u00e9es (APS-C) ou de buste (24&#215;36); de plus sa grande ouverture de f.1,8 permet de tr\u00e8s jolis flous d&rsquo;arri\u00e8re-plan&#8230; Construction On est bien au-dessus du [&hellip;]<\/p>\n","protected":false},"author":1,"featured_media":0,"parent":814,"menu_order":0,"comment_status":"open","ping_status":"open","template":"full-width-page.php","meta":{"_mo_disable_npp":"","jetpack_post_was_ever_published":false,"footnotes":""},"class_list":["post-831","page","type-page","status-publish","hentry"],"jetpack_sharing_enabled":true,"jetpack_shortlink":"https:\/\/wp.me\/P3QNY7-dp","jetpack_likes_enabled":true,"jetpack-related-posts":[{"id":814,"url":"https:\/\/vynz100photo.fr\/blog\/photographie\/test-de-materiel\/objectifs\/","url_meta":{"origin":831,"position":0},"title":"Objectifs","author":"Vincent","date":"7 ao\u00fbt 2013","format":false,"excerpt":"Quelques retours d'objectifs que j'ai poss\u00e9d\u00e9s ou test\u00e9s... Au menu, des focales fixes, qui peuvent aller tout aussi bien sur un r\u00e9flex Canon APS-C qu'un 24x36: - Canon EF 28 mm f\/2,8, - Canon\u00a0EF 35mm f\/2, - Canon EF 40mm f\/2,8, - Canon\u00a0EF 50mm f\/1,8, - Canon\u00a0EF 85mm f\/1,8 USM,\u2026","rel":"","context":"Article similaire","block_context":{"text":"Article similaire","link":""},"img":{"alt_text":"","src":"","width":0,"height":0},"classes":[]},{"id":1024,"url":"https:\/\/vynz100photo.fr\/blog\/photographie\/test-de-materiel\/objectifs\/canon-ef-135mm-f2-l-usm\/","url_meta":{"origin":831,"position":1},"title":"Canon EF 135mm f\/2 L USM","author":"Vincent","date":"18 ao\u00fbt 2013","format":false,"excerpt":"\u00a0 Caract\u00e9ristiques Poids: 750 g Prix: 1100\u20ac environ Une focale fixe de 135mm, soit un t\u00e9l\u00e9objectif, avec une grande ouverture de f\/2, on est bien en pr\u00e9sence d'un caillou d\u00e9di\u00e9 au portrait. Son autofocus de type USM est\u00a0extr\u00eamement v\u00e9loce, ce qui lui permet d'\u00eatre aussi performant en photo sportive; enfin,\u2026","rel":"","context":"Article similaire","block_context":{"text":"Article similaire","link":""},"img":{"alt_text":"canon_135mmf2_usm_733","src":"https:\/\/i0.wp.com\/vynz100photo.fr\/blog\/wp-content\/uploads\/2013\/08\/canon_135mmf2_usm_733.jpg?resize=350%2C200","width":350,"height":200,"srcset":"https:\/\/i0.wp.com\/vynz100photo.fr\/blog\/wp-content\/uploads\/2013\/08\/canon_135mmf2_usm_733.jpg?resize=350%2C200 1x, https:\/\/i0.wp.com\/vynz100photo.fr\/blog\/wp-content\/uploads\/2013\/08\/canon_135mmf2_usm_733.jpg?resize=525%2C300 1.5x"},"classes":[]},{"id":816,"url":"https:\/\/vynz100photo.fr\/blog\/photographie\/test-de-materiel\/objectifs\/canon-ef-50mm-f18\/","url_meta":{"origin":831,"position":2},"title":"Canon EF 50mm f\/1,8","author":"Vincent","date":"7 ao\u00fbt 2013","format":false,"excerpt":"\u00a0 Caract\u00e9ristiques Poids: 130 g Prix: 100\u20ac environ C'est le petit objectif \u00e0 avoir chez Canon, l\u00e9ger, superbe optiquement d\u00e8s que l'on ferme le diaphragme, avec un beau rendu \u00e0 pleine ouverture... Sa focale de 50mm fait de lui un compagnon id\u00e9al au quotidien (sur 24x36) et un tr\u00e8s bon\u2026","rel":"","context":"Avec 1 commentaire","block_context":{"text":"Avec 1 commentaire","link":"https:\/\/vynz100photo.fr\/blog\/photographie\/test-de-materiel\/objectifs\/canon-ef-50mm-f18\/#comments"},"img":{"alt_text":"Canon EF 50mm f\/1,8","src":"https:\/\/i0.wp.com\/vynz100photo.fr\/blog\/wp-content\/uploads\/2013\/08\/50mm.jpg?resize=350%2C200","width":350,"height":200},"classes":[]},{"id":1027,"url":"https:\/\/vynz100photo.fr\/blog\/photographie\/test-de-materiel\/objectifs\/canon-ef-35mm-f2\/","url_meta":{"origin":831,"position":3},"title":"Canon EF 35mm f\/2","author":"Vincent","date":"31 ao\u00fbt 2013","format":false,"excerpt":"Caract\u00e9ristiques Poids:\u00a0210 g Prix:\u00a0300\u20ac environ Une focale fixe \u00e0 prix contenu, l\u00e9g\u00e8re et avec une belle ouverture de f\/2... \u00a0Sa focale de 35mm en fait un l\u00e9ger grand-angle, utilisable au quotidien comme objectif \u00e0 tout faire. Cette focale est une des pr\u00e9f\u00e9r\u00e9es des photographes de rue, et ce depuis bien\u2026","rel":"","context":"Avec 1 commentaire","block_context":{"text":"Avec 1 commentaire","link":"https:\/\/vynz100photo.fr\/blog\/photographie\/test-de-materiel\/objectifs\/canon-ef-35mm-f2\/#comments"},"img":{"alt_text":"Le vieux Canon 35mm f\/2","src":"https:\/\/i0.wp.com\/vynz100photo.fr\/blog\/wp-content\/uploads\/2013\/08\/35-f2.jpg?resize=350%2C200","width":350,"height":200,"srcset":"https:\/\/i0.wp.com\/vynz100photo.fr\/blog\/wp-content\/uploads\/2013\/08\/35-f2.jpg?resize=350%2C200 1x, https:\/\/i0.wp.com\/vynz100photo.fr\/blog\/wp-content\/uploads\/2013\/08\/35-f2.jpg?resize=525%2C300 1.5x"},"classes":[]},{"id":786,"url":"https:\/\/vynz100photo.fr\/blog\/photographie\/quelques-conseils-photo\/les-objectifs-a-ne-pas-negliger\/","url_meta":{"origin":831,"position":4},"title":"Les objectifs, \u00e0 ne pas n\u00e9gliger!","author":"Vincent","date":"7 ao\u00fbt 2013","format":false,"excerpt":"Quand on a fait le choix de son r\u00e9flex, on pense que le plus dur est fait... mais c'est une erreur, ce n'est que le d\u00e9but! La qualit\u00e9 de l'image d\u00e9pend effectivement du capteur du bo\u00eetier, mais elle est en premier lieu d\u00e9pendante de l'objectif qui fait passer la lumi\u00e8re...\u2026","rel":"","context":"Article similaire","block_context":{"text":"Article similaire","link":""},"img":{"alt_text":"Emploi d'un 21mm","src":"https:\/\/i0.wp.com\/vynz100photo.fr\/blog\/wp-content\/uploads\/2012\/09\/16092012-IMG_8801-300x200.jpg?resize=350%2C200","width":350,"height":200},"classes":[]},{"id":1903,"url":"https:\/\/vynz100photo.fr\/blog\/photographie\/test-de-materiel\/objectifs\/canon-ef-40mm-f28\/","url_meta":{"origin":831,"position":5},"title":"Canon EF 40mm f\/2,8","author":"Vincent","date":"20 d\u00e9cembre 2013","format":false,"excerpt":"\u00a0 \u00a0 Caract\u00e9ristiques Poids: 130 g \u00a0 Prix:\u00a0150\u20ac environ Le petit nouveau de chez Canon, avec un moteur STM utilisable sur les nouveaux r\u00e9flexs de la marque en vid\u00e9o: il est petit, voire tr\u00e8s petit, discret et efficace. Sur un petit capteur APS-C il sera un \u00e9quivalent 65mm, alors que\u2026","rel":"","context":"Article similaire","block_context":{"text":"Article similaire","link":""},"img":{"alt_text":"D3S_8821-1200","src":"https:\/\/i0.wp.com\/vynz100photo.fr\/blog\/wp-content\/uploads\/2013\/12\/D3S_8821-1200-1024x685.jpg?resize=350%2C200","width":350,"height":200},"classes":[]}],"_links":{"self":[{"href":"https:\/\/vynz100photo.fr\/blog\/wp-json\/wp\/v2\/pages\/831","targetHints":{"allow":["GET"]}}],"collection":[{"href":"https:\/\/vynz100photo.fr\/blog\/wp-json\/wp\/v2\/pages"}],"about":[{"href":"https:\/\/vynz100photo.fr\/blog\/wp-json\/wp\/v2\/types\/page"}],"author":[{"embeddable":true,"href":"https:\/\/vynz100photo.fr\/blog\/wp-json\/wp\/v2\/users\/1"}],"replies":[{"embeddable":true,"href":"https:\/\/vynz100photo.fr\/blog\/wp-json\/wp\/v2\/comments?post=831"}],"version-history":[{"count":0,"href":"https:\/\/vynz100photo.fr\/blog\/wp-json\/wp\/v2\/pages\/831\/revisions"}],"up":[{"embeddable":true,"href":"https:\/\/vynz100photo.fr\/blog\/wp-json\/wp\/v2\/pages\/814"}],"wp:attachment":[{"href":"https:\/\/vynz100photo.fr\/blog\/wp-json\/wp\/v2\/media?parent=831"}],"curies":[{"name":"wp","href":"https:\/\/api.w.org\/{rel}","templated":true}]}}