{"id":801,"date":"2013-08-07T03:49:51","date_gmt":"2013-08-06T19:49:51","guid":{"rendered":"http:\/\/vynz100photo.fr\/blog\/?page_id=801"},"modified":"2013-08-07T03:49:51","modified_gmt":"2013-08-06T19:49:51","slug":"test-de-materiel","status":"publish","type":"page","link":"https:\/\/vynz100photo.fr\/blog\/photographie\/test-de-materiel\/","title":{"rendered":"Test de mat\u00e9riel"},"content":{"rendered":"<p>Apr\u00e8s m&rsquo;\u00eatre amus\u00e9 avec diff\u00e9rents bo\u00eetiers et objectifs, je vous propose un petit retour:<\/p>\n<p>&#8211; les bo\u00eetiers<\/p>\n<p>&#8211; les objectifs<\/p>\n<p>&#8211; les logiciels<\/p>\n<p>&#8211; les accessoires<\/p>\n","protected":false},"excerpt":{"rendered":"<p>Apr\u00e8s m&rsquo;\u00eatre amus\u00e9 avec diff\u00e9rents bo\u00eetiers et objectifs, je vous propose un petit retour: &#8211; les bo\u00eetiers &#8211; les objectifs &#8211; les logiciels &#8211; les accessoires<\/p>\n","protected":false},"author":1,"featured_media":0,"parent":652,"menu_order":2,"comment_status":"open","ping_status":"open","template":"","meta":{"_mo_disable_npp":"","footnotes":""},"class_list":["post-801","page","type-page","status-publish","hentry"],"jetpack_sharing_enabled":true,"jetpack_shortlink":"https:\/\/wp.me\/P3QNY7-cV","jetpack_likes_enabled":true,"jetpack-related-posts":[{"id":784,"url":"https:\/\/vynz100photo.fr\/blog\/photographie\/quelques-conseils-photo\/un-reflex-mais-lequel\/","url_meta":{"origin":801,"position":0},"title":"Un r\u00e9flex, mais lequel?","author":"Vincent","date":"8 ao\u00fbt 2013","format":false,"excerpt":"Actuellement, les ventes d'appareils r\u00e9flex se portent bien, voire tr\u00e8s bien... en t\u00eate des ventes du secteur photographique, ces appareils paraissent \u00eatre \u00e0 la port\u00e9e de beaucoup... Pourtant, le choix d'un r\u00e9flex doit se faire en connaissance de cause, les gammes sont diversifi\u00e9es et il est facile de s'y \u00e9garer...\u2026","rel":"","context":"Article similaire","block_context":{"text":"Article similaire","link":""},"img":{"alt_text":"Le minuscule Canon Eos 100D","src":"https:\/\/i0.wp.com\/vynz100photo.fr\/blog\/wp-content\/uploads\/2013\/08\/canon-eos-100d_1363685960-300x300.jpg?resize=350%2C200","width":350,"height":200},"classes":[]},{"id":1027,"url":"https:\/\/vynz100photo.fr\/blog\/photographie\/test-de-materiel\/objectifs\/canon-ef-35mm-f2\/","url_meta":{"origin":801,"position":1},"title":"Canon EF 35mm f\/2","author":"Vincent","date":"31 ao\u00fbt 2013","format":false,"excerpt":"Caract\u00e9ristiques Poids:\u00a0210 g Prix:\u00a0300\u20ac environ Une focale fixe \u00e0 prix contenu, l\u00e9g\u00e8re et avec une belle ouverture de f\/2... \u00a0Sa focale de 35mm en fait un l\u00e9ger grand-angle, utilisable au quotidien comme objectif \u00e0 tout faire. Cette focale est une des pr\u00e9f\u00e9r\u00e9es des photographes de rue, et ce depuis bien\u2026","rel":"","context":"Avec 1 commentaire","block_context":{"text":"Avec 1 commentaire","link":"https:\/\/vynz100photo.fr\/blog\/photographie\/test-de-materiel\/objectifs\/canon-ef-35mm-f2\/#comments"},"img":{"alt_text":"Le vieux Canon 35mm f\/2","src":"https:\/\/i0.wp.com\/vynz100photo.fr\/blog\/wp-content\/uploads\/2013\/08\/35-f2.jpg?resize=350%2C200","width":350,"height":200,"srcset":"https:\/\/i0.wp.com\/vynz100photo.fr\/blog\/wp-content\/uploads\/2013\/08\/35-f2.jpg?resize=350%2C200 1x, https:\/\/i0.wp.com\/vynz100photo.fr\/blog\/wp-content\/uploads\/2013\/08\/35-f2.jpg?resize=525%2C300 1.5x"},"classes":[]},{"id":786,"url":"https:\/\/vynz100photo.fr\/blog\/photographie\/quelques-conseils-photo\/les-objectifs-a-ne-pas-negliger\/","url_meta":{"origin":801,"position":2},"title":"Les objectifs, \u00e0 ne pas n\u00e9gliger!","author":"Vincent","date":"7 ao\u00fbt 2013","format":false,"excerpt":"Quand on a fait le choix de son r\u00e9flex, on pense que le plus dur est fait... mais c'est une erreur, ce n'est que le d\u00e9but! La qualit\u00e9 de l'image d\u00e9pend effectivement du capteur du bo\u00eetier, mais elle est en premier lieu d\u00e9pendante de l'objectif qui fait passer la lumi\u00e8re...\u2026","rel":"","context":"Article similaire","block_context":{"text":"Article similaire","link":""},"img":{"alt_text":"Emploi d'un 21mm","src":"https:\/\/i0.wp.com\/vynz100photo.fr\/blog\/wp-content\/uploads\/2012\/09\/16092012-IMG_8801-300x200.jpg?resize=350%2C200","width":350,"height":200},"classes":[]},{"id":803,"url":"https:\/\/vynz100photo.fr\/blog\/photographie\/test-de-materiel\/boitiers\/","url_meta":{"origin":801,"position":3},"title":"Bo\u00eetiers","author":"Vincent","date":"7 ao\u00fbt 2013","format":false,"excerpt":"Ici je vais vous pr\u00e9senter les quelques bo\u00eetiers qui me passent entre les mains: - le Canon 550D - Le Canon 5D MarkII - le Canon 1D Marl II - le Sony Nex5N","rel":"","context":"Article similaire","block_context":{"text":"Article similaire","link":""},"img":{"alt_text":"","src":"","width":0,"height":0},"classes":[]},{"id":814,"url":"https:\/\/vynz100photo.fr\/blog\/photographie\/test-de-materiel\/objectifs\/","url_meta":{"origin":801,"position":4},"title":"Objectifs","author":"Vincent","date":"7 ao\u00fbt 2013","format":false,"excerpt":"Quelques retours d'objectifs que j'ai poss\u00e9d\u00e9s ou test\u00e9s... Au menu, des focales fixes, qui peuvent aller tout aussi bien sur un r\u00e9flex Canon APS-C qu'un 24x36: - Canon EF 28 mm f\/2,8, - Canon\u00a0EF 35mm f\/2, - Canon EF 40mm f\/2,8, - Canon\u00a0EF 50mm f\/1,8, - Canon\u00a0EF 85mm f\/1,8 USM,\u2026","rel":"","context":"Article similaire","block_context":{"text":"Article similaire","link":""},"img":{"alt_text":"","src":"","width":0,"height":0},"classes":[]},{"id":781,"url":"https:\/\/vynz100photo.fr\/blog\/photographie\/quelques-conseils-photo\/","url_meta":{"origin":801,"position":5},"title":"Quelques conseils photo","author":"Vincent","date":"6 ao\u00fbt 2013","format":false,"excerpt":"Au fur et \u00e0 mesure, l'exp\u00e9rience accumul\u00e9e par quelques ann\u00e9es de pratique assidue de la photographie amateur m'a donn\u00e9 envie de partager cette passion avec mes amis et ma famille. Apr\u00e8s avoir h\u00e9sit\u00e9, cherch\u00e9, fait d'innombrables erreurs et \u00eatre tomb\u00e9 dans autant de pi\u00e8ges, il y a quelques bases qui\u2026","rel":"","context":"Article similaire","block_context":{"text":"Article similaire","link":""},"img":{"alt_text":"","src":"","width":0,"height":0},"classes":[]}],"_links":{"self":[{"href":"https:\/\/vynz100photo.fr\/blog\/wp-json\/wp\/v2\/pages\/801","targetHints":{"allow":["GET"]}}],"collection":[{"href":"https:\/\/vynz100photo.fr\/blog\/wp-json\/wp\/v2\/pages"}],"about":[{"href":"https:\/\/vynz100photo.fr\/blog\/wp-json\/wp\/v2\/types\/page"}],"author":[{"embeddable":true,"href":"https:\/\/vynz100photo.fr\/blog\/wp-json\/wp\/v2\/users\/1"}],"replies":[{"embeddable":true,"href":"https:\/\/vynz100photo.fr\/blog\/wp-json\/wp\/v2\/comments?post=801"}],"version-history":[{"count":0,"href":"https:\/\/vynz100photo.fr\/blog\/wp-json\/wp\/v2\/pages\/801\/revisions"}],"up":[{"embeddable":true,"href":"https:\/\/vynz100photo.fr\/blog\/wp-json\/wp\/v2\/pages\/652"}],"wp:attachment":[{"href":"https:\/\/vynz100photo.fr\/blog\/wp-json\/wp\/v2\/media?parent=801"}],"curies":[{"name":"wp","href":"https:\/\/api.w.org\/{rel}","templated":true}]}}