{"id":781,"date":"2013-08-06T23:07:53","date_gmt":"2013-08-06T15:07:53","guid":{"rendered":"http:\/\/vynz100photo.fr\/blog\/?page_id=781"},"modified":"2013-08-06T23:07:53","modified_gmt":"2013-08-06T15:07:53","slug":"quelques-conseils-photo","status":"publish","type":"page","link":"https:\/\/vynz100photo.fr\/blog\/photographie\/quelques-conseils-photo\/","title":{"rendered":"Quelques conseils photo"},"content":{"rendered":"<p style=\"text-align: justify;\">Au fur et \u00e0 mesure, l&rsquo;exp\u00e9rience accumul\u00e9e par quelques ann\u00e9es de pratique assidue de la photographie amateur m&rsquo;a donn\u00e9 envie de partager cette passion avec mes amis et ma famille. Apr\u00e8s avoir h\u00e9sit\u00e9, cherch\u00e9, fait d&rsquo;innombrables erreurs et \u00eatre tomb\u00e9 dans autant de pi\u00e8ges, il y a quelques bases qui me semblent pouvoir \u00eatre int\u00e9ressantes&#8230; comme le trio ouverture\/vitesse\/sensibilit\u00e9 par exemple.<\/p>\n<p style=\"text-align: justify;\">Le <a href=\"https:\/\/vynz100photo.fr\/blog\/photographie\/quel-appareil-photo-choisir\/\">choix d&rsquo;un appareil photo<\/a> est un premier pas qui n&rsquo;est pas \u00e9vident&#8230; la photographie num\u00e9rique est en constante \u00e9volution, et les choix mat\u00e9riels se doivent de correspondre aux exigences de celui ou celle qui veut r\u00e9aliser ses propres images. Un bo\u00eetier inadapt\u00e9 peut dissuader \u00e0 la longue de faire des photos, ce qui est vraiment dommage!<\/p>\n<p style=\"text-align: justify;\">Le monde du bo\u00eetier r\u00e9flex est lui aussi compliqu\u00e9; les possibilit\u00e9s offertes par un bo\u00eetier APS-C d&rsquo;entr\u00e9e de gamme ne seront pas les m\u00eames que celles d&rsquo;un appareil professionnel, mais le co\u00fbt et la complexit\u00e9 ne seront pas les m\u00eames non plus!<\/p>\n<p style=\"text-align: justify;\">Enfin, une image num\u00e9rique, \u00e0 l&rsquo;instar de son \u00e9quivalent argentique, doit \u00eatre d\u00e9velopp\u00e9e pour en tirer toute la quintessence. Ce processus informatique de traitement des photographies a toute son importance dans le processus cr\u00e9atif&#8230; il est dommage de se contenter d&rsquo;une image imparfaite alors que quelques minutes de traitement peuvent nous permettre de mieux rendre compte de ce que nous avons captur\u00e9!<\/p>\n","protected":false},"excerpt":{"rendered":"<p>Au fur et \u00e0 mesure, l&rsquo;exp\u00e9rience accumul\u00e9e par quelques ann\u00e9es de pratique assidue de la photographie amateur m&rsquo;a donn\u00e9 envie de partager cette passion avec mes amis et ma famille. Apr\u00e8s avoir h\u00e9sit\u00e9, cherch\u00e9, fait d&rsquo;innombrables erreurs et \u00eatre tomb\u00e9 dans autant de pi\u00e8ges, il y a quelques bases qui me semblent pouvoir \u00eatre int\u00e9ressantes&#8230; [&hellip;]<\/p>\n","protected":false},"author":1,"featured_media":0,"parent":652,"menu_order":0,"comment_status":"open","ping_status":"open","template":"","meta":{"_mo_disable_npp":"","jetpack_post_was_ever_published":false,"footnotes":""},"class_list":["post-781","page","type-page","status-publish","hentry"],"jetpack_sharing_enabled":true,"jetpack_shortlink":"https:\/\/wp.me\/P3QNY7-cB","jetpack_likes_enabled":true,"jetpack-related-posts":[{"id":784,"url":"https:\/\/vynz100photo.fr\/blog\/photographie\/quelques-conseils-photo\/un-reflex-mais-lequel\/","url_meta":{"origin":781,"position":0},"title":"Un r\u00e9flex, mais lequel?","author":"Vincent","date":"8 ao\u00fbt 2013","format":false,"excerpt":"Actuellement, les ventes d'appareils r\u00e9flex se portent bien, voire tr\u00e8s bien... en t\u00eate des ventes du secteur photographique, ces appareils paraissent \u00eatre \u00e0 la port\u00e9e de beaucoup... Pourtant, le choix d'un r\u00e9flex doit se faire en connaissance de cause, les gammes sont diversifi\u00e9es et il est facile de s'y \u00e9garer...\u2026","rel":"","context":"Article similaire","block_context":{"text":"Article similaire","link":""},"img":{"alt_text":"Le minuscule Canon Eos 100D","src":"https:\/\/i0.wp.com\/vynz100photo.fr\/blog\/wp-content\/uploads\/2013\/08\/canon-eos-100d_1363685960-300x300.jpg?resize=350%2C200","width":350,"height":200},"classes":[]},{"id":803,"url":"https:\/\/vynz100photo.fr\/blog\/photographie\/test-de-materiel\/boitiers\/","url_meta":{"origin":781,"position":1},"title":"Bo\u00eetiers","author":"Vincent","date":"7 ao\u00fbt 2013","format":false,"excerpt":"Ici je vais vous pr\u00e9senter les quelques bo\u00eetiers qui me passent entre les mains: - le Canon 550D - Le Canon 5D MarkII - le Canon 1D Marl II - le Sony Nex5N","rel":"","context":"Article similaire","block_context":{"text":"Article similaire","link":""},"img":{"alt_text":"","src":"","width":0,"height":0},"classes":[]},{"id":786,"url":"https:\/\/vynz100photo.fr\/blog\/photographie\/quelques-conseils-photo\/les-objectifs-a-ne-pas-negliger\/","url_meta":{"origin":781,"position":2},"title":"Les objectifs, \u00e0 ne pas n\u00e9gliger!","author":"Vincent","date":"7 ao\u00fbt 2013","format":false,"excerpt":"Quand on a fait le choix de son r\u00e9flex, on pense que le plus dur est fait... mais c'est une erreur, ce n'est que le d\u00e9but! La qualit\u00e9 de l'image d\u00e9pend effectivement du capteur du bo\u00eetier, mais elle est en premier lieu d\u00e9pendante de l'objectif qui fait passer la lumi\u00e8re...\u2026","rel":"","context":"Article similaire","block_context":{"text":"Article similaire","link":""},"img":{"alt_text":"Emploi d'un 21mm","src":"https:\/\/i0.wp.com\/vynz100photo.fr\/blog\/wp-content\/uploads\/2012\/09\/16092012-IMG_8801-300x200.jpg?resize=350%2C200","width":350,"height":200},"classes":[]},{"id":801,"url":"https:\/\/vynz100photo.fr\/blog\/photographie\/test-de-materiel\/","url_meta":{"origin":781,"position":3},"title":"Test de mat\u00e9riel","author":"Vincent","date":"7 ao\u00fbt 2013","format":false,"excerpt":"Apr\u00e8s m'\u00eatre amus\u00e9 avec diff\u00e9rents bo\u00eetiers et objectifs, je vous propose un petit retour: - les bo\u00eetiers - les objectifs - les logiciels - les accessoires","rel":"","context":"Article similaire","block_context":{"text":"Article similaire","link":""},"img":{"alt_text":"","src":"","width":0,"height":0},"classes":[]},{"id":1027,"url":"https:\/\/vynz100photo.fr\/blog\/photographie\/test-de-materiel\/objectifs\/canon-ef-35mm-f2\/","url_meta":{"origin":781,"position":4},"title":"Canon EF 35mm f\/2","author":"Vincent","date":"31 ao\u00fbt 2013","format":false,"excerpt":"Caract\u00e9ristiques Poids:\u00a0210 g Prix:\u00a0300\u20ac environ Une focale fixe \u00e0 prix contenu, l\u00e9g\u00e8re et avec une belle ouverture de f\/2... \u00a0Sa focale de 35mm en fait un l\u00e9ger grand-angle, utilisable au quotidien comme objectif \u00e0 tout faire. Cette focale est une des pr\u00e9f\u00e9r\u00e9es des photographes de rue, et ce depuis bien\u2026","rel":"","context":"Avec 1 commentaire","block_context":{"text":"Avec 1 commentaire","link":"https:\/\/vynz100photo.fr\/blog\/photographie\/test-de-materiel\/objectifs\/canon-ef-35mm-f2\/#comments"},"img":{"alt_text":"Le vieux Canon 35mm f\/2","src":"https:\/\/i0.wp.com\/vynz100photo.fr\/blog\/wp-content\/uploads\/2013\/08\/35-f2.jpg?resize=350%2C200","width":350,"height":200,"srcset":"https:\/\/i0.wp.com\/vynz100photo.fr\/blog\/wp-content\/uploads\/2013\/08\/35-f2.jpg?resize=350%2C200 1x, https:\/\/i0.wp.com\/vynz100photo.fr\/blog\/wp-content\/uploads\/2013\/08\/35-f2.jpg?resize=525%2C300 1.5x"},"classes":[]},{"id":654,"url":"https:\/\/vynz100photo.fr\/blog\/photographie\/quelques-conseils-photo\/quel-appareil-photo-choisir\/","url_meta":{"origin":781,"position":5},"title":"Quel appareil photo choisir?","author":"Vincent","date":"3 ao\u00fbt 2013","format":false,"excerpt":"\u00a0 \u00a0 La \u00a0photographie num\u00e9rique est en perp\u00e9tuel renouvellement, les technologies se bousculent et s'entrem\u00ealent, promettant des images toujours plus extraordinaires, des zooms x100, des couleurs \u00e9clatantes, des possibilit\u00e9s cr\u00e9atives \u00e0 foison... Comment s'y retrouver dans cette jungle? \u00a0 \u00a0La premi\u00e8re chose \u00e0 savoir avant de faire l'acquisition d'un nouvel\u2026","rel":"","context":"Article similaire","block_context":{"text":"Article similaire","link":""},"img":{"alt_text":"Les diff\u00e9rents formats de capteurs","src":"https:\/\/i0.wp.com\/vynz100photo.fr\/blog\/wp-content\/uploads\/2013\/08\/taille-format-capteur-photo-aps-c-micro-4-3-cx-582x1024.jpg?resize=350%2C200","width":350,"height":200},"classes":[]}],"_links":{"self":[{"href":"https:\/\/vynz100photo.fr\/blog\/wp-json\/wp\/v2\/pages\/781","targetHints":{"allow":["GET"]}}],"collection":[{"href":"https:\/\/vynz100photo.fr\/blog\/wp-json\/wp\/v2\/pages"}],"about":[{"href":"https:\/\/vynz100photo.fr\/blog\/wp-json\/wp\/v2\/types\/page"}],"author":[{"embeddable":true,"href":"https:\/\/vynz100photo.fr\/blog\/wp-json\/wp\/v2\/users\/1"}],"replies":[{"embeddable":true,"href":"https:\/\/vynz100photo.fr\/blog\/wp-json\/wp\/v2\/comments?post=781"}],"version-history":[{"count":0,"href":"https:\/\/vynz100photo.fr\/blog\/wp-json\/wp\/v2\/pages\/781\/revisions"}],"up":[{"embeddable":true,"href":"https:\/\/vynz100photo.fr\/blog\/wp-json\/wp\/v2\/pages\/652"}],"wp:attachment":[{"href":"https:\/\/vynz100photo.fr\/blog\/wp-json\/wp\/v2\/media?parent=781"}],"curies":[{"name":"wp","href":"https:\/\/api.w.org\/{rel}","templated":true}]}}