{"id":778,"date":"2013-08-06T22:51:11","date_gmt":"2013-08-06T14:51:11","guid":{"rendered":"http:\/\/vynz100photo.fr\/blog\/?page_id=778"},"modified":"2026-03-21T23:21:20","modified_gmt":"2026-03-22T04:21:20","slug":"notre-equipement-photographique","status":"publish","type":"page","link":"https:\/\/vynz100photo.fr\/blog\/about\/notre-equipement-photographique\/","title":{"rendered":"Notre \u00e9quipement photographique"},"content":{"rendered":"<blockquote>\n<p style=\"text-align: justify;\">Bien \u00e9videmment, ce n&rsquo;est pas l&rsquo;\u00e9quipement photographique qui fait la photo, mais le photographe. Le mat\u00e9riel permet de s&rsquo;affranchir de certaines limites, de composer diff\u00e9remment et de jouer avec plus de cr\u00e9ativit\u00e9&#8230; Les images qui sont sur ce blog sont r\u00e9alis\u00e9es avec les couples bo\u00eetier\/objectif qui suivent.<\/p>\n<\/blockquote>\n<h1>Claire<\/h1>\n<p style=\"text-align: justify;\">Claire a commenc\u00e9 avec un appareil hybride, le <strong>Sony Nex5N<\/strong>, qui est un hybride \u00e0 objectifs interchangeables. Apr\u00e8s avoir commenc\u00e9 avec les objectifs du kit <strong>18-55mm<\/strong> et <strong>16mm<\/strong>, elle s&rsquo;est rapidement tourn\u00e9e vers un objectif manuel en monture M42, un ancien <strong>Zeiss Flektogon 35mm f\/2,4<\/strong> aux qualit\u00e9s optiques superlatives, qui s&rsquo;y monte gr\u00e2ce \u00e0 une bague d&rsquo;adaptation.<\/p>\n<p style=\"text-align: justify;\">Malheureusement, ce superbe objectif n&rsquo;aura pas r\u00e9sist\u00e9 \u00e0 une rencontre impr\u00e9vue avec le carrelage d&rsquo;un restaurant de S\u00e9oul&#8230; Lui ont donc succ\u00e9d\u00e9 deux focales fixes sign\u00e9es <strong>Sigma<\/strong>, le <strong>19mm f\/2,8<\/strong> et le <strong>30mm f\/2,8<\/strong>, donc les qualit\u00e9s optiques n&rsquo;ont d&rsquo;\u00e9gal que leur extraordinaire rapport qualit\u00e9\/prix.<\/p>\n<p style=\"text-align: justify;\">Depuis, les voyages et les envies de monter en gamme ont pouss\u00e9 pour un petit <strong>Sony A7<\/strong>,\u00a0le minuscule\u00a0plein format de la firme nippone, qui a des capacit\u00e9s en terme d&rsquo;images assez \u00e9tonnantes, et sur lequel on peut monter ces vieux objectifs \u00e0 petit prix: un <strong>50mm f\/1,7 en monture Contax\/Yashica<\/strong>, suivi de deux objectifs en monture <strong>Olympus OM<\/strong>, un <strong>28mm f\/2,8<\/strong> et un <strong>50mm f\/1,4<\/strong>.<\/p>\n<p style=\"text-align: justify;\"><img data-recalc-dims=\"1\" loading=\"lazy\" decoding=\"async\" data-attachment-id=\"2927\" data-permalink=\"https:\/\/vynz100photo.fr\/blog\/directin-jinxizhen-jiangsu\/20140506-img_9417\/\" data-orig-file=\"https:\/\/i0.wp.com\/vynz100photo.fr\/blog\/wp-content\/uploads\/2014\/05\/20140506-IMG_9417.jpg?fit=683%2C1024&amp;ssl=1\" data-orig-size=\"683,1024\" data-comments-opened=\"1\" data-image-meta=\"{&quot;aperture&quot;:&quot;2&quot;,&quot;credit&quot;:&quot;&quot;,&quot;camera&quot;:&quot;Canon EOS 5D Mark II&quot;,&quot;caption&quot;:&quot;&quot;,&quot;created_timestamp&quot;:&quot;1399408465&quot;,&quot;copyright&quot;:&quot;\\u00a9 Vincent Verger&quot;,&quot;focal_length&quot;:&quot;35&quot;,&quot;iso&quot;:&quot;3200&quot;,&quot;shutter_speed&quot;:&quot;0.0125&quot;,&quot;title&quot;:&quot;&quot;}\" data-image-title=\"20140506-IMG_9417\" data-image-description=\"\" data-image-caption=\"\" data-large-file=\"https:\/\/i0.wp.com\/vynz100photo.fr\/blog\/wp-content\/uploads\/2014\/05\/20140506-IMG_9417.jpg?fit=683%2C1024&amp;ssl=1\" class=\"aligncenter wp-image-2927 size-medium\" src=\"https:\/\/i0.wp.com\/vynz100photo.fr\/blog\/wp-content\/uploads\/2014\/05\/20140506-IMG_9417.jpg?resize=200%2C300&#038;ssl=1\" alt=\"20140506-IMG_9417\" width=\"200\" height=\"300\" srcset=\"https:\/\/i0.wp.com\/vynz100photo.fr\/blog\/wp-content\/uploads\/2014\/05\/20140506-IMG_9417.jpg?resize=200%2C300&amp;ssl=1 200w, https:\/\/i0.wp.com\/vynz100photo.fr\/blog\/wp-content\/uploads\/2014\/05\/20140506-IMG_9417.jpg?resize=250%2C374&amp;ssl=1 250w, https:\/\/i0.wp.com\/vynz100photo.fr\/blog\/wp-content\/uploads\/2014\/05\/20140506-IMG_9417.jpg?w=683&amp;ssl=1 683w\" sizes=\"auto, (max-width: 200px) 100vw, 200px\" \/><\/p>\n<h1 style=\"text-align: justify;\">Vincent<\/h1>\n<p style=\"text-align: justify;\">Apr\u00e8s avoir essay\u00e9 quelques objectifs, zooms ou focales fixes, il s&rsquo;est fix\u00e9 sur un trio pour accompagner le <strong>Canon 5D MarkII<\/strong> qui l&rsquo;accompagne (presque) tous les jours: un grand angle <a title=\"ZEISS Distagon T* 21mm f\/2,8 ZE\" href=\"https:\/\/vynz100photo.fr\/blog\/photographie\/test-de-materiel\/objectifs\/zeiss-distagon-t-21mm-f28-ze\/\"><strong>Zeiss Distagon 21mm f\/2,8<\/strong><\/a> pour les paysages, un standard <a title=\"ZEISS Makro-Planar T* 50mm f2 ZE\" href=\"https:\/\/vynz100photo.fr\/blog\/photographie\/test-de-materiel\/objectifs\/zeiss-makro-planar-t-50mm-f2-ze\/\"><strong>Zeiss Makro Planar 50mm f\/2<\/strong> <\/a>pour le quotidien (promenades, restaurants&#8230;) et pour les portraits, un <a title=\"Canon EF 135mm f\/2 L USM\" href=\"https:\/\/vynz100photo.fr\/blog\/photographie\/test-de-materiel\/objectifs\/canon-ef-135mm-f2-l-usm\/\"><strong>Canon EF 135mm f\/2 L<\/strong><\/a>. Un petit <a title=\"Canon EF 40mm f\/2,8\" href=\"https:\/\/vynz100photo.fr\/blog\/photographie\/test-de-materiel\/objectifs\/canon-ef-40mm-f28\/\">Canon EF 40mm f\/2,8<\/a> des plus discrets a compl\u00e9t\u00e9 la gamme des objectifs avec autofocus&#8230;<\/p>\n<p style=\"text-align: justify;\">Pendant quelques mois, il a jou\u00e9 avec un appareil de secours, un <strong>1D MarkII<\/strong> qui, s&rsquo;il approche des 10 ans, est encore tr\u00e8s en forme. Au quotidien, il \u00e9tait\u00a0compl\u00e9t\u00e9 par un petit <a title=\"Canon EF 35mm f\/2\" href=\"https:\/\/vynz100photo.fr\/blog\/photographie\/test-de-materiel\/objectifs\/canon-ef-35mm-f2\/\"><strong>Canon EF 35mm f\/2<\/strong><\/a>&#8230; malheureusement il a fallu s&rsquo;en s\u00e9parer pour faire l&rsquo;acquisition d&rsquo;un <a title=\"ZEISS Distagon T* 35mm f\/2 ZE\" href=\"https:\/\/vynz100photo.fr\/blog\/photographie\/test-de-materiel\/objectifs\/zeiss-distagon-t-35mm-f2-ze\/\">Zeiss Distagon 35mm f\/2<\/a> de toute beaut\u00e9.<\/p>\n<p style=\"text-align: justify;\">De m\u00eame, pour s&rsquo;amuser avec les vieilles optiques, il a aussi fait l&rsquo;acquisition d&rsquo;un trio de M42 (devenu un duo apr\u00e8s le d\u00e9c\u00e8s pr\u00e9matur\u00e9 du 35mm), avec deux optiques au caract\u00e8re affirm\u00e9, le standard <strong>Helios 44\/2 58mm f\/2<\/strong> et le t\u00e9l\u00e9objectif <strong>Helios 135mm f\/2,8<\/strong>. Ensuite, un minuscule <a title=\"Industar 50-2 50mm f\/3,5 (M42)\" href=\"https:\/\/vynz100photo.fr\/blog\/photographie\/test-de-materiel\/objectifs\/industar-50-2-50mm-f35-m42\/\">Industar<strong>\u00a050mm f\/3,5<\/strong><\/a> a rejoint la petite famille, suivi par quelques <strong>Olympus OM 28 mm f\/2,8<\/strong> et un lumineux <strong>50mm f\/1,4<\/strong>.<\/p>\n<p>Malheureusement, apr\u00e8s plus de 10 ans de vie commune, les progr\u00e8s de l&rsquo;\u00e9lectronique ont pouss\u00e9 \u00e0 une s\u00e9paration en bons termes avec le 5D&#8230; en janvier 2022 un nouvel hybride <strong>Canon<\/strong>\u00a0<strong>R6<\/strong> a fait son apparition dans ma besace&#8230; plus compact, meilleur autofocus, meilleure mont\u00e9e en iso, compatibilit\u00e9 avec les anciennes optiques Canon EF (via un adaptateur), c&rsquo;est vraiment un confort au quotidien. Le 5D MkII a rejoint une nouvelle famille et fait le bonheur d&rsquo;un fr\u00e8re d\u00e9butant.<\/p>\n<p>Si les optiques Zeiss fonctionnent tr\u00e8s bien dessus, le petit <strong>Canon RF 35 mm f\/1,8<\/strong> fait vite office de caillou du quotidien, lumineux et pratique. Pour voyager l\u00e9ger, le tr\u00e8s grand-angle <strong>Canon RF 16mm f\/2,8<\/strong> le rejoint quelques mois plus tard, tout comme un <strong>EF 100mm f\/2,8 Macro<\/strong> \u00e0 petit prix pour la macrophotographie. Enfin, dernier achat en date, le <strong>Canon RF 14-35 f\/4 L<\/strong> a vocation \u00e0 remplacer avec polyvalence les optiques grands angles&#8230;<\/p>\n<p>Le setup actuel est donc plut\u00f4t simple:<\/p>\n<ul>\n<li>en voyage, R6 avec RF 14-35 , RF 35, Zeiss 50MP et 135L.<\/li>\n<li>au quotidien, R6 avec RF 35 et Zeiss 50MP<\/li>\n<\/ul>\n\n","protected":false},"excerpt":{"rendered":"<p>Bien \u00e9videmment, ce n&rsquo;est pas l&rsquo;\u00e9quipement photographique qui fait la photo, mais le photographe. Le mat\u00e9riel permet de s&rsquo;affranchir de certaines limites, de composer diff\u00e9remment et de jouer avec plus de cr\u00e9ativit\u00e9&#8230; Les images qui sont sur ce blog sont r\u00e9alis\u00e9es avec les couples bo\u00eetier\/objectif qui suivent. Claire Claire a commenc\u00e9 avec un appareil hybride, [&hellip;]<\/p>\n","protected":false},"author":1,"featured_media":0,"parent":2,"menu_order":1,"comment_status":"open","ping_status":"closed","template":"","meta":{"_mo_disable_npp":"","jetpack_post_was_ever_published":false,"footnotes":""},"class_list":["post-778","page","type-page","status-publish","hentry"],"jetpack_sharing_enabled":true,"jetpack_shortlink":"https:\/\/wp.me\/P3QNY7-cy","jetpack_likes_enabled":true,"jetpack-related-posts":[{"id":1903,"url":"https:\/\/vynz100photo.fr\/blog\/photographie\/test-de-materiel\/objectifs\/canon-ef-40mm-f28\/","url_meta":{"origin":778,"position":0},"title":"Canon EF 40mm f\/2,8","author":"Vincent","date":"20 d\u00e9cembre 2013","format":false,"excerpt":"\u00a0 \u00a0 Caract\u00e9ristiques Poids: 130 g \u00a0 Prix:\u00a0150\u20ac environ Le petit nouveau de chez Canon, avec un moteur STM utilisable sur les nouveaux r\u00e9flexs de la marque en vid\u00e9o: il est petit, voire tr\u00e8s petit, discret et efficace. Sur un petit capteur APS-C il sera un \u00e9quivalent 65mm, alors que\u2026","rel":"","context":"Article similaire","block_context":{"text":"Article similaire","link":""},"img":{"alt_text":"D3S_8821-1200","src":"https:\/\/i0.wp.com\/vynz100photo.fr\/blog\/wp-content\/uploads\/2013\/12\/D3S_8821-1200-1024x685.jpg?resize=350%2C200","width":350,"height":200},"classes":[]},{"id":654,"url":"https:\/\/vynz100photo.fr\/blog\/photographie\/quelques-conseils-photo\/quel-appareil-photo-choisir\/","url_meta":{"origin":778,"position":1},"title":"Quel appareil photo choisir?","author":"Vincent","date":"3 ao\u00fbt 2013","format":false,"excerpt":"\u00a0 \u00a0 La \u00a0photographie num\u00e9rique est en perp\u00e9tuel renouvellement, les technologies se bousculent et s'entrem\u00ealent, promettant des images toujours plus extraordinaires, des zooms x100, des couleurs \u00e9clatantes, des possibilit\u00e9s cr\u00e9atives \u00e0 foison... Comment s'y retrouver dans cette jungle? \u00a0 \u00a0La premi\u00e8re chose \u00e0 savoir avant de faire l'acquisition d'un nouvel\u2026","rel":"","context":"Article similaire","block_context":{"text":"Article similaire","link":""},"img":{"alt_text":"Les diff\u00e9rents formats de capteurs","src":"https:\/\/i0.wp.com\/vynz100photo.fr\/blog\/wp-content\/uploads\/2013\/08\/taille-format-capteur-photo-aps-c-micro-4-3-cx-582x1024.jpg?resize=350%2C200","width":350,"height":200},"classes":[]},{"id":1027,"url":"https:\/\/vynz100photo.fr\/blog\/photographie\/test-de-materiel\/objectifs\/canon-ef-35mm-f2\/","url_meta":{"origin":778,"position":2},"title":"Canon EF 35mm f\/2","author":"Vincent","date":"31 ao\u00fbt 2013","format":false,"excerpt":"Caract\u00e9ristiques Poids:\u00a0210 g Prix:\u00a0300\u20ac environ Une focale fixe \u00e0 prix contenu, l\u00e9g\u00e8re et avec une belle ouverture de f\/2... \u00a0Sa focale de 35mm en fait un l\u00e9ger grand-angle, utilisable au quotidien comme objectif \u00e0 tout faire. Cette focale est une des pr\u00e9f\u00e9r\u00e9es des photographes de rue, et ce depuis bien\u2026","rel":"","context":"Avec 1 commentaire","block_context":{"text":"Avec 1 commentaire","link":"https:\/\/vynz100photo.fr\/blog\/photographie\/test-de-materiel\/objectifs\/canon-ef-35mm-f2\/#comments"},"img":{"alt_text":"Le vieux Canon 35mm f\/2","src":"https:\/\/i0.wp.com\/vynz100photo.fr\/blog\/wp-content\/uploads\/2013\/08\/35-f2.jpg?resize=350%2C200","width":350,"height":200,"srcset":"https:\/\/i0.wp.com\/vynz100photo.fr\/blog\/wp-content\/uploads\/2013\/08\/35-f2.jpg?resize=350%2C200 1x, https:\/\/i0.wp.com\/vynz100photo.fr\/blog\/wp-content\/uploads\/2013\/08\/35-f2.jpg?resize=525%2C300 1.5x"},"classes":[]},{"id":786,"url":"https:\/\/vynz100photo.fr\/blog\/photographie\/quelques-conseils-photo\/les-objectifs-a-ne-pas-negliger\/","url_meta":{"origin":778,"position":3},"title":"Les objectifs, \u00e0 ne pas n\u00e9gliger!","author":"Vincent","date":"7 ao\u00fbt 2013","format":false,"excerpt":"Quand on a fait le choix de son r\u00e9flex, on pense que le plus dur est fait... mais c'est une erreur, ce n'est que le d\u00e9but! La qualit\u00e9 de l'image d\u00e9pend effectivement du capteur du bo\u00eetier, mais elle est en premier lieu d\u00e9pendante de l'objectif qui fait passer la lumi\u00e8re...\u2026","rel":"","context":"Article similaire","block_context":{"text":"Article similaire","link":""},"img":{"alt_text":"Emploi d'un 21mm","src":"https:\/\/i0.wp.com\/vynz100photo.fr\/blog\/wp-content\/uploads\/2012\/09\/16092012-IMG_8801-300x200.jpg?resize=350%2C200","width":350,"height":200},"classes":[]},{"id":1024,"url":"https:\/\/vynz100photo.fr\/blog\/photographie\/test-de-materiel\/objectifs\/canon-ef-135mm-f2-l-usm\/","url_meta":{"origin":778,"position":4},"title":"Canon EF 135mm f\/2 L USM","author":"Vincent","date":"18 ao\u00fbt 2013","format":false,"excerpt":"\u00a0 Caract\u00e9ristiques Poids: 750 g Prix: 1100\u20ac environ Une focale fixe de 135mm, soit un t\u00e9l\u00e9objectif, avec une grande ouverture de f\/2, on est bien en pr\u00e9sence d'un caillou d\u00e9di\u00e9 au portrait. Son autofocus de type USM est\u00a0extr\u00eamement v\u00e9loce, ce qui lui permet d'\u00eatre aussi performant en photo sportive; enfin,\u2026","rel":"","context":"Article similaire","block_context":{"text":"Article similaire","link":""},"img":{"alt_text":"canon_135mmf2_usm_733","src":"https:\/\/i0.wp.com\/vynz100photo.fr\/blog\/wp-content\/uploads\/2013\/08\/canon_135mmf2_usm_733.jpg?resize=350%2C200","width":350,"height":200,"srcset":"https:\/\/i0.wp.com\/vynz100photo.fr\/blog\/wp-content\/uploads\/2013\/08\/canon_135mmf2_usm_733.jpg?resize=350%2C200 1x, https:\/\/i0.wp.com\/vynz100photo.fr\/blog\/wp-content\/uploads\/2013\/08\/canon_135mmf2_usm_733.jpg?resize=525%2C300 1.5x"},"classes":[]},{"id":2466,"url":"https:\/\/vynz100photo.fr\/blog\/photographie\/test-de-materiel\/objectifs\/industar-50-2-50mm-f35-m42\/","url_meta":{"origin":778,"position":5},"title":"Industar 50-2 50mm f\/3,5 (M42)","author":"Vincent","date":"10 mars 2014","format":false,"excerpt":"Caract\u00e9ristiques Poids:\u00a065g Prix:\u00a05-10\u20ac environ Une focale fixe en monture M42, une vieille monture \u00e0 vis tr\u00e8s r\u00e9pandue. Si les appareils actuels n'utilisent plus cette fixation, il est tr\u00e8s facile de trouver des bagues d'adaptation sur les diff\u00e9rents mod\u00e8les (Canon Eos, Sony Nex, Panasonic GF...). Les deux tr\u00e8s gros avantages de\u2026","rel":"","context":"Avec 1 commentaire","block_context":{"text":"Avec 1 commentaire","link":"https:\/\/vynz100photo.fr\/blog\/photographie\/test-de-materiel\/objectifs\/industar-50-2-50mm-f35-m42\/#comments"},"img":{"alt_text":"industar_50-2_f3.5","src":"https:\/\/i0.wp.com\/vynz100photo.fr\/blog\/wp-content\/uploads\/2014\/03\/industar_50-2_f3.5.jpg?resize=350%2C200","width":350,"height":200},"classes":[]}],"_links":{"self":[{"href":"https:\/\/vynz100photo.fr\/blog\/wp-json\/wp\/v2\/pages\/778","targetHints":{"allow":["GET"]}}],"collection":[{"href":"https:\/\/vynz100photo.fr\/blog\/wp-json\/wp\/v2\/pages"}],"about":[{"href":"https:\/\/vynz100photo.fr\/blog\/wp-json\/wp\/v2\/types\/page"}],"author":[{"embeddable":true,"href":"https:\/\/vynz100photo.fr\/blog\/wp-json\/wp\/v2\/users\/1"}],"replies":[{"embeddable":true,"href":"https:\/\/vynz100photo.fr\/blog\/wp-json\/wp\/v2\/comments?post=778"}],"version-history":[{"count":0,"href":"https:\/\/vynz100photo.fr\/blog\/wp-json\/wp\/v2\/pages\/778\/revisions"}],"up":[{"embeddable":true,"href":"https:\/\/vynz100photo.fr\/blog\/wp-json\/wp\/v2\/pages\/2"}],"wp:attachment":[{"href":"https:\/\/vynz100photo.fr\/blog\/wp-json\/wp\/v2\/media?parent=778"}],"curies":[{"name":"wp","href":"https:\/\/api.w.org\/{rel}","templated":true}]}}