{"id":652,"date":"2013-08-03T16:49:02","date_gmt":"2013-08-03T08:49:02","guid":{"rendered":"http:\/\/vynz100photo.fr\/blog\/?page_id=652"},"modified":"2013-08-05T12:01:54","modified_gmt":"2013-08-05T04:01:54","slug":"photographie","status":"publish","type":"page","link":"https:\/\/vynz100photo.fr\/blog\/photographie\/","title":{"rendered":"Photographie"},"content":{"rendered":"<p>Quelques conseils, quelques id\u00e9es pour ceux qui s&rsquo;int\u00e9ressent comme nous \u00e0 ce media&#8230;<\/p>\n","protected":false},"excerpt":{"rendered":"<p>Quelques conseils, quelques id\u00e9es pour ceux qui s&rsquo;int\u00e9ressent comme nous \u00e0 ce media&#8230;<\/p>\n","protected":false},"author":1,"featured_media":0,"parent":0,"menu_order":3,"comment_status":"open","ping_status":"open","template":"","meta":{"_mo_disable_npp":"","jetpack_post_was_ever_published":false,"footnotes":""},"class_list":["post-652","page","type-page","status-publish","hentry"],"jetpack_sharing_enabled":true,"jetpack_shortlink":"https:\/\/wp.me\/P3QNY7-aw","jetpack_likes_enabled":true,"jetpack-related-posts":[{"id":781,"url":"https:\/\/vynz100photo.fr\/blog\/photographie\/quelques-conseils-photo\/","url_meta":{"origin":652,"position":0},"title":"Quelques conseils photo","author":"Vincent","date":"6 ao\u00fbt 2013","format":false,"excerpt":"Au fur et \u00e0 mesure, l'exp\u00e9rience accumul\u00e9e par quelques ann\u00e9es de pratique assidue de la photographie amateur m'a donn\u00e9 envie de partager cette passion avec mes amis et ma famille. Apr\u00e8s avoir h\u00e9sit\u00e9, cherch\u00e9, fait d'innombrables erreurs et \u00eatre tomb\u00e9 dans autant de pi\u00e8ges, il y a quelques bases qui\u2026","rel":"","context":"Article similaire","block_context":{"text":"Article similaire","link":""},"img":{"alt_text":"","src":"","width":0,"height":0},"classes":[]},{"id":784,"url":"https:\/\/vynz100photo.fr\/blog\/photographie\/quelques-conseils-photo\/un-reflex-mais-lequel\/","url_meta":{"origin":652,"position":1},"title":"Un r\u00e9flex, mais lequel?","author":"Vincent","date":"8 ao\u00fbt 2013","format":false,"excerpt":"Actuellement, les ventes d'appareils r\u00e9flex se portent bien, voire tr\u00e8s bien... en t\u00eate des ventes du secteur photographique, ces appareils paraissent \u00eatre \u00e0 la port\u00e9e de beaucoup... Pourtant, le choix d'un r\u00e9flex doit se faire en connaissance de cause, les gammes sont diversifi\u00e9es et il est facile de s'y \u00e9garer...\u2026","rel":"","context":"Article similaire","block_context":{"text":"Article similaire","link":""},"img":{"alt_text":"Le minuscule Canon Eos 100D","src":"https:\/\/i0.wp.com\/vynz100photo.fr\/blog\/wp-content\/uploads\/2013\/08\/canon-eos-100d_1363685960-300x300.jpg?resize=350%2C200","width":350,"height":200},"classes":[]},{"id":786,"url":"https:\/\/vynz100photo.fr\/blog\/photographie\/quelques-conseils-photo\/les-objectifs-a-ne-pas-negliger\/","url_meta":{"origin":652,"position":2},"title":"Les objectifs, \u00e0 ne pas n\u00e9gliger!","author":"Vincent","date":"7 ao\u00fbt 2013","format":false,"excerpt":"Quand on a fait le choix de son r\u00e9flex, on pense que le plus dur est fait... mais c'est une erreur, ce n'est que le d\u00e9but! La qualit\u00e9 de l'image d\u00e9pend effectivement du capteur du bo\u00eetier, mais elle est en premier lieu d\u00e9pendante de l'objectif qui fait passer la lumi\u00e8re...\u2026","rel":"","context":"Article similaire","block_context":{"text":"Article similaire","link":""},"img":{"alt_text":"Emploi d'un 21mm","src":"https:\/\/i0.wp.com\/vynz100photo.fr\/blog\/wp-content\/uploads\/2012\/09\/16092012-IMG_8801-300x200.jpg?resize=350%2C200","width":350,"height":200},"classes":[]},{"id":814,"url":"https:\/\/vynz100photo.fr\/blog\/photographie\/test-de-materiel\/objectifs\/","url_meta":{"origin":652,"position":3},"title":"Objectifs","author":"Vincent","date":"7 ao\u00fbt 2013","format":false,"excerpt":"Quelques retours d'objectifs que j'ai poss\u00e9d\u00e9s ou test\u00e9s... Au menu, des focales fixes, qui peuvent aller tout aussi bien sur un r\u00e9flex Canon APS-C qu'un 24x36: - Canon EF 28 mm f\/2,8, - Canon\u00a0EF 35mm f\/2, - Canon EF 40mm f\/2,8, - Canon\u00a0EF 50mm f\/1,8, - Canon\u00a0EF 85mm f\/1,8 USM,\u2026","rel":"","context":"Article similaire","block_context":{"text":"Article similaire","link":""},"img":{"alt_text":"","src":"","width":0,"height":0},"classes":[]},{"id":2466,"url":"https:\/\/vynz100photo.fr\/blog\/photographie\/test-de-materiel\/objectifs\/industar-50-2-50mm-f35-m42\/","url_meta":{"origin":652,"position":4},"title":"Industar 50-2 50mm f\/3,5 (M42)","author":"Vincent","date":"10 mars 2014","format":false,"excerpt":"Caract\u00e9ristiques Poids:\u00a065g Prix:\u00a05-10\u20ac environ Une focale fixe en monture M42, une vieille monture \u00e0 vis tr\u00e8s r\u00e9pandue. Si les appareils actuels n'utilisent plus cette fixation, il est tr\u00e8s facile de trouver des bagues d'adaptation sur les diff\u00e9rents mod\u00e8les (Canon Eos, Sony Nex, Panasonic GF...). Les deux tr\u00e8s gros avantages de\u2026","rel":"","context":"Avec 1 commentaire","block_context":{"text":"Avec 1 commentaire","link":"https:\/\/vynz100photo.fr\/blog\/photographie\/test-de-materiel\/objectifs\/industar-50-2-50mm-f35-m42\/#comments"},"img":{"alt_text":"industar_50-2_f3.5","src":"https:\/\/i0.wp.com\/vynz100photo.fr\/blog\/wp-content\/uploads\/2014\/03\/industar_50-2_f3.5.jpg?resize=350%2C200","width":350,"height":200},"classes":[]},{"id":654,"url":"https:\/\/vynz100photo.fr\/blog\/photographie\/quelques-conseils-photo\/quel-appareil-photo-choisir\/","url_meta":{"origin":652,"position":5},"title":"Quel appareil photo choisir?","author":"Vincent","date":"3 ao\u00fbt 2013","format":false,"excerpt":"\u00a0 \u00a0 La \u00a0photographie num\u00e9rique est en perp\u00e9tuel renouvellement, les technologies se bousculent et s'entrem\u00ealent, promettant des images toujours plus extraordinaires, des zooms x100, des couleurs \u00e9clatantes, des possibilit\u00e9s cr\u00e9atives \u00e0 foison... Comment s'y retrouver dans cette jungle? \u00a0 \u00a0La premi\u00e8re chose \u00e0 savoir avant de faire l'acquisition d'un nouvel\u2026","rel":"","context":"Article similaire","block_context":{"text":"Article similaire","link":""},"img":{"alt_text":"Les diff\u00e9rents formats de capteurs","src":"https:\/\/i0.wp.com\/vynz100photo.fr\/blog\/wp-content\/uploads\/2013\/08\/taille-format-capteur-photo-aps-c-micro-4-3-cx-582x1024.jpg?resize=350%2C200","width":350,"height":200},"classes":[]}],"_links":{"self":[{"href":"https:\/\/vynz100photo.fr\/blog\/wp-json\/wp\/v2\/pages\/652","targetHints":{"allow":["GET"]}}],"collection":[{"href":"https:\/\/vynz100photo.fr\/blog\/wp-json\/wp\/v2\/pages"}],"about":[{"href":"https:\/\/vynz100photo.fr\/blog\/wp-json\/wp\/v2\/types\/page"}],"author":[{"embeddable":true,"href":"https:\/\/vynz100photo.fr\/blog\/wp-json\/wp\/v2\/users\/1"}],"replies":[{"embeddable":true,"href":"https:\/\/vynz100photo.fr\/blog\/wp-json\/wp\/v2\/comments?post=652"}],"version-history":[{"count":0,"href":"https:\/\/vynz100photo.fr\/blog\/wp-json\/wp\/v2\/pages\/652\/revisions"}],"wp:attachment":[{"href":"https:\/\/vynz100photo.fr\/blog\/wp-json\/wp\/v2\/media?parent=652"}],"curies":[{"name":"wp","href":"https:\/\/api.w.org\/{rel}","templated":true}]}}