{"id":638,"date":"2013-08-03T15:29:34","date_gmt":"2013-08-03T07:29:34","guid":{"rendered":"http:\/\/vynz100photo.fr\/blog\/?page_id=638"},"modified":"2013-08-03T15:29:34","modified_gmt":"2013-08-03T07:29:34","slug":"beijing","status":"publish","type":"page","link":"https:\/\/vynz100photo.fr\/blog\/voyages\/chine\/beijing\/","title":{"rendered":"Beijing"},"content":{"rendered":"<p>La capitale chinoise est d\u00e9sormais une ville d\u00e9volue \u00e0 l&rsquo;administration du pays. Mais elle est surtout un formidable t\u00e9moignage de la grandeur du pass\u00e9 de cet empire, au gr\u00e9 des temples et des monuments imp\u00e9rieux qui pars\u00e8ment le vieux centre historique et les alentours&#8230;<\/p>\n","protected":false},"excerpt":{"rendered":"<p>La capitale chinoise est d\u00e9sormais une ville d\u00e9volue \u00e0 l&rsquo;administration du pays. Mais elle est surtout un formidable t\u00e9moignage de la grandeur du pass\u00e9 de cet empire, au gr\u00e9 des temples et des monuments imp\u00e9rieux qui pars\u00e8ment le vieux centre historique et les alentours&#8230;<\/p>\n","protected":false},"author":1,"featured_media":0,"parent":634,"menu_order":0,"comment_status":"open","ping_status":"open","template":"","meta":{"_mo_disable_npp":"","footnotes":""},"class_list":["post-638","page","type-page","status-publish","hentry"],"jetpack_sharing_enabled":true,"jetpack_shortlink":"https:\/\/wp.me\/P3QNY7-ai","jetpack_likes_enabled":true,"jetpack-related-posts":[{"id":1355,"url":"https:\/\/vynz100photo.fr\/blog\/voyages\/chine\/en-route-vers-lanhui-29-sept-5-octobre\/tunxi-arrivee-dans-lanhui\/","url_meta":{"origin":638,"position":0},"title":"Tunxi, arriv\u00e9e dans l&rsquo;Anhui","author":"Vincent","date":"7 octobre 2013","format":false,"excerpt":"\u00a0 Nous arrivons \u00e0 la gare routi\u00e8re de Shanghai \u00e0 8h, pour prendre un bus dans la matin\u00e9e (6h de trajet environ, 450 km pour 430 RMB \u00e0 4)... malheureusement, il n'y a pas de bus avant 14h30, soit plus de six heures \u00e0 attendre. Qu'\u00e0 cela ne tienne, retour\u2026","rel":"","context":"Article similaire","block_context":{"text":"Article similaire","link":""},"img":{"alt_text":"20130929-IMG_3879","src":"https:\/\/i0.wp.com\/vynz100photo.fr\/blog\/wp-content\/uploads\/2013\/10\/20130929-IMG_3879.jpg?resize=350%2C200","width":350,"height":200,"srcset":"https:\/\/i0.wp.com\/vynz100photo.fr\/blog\/wp-content\/uploads\/2013\/10\/20130929-IMG_3879.jpg?resize=350%2C200 1x, https:\/\/i0.wp.com\/vynz100photo.fr\/blog\/wp-content\/uploads\/2013\/10\/20130929-IMG_3879.jpg?resize=525%2C300 1.5x"},"classes":[]},{"id":707,"url":"https:\/\/vynz100photo.fr\/blog\/voyages\/japon-hokkaido\/lac-toya\/","url_meta":{"origin":638,"position":1},"title":"Sur les rives du lac Toya","author":"Vincent","date":"12 ao\u00fbt 2013","format":false,"excerpt":"12 juillet: Nous quittons donc dans la nuit les alentours du lac Shikotsu... les petites routes sinueuses et quasiment d\u00e9sertes de cette partie de la r\u00e9serve naturelle nous obligent \u00e0 garder l'oeil ouvert... pas question d'une rencontre impromptue avec un sanglier, un daim ou un ours! Heureusement, apr\u00e8s un repas\u2026","rel":"","context":"Article similaire","block_context":{"text":"Article similaire","link":""},"img":{"alt_text":"toya","src":"https:\/\/i0.wp.com\/vynz100photo.fr\/blog\/wp-content\/uploads\/2013\/08\/toya-1024x770.jpg?resize=350%2C200","width":350,"height":200,"srcset":"https:\/\/i0.wp.com\/vynz100photo.fr\/blog\/wp-content\/uploads\/2013\/08\/toya-1024x770.jpg?resize=350%2C200 1x, https:\/\/i0.wp.com\/vynz100photo.fr\/blog\/wp-content\/uploads\/2013\/08\/toya-1024x770.jpg?resize=525%2C300 1.5x, https:\/\/i0.wp.com\/vynz100photo.fr\/blog\/wp-content\/uploads\/2013\/08\/toya-1024x770.jpg?resize=700%2C400 2x"},"classes":[]},{"id":1359,"url":"https:\/\/vynz100photo.fr\/blog\/voyages\/chine\/en-route-vers-lanhui-29-sept-5-octobre\/la-foret-de-bambous-de-mukeng\/","url_meta":{"origin":638,"position":2},"title":"La for\u00eat de bambous de Mukeng","author":"Vincent","date":"5 octobre 2013","format":false,"excerpt":"A quelques kilom\u00e8tres de Honcun, apr\u00e8s une route qui serpente entre les montagnes, on arrive \u00e0 un endroit assez diff\u00e9rent: le village de Mukeng. On essaie de fuir les hordes de touristes qui d\u00e9barquent dans ce joli coin de verdure en ce 1er octobre... L\u00e0 se dresse une for\u00eat de\u2026","rel":"","context":"Article similaire","block_context":{"text":"Article similaire","link":""},"img":{"alt_text":"20131001-IMG_4195","src":"https:\/\/i0.wp.com\/vynz100photo.fr\/blog\/wp-content\/uploads\/2013\/10\/20131001-IMG_4195.jpg?resize=350%2C200","width":350,"height":200,"srcset":"https:\/\/i0.wp.com\/vynz100photo.fr\/blog\/wp-content\/uploads\/2013\/10\/20131001-IMG_4195.jpg?resize=350%2C200 1x, https:\/\/i0.wp.com\/vynz100photo.fr\/blog\/wp-content\/uploads\/2013\/10\/20131001-IMG_4195.jpg?resize=525%2C300 1.5x"},"classes":[]},{"id":678,"url":"https:\/\/vynz100photo.fr\/blog\/voyages\/japon-hokkaido\/sapporo-premiers-pas-sur-le-sol-nippon-8-10-juillet\/","url_meta":{"origin":638,"position":3},"title":"Sapporo, premiers pas sur le sol nippon (8-10 juillet)","author":"Vincent","date":"5 ao\u00fbt 2013","format":false,"excerpt":"Partis de Shanghai en milieu de journ\u00e9e, apr\u00e8s une escale s\u00e9oulite, on arrive le lundi soir \u00e0 l'a\u00e9roport de Chitose (\u65b0\u5343\u6b73\u7a7a\u6e2f), un des plus importants de l'archipel tant par sa superficie que par son trafic... L\u00e0, il faut prendre un train, puis deux m\u00e9tros, pour arriver \u00e0 quelques centaines de\u2026","rel":"","context":"Article similaire","block_context":{"text":"Article similaire","link":""},"img":{"alt_text":"En route vers de nouvelles aventures!","src":"https:\/\/i0.wp.com\/vynz100photo.fr\/blog\/wp-content\/uploads\/2013\/08\/20130708-IMG_1785.jpg?resize=350%2C200","width":350,"height":200,"srcset":"https:\/\/i0.wp.com\/vynz100photo.fr\/blog\/wp-content\/uploads\/2013\/08\/20130708-IMG_1785.jpg?resize=350%2C200 1x, https:\/\/i0.wp.com\/vynz100photo.fr\/blog\/wp-content\/uploads\/2013\/08\/20130708-IMG_1785.jpg?resize=525%2C300 1.5x, https:\/\/i0.wp.com\/vynz100photo.fr\/blog\/wp-content\/uploads\/2013\/08\/20130708-IMG_1785.jpg?resize=700%2C400 2x"},"classes":[]},{"id":1804,"url":"https:\/\/vynz100photo.fr\/blog\/voyages\/au-pays-du-matin-calme-voyage-en-coree-du-sud-avril-mai-2013\/","url_meta":{"origin":638,"position":4},"title":"Au pays du matin calme, voyage en Cor\u00e9e du Sud (avril-mai 2013)","author":"Vincent","date":"21 novembre 2013","format":false,"excerpt":"A venir... \u00a0 Nous sommes partis visiter un pays peu connu mais attachant, la Cor\u00e9e du Sud. Au menu, S\u00e9oul bien s\u00fbr, mais aussi Busan, la c\u00f4te sud et les temples du centre du pays...","rel":"","context":"Article similaire","block_context":{"text":"Article similaire","link":""},"img":{"alt_text":"","src":"https:\/\/i0.wp.com\/vynz100photo.fr\/blog\/wp-content\/uploads\/2013\/11\/20130424-IMG_8621.jpg?fit=1024%2C683&ssl=1&resize=350%2C200","width":350,"height":200,"srcset":"https:\/\/i0.wp.com\/vynz100photo.fr\/blog\/wp-content\/uploads\/2013\/11\/20130424-IMG_8621.jpg?fit=1024%2C683&ssl=1&resize=350%2C200 1x, https:\/\/i0.wp.com\/vynz100photo.fr\/blog\/wp-content\/uploads\/2013\/11\/20130424-IMG_8621.jpg?fit=1024%2C683&ssl=1&resize=525%2C300 1.5x, https:\/\/i0.wp.com\/vynz100photo.fr\/blog\/wp-content\/uploads\/2013\/11\/20130424-IMG_8621.jpg?fit=1024%2C683&ssl=1&resize=700%2C400 2x"},"classes":[]},{"id":941,"url":"https:\/\/vynz100photo.fr\/blog\/voyages\/japon-hokkaido\/pause-a-ashibetsu-15-juillet\/","url_meta":{"origin":638,"position":5},"title":"Pause \u00e0 Ashibetsu (15 juillet)","author":"Vincent","date":"15 ao\u00fbt 2013","format":false,"excerpt":"Ouf, le camping est parfait: grand, ombrag\u00e9, avec douches et machine \u00e0 laver, des prises \u00e9lectriques pour recharger les batteries des appareils photos, et le meilleur: il est vide d\u00e8s que le week-end se termine... Ce soir-l\u00e0, les filles se font plein de copains: les enfants ont des filets \u00e0\u2026","rel":"","context":"Article similaire","block_context":{"text":"Article similaire","link":""},"img":{"alt_text":"ashibetsu","src":"https:\/\/i0.wp.com\/vynz100photo.fr\/blog\/wp-content\/uploads\/2013\/08\/ashibetsu-1024x770.jpg?resize=350%2C200","width":350,"height":200,"srcset":"https:\/\/i0.wp.com\/vynz100photo.fr\/blog\/wp-content\/uploads\/2013\/08\/ashibetsu-1024x770.jpg?resize=350%2C200 1x, https:\/\/i0.wp.com\/vynz100photo.fr\/blog\/wp-content\/uploads\/2013\/08\/ashibetsu-1024x770.jpg?resize=525%2C300 1.5x, https:\/\/i0.wp.com\/vynz100photo.fr\/blog\/wp-content\/uploads\/2013\/08\/ashibetsu-1024x770.jpg?resize=700%2C400 2x"},"classes":[]}],"_links":{"self":[{"href":"https:\/\/vynz100photo.fr\/blog\/wp-json\/wp\/v2\/pages\/638","targetHints":{"allow":["GET"]}}],"collection":[{"href":"https:\/\/vynz100photo.fr\/blog\/wp-json\/wp\/v2\/pages"}],"about":[{"href":"https:\/\/vynz100photo.fr\/blog\/wp-json\/wp\/v2\/types\/page"}],"author":[{"embeddable":true,"href":"https:\/\/vynz100photo.fr\/blog\/wp-json\/wp\/v2\/users\/1"}],"replies":[{"embeddable":true,"href":"https:\/\/vynz100photo.fr\/blog\/wp-json\/wp\/v2\/comments?post=638"}],"version-history":[{"count":0,"href":"https:\/\/vynz100photo.fr\/blog\/wp-json\/wp\/v2\/pages\/638\/revisions"}],"up":[{"embeddable":true,"href":"https:\/\/vynz100photo.fr\/blog\/wp-json\/wp\/v2\/pages\/634"}],"wp:attachment":[{"href":"https:\/\/vynz100photo.fr\/blog\/wp-json\/wp\/v2\/media?parent=638"}],"curies":[{"name":"wp","href":"https:\/\/api.w.org\/{rel}","templated":true}]}}