{"id":634,"date":"2013-08-03T15:25:09","date_gmt":"2013-08-03T07:25:09","guid":{"rendered":"http:\/\/vynz100photo.fr\/blog\/?page_id=634"},"modified":"2013-10-04T01:27:02","modified_gmt":"2013-10-03T17:27:02","slug":"chine","status":"publish","type":"page","link":"https:\/\/vynz100photo.fr\/blog\/voyages\/chine\/","title":{"rendered":"Chine"},"content":{"rendered":"<p>&nbsp;<\/p>\n<p>&nbsp;<\/p>\n<p>En ao\u00fbt 2012, nous d\u00e9barquons \u00e0 Shanghai&#8230; bye-bye Dubai, nous voil\u00e0 dans un autre pays de la d\u00e9mesure&#8230;.<\/p>\n<p>&nbsp;<\/p>\n<p><a href=\"https:\/\/i0.wp.com\/vynz100photo.fr\/blog\/wp-content\/uploads\/2012\/10\/02102012-IMG_9516.jpg?ssl=1\"><img data-recalc-dims=\"1\" loading=\"lazy\" decoding=\"async\" data-attachment-id=\"287\" data-permalink=\"https:\/\/vynz100photo.fr\/blog\/promenade-du-soir-a-qibao\/02102012-img_9516\/\" data-orig-file=\"https:\/\/i0.wp.com\/vynz100photo.fr\/blog\/wp-content\/uploads\/2012\/10\/02102012-IMG_9516.jpg?fit=1920%2C1280&amp;ssl=1\" data-orig-size=\"1920,1280\" data-comments-opened=\"1\" data-image-meta=\"{&quot;aperture&quot;:&quot;2&quot;,&quot;credit&quot;:&quot;&quot;,&quot;camera&quot;:&quot;Canon EOS 5D Mark II&quot;,&quot;caption&quot;:&quot;&quot;,&quot;created_timestamp&quot;:&quot;1349197714&quot;,&quot;copyright&quot;:&quot;&quot;,&quot;focal_length&quot;:&quot;50&quot;,&quot;iso&quot;:&quot;100&quot;,&quot;shutter_speed&quot;:&quot;0.00125&quot;,&quot;title&quot;:&quot;&quot;}\" data-image-title=\"\" data-image-description=\"\" data-image-caption=\"\" data-large-file=\"https:\/\/i0.wp.com\/vynz100photo.fr\/blog\/wp-content\/uploads\/2012\/10\/02102012-IMG_9516.jpg?fit=800%2C533&amp;ssl=1\" class=\"aligncenter size-large wp-image-287\" alt=\"\" src=\"https:\/\/i0.wp.com\/vynz100photo.fr\/blog\/wp-content\/uploads\/2012\/10\/02102012-IMG_9516.jpg?resize=584%2C388&#038;ssl=1\" width=\"584\" height=\"388\" srcset=\"https:\/\/i0.wp.com\/vynz100photo.fr\/blog\/wp-content\/uploads\/2012\/10\/02102012-IMG_9516.jpg?resize=1024%2C682&amp;ssl=1 1024w, https:\/\/i0.wp.com\/vynz100photo.fr\/blog\/wp-content\/uploads\/2012\/10\/02102012-IMG_9516.jpg?resize=300%2C200&amp;ssl=1 300w, https:\/\/i0.wp.com\/vynz100photo.fr\/blog\/wp-content\/uploads\/2012\/10\/02102012-IMG_9516.jpg?w=1920&amp;ssl=1 1920w, https:\/\/i0.wp.com\/vynz100photo.fr\/blog\/wp-content\/uploads\/2012\/10\/02102012-IMG_9516.jpg?w=1600&amp;ssl=1 1600w\" sizes=\"auto, (max-width: 584px) 100vw, 584px\" \/><\/a><\/p>\n<p>&nbsp;<\/p>\n<p>&nbsp;<\/p>\n<p>Une infinit\u00e9 de destinations semblent s&rsquo;ouvrir \u00e0 nous:<\/p>\n<p>&#8211; Shanghai et les villes d&rsquo;eau limitrophes comme Qibao et Nanxiang<\/p>\n<p>&#8211; Beijing<\/p>\n<p>&#8211; la <a title=\"En route vers l\u2019Anhui! (29 sept \/ 5 octobre)\" href=\"https:\/\/vynz100photo.fr\/blog\/voyages\/chine\/en-route-vers-lanhui-29-sept-5-octobre\/\">province verte de l&rsquo;Anhui<\/a><\/p>\n<p>&#8211; la douce Xiamen<\/p>\n<p>&#8211; l&rsquo;\u00e9tonnante Shaoxing et son r\u00e9seau de canaux<\/p>\n<p>&#8211; les villes touristiques de Suzhou et Hanghzou, ou la nostalgique Tongli&#8230;<\/p>\n","protected":false},"excerpt":{"rendered":"<p>&nbsp; &nbsp; En ao\u00fbt 2012, nous d\u00e9barquons \u00e0 Shanghai&#8230; bye-bye Dubai, nous voil\u00e0 dans un autre pays de la d\u00e9mesure&#8230;. &nbsp; &nbsp; &nbsp; Une infinit\u00e9 de destinations semblent s&rsquo;ouvrir \u00e0 nous: &#8211; Shanghai et les villes d&rsquo;eau limitrophes comme Qibao et Nanxiang &#8211; Beijing &#8211; la province verte de l&rsquo;Anhui &#8211; la douce Xiamen &#8211; [&hellip;]<\/p>\n","protected":false},"author":1,"featured_media":0,"parent":624,"menu_order":0,"comment_status":"open","ping_status":"open","template":"","meta":{"_mo_disable_npp":"","footnotes":""},"class_list":["post-634","page","type-page","status-publish","hentry"],"jetpack_sharing_enabled":true,"jetpack_shortlink":"https:\/\/wp.me\/P3QNY7-ae","jetpack_likes_enabled":true,"jetpack-related-posts":[{"id":1685,"url":"https:\/\/vynz100photo.fr\/blog\/voyages\/chine\/hangzhou\/","url_meta":{"origin":634,"position":0},"title":"Hangzhou","author":"Vincent","date":"13 novembre 2013","format":false,"excerpt":"\u00a0 Une de nos villes pr\u00e9f\u00e9r\u00e9e, \u00e0 moins d'une heure de Shanghai en train... on s'y prom\u00e8ne en toute saison, on y mange bien, on y d\u00e9guste un des meilleurs th\u00e9s du monde... A voir en hiver ou en automne!","rel":"","context":"Article similaire","block_context":{"text":"Article similaire","link":""},"img":{"alt_text":"","src":"","width":0,"height":0},"classes":[]},{"id":636,"url":"https:\/\/vynz100photo.fr\/blog\/voyages\/chine\/shanghai\/","url_meta":{"origin":634,"position":1},"title":"Shanghai","author":"Vincent","date":"3 ao\u00fbt 2013","format":false,"excerpt":"Quelques petites choses \u00e0 voir ou \u00e0 faire, dans cette m\u00e9galopole de pr\u00e8s de 24 millions d'habitants...","rel":"","context":"Article similaire","block_context":{"text":"Article similaire","link":""},"img":{"alt_text":"","src":"","width":0,"height":0},"classes":[]},{"id":2258,"url":"https:\/\/vynz100photo.fr\/blog\/voyages\/chine\/cinq-jours-a-hong-kong\/","url_meta":{"origin":634,"position":2},"title":"Cinq jours \u00e0 Hong-Kong","author":"Vincent","date":"20 f\u00e9vrier 2014","format":false,"excerpt":"\u00a0 \u00a0 Les vacances du Nouvel An chinois sont toujours assez particuli\u00e8res: 3 semaines \u00e0 Shanghai, avec la plus grande migration annuelle de personnes au monde... Du coup, on h\u00e9site souvent \u00e0 partir. L\u00e0, on avait d\u00e9cid\u00e9 de rester \u00e0 la maison pour se reposer, mais une matin\u00e9e de pollution\u2026","rel":"","context":"Article similaire","block_context":{"text":"Article similaire","link":""},"img":{"alt_text":"","src":"","width":0,"height":0},"classes":[]},{"id":624,"url":"https:\/\/vynz100photo.fr\/blog\/voyages\/","url_meta":{"origin":634,"position":3},"title":"Nos voyages","author":"Vincent","date":"3 ao\u00fbt 2013","format":false,"excerpt":"Nous avons fait quelques voyages ces derni\u00e8res ann\u00e9es, peut-\u00eatre que cela peut vous int\u00e9resser... Nous vivons actuellement en Chine, \u00e0 Shanghai... apr\u00e8s avoir visit\u00e9 diff\u00e9rentes villes, comme Beijing, Tongli, Hangzhou, Suzhou, Xiamen, il est temps de vous faire partager quelques aspects de cet immense pays que nous commen\u00e7ons tout juste\u2026","rel":"","context":"Article similaire","block_context":{"text":"Article similaire","link":""},"img":{"alt_text":"","src":"","width":0,"height":0},"classes":[]},{"id":1801,"url":"https:\/\/vynz100photo.fr\/blog\/cuisine-et-restaurants\/restaurants\/","url_meta":{"origin":634,"position":4},"title":"Restaurants","author":"Vincent","date":"21 novembre 2013","format":false,"excerpt":"A Shanghai, au N\u00e9pal, en France ou ailleurs, tous ces restaurants que l'on veut vous faire partager... \u00a0 Chine: Hangzhou: Green Tea, restaurant de sp\u00e9cialit\u00e9s locales Grandma's Kitchen\u00a0(\u5916\u5a46\u5bb6),\u00a0restaurant de sp\u00e9cialit\u00e9s locales Shanghai Yuan Yuan, sp\u00e9cialit\u00e9s shanghaiennes et cantonaises Nanxiang Beijing Qibao Shaoxing \u00a0","rel":"","context":"Article similaire","block_context":{"text":"Article similaire","link":""},"img":{"alt_text":"","src":"","width":0,"height":0},"classes":[]},{"id":1345,"url":"https:\/\/vynz100photo.fr\/blog\/voyages\/chine\/en-route-vers-lanhui-29-sept-5-octobre\/","url_meta":{"origin":634,"position":5},"title":"En route vers l&rsquo;Anhui! (29 sept \/ 5 octobre)","author":"Vincent","date":"4 octobre 2013","format":false,"excerpt":"Pour ces petites vacances de la F\u00eate Nationale Chinoise -aussi appel\u00e9e \"Golden Week\" puisque c'est l'un des deux moments ou tout le pays est en vacances- nous avons d\u00e9cid\u00e9 de partir \u00e0 450 kilom\u00e8tres \u00e0 l'ouest de Shanghai, dans la province de l'Anhui. \u00a0 L\u00e0, apr\u00e8s avoir pass\u00e9 quelques heures\u2026","rel":"","context":"Article similaire","block_context":{"text":"Article similaire","link":""},"img":{"alt_text":"","src":"","width":0,"height":0},"classes":[]}],"_links":{"self":[{"href":"https:\/\/vynz100photo.fr\/blog\/wp-json\/wp\/v2\/pages\/634","targetHints":{"allow":["GET"]}}],"collection":[{"href":"https:\/\/vynz100photo.fr\/blog\/wp-json\/wp\/v2\/pages"}],"about":[{"href":"https:\/\/vynz100photo.fr\/blog\/wp-json\/wp\/v2\/types\/page"}],"author":[{"embeddable":true,"href":"https:\/\/vynz100photo.fr\/blog\/wp-json\/wp\/v2\/users\/1"}],"replies":[{"embeddable":true,"href":"https:\/\/vynz100photo.fr\/blog\/wp-json\/wp\/v2\/comments?post=634"}],"version-history":[{"count":0,"href":"https:\/\/vynz100photo.fr\/blog\/wp-json\/wp\/v2\/pages\/634\/revisions"}],"up":[{"embeddable":true,"href":"https:\/\/vynz100photo.fr\/blog\/wp-json\/wp\/v2\/pages\/624"}],"wp:attachment":[{"href":"https:\/\/vynz100photo.fr\/blog\/wp-json\/wp\/v2\/media?parent=634"}],"curies":[{"name":"wp","href":"https:\/\/api.w.org\/{rel}","templated":true}]}}