{"id":630,"date":"2013-08-03T15:10:41","date_gmt":"2013-08-03T07:10:41","guid":{"rendered":"http:\/\/vynz100photo.fr\/blog\/?page_id=630"},"modified":"2014-01-29T00:13:48","modified_gmt":"2014-01-28T16:13:48","slug":"japon-hokkaido","status":"publish","type":"page","link":"https:\/\/vynz100photo.fr\/blog\/voyages\/japon-hokkaido\/","title":{"rendered":"Japon &#8211; Hokkaido"},"content":{"rendered":"<p><a href=\"https:\/\/i0.wp.com\/vynz100photo.fr\/blog\/wp-content\/uploads\/2013\/08\/carte-hokkaido5.jpg?ssl=1\"><img data-recalc-dims=\"1\" loading=\"lazy\" decoding=\"async\" data-attachment-id=\"1045\" data-permalink=\"https:\/\/vynz100photo.fr\/blog\/voyages\/japon-hokkaido\/carte-hokkaido5\/\" data-orig-file=\"https:\/\/i0.wp.com\/vynz100photo.fr\/blog\/wp-content\/uploads\/2013\/08\/carte-hokkaido5.jpg?fit=1548%2C1165&amp;ssl=1\" data-orig-size=\"1548,1165\" data-comments-opened=\"1\" data-image-meta=\"{&quot;aperture&quot;:&quot;0&quot;,&quot;credit&quot;:&quot;&quot;,&quot;camera&quot;:&quot;&quot;,&quot;caption&quot;:&quot;&quot;,&quot;created_timestamp&quot;:&quot;0&quot;,&quot;copyright&quot;:&quot;&quot;,&quot;focal_length&quot;:&quot;0&quot;,&quot;iso&quot;:&quot;0&quot;,&quot;shutter_speed&quot;:&quot;0&quot;,&quot;title&quot;:&quot;&quot;}\" data-image-title=\"carte hokkaido5\" data-image-description=\"\" data-image-caption=\"\" data-large-file=\"https:\/\/i0.wp.com\/vynz100photo.fr\/blog\/wp-content\/uploads\/2013\/08\/carte-hokkaido5.jpg?fit=800%2C602&amp;ssl=1\" class=\"aligncenter size-full wp-image-1045\" alt=\"carte hokkaido5\" src=\"https:\/\/i0.wp.com\/vynz100photo.fr\/blog\/wp-content\/uploads\/2013\/08\/carte-hokkaido5.jpg?resize=800%2C602&#038;ssl=1\" width=\"800\" height=\"602\" srcset=\"https:\/\/i0.wp.com\/vynz100photo.fr\/blog\/wp-content\/uploads\/2013\/08\/carte-hokkaido5.jpg?w=1548&amp;ssl=1 1548w, https:\/\/i0.wp.com\/vynz100photo.fr\/blog\/wp-content\/uploads\/2013\/08\/carte-hokkaido5.jpg?resize=300%2C225&amp;ssl=1 300w, https:\/\/i0.wp.com\/vynz100photo.fr\/blog\/wp-content\/uploads\/2013\/08\/carte-hokkaido5.jpg?resize=1024%2C770&amp;ssl=1 1024w\" sizes=\"auto, (max-width: 800px) 100vw, 800px\" \/><\/a><\/p>\n<p>Ce mois de juillet 2013 a \u00e9t\u00e9 presque int\u00e9gralement consacr\u00e9 \u00e0 un petit voyage familial, sur l&rsquo;\u00eele d&rsquo;Hokkaido au nord du Japon. Ici, pas de mousson tropicale, pas de pics de pollution, pas de scandales alimentaires&#8230; air pur, volcans en activit\u00e9, randonn\u00e9es seront au menu de ces 22 jours!<\/p>\n<h2>Pourquoi Hokkaido?<\/h2>\n<p style=\"text-align: justify;\">Apr\u00e8s avoir h\u00e9sit\u00e9 avec la Mongolie, Bali, voire un grand tour en Chine, il nous est apparu que ce dont on avait le plus besoin, c&rsquo;\u00e9tait de calme, de nature et de fra\u00eecheur&#8230; seul l&rsquo;\u00eele la plus au nord du Japon avait tous ces avantages&#8230;<\/p>\n<p style=\"text-align: justify;\">Hokkaido est le grenier du Japon, l\u00e0 o\u00f9 on respire et mange le mieux (le plus sainement en tout cas), avec une nature tr\u00e8s pr\u00e9sente, que ce soit par la faune (renards, ours, aigles, daims&#8230;), la flore (for\u00eats primaires) ou le min\u00e9ral (volcans actifs). Bref, le contraire de Shanghai, o\u00f9 l&rsquo;\u00e9t\u00e9 se passe entre 35\u00b0C et 40\u00b0C, avec les typhons qui rythment r\u00e9guli\u00e8rement le temps.<\/p>\n<h2 style=\"text-align: justify;\">Notre p\u00e9riple<\/h2>\n<p style=\"text-align: justify;\">Au programme, la <a href=\"https:\/\/vynz100photo.fr\/blog\/voyages\/japon-hokkaido\/sapporo-premiers-pas-sur-le-sol-nippon-8-10-juillet\/\">visite express de Sapporo<\/a>, puis l&rsquo;<a href=\"https:\/\/vynz100photo.fr\/blog\/voyages\/japon-hokkaido\/le-lac-shikotsu-10-11-juillet\/\">arriv\u00e9e sur les berges du lac Shikotsu<\/a>&#8230; Nous irons ensuite voir le lac Toya pendant quelques jours, un passage tranquille \u00e0 <a title=\"Pause \u00e0 Ashibetsu (15 juillet)\" href=\"https:\/\/vynz100photo.fr\/blog\/voyages\/japon-hokkaido\/pause-a-ashibetsu-15-juillet\/\">Ashibetsu<\/a>, puis <a title=\"Furano (14 juillet)\" href=\"https:\/\/vynz100photo.fr\/blog\/voyages\/japon-hokkaido\/furano-14-juillet\/\">les collines de lavandes de Furano<\/a>. <a title=\"Les Monts Daisetzusan\" href=\"https:\/\/vynz100photo.fr\/blog\/voyages\/japon-hokkaido\/les-monts-daisetzusan\/\">Le Parc du\u00a0Daisetsuzan<\/a> nous verra passer rapidement avant de se diriger vers celui du <a title=\"La r\u00e9gion du lac Akan (18-20 juillet)\" href=\"https:\/\/vynz100photo.fr\/blog\/voyages\/japon-hokkaido\/la-region-du-lac-akan-18-20-juillet\/\">lac Akan<\/a>, \u00e0 l&rsquo;est de l&rsquo;\u00eele.<\/p>\n<p style=\"text-align: justify;\">Notre travers\u00e9e de l&rsquo;\u00eele se poursuivra au sud-est, vers les marais de Kushiro. Nous continuerons vers la pointe du Shiretoko, l\u00e0 o\u00f9 la densit\u00e9 d&rsquo;ours est la plus forte au monde. Nous entamerons le trajet de retour vers l&rsquo;ouest en longeant la mer, pour finir vers le mont Yotei en passant par la p\u00e9ninsule du Shakotan.<\/p>\n<p style=\"text-align: justify;\">Enfin nous appr\u00e9cierons un retour \u00e0 la civilisation en flanant dans les rues de Sapporo \u00e0 la recherche des sp\u00e9cialit\u00e9s qui nous ont \u00e9chapp\u00e9es&#8230; et ce sera l&rsquo;heure du d\u00e9part!<\/p>\n<blockquote>\n<p style=\"text-align: justify;\">A suivre&#8230;<\/p>\n<\/blockquote>\n","protected":false},"excerpt":{"rendered":"<p>Ce mois de juillet 2013 a \u00e9t\u00e9 presque int\u00e9gralement consacr\u00e9 \u00e0 un petit voyage familial, sur l&rsquo;\u00eele d&rsquo;Hokkaido au nord du Japon. Ici, pas de mousson tropicale, pas de pics de pollution, pas de scandales alimentaires&#8230; air pur, volcans en activit\u00e9, randonn\u00e9es seront au menu de ces 22 jours! Pourquoi Hokkaido? Apr\u00e8s avoir h\u00e9sit\u00e9 avec [&hellip;]<\/p>\n","protected":false},"author":1,"featured_media":0,"parent":624,"menu_order":0,"comment_status":"open","ping_status":"open","template":"","meta":{"_mo_disable_npp":"","footnotes":""},"class_list":["post-630","page","type-page","status-publish","hentry"],"jetpack_sharing_enabled":true,"jetpack_shortlink":"https:\/\/wp.me\/P3QNY7-aa","jetpack_likes_enabled":true,"jetpack-related-posts":[{"id":710,"url":"https:\/\/vynz100photo.fr\/blog\/voyages\/japon-hokkaido\/furano-14-juillet\/","url_meta":{"origin":630,"position":0},"title":"Furano (14 juillet)","author":"Vincent","date":"15 ao\u00fbt 2013","format":false,"excerpt":"Il est d\u00e9j\u00e0 temps de quitter le lac Toya... direction plein est, o\u00f9 nous voulons visiter les champs de lavande de Furano, avec ces couleurs incroyables dont on retrouve de nombreux clich\u00e9s sur la toile... Il faut d\u00e9monter les tentes, prendre un petit d\u00e9jeuner... ah non on n'a plus rien,\u2026","rel":"","context":"Article similaire","block_context":{"text":"Article similaire","link":""},"img":{"alt_text":"furano","src":"https:\/\/i0.wp.com\/vynz100photo.fr\/blog\/wp-content\/uploads\/2013\/08\/furano-1024x770.jpg?resize=350%2C200","width":350,"height":200,"srcset":"https:\/\/i0.wp.com\/vynz100photo.fr\/blog\/wp-content\/uploads\/2013\/08\/furano-1024x770.jpg?resize=350%2C200 1x, https:\/\/i0.wp.com\/vynz100photo.fr\/blog\/wp-content\/uploads\/2013\/08\/furano-1024x770.jpg?resize=525%2C300 1.5x, https:\/\/i0.wp.com\/vynz100photo.fr\/blog\/wp-content\/uploads\/2013\/08\/furano-1024x770.jpg?resize=700%2C400 2x"},"classes":[]},{"id":678,"url":"https:\/\/vynz100photo.fr\/blog\/voyages\/japon-hokkaido\/sapporo-premiers-pas-sur-le-sol-nippon-8-10-juillet\/","url_meta":{"origin":630,"position":1},"title":"Sapporo, premiers pas sur le sol nippon (8-10 juillet)","author":"Vincent","date":"5 ao\u00fbt 2013","format":false,"excerpt":"Partis de Shanghai en milieu de journ\u00e9e, apr\u00e8s une escale s\u00e9oulite, on arrive le lundi soir \u00e0 l'a\u00e9roport de Chitose (\u65b0\u5343\u6b73\u7a7a\u6e2f), un des plus importants de l'archipel tant par sa superficie que par son trafic... L\u00e0, il faut prendre un train, puis deux m\u00e9tros, pour arriver \u00e0 quelques centaines de\u2026","rel":"","context":"Article similaire","block_context":{"text":"Article similaire","link":""},"img":{"alt_text":"En route vers de nouvelles aventures!","src":"https:\/\/i0.wp.com\/vynz100photo.fr\/blog\/wp-content\/uploads\/2013\/08\/20130708-IMG_1785.jpg?resize=350%2C200","width":350,"height":200,"srcset":"https:\/\/i0.wp.com\/vynz100photo.fr\/blog\/wp-content\/uploads\/2013\/08\/20130708-IMG_1785.jpg?resize=350%2C200 1x, https:\/\/i0.wp.com\/vynz100photo.fr\/blog\/wp-content\/uploads\/2013\/08\/20130708-IMG_1785.jpg?resize=525%2C300 1.5x, https:\/\/i0.wp.com\/vynz100photo.fr\/blog\/wp-content\/uploads\/2013\/08\/20130708-IMG_1785.jpg?resize=700%2C400 2x"},"classes":[]},{"id":1075,"url":"https:\/\/vynz100photo.fr\/blog\/voyages\/japon-hokkaido\/les-monts-daisetzusan\/","url_meta":{"origin":630,"position":2},"title":"Les Monts Daisetzusan","author":"Vincent","date":"24 ao\u00fbt 2013","format":false,"excerpt":"\u00a0 16 juillet: Un petit voyage nous m\u00e8ne de notre camping d'Ashibetsu au parc national du Daisetzusan, plus pr\u00e9cis\u00e9ment \u00e0 la ville thermale de Sonkyo. Premi\u00e8re \u00e9tape, trouver un camping pour \u00e9viter de monter la tente dans la nuit; on en trouve un gratuit, au pied d'une montagne, isol\u00e9, sombre\u2026","rel":"","context":"Article similaire","block_context":{"text":"Article similaire","link":""},"img":{"alt_text":"Daisetzusan","src":"https:\/\/i0.wp.com\/vynz100photo.fr\/blog\/wp-content\/uploads\/2013\/08\/Daisetzusan-1024x770.jpg?resize=350%2C200","width":350,"height":200,"srcset":"https:\/\/i0.wp.com\/vynz100photo.fr\/blog\/wp-content\/uploads\/2013\/08\/Daisetzusan-1024x770.jpg?resize=350%2C200 1x, https:\/\/i0.wp.com\/vynz100photo.fr\/blog\/wp-content\/uploads\/2013\/08\/Daisetzusan-1024x770.jpg?resize=525%2C300 1.5x, https:\/\/i0.wp.com\/vynz100photo.fr\/blog\/wp-content\/uploads\/2013\/08\/Daisetzusan-1024x770.jpg?resize=700%2C400 2x"},"classes":[]},{"id":941,"url":"https:\/\/vynz100photo.fr\/blog\/voyages\/japon-hokkaido\/pause-a-ashibetsu-15-juillet\/","url_meta":{"origin":630,"position":3},"title":"Pause \u00e0 Ashibetsu (15 juillet)","author":"Vincent","date":"15 ao\u00fbt 2013","format":false,"excerpt":"Ouf, le camping est parfait: grand, ombrag\u00e9, avec douches et machine \u00e0 laver, des prises \u00e9lectriques pour recharger les batteries des appareils photos, et le meilleur: il est vide d\u00e8s que le week-end se termine... Ce soir-l\u00e0, les filles se font plein de copains: les enfants ont des filets \u00e0\u2026","rel":"","context":"Article similaire","block_context":{"text":"Article similaire","link":""},"img":{"alt_text":"ashibetsu","src":"https:\/\/i0.wp.com\/vynz100photo.fr\/blog\/wp-content\/uploads\/2013\/08\/ashibetsu-1024x770.jpg?resize=350%2C200","width":350,"height":200,"srcset":"https:\/\/i0.wp.com\/vynz100photo.fr\/blog\/wp-content\/uploads\/2013\/08\/ashibetsu-1024x770.jpg?resize=350%2C200 1x, https:\/\/i0.wp.com\/vynz100photo.fr\/blog\/wp-content\/uploads\/2013\/08\/ashibetsu-1024x770.jpg?resize=525%2C300 1.5x, https:\/\/i0.wp.com\/vynz100photo.fr\/blog\/wp-content\/uploads\/2013\/08\/ashibetsu-1024x770.jpg?resize=700%2C400 2x"},"classes":[]},{"id":707,"url":"https:\/\/vynz100photo.fr\/blog\/voyages\/japon-hokkaido\/lac-toya\/","url_meta":{"origin":630,"position":4},"title":"Sur les rives du lac Toya","author":"Vincent","date":"12 ao\u00fbt 2013","format":false,"excerpt":"12 juillet: Nous quittons donc dans la nuit les alentours du lac Shikotsu... les petites routes sinueuses et quasiment d\u00e9sertes de cette partie de la r\u00e9serve naturelle nous obligent \u00e0 garder l'oeil ouvert... pas question d'une rencontre impromptue avec un sanglier, un daim ou un ours! Heureusement, apr\u00e8s un repas\u2026","rel":"","context":"Article similaire","block_context":{"text":"Article similaire","link":""},"img":{"alt_text":"toya","src":"https:\/\/i0.wp.com\/vynz100photo.fr\/blog\/wp-content\/uploads\/2013\/08\/toya-1024x770.jpg?resize=350%2C200","width":350,"height":200,"srcset":"https:\/\/i0.wp.com\/vynz100photo.fr\/blog\/wp-content\/uploads\/2013\/08\/toya-1024x770.jpg?resize=350%2C200 1x, https:\/\/i0.wp.com\/vynz100photo.fr\/blog\/wp-content\/uploads\/2013\/08\/toya-1024x770.jpg?resize=525%2C300 1.5x, https:\/\/i0.wp.com\/vynz100photo.fr\/blog\/wp-content\/uploads\/2013\/08\/toya-1024x770.jpg?resize=700%2C400 2x"},"classes":[]},{"id":705,"url":"https:\/\/vynz100photo.fr\/blog\/voyages\/japon-hokkaido\/le-lac-shikotsu-10-11-juillet\/","url_meta":{"origin":630,"position":5},"title":"Le Lac Shikotsu (10-11 juillet)","author":"Vincent","date":"5 ao\u00fbt 2013","format":false,"excerpt":"On ach\u00e8te un d\u00e9licieux ensemble de bentos dans un petit supermarch\u00e9 de Sapporo, et en route vers l'aventure! On s'arr\u00eate apr\u00e8s quelques dizaines de kilom\u00e8tres, dans un petit parc de bord de route, pour le premier pique-nique d'une longue s\u00e9rie... \u00a0 En fin d'apr\u00e8s-midi, on arrive au bord du lac\u2026","rel":"","context":"Article similaire","block_context":{"text":"Article similaire","link":""},"img":{"alt_text":"shiketsuko","src":"https:\/\/i0.wp.com\/vynz100photo.fr\/blog\/wp-content\/uploads\/2013\/08\/shiketsuko.jpg?resize=350%2C200","width":350,"height":200,"srcset":"https:\/\/i0.wp.com\/vynz100photo.fr\/blog\/wp-content\/uploads\/2013\/08\/shiketsuko.jpg?resize=350%2C200 1x, https:\/\/i0.wp.com\/vynz100photo.fr\/blog\/wp-content\/uploads\/2013\/08\/shiketsuko.jpg?resize=525%2C300 1.5x, https:\/\/i0.wp.com\/vynz100photo.fr\/blog\/wp-content\/uploads\/2013\/08\/shiketsuko.jpg?resize=700%2C400 2x, https:\/\/i0.wp.com\/vynz100photo.fr\/blog\/wp-content\/uploads\/2013\/08\/shiketsuko.jpg?resize=1050%2C600 3x, https:\/\/i0.wp.com\/vynz100photo.fr\/blog\/wp-content\/uploads\/2013\/08\/shiketsuko.jpg?resize=1400%2C800 4x"},"classes":[]}],"_links":{"self":[{"href":"https:\/\/vynz100photo.fr\/blog\/wp-json\/wp\/v2\/pages\/630","targetHints":{"allow":["GET"]}}],"collection":[{"href":"https:\/\/vynz100photo.fr\/blog\/wp-json\/wp\/v2\/pages"}],"about":[{"href":"https:\/\/vynz100photo.fr\/blog\/wp-json\/wp\/v2\/types\/page"}],"author":[{"embeddable":true,"href":"https:\/\/vynz100photo.fr\/blog\/wp-json\/wp\/v2\/users\/1"}],"replies":[{"embeddable":true,"href":"https:\/\/vynz100photo.fr\/blog\/wp-json\/wp\/v2\/comments?post=630"}],"version-history":[{"count":0,"href":"https:\/\/vynz100photo.fr\/blog\/wp-json\/wp\/v2\/pages\/630\/revisions"}],"up":[{"embeddable":true,"href":"https:\/\/vynz100photo.fr\/blog\/wp-json\/wp\/v2\/pages\/624"}],"wp:attachment":[{"href":"https:\/\/vynz100photo.fr\/blog\/wp-json\/wp\/v2\/media?parent=630"}],"curies":[{"name":"wp","href":"https:\/\/api.w.org\/{rel}","templated":true}]}}