{"id":4753,"date":"2019-04-28T19:25:00","date_gmt":"2019-04-29T00:25:00","guid":{"rendered":"http:\/\/vynz100photo.fr\/blog\/?page_id=4753"},"modified":"2019-04-29T22:27:36","modified_gmt":"2019-04-30T03:27:36","slug":"un-depart-mouvemente-15-avril","status":"publish","type":"page","link":"https:\/\/vynz100photo.fr\/blog\/un-depart-mouvemente-15-avril\/","title":{"rendered":"Un d\u00e9part mouvement\u00e9 (15-16 avril)"},"content":{"rendered":"\n<p class=\"has-drop-cap\">La voiture \u00e9tait d\u00e9j\u00e0 r\u00e9serv\u00e9e, la mat\u00e9riel de camping achet\u00e9, bref, on \u00e9tait super pr\u00eats&#8230; ce qui n&rsquo;est pas habituel! On a notre v\u00e9hicule \u00e0 10h du matin, ce qui veut dire que si on roule bien, on est dans la soir\u00e9e pas tr\u00e8s loin des Smoky Moutains, notre premi\u00e8re destination.<\/p>\n\n\n\n<figure class=\"wp-block-image\"><img decoding=\"async\" src=\"https:\/\/i0.wp.com\/vynz100photo.fr\/blog\/wp-content\/uploads\/2019\/04\/trajet1.jpg?fit=800%2C503\" alt=\"\" class=\"wp-image-4770\"\/><\/figure>\n\n\n\n<p>Et au moment d&rsquo;aller chercher la voiture (un gros SUV 7 places) chez Hertz, coup de t\u00e9l\u00e9phone pour me dire qu&rsquo;en fait, la voiture, ils ne l&rsquo;ont pas. Bon. Et alors? Alors rien, ils ne l&rsquo;ont pas, mais je peux aller voir chez une autre succursale \u00e0 15 min de taxi de la maison. Ils en ont peut-\u00eatre&#8230; Chouette! On va appeler quand m\u00eame, bien s\u00fbr c&rsquo;est bon on peut y aller il va me montrer, c&rsquo;est le m\u00eame prix que la r\u00e9servation pas de souci&#8230;<\/p>\n\n\n\n<p>Bilan, ils ont bien des voitures, mais ce n&rsquo;est pas du tout le m\u00eame tarif, ni la m\u00eame taille, mais en centre-ville l&rsquo;agence lui a confirm\u00e9 qu&rsquo;ils avaient ce qu&rsquo;il nous fallait&#8230; Chouette, plus que 40 min de trajet! Bien s\u00fbr, arriv\u00e9s l\u00e0-bas, pas de voiture disponible avant 15h30, et pas s\u00fbr qu&rsquo;ils en aient une pour nous. Je refais deux agences concurrentes, rien non plus \u00e0 moins de 1500$ les 12 jours! On est tr\u00e8s d\u00e9\u00e7us du manque de s\u00e9rieux et de professionnalisme d&rsquo;Hertz, marque historique fond\u00e9e \u00e0 Chicago&#8230;<\/p>\n\n\n\n<p>Notre voyage est donc fortement compromis, il est 14h et on n&rsquo;a toujours rien, le moral est dans les chaussettes. On appelle quand m\u00eame un concurrent, Entreprise, qui est presque au coin de la rue&#8230; et qui aurait ce qu&rsquo;il nous faut: on y fonce! <\/p>\n\n\n\n<p>Bien s\u00fbr, pas de voiture pour nous ici, mais une autre agence de la m\u00eame bo\u00eete, au nord de Chicago, en a pour nous&#8230; ils nous emm\u00e8nent donc avec eux pour 40 minutes vers Evanston, o\u00f9 on va bien trouver un v\u00e9hicule \u00e0 notre (d\u00e9)mesure, un Dodge Grand Caravan&#8230; Il est 16 heures quand on rentre \u00e0 la maison, on a pris quelques heures de retard.<\/p>\n\n\n\n<p>On part donc pour rouler autant que possible, on s&rsquo;arr\u00eatera dans la banlieue d&rsquo;Indianapolis, dans un motel miteux qui sent la cigarette&#8230; mais ce n&rsquo;est pas grave, on a de la quiche et du g\u00e2teau maison!<\/p>\n\n\n\n<figure class=\"wp-block-image\"><img data-recalc-dims=\"1\" loading=\"lazy\" decoding=\"async\" width=\"800\" height=\"534\" data-attachment-id=\"4759\" data-permalink=\"https:\/\/vynz100photo.fr\/blog\/un-depart-mouvemente-15-avril\/20190415-img_9738\/\" data-orig-file=\"https:\/\/i0.wp.com\/vynz100photo.fr\/blog\/wp-content\/uploads\/2019\/04\/20190415-IMG_9738.jpg?fit=1024%2C683&amp;ssl=1\" data-orig-size=\"1024,683\" data-comments-opened=\"1\" data-image-meta=\"{&quot;aperture&quot;:&quot;0&quot;,&quot;credit&quot;:&quot;&quot;,&quot;camera&quot;:&quot;&quot;,&quot;caption&quot;:&quot;&quot;,&quot;created_timestamp&quot;:&quot;0&quot;,&quot;copyright&quot;:&quot;\\u00a9 Vincent Verger&quot;,&quot;focal_length&quot;:&quot;0&quot;,&quot;iso&quot;:&quot;0&quot;,&quot;shutter_speed&quot;:&quot;0&quot;,&quot;title&quot;:&quot;&quot;,&quot;orientation&quot;:&quot;0&quot;}\" data-image-title=\"20190415-IMG_9738\" data-image-description=\"\" data-image-caption=\"\" data-large-file=\"https:\/\/i0.wp.com\/vynz100photo.fr\/blog\/wp-content\/uploads\/2019\/04\/20190415-IMG_9738.jpg?fit=800%2C534&amp;ssl=1\" src=\"https:\/\/i0.wp.com\/vynz100photo.fr\/blog\/wp-content\/uploads\/2019\/04\/20190415-IMG_9738.jpg?resize=800%2C534&#038;ssl=1\" alt=\"\" class=\"wp-image-4759\" srcset=\"https:\/\/i0.wp.com\/vynz100photo.fr\/blog\/wp-content\/uploads\/2019\/04\/20190415-IMG_9738.jpg?w=1024&amp;ssl=1 1024w, https:\/\/i0.wp.com\/vynz100photo.fr\/blog\/wp-content\/uploads\/2019\/04\/20190415-IMG_9738.jpg?resize=300%2C200&amp;ssl=1 300w, https:\/\/i0.wp.com\/vynz100photo.fr\/blog\/wp-content\/uploads\/2019\/04\/20190415-IMG_9738.jpg?resize=768%2C512&amp;ssl=1 768w, https:\/\/i0.wp.com\/vynz100photo.fr\/blog\/wp-content\/uploads\/2019\/04\/20190415-IMG_9738.jpg?resize=250%2C167&amp;ssl=1 250w\" sizes=\"auto, (max-width: 800px) 100vw, 800px\" \/><\/figure>\n\n\n\n<figure class=\"wp-block-image\"><img data-recalc-dims=\"1\" loading=\"lazy\" decoding=\"async\" width=\"683\" height=\"1024\" data-attachment-id=\"4758\" data-permalink=\"https:\/\/vynz100photo.fr\/blog\/un-depart-mouvemente-15-avril\/20190415-img_9740\/\" data-orig-file=\"https:\/\/i0.wp.com\/vynz100photo.fr\/blog\/wp-content\/uploads\/2019\/04\/20190415-IMG_9740.jpg?fit=683%2C1024&amp;ssl=1\" data-orig-size=\"683,1024\" data-comments-opened=\"1\" data-image-meta=\"{&quot;aperture&quot;:&quot;0&quot;,&quot;credit&quot;:&quot;&quot;,&quot;camera&quot;:&quot;&quot;,&quot;caption&quot;:&quot;&quot;,&quot;created_timestamp&quot;:&quot;0&quot;,&quot;copyright&quot;:&quot;\\u00a9 Vincent Verger&quot;,&quot;focal_length&quot;:&quot;0&quot;,&quot;iso&quot;:&quot;0&quot;,&quot;shutter_speed&quot;:&quot;0&quot;,&quot;title&quot;:&quot;&quot;,&quot;orientation&quot;:&quot;0&quot;}\" data-image-title=\"20190415-IMG_9740\" data-image-description=\"\" data-image-caption=\"\" data-large-file=\"https:\/\/i0.wp.com\/vynz100photo.fr\/blog\/wp-content\/uploads\/2019\/04\/20190415-IMG_9740.jpg?fit=683%2C1024&amp;ssl=1\" src=\"https:\/\/i0.wp.com\/vynz100photo.fr\/blog\/wp-content\/uploads\/2019\/04\/20190415-IMG_9740.jpg?resize=683%2C1024&#038;ssl=1\" alt=\"\" class=\"wp-image-4758\" srcset=\"https:\/\/i0.wp.com\/vynz100photo.fr\/blog\/wp-content\/uploads\/2019\/04\/20190415-IMG_9740.jpg?w=683&amp;ssl=1 683w, https:\/\/i0.wp.com\/vynz100photo.fr\/blog\/wp-content\/uploads\/2019\/04\/20190415-IMG_9740.jpg?resize=200%2C300&amp;ssl=1 200w, https:\/\/i0.wp.com\/vynz100photo.fr\/blog\/wp-content\/uploads\/2019\/04\/20190415-IMG_9740.jpg?resize=250%2C375&amp;ssl=1 250w\" sizes=\"auto, (max-width: 683px) 100vw, 683px\" \/><\/figure>\n\n\n\n<p>Apr\u00e8s cette bonne nuit berc\u00e9s par les moteurs de trucks et de motos, on est en pleine forme pour se rendre dans les Smoky Moutains!<\/p>\n\n\n\n<p>Une petite pause dans le Kentucky pour go\u00fbter les sp\u00e9cialit\u00e9s locales (dont le poulet frit, les tomates vertes frites et d&rsquo;autres trucs l\u00e9gers)&#8230;<\/p>\n\n\n\n<figure class=\"wp-block-image\"><img data-recalc-dims=\"1\" loading=\"lazy\" decoding=\"async\" width=\"800\" height=\"534\" data-attachment-id=\"4756\" data-permalink=\"https:\/\/vynz100photo.fr\/blog\/un-depart-mouvemente-15-avril\/20190416-img_9745\/\" data-orig-file=\"https:\/\/i0.wp.com\/vynz100photo.fr\/blog\/wp-content\/uploads\/2019\/04\/20190416-IMG_9745.jpg?fit=1024%2C683&amp;ssl=1\" data-orig-size=\"1024,683\" data-comments-opened=\"1\" data-image-meta=\"{&quot;aperture&quot;:&quot;0&quot;,&quot;credit&quot;:&quot;&quot;,&quot;camera&quot;:&quot;&quot;,&quot;caption&quot;:&quot;&quot;,&quot;created_timestamp&quot;:&quot;0&quot;,&quot;copyright&quot;:&quot;\\u00a9 Vincent Verger&quot;,&quot;focal_length&quot;:&quot;0&quot;,&quot;iso&quot;:&quot;0&quot;,&quot;shutter_speed&quot;:&quot;0&quot;,&quot;title&quot;:&quot;&quot;,&quot;orientation&quot;:&quot;0&quot;}\" data-image-title=\"20190416-IMG_9745\" data-image-description=\"\" data-image-caption=\"\" data-large-file=\"https:\/\/i0.wp.com\/vynz100photo.fr\/blog\/wp-content\/uploads\/2019\/04\/20190416-IMG_9745.jpg?fit=800%2C534&amp;ssl=1\" src=\"https:\/\/i0.wp.com\/vynz100photo.fr\/blog\/wp-content\/uploads\/2019\/04\/20190416-IMG_9745.jpg?resize=800%2C534&#038;ssl=1\" alt=\"\" class=\"wp-image-4756\" srcset=\"https:\/\/i0.wp.com\/vynz100photo.fr\/blog\/wp-content\/uploads\/2019\/04\/20190416-IMG_9745.jpg?w=1024&amp;ssl=1 1024w, https:\/\/i0.wp.com\/vynz100photo.fr\/blog\/wp-content\/uploads\/2019\/04\/20190416-IMG_9745.jpg?resize=300%2C200&amp;ssl=1 300w, https:\/\/i0.wp.com\/vynz100photo.fr\/blog\/wp-content\/uploads\/2019\/04\/20190416-IMG_9745.jpg?resize=768%2C512&amp;ssl=1 768w, https:\/\/i0.wp.com\/vynz100photo.fr\/blog\/wp-content\/uploads\/2019\/04\/20190416-IMG_9745.jpg?resize=250%2C167&amp;ssl=1 250w\" sizes=\"auto, (max-width: 800px) 100vw, 800px\" \/><\/figure>\n\n\n\n<figure class=\"wp-block-image\"><img data-recalc-dims=\"1\" loading=\"lazy\" decoding=\"async\" width=\"800\" height=\"534\" data-attachment-id=\"4755\" data-permalink=\"https:\/\/vynz100photo.fr\/blog\/un-depart-mouvemente-15-avril\/20190416-img_9744\/\" data-orig-file=\"https:\/\/i0.wp.com\/vynz100photo.fr\/blog\/wp-content\/uploads\/2019\/04\/20190416-IMG_9744.jpg?fit=1024%2C683&amp;ssl=1\" data-orig-size=\"1024,683\" data-comments-opened=\"1\" data-image-meta=\"{&quot;aperture&quot;:&quot;0&quot;,&quot;credit&quot;:&quot;&quot;,&quot;camera&quot;:&quot;&quot;,&quot;caption&quot;:&quot;&quot;,&quot;created_timestamp&quot;:&quot;0&quot;,&quot;copyright&quot;:&quot;\\u00a9 Vincent Verger&quot;,&quot;focal_length&quot;:&quot;0&quot;,&quot;iso&quot;:&quot;0&quot;,&quot;shutter_speed&quot;:&quot;0&quot;,&quot;title&quot;:&quot;&quot;,&quot;orientation&quot;:&quot;0&quot;}\" data-image-title=\"20190416-IMG_9744\" data-image-description=\"\" data-image-caption=\"\" data-large-file=\"https:\/\/i0.wp.com\/vynz100photo.fr\/blog\/wp-content\/uploads\/2019\/04\/20190416-IMG_9744.jpg?fit=800%2C534&amp;ssl=1\" src=\"https:\/\/i0.wp.com\/vynz100photo.fr\/blog\/wp-content\/uploads\/2019\/04\/20190416-IMG_9744.jpg?resize=800%2C534&#038;ssl=1\" alt=\"\" class=\"wp-image-4755\" srcset=\"https:\/\/i0.wp.com\/vynz100photo.fr\/blog\/wp-content\/uploads\/2019\/04\/20190416-IMG_9744.jpg?w=1024&amp;ssl=1 1024w, https:\/\/i0.wp.com\/vynz100photo.fr\/blog\/wp-content\/uploads\/2019\/04\/20190416-IMG_9744.jpg?resize=300%2C200&amp;ssl=1 300w, https:\/\/i0.wp.com\/vynz100photo.fr\/blog\/wp-content\/uploads\/2019\/04\/20190416-IMG_9744.jpg?resize=768%2C512&amp;ssl=1 768w, https:\/\/i0.wp.com\/vynz100photo.fr\/blog\/wp-content\/uploads\/2019\/04\/20190416-IMG_9744.jpg?resize=250%2C167&amp;ssl=1 250w\" sizes=\"auto, (max-width: 800px) 100vw, 800px\" \/><\/figure>\n\n\n\n<figure class=\"wp-block-image\"><img data-recalc-dims=\"1\" loading=\"lazy\" decoding=\"async\" width=\"800\" height=\"681\" data-attachment-id=\"4762\" data-permalink=\"https:\/\/vynz100photo.fr\/blog\/un-depart-mouvemente-15-avril\/20190416-img_9743\/\" data-orig-file=\"https:\/\/i0.wp.com\/vynz100photo.fr\/blog\/wp-content\/uploads\/2019\/04\/20190416-IMG_9743.jpg?fit=1024%2C872&amp;ssl=1\" data-orig-size=\"1024,872\" data-comments-opened=\"1\" data-image-meta=\"{&quot;aperture&quot;:&quot;0&quot;,&quot;credit&quot;:&quot;&quot;,&quot;camera&quot;:&quot;&quot;,&quot;caption&quot;:&quot;&quot;,&quot;created_timestamp&quot;:&quot;0&quot;,&quot;copyright&quot;:&quot;\\u00a9 Vincent Verger&quot;,&quot;focal_length&quot;:&quot;0&quot;,&quot;iso&quot;:&quot;0&quot;,&quot;shutter_speed&quot;:&quot;0&quot;,&quot;title&quot;:&quot;&quot;,&quot;orientation&quot;:&quot;0&quot;}\" data-image-title=\"20190416-IMG_9743\" data-image-description=\"\" data-image-caption=\"\" data-large-file=\"https:\/\/i0.wp.com\/vynz100photo.fr\/blog\/wp-content\/uploads\/2019\/04\/20190416-IMG_9743.jpg?fit=800%2C681&amp;ssl=1\" src=\"https:\/\/i0.wp.com\/vynz100photo.fr\/blog\/wp-content\/uploads\/2019\/04\/20190416-IMG_9743.jpg?resize=800%2C681&#038;ssl=1\" alt=\"\" class=\"wp-image-4762\" srcset=\"https:\/\/i0.wp.com\/vynz100photo.fr\/blog\/wp-content\/uploads\/2019\/04\/20190416-IMG_9743.jpg?w=1024&amp;ssl=1 1024w, https:\/\/i0.wp.com\/vynz100photo.fr\/blog\/wp-content\/uploads\/2019\/04\/20190416-IMG_9743.jpg?resize=300%2C255&amp;ssl=1 300w, https:\/\/i0.wp.com\/vynz100photo.fr\/blog\/wp-content\/uploads\/2019\/04\/20190416-IMG_9743.jpg?resize=768%2C654&amp;ssl=1 768w, https:\/\/i0.wp.com\/vynz100photo.fr\/blog\/wp-content\/uploads\/2019\/04\/20190416-IMG_9743.jpg?resize=250%2C213&amp;ssl=1 250w\" sizes=\"auto, (max-width: 800px) 100vw, 800px\" \/><\/figure>\n\n\n\n<p>On est pr\u00eats \u00e0 repartir, bien nourris et en pleine forme! En route vers les Smoky Mountains!<\/p>\n","protected":false},"excerpt":{"rendered":"<p>La voiture \u00e9tait d\u00e9j\u00e0 r\u00e9serv\u00e9e, la mat\u00e9riel de camping achet\u00e9, bref, on \u00e9tait super pr\u00eats&#8230; ce qui n&rsquo;est pas habituel! On a notre v\u00e9hicule \u00e0 10h du matin, ce qui veut dire que si on roule bien, on est dans la soir\u00e9e pas tr\u00e8s loin des Smoky Moutains, notre premi\u00e8re destination. Et au moment d&rsquo;aller [&hellip;]<\/p>\n","protected":false},"author":1,"featured_media":4759,"parent":0,"menu_order":0,"comment_status":"closed","ping_status":"closed","template":"full-width-page.php","meta":{"_mo_disable_npp":"","footnotes":""},"class_list":["post-4753","page","type-page","status-publish","has-post-thumbnail","hentry"],"jetpack_sharing_enabled":true,"jetpack_shortlink":"https:\/\/wp.me\/P3QNY7-1eF","jetpack_likes_enabled":true,"jetpack-related-posts":[{"id":678,"url":"https:\/\/vynz100photo.fr\/blog\/voyages\/japon-hokkaido\/sapporo-premiers-pas-sur-le-sol-nippon-8-10-juillet\/","url_meta":{"origin":4753,"position":0},"title":"Sapporo, premiers pas sur le sol nippon (8-10 juillet)","author":"Vincent","date":"5 ao\u00fbt 2013","format":false,"excerpt":"Partis de Shanghai en milieu de journ\u00e9e, apr\u00e8s une escale s\u00e9oulite, on arrive le lundi soir \u00e0 l'a\u00e9roport de Chitose (\u65b0\u5343\u6b73\u7a7a\u6e2f), un des plus importants de l'archipel tant par sa superficie que par son trafic... L\u00e0, il faut prendre un train, puis deux m\u00e9tros, pour arriver \u00e0 quelques centaines de\u2026","rel":"","context":"Article similaire","block_context":{"text":"Article similaire","link":""},"img":{"alt_text":"En route vers de nouvelles aventures!","src":"https:\/\/i0.wp.com\/vynz100photo.fr\/blog\/wp-content\/uploads\/2013\/08\/20130708-IMG_1785.jpg?resize=350%2C200","width":350,"height":200,"srcset":"https:\/\/i0.wp.com\/vynz100photo.fr\/blog\/wp-content\/uploads\/2013\/08\/20130708-IMG_1785.jpg?resize=350%2C200 1x, https:\/\/i0.wp.com\/vynz100photo.fr\/blog\/wp-content\/uploads\/2013\/08\/20130708-IMG_1785.jpg?resize=525%2C300 1.5x, https:\/\/i0.wp.com\/vynz100photo.fr\/blog\/wp-content\/uploads\/2013\/08\/20130708-IMG_1785.jpg?resize=700%2C400 2x"},"classes":[]},{"id":4319,"url":"https:\/\/vynz100photo.fr\/blog\/voyages\/voyage-en-terre-australe-lafrique-du-sud\/7-10-avril-dans-les-collines-de-citrusdal-cederberg\/","url_meta":{"origin":4753,"position":1},"title":"7-10 avril: dans les collines de Citrusdal (Cederberg)","author":"Vincent","date":"28 mai 2017","format":false,"excerpt":"Vendredi 7 avril 2017 - l'arriv\u00e9e Apr\u00e8s 9h30 de vol (Qatar Airways, le plus court), on arrive enfin \u00e0 l'a\u00e9roport de Capetown (ou Le Cap). Le temps de passer les formalit\u00e9s administratives, de prendre la voiture de location (qui est plus petite que pr\u00e9vue et donc tr\u00e8s bien remplie), et\u2026","rel":"","context":"Article similaire","block_context":{"text":"Article similaire","link":""},"img":{"alt_text":"","src":"https:\/\/i0.wp.com\/vynz100photo.fr\/blog\/wp-content\/uploads\/2017\/05\/20170407-IMG_2864.jpg?resize=350%2C200","width":350,"height":200,"srcset":"https:\/\/i0.wp.com\/vynz100photo.fr\/blog\/wp-content\/uploads\/2017\/05\/20170407-IMG_2864.jpg?resize=350%2C200 1x, https:\/\/i0.wp.com\/vynz100photo.fr\/blog\/wp-content\/uploads\/2017\/05\/20170407-IMG_2864.jpg?resize=525%2C300 1.5x, https:\/\/i0.wp.com\/vynz100photo.fr\/blog\/wp-content\/uploads\/2017\/05\/20170407-IMG_2864.jpg?resize=700%2C400 2x"},"classes":[]},{"id":707,"url":"https:\/\/vynz100photo.fr\/blog\/voyages\/japon-hokkaido\/lac-toya\/","url_meta":{"origin":4753,"position":2},"title":"Sur les rives du lac Toya","author":"Vincent","date":"12 ao\u00fbt 2013","format":false,"excerpt":"12 juillet: Nous quittons donc dans la nuit les alentours du lac Shikotsu... les petites routes sinueuses et quasiment d\u00e9sertes de cette partie de la r\u00e9serve naturelle nous obligent \u00e0 garder l'oeil ouvert... pas question d'une rencontre impromptue avec un sanglier, un daim ou un ours! Heureusement, apr\u00e8s un repas\u2026","rel":"","context":"Article similaire","block_context":{"text":"Article similaire","link":""},"img":{"alt_text":"toya","src":"https:\/\/i0.wp.com\/vynz100photo.fr\/blog\/wp-content\/uploads\/2013\/08\/toya-1024x770.jpg?resize=350%2C200","width":350,"height":200,"srcset":"https:\/\/i0.wp.com\/vynz100photo.fr\/blog\/wp-content\/uploads\/2013\/08\/toya-1024x770.jpg?resize=350%2C200 1x, https:\/\/i0.wp.com\/vynz100photo.fr\/blog\/wp-content\/uploads\/2013\/08\/toya-1024x770.jpg?resize=525%2C300 1.5x, https:\/\/i0.wp.com\/vynz100photo.fr\/blog\/wp-content\/uploads\/2013\/08\/toya-1024x770.jpg?resize=700%2C400 2x"},"classes":[]},{"id":941,"url":"https:\/\/vynz100photo.fr\/blog\/voyages\/japon-hokkaido\/pause-a-ashibetsu-15-juillet\/","url_meta":{"origin":4753,"position":3},"title":"Pause \u00e0 Ashibetsu (15 juillet)","author":"Vincent","date":"15 ao\u00fbt 2013","format":false,"excerpt":"Ouf, le camping est parfait: grand, ombrag\u00e9, avec douches et machine \u00e0 laver, des prises \u00e9lectriques pour recharger les batteries des appareils photos, et le meilleur: il est vide d\u00e8s que le week-end se termine... Ce soir-l\u00e0, les filles se font plein de copains: les enfants ont des filets \u00e0\u2026","rel":"","context":"Article similaire","block_context":{"text":"Article similaire","link":""},"img":{"alt_text":"ashibetsu","src":"https:\/\/i0.wp.com\/vynz100photo.fr\/blog\/wp-content\/uploads\/2013\/08\/ashibetsu-1024x770.jpg?resize=350%2C200","width":350,"height":200,"srcset":"https:\/\/i0.wp.com\/vynz100photo.fr\/blog\/wp-content\/uploads\/2013\/08\/ashibetsu-1024x770.jpg?resize=350%2C200 1x, https:\/\/i0.wp.com\/vynz100photo.fr\/blog\/wp-content\/uploads\/2013\/08\/ashibetsu-1024x770.jpg?resize=525%2C300 1.5x, https:\/\/i0.wp.com\/vynz100photo.fr\/blog\/wp-content\/uploads\/2013\/08\/ashibetsu-1024x770.jpg?resize=700%2C400 2x"},"classes":[]},{"id":1169,"url":"https:\/\/vynz100photo.fr\/blog\/voyages\/japon-hokkaido\/la-region-du-lac-akan-18-20-juillet\/","url_meta":{"origin":4753,"position":4},"title":"La r\u00e9gion du lac Akan (18-20 juillet)","author":"Vincent","date":"31 ao\u00fbt 2013","format":false,"excerpt":"\u00a0 17 juillet (suite): C'est \u00e0 regret que nous quittons le Daisetsuzan\u00a0que nous n'avons pas assez visit\u00e9... il faut continuer \u00e0 avancer, avec les filles on ne peut pas non plus faire toutes les ascensions de volcans et passer des heures \u00e0 marcher! La route est encore longue depuis le\u2026","rel":"","context":"Article similaire","block_context":{"text":"Article similaire","link":""},"img":{"alt_text":"akan dake","src":"https:\/\/i0.wp.com\/vynz100photo.fr\/blog\/wp-content\/uploads\/2013\/08\/akan-dake-1024x770.jpg?resize=350%2C200","width":350,"height":200,"srcset":"https:\/\/i0.wp.com\/vynz100photo.fr\/blog\/wp-content\/uploads\/2013\/08\/akan-dake-1024x770.jpg?resize=350%2C200 1x, https:\/\/i0.wp.com\/vynz100photo.fr\/blog\/wp-content\/uploads\/2013\/08\/akan-dake-1024x770.jpg?resize=525%2C300 1.5x, https:\/\/i0.wp.com\/vynz100photo.fr\/blog\/wp-content\/uploads\/2013\/08\/akan-dake-1024x770.jpg?resize=700%2C400 2x"},"classes":[]},{"id":1075,"url":"https:\/\/vynz100photo.fr\/blog\/voyages\/japon-hokkaido\/les-monts-daisetzusan\/","url_meta":{"origin":4753,"position":5},"title":"Les Monts Daisetzusan","author":"Vincent","date":"24 ao\u00fbt 2013","format":false,"excerpt":"\u00a0 16 juillet: Un petit voyage nous m\u00e8ne de notre camping d'Ashibetsu au parc national du Daisetzusan, plus pr\u00e9cis\u00e9ment \u00e0 la ville thermale de Sonkyo. Premi\u00e8re \u00e9tape, trouver un camping pour \u00e9viter de monter la tente dans la nuit; on en trouve un gratuit, au pied d'une montagne, isol\u00e9, sombre\u2026","rel":"","context":"Article similaire","block_context":{"text":"Article similaire","link":""},"img":{"alt_text":"Daisetzusan","src":"https:\/\/i0.wp.com\/vynz100photo.fr\/blog\/wp-content\/uploads\/2013\/08\/Daisetzusan-1024x770.jpg?resize=350%2C200","width":350,"height":200,"srcset":"https:\/\/i0.wp.com\/vynz100photo.fr\/blog\/wp-content\/uploads\/2013\/08\/Daisetzusan-1024x770.jpg?resize=350%2C200 1x, https:\/\/i0.wp.com\/vynz100photo.fr\/blog\/wp-content\/uploads\/2013\/08\/Daisetzusan-1024x770.jpg?resize=525%2C300 1.5x, https:\/\/i0.wp.com\/vynz100photo.fr\/blog\/wp-content\/uploads\/2013\/08\/Daisetzusan-1024x770.jpg?resize=700%2C400 2x"},"classes":[]}],"_links":{"self":[{"href":"https:\/\/vynz100photo.fr\/blog\/wp-json\/wp\/v2\/pages\/4753","targetHints":{"allow":["GET"]}}],"collection":[{"href":"https:\/\/vynz100photo.fr\/blog\/wp-json\/wp\/v2\/pages"}],"about":[{"href":"https:\/\/vynz100photo.fr\/blog\/wp-json\/wp\/v2\/types\/page"}],"author":[{"embeddable":true,"href":"https:\/\/vynz100photo.fr\/blog\/wp-json\/wp\/v2\/users\/1"}],"replies":[{"embeddable":true,"href":"https:\/\/vynz100photo.fr\/blog\/wp-json\/wp\/v2\/comments?post=4753"}],"version-history":[{"count":0,"href":"https:\/\/vynz100photo.fr\/blog\/wp-json\/wp\/v2\/pages\/4753\/revisions"}],"wp:featuredmedia":[{"embeddable":true,"href":"https:\/\/vynz100photo.fr\/blog\/wp-json\/wp\/v2\/media\/4759"}],"wp:attachment":[{"href":"https:\/\/vynz100photo.fr\/blog\/wp-json\/wp\/v2\/media?parent=4753"}],"curies":[{"name":"wp","href":"https:\/\/api.w.org\/{rel}","templated":true}]}}