{"id":4748,"date":"2019-04-28T18:51:15","date_gmt":"2019-04-28T23:51:15","guid":{"rendered":"http:\/\/vynz100photo.fr\/blog\/?page_id=4748"},"modified":"2019-04-29T22:31:24","modified_gmt":"2019-04-30T03:31:24","slug":"15-25-avril-2019-en-route-vers-deep-south","status":"publish","type":"page","link":"https:\/\/vynz100photo.fr\/blog\/15-25-avril-2019-en-route-vers-deep-south\/","title":{"rendered":"15-25 avril 2019 &#8211; En route vers le Deep South!"},"content":{"rendered":"\n<p>Un voyage en voiture qui nous fera traverser plusieurs Etats, de l&rsquo;Illinois \u00e0 la G\u00e9orgie, en passant par l&rsquo;Indiana, le Kentucky, le Tennessee, la Caroline du Nord et la Caroline du Sud!<\/p>\n\n\n\n<p>Au programme, <a href=\"https:\/\/vynz100photo.fr\/blog\/un-depart-mouvemente-15-avril\/\">un long trajet un peu contrari\u00e9<\/a> pour une premi\u00e8re pause nature dans les Smoky Mountains, \u00e0 cheval sur le Tennessee et la Caroline du Nord, puis une pause amicale en Caroline du Nord \u00e0 Greenville. L\u00e0, d\u00e9part vers la verte Savannah, la belle Hunting Island puis Charleston au charme intact&#8230; le (long) retour depuis le sud sera le dernier et copieux morceau!<\/p>\n","protected":false},"excerpt":{"rendered":"<p>Un voyage en voiture qui nous fera traverser plusieurs Etats, de l&rsquo;Illinois \u00e0 la G\u00e9orgie, en passant par l&rsquo;Indiana, le Kentucky, le Tennessee, la Caroline du Nord et la Caroline du Sud! Au programme, un long trajet un peu contrari\u00e9 pour une premi\u00e8re pause nature dans les Smoky Mountains, \u00e0 cheval sur le Tennessee et [&hellip;]<\/p>\n","protected":false},"author":1,"featured_media":0,"parent":0,"menu_order":0,"comment_status":"closed","ping_status":"closed","template":"","meta":{"_mo_disable_npp":"","jetpack_post_was_ever_published":false,"footnotes":""},"class_list":["post-4748","page","type-page","status-publish","hentry"],"jetpack_sharing_enabled":true,"jetpack_shortlink":"https:\/\/wp.me\/P3QNY7-1eA","jetpack_likes_enabled":true,"jetpack-related-posts":[{"id":630,"url":"https:\/\/vynz100photo.fr\/blog\/voyages\/japon-hokkaido\/","url_meta":{"origin":4748,"position":0},"title":"Japon &#8211; Hokkaido","author":"Vincent","date":"3 ao\u00fbt 2013","format":false,"excerpt":"Ce mois de juillet 2013 a \u00e9t\u00e9 presque int\u00e9gralement consacr\u00e9 \u00e0 un petit voyage familial, sur l'\u00eele d'Hokkaido au nord du Japon. Ici, pas de mousson tropicale, pas de pics de pollution, pas de scandales alimentaires... air pur, volcans en activit\u00e9, randonn\u00e9es seront au menu de ces 22 jours! Pourquoi\u2026","rel":"","context":"Article similaire","block_context":{"text":"Article similaire","link":""},"img":{"alt_text":"carte hokkaido5","src":"https:\/\/i0.wp.com\/vynz100photo.fr\/blog\/wp-content\/uploads\/2013\/08\/carte-hokkaido5.jpg?resize=350%2C200","width":350,"height":200,"srcset":"https:\/\/i0.wp.com\/vynz100photo.fr\/blog\/wp-content\/uploads\/2013\/08\/carte-hokkaido5.jpg?resize=350%2C200 1x, https:\/\/i0.wp.com\/vynz100photo.fr\/blog\/wp-content\/uploads\/2013\/08\/carte-hokkaido5.jpg?resize=525%2C300 1.5x, https:\/\/i0.wp.com\/vynz100photo.fr\/blog\/wp-content\/uploads\/2013\/08\/carte-hokkaido5.jpg?resize=700%2C400 2x, https:\/\/i0.wp.com\/vynz100photo.fr\/blog\/wp-content\/uploads\/2013\/08\/carte-hokkaido5.jpg?resize=1050%2C600 3x, https:\/\/i0.wp.com\/vynz100photo.fr\/blog\/wp-content\/uploads\/2013\/08\/carte-hokkaido5.jpg?resize=1400%2C800 4x"},"classes":[]},{"id":4753,"url":"https:\/\/vynz100photo.fr\/blog\/un-depart-mouvemente-15-avril\/","url_meta":{"origin":4748,"position":1},"title":"Un d\u00e9part mouvement\u00e9 (15-16 avril)","author":"Vincent","date":"28 avril 2019","format":false,"excerpt":"La voiture \u00e9tait d\u00e9j\u00e0 r\u00e9serv\u00e9e, la mat\u00e9riel de camping achet\u00e9, bref, on \u00e9tait super pr\u00eats... ce qui n'est pas habituel! On a notre v\u00e9hicule \u00e0 10h du matin, ce qui veut dire que si on roule bien, on est dans la soir\u00e9e pas tr\u00e8s loin des Smoky Moutains, notre premi\u00e8re\u2026","rel":"","context":"Article similaire","block_context":{"text":"Article similaire","link":""},"img":{"alt_text":"","src":"https:\/\/i0.wp.com\/vynz100photo.fr\/blog\/wp-content\/uploads\/2019\/04\/20190415-IMG_9738.jpg?fit=1024%2C683&ssl=1&resize=350%2C200","width":350,"height":200,"srcset":"https:\/\/i0.wp.com\/vynz100photo.fr\/blog\/wp-content\/uploads\/2019\/04\/20190415-IMG_9738.jpg?fit=1024%2C683&ssl=1&resize=350%2C200 1x, https:\/\/i0.wp.com\/vynz100photo.fr\/blog\/wp-content\/uploads\/2019\/04\/20190415-IMG_9738.jpg?fit=1024%2C683&ssl=1&resize=525%2C300 1.5x, https:\/\/i0.wp.com\/vynz100photo.fr\/blog\/wp-content\/uploads\/2019\/04\/20190415-IMG_9738.jpg?fit=1024%2C683&ssl=1&resize=700%2C400 2x"},"classes":[]},{"id":4319,"url":"https:\/\/vynz100photo.fr\/blog\/voyages\/voyage-en-terre-australe-lafrique-du-sud\/7-10-avril-dans-les-collines-de-citrusdal-cederberg\/","url_meta":{"origin":4748,"position":2},"title":"7-10 avril: dans les collines de Citrusdal (Cederberg)","author":"Vincent","date":"28 mai 2017","format":false,"excerpt":"Vendredi 7 avril 2017 - l'arriv\u00e9e Apr\u00e8s 9h30 de vol (Qatar Airways, le plus court), on arrive enfin \u00e0 l'a\u00e9roport de Capetown (ou Le Cap). Le temps de passer les formalit\u00e9s administratives, de prendre la voiture de location (qui est plus petite que pr\u00e9vue et donc tr\u00e8s bien remplie), et\u2026","rel":"","context":"Article similaire","block_context":{"text":"Article similaire","link":""},"img":{"alt_text":"","src":"https:\/\/i0.wp.com\/vynz100photo.fr\/blog\/wp-content\/uploads\/2017\/05\/20170407-IMG_2864.jpg?resize=350%2C200","width":350,"height":200,"srcset":"https:\/\/i0.wp.com\/vynz100photo.fr\/blog\/wp-content\/uploads\/2017\/05\/20170407-IMG_2864.jpg?resize=350%2C200 1x, https:\/\/i0.wp.com\/vynz100photo.fr\/blog\/wp-content\/uploads\/2017\/05\/20170407-IMG_2864.jpg?resize=525%2C300 1.5x, https:\/\/i0.wp.com\/vynz100photo.fr\/blog\/wp-content\/uploads\/2017\/05\/20170407-IMG_2864.jpg?resize=700%2C400 2x"},"classes":[]},{"id":941,"url":"https:\/\/vynz100photo.fr\/blog\/voyages\/japon-hokkaido\/pause-a-ashibetsu-15-juillet\/","url_meta":{"origin":4748,"position":3},"title":"Pause \u00e0 Ashibetsu (15 juillet)","author":"Vincent","date":"15 ao\u00fbt 2013","format":false,"excerpt":"Ouf, le camping est parfait: grand, ombrag\u00e9, avec douches et machine \u00e0 laver, des prises \u00e9lectriques pour recharger les batteries des appareils photos, et le meilleur: il est vide d\u00e8s que le week-end se termine... Ce soir-l\u00e0, les filles se font plein de copains: les enfants ont des filets \u00e0\u2026","rel":"","context":"Article similaire","block_context":{"text":"Article similaire","link":""},"img":{"alt_text":"ashibetsu","src":"https:\/\/i0.wp.com\/vynz100photo.fr\/blog\/wp-content\/uploads\/2013\/08\/ashibetsu-1024x770.jpg?resize=350%2C200","width":350,"height":200,"srcset":"https:\/\/i0.wp.com\/vynz100photo.fr\/blog\/wp-content\/uploads\/2013\/08\/ashibetsu-1024x770.jpg?resize=350%2C200 1x, https:\/\/i0.wp.com\/vynz100photo.fr\/blog\/wp-content\/uploads\/2013\/08\/ashibetsu-1024x770.jpg?resize=525%2C300 1.5x, https:\/\/i0.wp.com\/vynz100photo.fr\/blog\/wp-content\/uploads\/2013\/08\/ashibetsu-1024x770.jpg?resize=700%2C400 2x"},"classes":[]},{"id":4310,"url":"https:\/\/vynz100photo.fr\/blog\/voyages\/voyage-en-terre-australe-lafrique-du-sud\/","url_meta":{"origin":4748,"position":4},"title":"Voyage en terre australe: l&rsquo;Afrique du Sud","author":"Vincent","date":"28 mai 2017","format":false,"excerpt":"7 au 21 avril 2017 - Province du Cap Occidental \u00a0 Nous avons choisi une destination lointaine et verdoyante pour ces vacances d'avril... L'Afrique du Sud \u00e9tant un pays particuli\u00e8rement gigantesque, nous nous sommes cantonn\u00e9s pour ces 15 jours \u00e0 la Province du Cap Occidental, qui conjugue \u00e0 la fois\u2026","rel":"","context":"Article similaire","block_context":{"text":"Article similaire","link":""},"img":{"alt_text":"","src":"https:\/\/i0.wp.com\/vynz100photo.fr\/blog\/wp-content\/uploads\/2017\/05\/20170412-IMG_3481.jpg?fit=1024%2C683&ssl=1&resize=350%2C200","width":350,"height":200,"srcset":"https:\/\/i0.wp.com\/vynz100photo.fr\/blog\/wp-content\/uploads\/2017\/05\/20170412-IMG_3481.jpg?fit=1024%2C683&ssl=1&resize=350%2C200 1x, https:\/\/i0.wp.com\/vynz100photo.fr\/blog\/wp-content\/uploads\/2017\/05\/20170412-IMG_3481.jpg?fit=1024%2C683&ssl=1&resize=525%2C300 1.5x, https:\/\/i0.wp.com\/vynz100photo.fr\/blog\/wp-content\/uploads\/2017\/05\/20170412-IMG_3481.jpg?fit=1024%2C683&ssl=1&resize=700%2C400 2x"},"classes":[]},{"id":678,"url":"https:\/\/vynz100photo.fr\/blog\/voyages\/japon-hokkaido\/sapporo-premiers-pas-sur-le-sol-nippon-8-10-juillet\/","url_meta":{"origin":4748,"position":5},"title":"Sapporo, premiers pas sur le sol nippon (8-10 juillet)","author":"Vincent","date":"5 ao\u00fbt 2013","format":false,"excerpt":"Partis de Shanghai en milieu de journ\u00e9e, apr\u00e8s une escale s\u00e9oulite, on arrive le lundi soir \u00e0 l'a\u00e9roport de Chitose (\u65b0\u5343\u6b73\u7a7a\u6e2f), un des plus importants de l'archipel tant par sa superficie que par son trafic... L\u00e0, il faut prendre un train, puis deux m\u00e9tros, pour arriver \u00e0 quelques centaines de\u2026","rel":"","context":"Article similaire","block_context":{"text":"Article similaire","link":""},"img":{"alt_text":"En route vers de nouvelles aventures!","src":"https:\/\/i0.wp.com\/vynz100photo.fr\/blog\/wp-content\/uploads\/2013\/08\/20130708-IMG_1785.jpg?resize=350%2C200","width":350,"height":200,"srcset":"https:\/\/i0.wp.com\/vynz100photo.fr\/blog\/wp-content\/uploads\/2013\/08\/20130708-IMG_1785.jpg?resize=350%2C200 1x, https:\/\/i0.wp.com\/vynz100photo.fr\/blog\/wp-content\/uploads\/2013\/08\/20130708-IMG_1785.jpg?resize=525%2C300 1.5x, https:\/\/i0.wp.com\/vynz100photo.fr\/blog\/wp-content\/uploads\/2013\/08\/20130708-IMG_1785.jpg?resize=700%2C400 2x"},"classes":[]}],"_links":{"self":[{"href":"https:\/\/vynz100photo.fr\/blog\/wp-json\/wp\/v2\/pages\/4748","targetHints":{"allow":["GET"]}}],"collection":[{"href":"https:\/\/vynz100photo.fr\/blog\/wp-json\/wp\/v2\/pages"}],"about":[{"href":"https:\/\/vynz100photo.fr\/blog\/wp-json\/wp\/v2\/types\/page"}],"author":[{"embeddable":true,"href":"https:\/\/vynz100photo.fr\/blog\/wp-json\/wp\/v2\/users\/1"}],"replies":[{"embeddable":true,"href":"https:\/\/vynz100photo.fr\/blog\/wp-json\/wp\/v2\/comments?post=4748"}],"version-history":[{"count":0,"href":"https:\/\/vynz100photo.fr\/blog\/wp-json\/wp\/v2\/pages\/4748\/revisions"}],"wp:attachment":[{"href":"https:\/\/vynz100photo.fr\/blog\/wp-json\/wp\/v2\/media?parent=4748"}],"curies":[{"name":"wp","href":"https:\/\/api.w.org\/{rel}","templated":true}]}}