{"id":4744,"date":"2019-04-28T18:37:02","date_gmt":"2019-04-28T23:37:02","guid":{"rendered":"http:\/\/vynz100photo.fr\/blog\/?page_id=4744"},"modified":"2019-04-28T18:55:30","modified_gmt":"2019-04-28T23:55:30","slug":"aux-etats-unis","status":"publish","type":"page","link":"https:\/\/vynz100photo.fr\/blog\/voyages\/aux-etats-unis\/","title":{"rendered":"Aux Etats Unis&#8230;"},"content":{"rendered":"\n<figure class=\"wp-block-image\"><img data-recalc-dims=\"1\" decoding=\"async\" src=\"https:\/\/i0.wp.com\/www.studyrama.com\/IMG\/arton72141.png?w=800&#038;ssl=1\" alt=\"\"\/><\/figure>\n\n\n\n<p>Quelques voyages que nous pouvons faire dans cet immense pays, o\u00f9 nous vivons depuis ao\u00fbt 2018&#8230;<\/p>\n\n\n\n<p>Une visite en plein hiver dans le Wisconsin, un <a href=\"https:\/\/vynz100photo.fr\/blog\/15-25-avril-2019-en-route-vers-le-sud\/\">voyage aux allures de road-trip dans le sud vers Savannah et Charleston<\/a>&#8230;<\/p>\n","protected":false},"excerpt":{"rendered":"<p>Quelques voyages que nous pouvons faire dans cet immense pays, o\u00f9 nous vivons depuis ao\u00fbt 2018&#8230; Une visite en plein hiver dans le Wisconsin, un voyage aux allures de road-trip dans le sud vers Savannah et Charleston&#8230;<\/p>\n","protected":false},"author":1,"featured_media":0,"parent":624,"menu_order":0,"comment_status":"closed","ping_status":"closed","template":"","meta":{"_mo_disable_npp":"","jetpack_post_was_ever_published":false,"footnotes":""},"class_list":["post-4744","page","type-page","status-publish","hentry"],"jetpack_sharing_enabled":true,"jetpack_shortlink":"https:\/\/wp.me\/P3QNY7-1ew","jetpack_likes_enabled":true,"jetpack-related-posts":[{"id":1804,"url":"https:\/\/vynz100photo.fr\/blog\/voyages\/au-pays-du-matin-calme-voyage-en-coree-du-sud-avril-mai-2013\/","url_meta":{"origin":4744,"position":0},"title":"Au pays du matin calme, voyage en Cor\u00e9e du Sud (avril-mai 2013)","author":"Vincent","date":"21 novembre 2013","format":false,"excerpt":"A venir... \u00a0 Nous sommes partis visiter un pays peu connu mais attachant, la Cor\u00e9e du Sud. Au menu, S\u00e9oul bien s\u00fbr, mais aussi Busan, la c\u00f4te sud et les temples du centre du pays...","rel":"","context":"Article similaire","block_context":{"text":"Article similaire","link":""},"img":{"alt_text":"","src":"https:\/\/i0.wp.com\/vynz100photo.fr\/blog\/wp-content\/uploads\/2013\/11\/20130424-IMG_8621.jpg?fit=1024%2C683&ssl=1&resize=350%2C200","width":350,"height":200,"srcset":"https:\/\/i0.wp.com\/vynz100photo.fr\/blog\/wp-content\/uploads\/2013\/11\/20130424-IMG_8621.jpg?fit=1024%2C683&ssl=1&resize=350%2C200 1x, https:\/\/i0.wp.com\/vynz100photo.fr\/blog\/wp-content\/uploads\/2013\/11\/20130424-IMG_8621.jpg?fit=1024%2C683&ssl=1&resize=525%2C300 1.5x, https:\/\/i0.wp.com\/vynz100photo.fr\/blog\/wp-content\/uploads\/2013\/11\/20130424-IMG_8621.jpg?fit=1024%2C683&ssl=1&resize=700%2C400 2x"},"classes":[]},{"id":733,"url":"https:\/\/vynz100photo.fr\/blog\/voyages\/oman\/","url_meta":{"origin":4744,"position":1},"title":"Oman","author":"Vincent","date":"5 ao\u00fbt 2013","format":false,"excerpt":"On ne compte plus les courts voyages effectu\u00e9s dans ce pays magnifique, \u00e0 quelques heures de route de Dubai... Tout est parfait ici, les gens, la nourriture, la nature...","rel":"","context":"Article similaire","block_context":{"text":"Article similaire","link":""},"img":{"alt_text":"","src":"","width":0,"height":0},"classes":[]},{"id":624,"url":"https:\/\/vynz100photo.fr\/blog\/voyages\/","url_meta":{"origin":4744,"position":2},"title":"Nos voyages","author":"Vincent","date":"3 ao\u00fbt 2013","format":false,"excerpt":"Nous avons fait quelques voyages ces derni\u00e8res ann\u00e9es, peut-\u00eatre que cela peut vous int\u00e9resser... Nous vivons actuellement en Chine, \u00e0 Shanghai... apr\u00e8s avoir visit\u00e9 diff\u00e9rentes villes, comme Beijing, Tongli, Hangzhou, Suzhou, Xiamen, il est temps de vous faire partager quelques aspects de cet immense pays que nous commen\u00e7ons tout juste\u2026","rel":"","context":"Article similaire","block_context":{"text":"Article similaire","link":""},"img":{"alt_text":"","src":"","width":0,"height":0},"classes":[]},{"id":4310,"url":"https:\/\/vynz100photo.fr\/blog\/voyages\/voyage-en-terre-australe-lafrique-du-sud\/","url_meta":{"origin":4744,"position":3},"title":"Voyage en terre australe: l&rsquo;Afrique du Sud","author":"Vincent","date":"28 mai 2017","format":false,"excerpt":"7 au 21 avril 2017 - Province du Cap Occidental \u00a0 Nous avons choisi une destination lointaine et verdoyante pour ces vacances d'avril... L'Afrique du Sud \u00e9tant un pays particuli\u00e8rement gigantesque, nous nous sommes cantonn\u00e9s pour ces 15 jours \u00e0 la Province du Cap Occidental, qui conjugue \u00e0 la fois\u2026","rel":"","context":"Article similaire","block_context":{"text":"Article similaire","link":""},"img":{"alt_text":"","src":"https:\/\/i0.wp.com\/vynz100photo.fr\/blog\/wp-content\/uploads\/2017\/05\/20170412-IMG_3481.jpg?fit=1024%2C683&ssl=1&resize=350%2C200","width":350,"height":200,"srcset":"https:\/\/i0.wp.com\/vynz100photo.fr\/blog\/wp-content\/uploads\/2017\/05\/20170412-IMG_3481.jpg?fit=1024%2C683&ssl=1&resize=350%2C200 1x, https:\/\/i0.wp.com\/vynz100photo.fr\/blog\/wp-content\/uploads\/2017\/05\/20170412-IMG_3481.jpg?fit=1024%2C683&ssl=1&resize=525%2C300 1.5x, https:\/\/i0.wp.com\/vynz100photo.fr\/blog\/wp-content\/uploads\/2017\/05\/20170412-IMG_3481.jpg?fit=1024%2C683&ssl=1&resize=700%2C400 2x"},"classes":[]},{"id":1782,"url":"https:\/\/vynz100photo.fr\/blog\/voyages\/le-nepal-authentique-et-spirituel\/","url_meta":{"origin":4744,"position":4},"title":"Le N\u00e9pal, authentique et spirituel?","author":"Vincent","date":"19 novembre 2013","format":false,"excerpt":"","rel":"","context":"Article similaire","block_context":{"text":"Article similaire","link":""},"img":{"alt_text":"","src":"","width":0,"height":0},"classes":[]},{"id":724,"url":"https:\/\/vynz100photo.fr\/blog\/voyages\/emirats-arabes-unis\/sharjah-laustere\/","url_meta":{"origin":4744,"position":5},"title":"Sharjah, l&rsquo;aust\u00e8re","author":"Vincent","date":"5 ao\u00fbt 2013","format":false,"excerpt":"A venir","rel":"","context":"Article similaire","block_context":{"text":"Article similaire","link":""},"img":{"alt_text":"","src":"","width":0,"height":0},"classes":[]}],"_links":{"self":[{"href":"https:\/\/vynz100photo.fr\/blog\/wp-json\/wp\/v2\/pages\/4744","targetHints":{"allow":["GET"]}}],"collection":[{"href":"https:\/\/vynz100photo.fr\/blog\/wp-json\/wp\/v2\/pages"}],"about":[{"href":"https:\/\/vynz100photo.fr\/blog\/wp-json\/wp\/v2\/types\/page"}],"author":[{"embeddable":true,"href":"https:\/\/vynz100photo.fr\/blog\/wp-json\/wp\/v2\/users\/1"}],"replies":[{"embeddable":true,"href":"https:\/\/vynz100photo.fr\/blog\/wp-json\/wp\/v2\/comments?post=4744"}],"version-history":[{"count":0,"href":"https:\/\/vynz100photo.fr\/blog\/wp-json\/wp\/v2\/pages\/4744\/revisions"}],"up":[{"embeddable":true,"href":"https:\/\/vynz100photo.fr\/blog\/wp-json\/wp\/v2\/pages\/624"}],"wp:attachment":[{"href":"https:\/\/vynz100photo.fr\/blog\/wp-json\/wp\/v2\/media?parent=4744"}],"curies":[{"name":"wp","href":"https:\/\/api.w.org\/{rel}","templated":true}]}}