{"id":4310,"date":"2017-05-28T10:01:58","date_gmt":"2017-05-28T08:01:58","guid":{"rendered":"http:\/\/vynz100photo.fr\/blog\/?page_id=4310"},"modified":"2017-06-07T15:13:56","modified_gmt":"2017-06-07T13:13:56","slug":"voyage-en-terre-australe-lafrique-du-sud","status":"publish","type":"page","link":"https:\/\/vynz100photo.fr\/blog\/voyages\/voyage-en-terre-australe-lafrique-du-sud\/","title":{"rendered":"Voyage en terre australe: l&rsquo;Afrique du Sud"},"content":{"rendered":"<h1 style=\"text-align: center;\"><span style=\"color: #ff6600;\">7 au 21 avril 2017 &#8211; Province du Cap Occidental<\/span><\/h1>\n<p>&nbsp;<\/p>\n<p><img data-recalc-dims=\"1\" loading=\"lazy\" decoding=\"async\" data-attachment-id=\"4312\" data-permalink=\"https:\/\/vynz100photo.fr\/blog\/voyages\/voyage-en-terre-australe-lafrique-du-sud\/77b228c87ef5b186161c3ec459d7742a\/\" data-orig-file=\"https:\/\/i0.wp.com\/vynz100photo.fr\/blog\/wp-content\/uploads\/2017\/05\/77b228c87ef5b186161c3ec459d7742a.jpg?fit=1100%2C990&amp;ssl=1\" data-orig-size=\"1100,990\" data-comments-opened=\"1\" data-image-meta=\"{&quot;aperture&quot;:&quot;0&quot;,&quot;credit&quot;:&quot;&quot;,&quot;camera&quot;:&quot;&quot;,&quot;caption&quot;:&quot;&quot;,&quot;created_timestamp&quot;:&quot;0&quot;,&quot;copyright&quot;:&quot;&quot;,&quot;focal_length&quot;:&quot;0&quot;,&quot;iso&quot;:&quot;0&quot;,&quot;shutter_speed&quot;:&quot;0&quot;,&quot;title&quot;:&quot;&quot;,&quot;orientation&quot;:&quot;0&quot;}\" data-image-title=\"77b228c87ef5b186161c3ec459d7742a\" data-image-description=\"\" data-image-caption=\"\" data-large-file=\"https:\/\/i0.wp.com\/vynz100photo.fr\/blog\/wp-content\/uploads\/2017\/05\/77b228c87ef5b186161c3ec459d7742a.jpg?fit=800%2C720&amp;ssl=1\" class=\"size-full wp-image-4312 aligncenter\" src=\"https:\/\/i0.wp.com\/vynz100photo.fr\/blog\/wp-content\/uploads\/2017\/05\/77b228c87ef5b186161c3ec459d7742a.jpg?resize=800%2C720&#038;ssl=1\" alt=\"\" width=\"800\" height=\"720\" srcset=\"https:\/\/i0.wp.com\/vynz100photo.fr\/blog\/wp-content\/uploads\/2017\/05\/77b228c87ef5b186161c3ec459d7742a.jpg?w=1100&amp;ssl=1 1100w, https:\/\/i0.wp.com\/vynz100photo.fr\/blog\/wp-content\/uploads\/2017\/05\/77b228c87ef5b186161c3ec459d7742a.jpg?resize=300%2C270&amp;ssl=1 300w, https:\/\/i0.wp.com\/vynz100photo.fr\/blog\/wp-content\/uploads\/2017\/05\/77b228c87ef5b186161c3ec459d7742a.jpg?resize=768%2C691&amp;ssl=1 768w, https:\/\/i0.wp.com\/vynz100photo.fr\/blog\/wp-content\/uploads\/2017\/05\/77b228c87ef5b186161c3ec459d7742a.jpg?resize=1024%2C922&amp;ssl=1 1024w, https:\/\/i0.wp.com\/vynz100photo.fr\/blog\/wp-content\/uploads\/2017\/05\/77b228c87ef5b186161c3ec459d7742a.jpg?resize=250%2C225&amp;ssl=1 250w\" sizes=\"auto, (max-width: 800px) 100vw, 800px\" \/><\/p>\n<p style=\"text-align: justify;\">Nous avons choisi une destination lointaine et verdoyante pour ces vacances d&rsquo;avril&#8230; L&rsquo;Afrique du Sud \u00e9tant un pays particuli\u00e8rement gigantesque, nous nous sommes cantonn\u00e9s pour ces 15 jours \u00e0 la Province du Cap Occidental, qui conjugue \u00e0 la fois de tr\u00e8s beaux paysages vari\u00e9s, des r\u00e9serves animali\u00e8res, des sp\u00e9cialit\u00e9s culinaires de bonne qualit\u00e9 et une ins\u00e9curit\u00e9 limit\u00e9e&#8230;<\/p>\n<p>&nbsp;<\/p>\n<p style=\"text-align: justify;\">Le parcours choisi sera le suivant:<\/p>\n<ul style=\"text-align: justify;\">\n<li><strong>du 7 au 10 avril<\/strong>, dans\u00a0les <a href=\"https:\/\/vynz100photo.fr\/blog\/voyages\/voyage-en-terre-australe-lafrique-du-sud\/7-10-avril-dans-les-collines-de-citrusdal-cederberg\/\">collines de Citrusdal<\/a>, dans la r\u00e9gion du Cederberg<\/li>\n<li><strong>le 10 avril<\/strong>, une halte \u00e0 McGregor, en passant par le grenier \u00e0 fruits de Ceres<\/li>\n<li><strong>du 11 au 12 avril<\/strong>, la r\u00e9serve naturelle du Karoo, dans le d\u00e9sert de Beaufort West<\/li>\n<li><strong>13 avril<\/strong>, incursion dans la province du Cap Oriental, \u00e0 l&rsquo;Adoo Elephant Park pr\u00e8s de Port Elizabeth<\/li>\n<li><strong>du 14 au 16 avril<\/strong>, dans le paradis naturel de la Garden Route<\/li>\n<li><strong>17 avril<\/strong>, en route vers la pointe sud du continent \u00e0 l&rsquo;Aghulas<\/li>\n<li><strong>du 18 au 21 avril<\/strong>, d\u00e9couverte de la ville du Cap et de ses environs<\/li>\n<\/ul>\n<p>&nbsp;<\/p>\n<p><img data-recalc-dims=\"1\" loading=\"lazy\" decoding=\"async\" data-attachment-id=\"4311\" data-permalink=\"https:\/\/vynz100photo.fr\/blog\/voyages\/voyage-en-terre-australe-lafrique-du-sud\/20170412-img_3481\/\" data-orig-file=\"https:\/\/i0.wp.com\/vynz100photo.fr\/blog\/wp-content\/uploads\/2017\/05\/20170412-IMG_3481.jpg?fit=1024%2C683&amp;ssl=1\" data-orig-size=\"1024,683\" data-comments-opened=\"1\" data-image-meta=\"{&quot;aperture&quot;:&quot;2&quot;,&quot;credit&quot;:&quot;Vincent Verger&quot;,&quot;camera&quot;:&quot;Canon EOS 5D Mark II&quot;,&quot;caption&quot;:&quot;&quot;,&quot;created_timestamp&quot;:&quot;1491991664&quot;,&quot;copyright&quot;:&quot;\\u00a9 Vincent Verger&quot;,&quot;focal_length&quot;:&quot;135&quot;,&quot;iso&quot;:&quot;100&quot;,&quot;shutter_speed&quot;:&quot;0.000625&quot;,&quot;title&quot;:&quot;&quot;,&quot;orientation&quot;:&quot;0&quot;}\" data-image-title=\"20170412-IMG_3481\" data-image-description=\"\" data-image-caption=\"\" data-large-file=\"https:\/\/i0.wp.com\/vynz100photo.fr\/blog\/wp-content\/uploads\/2017\/05\/20170412-IMG_3481.jpg?fit=800%2C534&amp;ssl=1\" class=\"size-full wp-image-4311 aligncenter\" src=\"https:\/\/i0.wp.com\/vynz100photo.fr\/blog\/wp-content\/uploads\/2017\/05\/20170412-IMG_3481.jpg?resize=800%2C534&#038;ssl=1\" alt=\"\" width=\"800\" height=\"534\" srcset=\"https:\/\/i0.wp.com\/vynz100photo.fr\/blog\/wp-content\/uploads\/2017\/05\/20170412-IMG_3481.jpg?w=1024&amp;ssl=1 1024w, https:\/\/i0.wp.com\/vynz100photo.fr\/blog\/wp-content\/uploads\/2017\/05\/20170412-IMG_3481.jpg?resize=300%2C200&amp;ssl=1 300w, https:\/\/i0.wp.com\/vynz100photo.fr\/blog\/wp-content\/uploads\/2017\/05\/20170412-IMG_3481.jpg?resize=768%2C512&amp;ssl=1 768w, https:\/\/i0.wp.com\/vynz100photo.fr\/blog\/wp-content\/uploads\/2017\/05\/20170412-IMG_3481.jpg?resize=250%2C167&amp;ssl=1 250w\" sizes=\"auto, (max-width: 800px) 100vw, 800px\" \/><\/p>\n<p style=\"text-align: justify;\">Bref, un bon programme pendant lequel nous parcourrons plus de 3000 km en voiture&#8230;<\/p>\n","protected":false},"excerpt":{"rendered":"<p>7 au 21 avril 2017 &#8211; Province du Cap Occidental &nbsp; Nous avons choisi une destination lointaine et verdoyante pour ces vacances d&rsquo;avril&#8230; L&rsquo;Afrique du Sud \u00e9tant un pays particuli\u00e8rement gigantesque, nous nous sommes cantonn\u00e9s pour ces 15 jours \u00e0 la Province du Cap Occidental, qui conjugue \u00e0 la fois de tr\u00e8s beaux paysages vari\u00e9s, [&hellip;]<\/p>\n","protected":false},"author":1,"featured_media":4311,"parent":624,"menu_order":0,"comment_status":"closed","ping_status":"closed","template":"full-width-page.php","meta":{"_mo_disable_npp":"","jetpack_post_was_ever_published":false,"footnotes":""},"class_list":["post-4310","page","type-page","status-publish","has-post-thumbnail","hentry"],"jetpack_sharing_enabled":true,"jetpack_shortlink":"https:\/\/wp.me\/P3QNY7-17w","jetpack_likes_enabled":true,"jetpack-related-posts":[{"id":4319,"url":"https:\/\/vynz100photo.fr\/blog\/voyages\/voyage-en-terre-australe-lafrique-du-sud\/7-10-avril-dans-les-collines-de-citrusdal-cederberg\/","url_meta":{"origin":4310,"position":0},"title":"7-10 avril: dans les collines de Citrusdal (Cederberg)","author":"Vincent","date":"28 mai 2017","format":false,"excerpt":"Vendredi 7 avril 2017 - l'arriv\u00e9e Apr\u00e8s 9h30 de vol (Qatar Airways, le plus court), on arrive enfin \u00e0 l'a\u00e9roport de Capetown (ou Le Cap). Le temps de passer les formalit\u00e9s administratives, de prendre la voiture de location (qui est plus petite que pr\u00e9vue et donc tr\u00e8s bien remplie), et\u2026","rel":"","context":"Article similaire","block_context":{"text":"Article similaire","link":""},"img":{"alt_text":"","src":"https:\/\/i0.wp.com\/vynz100photo.fr\/blog\/wp-content\/uploads\/2017\/05\/20170407-IMG_2864.jpg?resize=350%2C200","width":350,"height":200,"srcset":"https:\/\/i0.wp.com\/vynz100photo.fr\/blog\/wp-content\/uploads\/2017\/05\/20170407-IMG_2864.jpg?resize=350%2C200 1x, https:\/\/i0.wp.com\/vynz100photo.fr\/blog\/wp-content\/uploads\/2017\/05\/20170407-IMG_2864.jpg?resize=525%2C300 1.5x, https:\/\/i0.wp.com\/vynz100photo.fr\/blog\/wp-content\/uploads\/2017\/05\/20170407-IMG_2864.jpg?resize=700%2C400 2x"},"classes":[]},{"id":1804,"url":"https:\/\/vynz100photo.fr\/blog\/voyages\/au-pays-du-matin-calme-voyage-en-coree-du-sud-avril-mai-2013\/","url_meta":{"origin":4310,"position":1},"title":"Au pays du matin calme, voyage en Cor\u00e9e du Sud (avril-mai 2013)","author":"Vincent","date":"21 novembre 2013","format":false,"excerpt":"A venir... \u00a0 Nous sommes partis visiter un pays peu connu mais attachant, la Cor\u00e9e du Sud. Au menu, S\u00e9oul bien s\u00fbr, mais aussi Busan, la c\u00f4te sud et les temples du centre du pays...","rel":"","context":"Article similaire","block_context":{"text":"Article similaire","link":""},"img":{"alt_text":"","src":"https:\/\/i0.wp.com\/vynz100photo.fr\/blog\/wp-content\/uploads\/2013\/11\/20130424-IMG_8621.jpg?fit=1024%2C683&ssl=1&resize=350%2C200","width":350,"height":200,"srcset":"https:\/\/i0.wp.com\/vynz100photo.fr\/blog\/wp-content\/uploads\/2013\/11\/20130424-IMG_8621.jpg?fit=1024%2C683&ssl=1&resize=350%2C200 1x, https:\/\/i0.wp.com\/vynz100photo.fr\/blog\/wp-content\/uploads\/2013\/11\/20130424-IMG_8621.jpg?fit=1024%2C683&ssl=1&resize=525%2C300 1.5x, https:\/\/i0.wp.com\/vynz100photo.fr\/blog\/wp-content\/uploads\/2013\/11\/20130424-IMG_8621.jpg?fit=1024%2C683&ssl=1&resize=700%2C400 2x"},"classes":[]},{"id":4748,"url":"https:\/\/vynz100photo.fr\/blog\/15-25-avril-2019-en-route-vers-deep-south\/","url_meta":{"origin":4310,"position":2},"title":"15-25 avril 2019 &#8211; En route vers le Deep South!","author":"Vincent","date":"28 avril 2019","format":false,"excerpt":"Un voyage en voiture qui nous fera traverser plusieurs Etats, de l'Illinois \u00e0 la G\u00e9orgie, en passant par l'Indiana, le Kentucky, le Tennessee, la Caroline du Nord et la Caroline du Sud! Au programme, un long trajet un peu contrari\u00e9 pour une premi\u00e8re pause nature dans les Smoky Mountains, \u00e0\u2026","rel":"","context":"Article similaire","block_context":{"text":"Article similaire","link":""},"img":{"alt_text":"","src":"","width":0,"height":0},"classes":[]},{"id":628,"url":"https:\/\/vynz100photo.fr\/blog\/voyages\/coree-du-sud\/","url_meta":{"origin":4310,"position":3},"title":"Cor\u00e9e du Sud","author":"Vincent","date":"3 ao\u00fbt 2013","format":false,"excerpt":"En avril 2013, nous avons pass\u00e9 deux semaines en Cor\u00e9e du Sud... Au menu, temples, restaurants, balades en for\u00eat...","rel":"","context":"Article similaire","block_context":{"text":"Article similaire","link":""},"img":{"alt_text":"","src":"","width":0,"height":0},"classes":[]},{"id":1777,"url":"https:\/\/vynz100photo.fr\/blog\/voyages\/armenie-aux-confins-de-leurope\/","url_meta":{"origin":4310,"position":4},"title":"Arm\u00e9nie, aux confins de l&rsquo;Europe&#8230; et de l&rsquo;Asie!","author":"Vincent","date":"19 novembre 2013","format":false,"excerpt":"20 avril 2012 - 3 mai 2012 Quelle destination \"exotique\"? On a d\u00e9j\u00e0 visit\u00e9 l'Afrique (Tanzanie), le Liban (Beyrouth et Byblos), Oman (\u00e0 plusieurs reprises), les Emirats, le N\u00e9pal... du coup, on h\u00e9site entre la Jordanie et... on ne sait pas trop quoi. \u00a0 Un souvenir nous revient en m\u00e9moire:\u2026","rel":"","context":"Article similaire","block_context":{"text":"Article similaire","link":""},"img":{"alt_text":"28042012-IMG_3469","src":"https:\/\/i0.wp.com\/vynz100photo.fr\/blog\/wp-content\/uploads\/2013\/11\/28042012-IMG_3469.jpg?resize=350%2C200","width":350,"height":200,"srcset":"https:\/\/i0.wp.com\/vynz100photo.fr\/blog\/wp-content\/uploads\/2013\/11\/28042012-IMG_3469.jpg?resize=350%2C200 1x, https:\/\/i0.wp.com\/vynz100photo.fr\/blog\/wp-content\/uploads\/2013\/11\/28042012-IMG_3469.jpg?resize=525%2C300 1.5x, https:\/\/i0.wp.com\/vynz100photo.fr\/blog\/wp-content\/uploads\/2013\/11\/28042012-IMG_3469.jpg?resize=700%2C400 2x"},"classes":[]},{"id":4753,"url":"https:\/\/vynz100photo.fr\/blog\/un-depart-mouvemente-15-avril\/","url_meta":{"origin":4310,"position":5},"title":"Un d\u00e9part mouvement\u00e9 (15-16 avril)","author":"Vincent","date":"28 avril 2019","format":false,"excerpt":"La voiture \u00e9tait d\u00e9j\u00e0 r\u00e9serv\u00e9e, la mat\u00e9riel de camping achet\u00e9, bref, on \u00e9tait super pr\u00eats... ce qui n'est pas habituel! On a notre v\u00e9hicule \u00e0 10h du matin, ce qui veut dire que si on roule bien, on est dans la soir\u00e9e pas tr\u00e8s loin des Smoky Moutains, notre premi\u00e8re\u2026","rel":"","context":"Article similaire","block_context":{"text":"Article similaire","link":""},"img":{"alt_text":"","src":"https:\/\/i0.wp.com\/vynz100photo.fr\/blog\/wp-content\/uploads\/2019\/04\/20190415-IMG_9738.jpg?fit=1024%2C683&ssl=1&resize=350%2C200","width":350,"height":200,"srcset":"https:\/\/i0.wp.com\/vynz100photo.fr\/blog\/wp-content\/uploads\/2019\/04\/20190415-IMG_9738.jpg?fit=1024%2C683&ssl=1&resize=350%2C200 1x, https:\/\/i0.wp.com\/vynz100photo.fr\/blog\/wp-content\/uploads\/2019\/04\/20190415-IMG_9738.jpg?fit=1024%2C683&ssl=1&resize=525%2C300 1.5x, https:\/\/i0.wp.com\/vynz100photo.fr\/blog\/wp-content\/uploads\/2019\/04\/20190415-IMG_9738.jpg?fit=1024%2C683&ssl=1&resize=700%2C400 2x"},"classes":[]}],"_links":{"self":[{"href":"https:\/\/vynz100photo.fr\/blog\/wp-json\/wp\/v2\/pages\/4310","targetHints":{"allow":["GET"]}}],"collection":[{"href":"https:\/\/vynz100photo.fr\/blog\/wp-json\/wp\/v2\/pages"}],"about":[{"href":"https:\/\/vynz100photo.fr\/blog\/wp-json\/wp\/v2\/types\/page"}],"author":[{"embeddable":true,"href":"https:\/\/vynz100photo.fr\/blog\/wp-json\/wp\/v2\/users\/1"}],"replies":[{"embeddable":true,"href":"https:\/\/vynz100photo.fr\/blog\/wp-json\/wp\/v2\/comments?post=4310"}],"version-history":[{"count":0,"href":"https:\/\/vynz100photo.fr\/blog\/wp-json\/wp\/v2\/pages\/4310\/revisions"}],"up":[{"embeddable":true,"href":"https:\/\/vynz100photo.fr\/blog\/wp-json\/wp\/v2\/pages\/624"}],"wp:featuredmedia":[{"embeddable":true,"href":"https:\/\/vynz100photo.fr\/blog\/wp-json\/wp\/v2\/media\/4311"}],"wp:attachment":[{"href":"https:\/\/vynz100photo.fr\/blog\/wp-json\/wp\/v2\/media?parent=4310"}],"curies":[{"name":"wp","href":"https:\/\/api.w.org\/{rel}","templated":true}]}}