{"id":2466,"date":"2014-03-10T21:29:31","date_gmt":"2014-03-10T13:29:31","guid":{"rendered":"http:\/\/vynz100photo.fr\/blog\/?page_id=2466"},"modified":"2014-03-10T21:29:31","modified_gmt":"2014-03-10T13:29:31","slug":"industar-50-2-50mm-f35-m42","status":"publish","type":"page","link":"https:\/\/vynz100photo.fr\/blog\/photographie\/test-de-materiel\/objectifs\/industar-50-2-50mm-f35-m42\/","title":{"rendered":"Industar 50-2 50mm f\/3,5 (M42)"},"content":{"rendered":"<h2><img data-recalc-dims=\"1\" loading=\"lazy\" decoding=\"async\" data-attachment-id=\"2467\" data-permalink=\"https:\/\/vynz100photo.fr\/blog\/photographie\/test-de-materiel\/objectifs\/industar-50-2-50mm-f35-m42\/industar_50-2_f3-5\/\" data-orig-file=\"https:\/\/i0.wp.com\/vynz100photo.fr\/blog\/wp-content\/uploads\/2014\/03\/industar_50-2_f3.5.jpg?fit=500%2C500&amp;ssl=1\" data-orig-size=\"500,500\" data-comments-opened=\"1\" data-image-meta=\"{&quot;aperture&quot;:&quot;0&quot;,&quot;credit&quot;:&quot;&quot;,&quot;camera&quot;:&quot;&quot;,&quot;caption&quot;:&quot;&quot;,&quot;created_timestamp&quot;:&quot;0&quot;,&quot;copyright&quot;:&quot;&quot;,&quot;focal_length&quot;:&quot;0&quot;,&quot;iso&quot;:&quot;0&quot;,&quot;shutter_speed&quot;:&quot;0&quot;,&quot;title&quot;:&quot;&quot;}\" data-image-title=\"industar_50-2_f3.5\" data-image-description=\"\" data-image-caption=\"\" data-large-file=\"https:\/\/i0.wp.com\/vynz100photo.fr\/blog\/wp-content\/uploads\/2014\/03\/industar_50-2_f3.5.jpg?fit=500%2C500&amp;ssl=1\" class=\"size-full wp-image-2467 aligncenter\" style=\"font-size: 14px; font-weight: normal;\" alt=\"industar_50-2_f3.5\" src=\"https:\/\/i0.wp.com\/vynz100photo.fr\/blog\/wp-content\/uploads\/2014\/03\/industar_50-2_f3.5.jpg?resize=500%2C500&#038;ssl=1\" width=\"500\" height=\"500\" srcset=\"https:\/\/i0.wp.com\/vynz100photo.fr\/blog\/wp-content\/uploads\/2014\/03\/industar_50-2_f3.5.jpg?w=500&amp;ssl=1 500w, https:\/\/i0.wp.com\/vynz100photo.fr\/blog\/wp-content\/uploads\/2014\/03\/industar_50-2_f3.5.jpg?resize=150%2C150&amp;ssl=1 150w, https:\/\/i0.wp.com\/vynz100photo.fr\/blog\/wp-content\/uploads\/2014\/03\/industar_50-2_f3.5.jpg?resize=300%2C300&amp;ssl=1 300w, https:\/\/i0.wp.com\/vynz100photo.fr\/blog\/wp-content\/uploads\/2014\/03\/industar_50-2_f3.5.jpg?resize=250%2C250&amp;ssl=1 250w, https:\/\/i0.wp.com\/vynz100photo.fr\/blog\/wp-content\/uploads\/2014\/03\/industar_50-2_f3.5.jpg?resize=144%2C144&amp;ssl=1 144w\" sizes=\"auto, (max-width: 500px) 100vw, 500px\" \/><\/h2>\n<h2><span style=\"color: #ff6600;\">Caract\u00e9ristiques<\/span><\/h2>\n<p><span style=\"text-decoration: underline;\">Poids<\/span>:\u00a065g<\/p>\n<p><span style=\"text-decoration: underline;\">Prix<\/span>:\u00a05-10\u20ac environ<\/p>\n<p style=\"text-align: justify;\">Une <strong>focale fixe en monture M42<\/strong>, une vieille monture \u00e0 vis tr\u00e8s r\u00e9pandue. Si les appareils actuels n&rsquo;utilisent plus cette fixation, il est tr\u00e8s facile de trouver des <strong>bagues d&rsquo;adaptation<\/strong> sur les diff\u00e9rents mod\u00e8les (Canon Eos, Sony Nex, Panasonic GF&#8230;).<\/p>\n<p style=\"text-align: justify;\">Les deux tr\u00e8s gros avantages de ce caillou sont:<\/p>\n<p style=\"text-align: justify;\">&#8211; <strong>sa toute petite taille<\/strong> (65g pour 19mm de profondeur),<\/p>\n<p style=\"text-align: justify;\">&#8211; <strong>son prix tr\u00e8s tr\u00e8s l\u00e9ger<\/strong> (j&rsquo;ai eu le mien pour 5\u20ac).<\/p>\n<h2><span style=\"color: #ff6600;\">Construction<\/span><\/h2>\n<p style=\"text-align: justify;\">On est sur une\u00a0<strong>construction \u00a0ancienne<\/strong>, puisque cet objectif a commenc\u00e9 sa carri\u00e8re il y a plus de 50 ans\u2026 Comme chez les autres focales fixes russes de la p\u00e9riode communiste, <strong>c&rsquo;est simple, mais robuste et de bonne qualit\u00e9<\/strong>. Les bagues de mise au point et d&rsquo;ouverture sont souples et agr\u00e9ables \u00e0 utiliser malgr\u00e9 la toute petite taille de cet objectif.<\/p>\n<p style=\"text-align: justify;\">Il faut noter que le changement d&rsquo;ouverture se fait sans crans, on ne sait donc pas exactement \u00e0 quelle ouverture on est.<\/p>\n<h2 style=\"text-align: justify;\"><span style=\"color: #ff6600;\">Sur le terrain<\/span><\/h2>\n<p style=\"text-align: justify;\">Comme il est tr\u00e8s l\u00e9ger, il n&rsquo;encombre pas un sac \u00e0 dos (ni une poche d&rsquo;ailleurs).<\/p>\n<p style=\"text-align: justify;\"><strong>L&rsquo;ouverture maximale \u00e0 f\/3,5 n&rsquo;est pas extraordinaire<\/strong>, mais cela permet d&rsquo;avoir une bonne profondeur de champ d\u00e8s la pleine ouverture, avec un bokeh agr\u00e9able (et un effet tournant original comme sur l&rsquo;image 5).<\/p>\n<p style=\"text-align: justify;\">La <strong>distance de mise au point minimale est de 65 cm seulement<\/strong>, ce qui peut d\u00e9ranger les amateurs de proxi au 50mm. Pour un portrait c&rsquo;est pas mal, cela \u00e9vite les d\u00e9formations dues \u00e0 la focale.<\/p>\n<p style=\"text-align: justify;\">Le <strong>piqu\u00e9 est tr\u00e8s bon<\/strong>, de fa\u00e7on assez surprenante, et les images sont de bonne facture, m\u00eame sur un capteur comme celui du 5D MkII.<\/p>\n<p style=\"text-align: justify;\">A noter comme sur d&rsquo;autres objectifs de l&rsquo;\u00e9poque une <strong>grosse sensibilit\u00e9 aux rayons incidents<\/strong> qui donne un <strong>voile blanc sur l&rsquo;image<\/strong> quand le soleil est sur le c\u00f4t\u00e9 (voir 3e image)&#8230; c&rsquo;est un style, mais cela peut \u00eatre g\u00eanant!<\/p>\n<p>&nbsp;<\/p>\n<h2><span style=\"color: #ff6600;\">Exemples<\/span><\/h2>\n<p><img data-recalc-dims=\"1\" loading=\"lazy\" decoding=\"async\" data-attachment-id=\"2454\" data-permalink=\"https:\/\/vynz100photo.fr\/blog\/allons_voir_confucius\/20140309-img_7797-modifier\/\" data-orig-file=\"https:\/\/i0.wp.com\/vynz100photo.fr\/blog\/wp-content\/uploads\/2014\/03\/20140309-IMG_7797-Modifier.jpg?fit=1024%2C683&amp;ssl=1\" data-orig-size=\"1024,683\" data-comments-opened=\"1\" data-image-meta=\"{&quot;aperture&quot;:&quot;2&quot;,&quot;credit&quot;:&quot;&quot;,&quot;camera&quot;:&quot;Canon EOS 5D Mark II&quot;,&quot;caption&quot;:&quot;&quot;,&quot;created_timestamp&quot;:&quot;1394384261&quot;,&quot;copyright&quot;:&quot;\\u00a9 Vincent Verger&quot;,&quot;focal_length&quot;:&quot;50&quot;,&quot;iso&quot;:&quot;200&quot;,&quot;shutter_speed&quot;:&quot;0.004&quot;,&quot;title&quot;:&quot;&quot;}\" data-image-title=\"20140309-IMG_7797-Modifier\" data-image-description=\"\" data-image-caption=\"\" data-large-file=\"https:\/\/i0.wp.com\/vynz100photo.fr\/blog\/wp-content\/uploads\/2014\/03\/20140309-IMG_7797-Modifier.jpg?fit=800%2C534&amp;ssl=1\" class=\"alignnone size-full wp-image-2454\" alt=\"20140309-IMG_7797-Modifier\" src=\"https:\/\/i0.wp.com\/vynz100photo.fr\/blog\/wp-content\/uploads\/2014\/03\/20140309-IMG_7797-Modifier.jpg?resize=800%2C534&#038;ssl=1\" width=\"800\" height=\"534\" srcset=\"https:\/\/i0.wp.com\/vynz100photo.fr\/blog\/wp-content\/uploads\/2014\/03\/20140309-IMG_7797-Modifier.jpg?w=1024&amp;ssl=1 1024w, https:\/\/i0.wp.com\/vynz100photo.fr\/blog\/wp-content\/uploads\/2014\/03\/20140309-IMG_7797-Modifier.jpg?resize=300%2C200&amp;ssl=1 300w, https:\/\/i0.wp.com\/vynz100photo.fr\/blog\/wp-content\/uploads\/2014\/03\/20140309-IMG_7797-Modifier.jpg?resize=250%2C166&amp;ssl=1 250w, https:\/\/i0.wp.com\/vynz100photo.fr\/blog\/wp-content\/uploads\/2014\/03\/20140309-IMG_7797-Modifier.jpg?resize=900%2C600&amp;ssl=1 900w\" sizes=\"auto, (max-width: 800px) 100vw, 800px\" \/> <img data-recalc-dims=\"1\" loading=\"lazy\" decoding=\"async\" data-attachment-id=\"2462\" data-permalink=\"https:\/\/vynz100photo.fr\/blog\/allons_voir_confucius\/20140309-img_7823\/\" data-orig-file=\"https:\/\/i0.wp.com\/vynz100photo.fr\/blog\/wp-content\/uploads\/2014\/03\/20140309-IMG_7823.jpg?fit=1024%2C683&amp;ssl=1\" data-orig-size=\"1024,683\" data-comments-opened=\"1\" data-image-meta=\"{&quot;aperture&quot;:&quot;2&quot;,&quot;credit&quot;:&quot;&quot;,&quot;camera&quot;:&quot;Canon EOS 5D Mark II&quot;,&quot;caption&quot;:&quot;&quot;,&quot;created_timestamp&quot;:&quot;1394385701&quot;,&quot;copyright&quot;:&quot;\\u00a9 Vincent Verger&quot;,&quot;focal_length&quot;:&quot;50&quot;,&quot;iso&quot;:&quot;200&quot;,&quot;shutter_speed&quot;:&quot;0.002&quot;,&quot;title&quot;:&quot;&quot;}\" data-image-title=\"20140309-IMG_7823\" data-image-description=\"\" data-image-caption=\"\" data-large-file=\"https:\/\/i0.wp.com\/vynz100photo.fr\/blog\/wp-content\/uploads\/2014\/03\/20140309-IMG_7823.jpg?fit=800%2C534&amp;ssl=1\" class=\"alignnone size-full wp-image-2462\" alt=\"20140309-IMG_7823\" src=\"https:\/\/i0.wp.com\/vynz100photo.fr\/blog\/wp-content\/uploads\/2014\/03\/20140309-IMG_7823.jpg?resize=800%2C534&#038;ssl=1\" width=\"800\" height=\"534\" srcset=\"https:\/\/i0.wp.com\/vynz100photo.fr\/blog\/wp-content\/uploads\/2014\/03\/20140309-IMG_7823.jpg?w=1024&amp;ssl=1 1024w, https:\/\/i0.wp.com\/vynz100photo.fr\/blog\/wp-content\/uploads\/2014\/03\/20140309-IMG_7823.jpg?resize=300%2C200&amp;ssl=1 300w, https:\/\/i0.wp.com\/vynz100photo.fr\/blog\/wp-content\/uploads\/2014\/03\/20140309-IMG_7823.jpg?resize=250%2C166&amp;ssl=1 250w, https:\/\/i0.wp.com\/vynz100photo.fr\/blog\/wp-content\/uploads\/2014\/03\/20140309-IMG_7823.jpg?resize=900%2C600&amp;ssl=1 900w\" sizes=\"auto, (max-width: 800px) 100vw, 800px\" \/> <img data-recalc-dims=\"1\" loading=\"lazy\" decoding=\"async\" data-attachment-id=\"2453\" data-permalink=\"https:\/\/vynz100photo.fr\/blog\/allons_voir_confucius\/20140309-img_7793\/\" data-orig-file=\"https:\/\/i0.wp.com\/vynz100photo.fr\/blog\/wp-content\/uploads\/2014\/03\/20140309-IMG_7793.jpg?fit=1024%2C683&amp;ssl=1\" data-orig-size=\"1024,683\" data-comments-opened=\"1\" data-image-meta=\"{&quot;aperture&quot;:&quot;2&quot;,&quot;credit&quot;:&quot;&quot;,&quot;camera&quot;:&quot;Canon EOS 5D Mark II&quot;,&quot;caption&quot;:&quot;&quot;,&quot;created_timestamp&quot;:&quot;1394384123&quot;,&quot;copyright&quot;:&quot;\\u00a9 Vincent Verger&quot;,&quot;focal_length&quot;:&quot;50&quot;,&quot;iso&quot;:&quot;200&quot;,&quot;shutter_speed&quot;:&quot;0.0125&quot;,&quot;title&quot;:&quot;&quot;}\" data-image-title=\"20140309-IMG_7793\" data-image-description=\"\" data-image-caption=\"\" data-large-file=\"https:\/\/i0.wp.com\/vynz100photo.fr\/blog\/wp-content\/uploads\/2014\/03\/20140309-IMG_7793.jpg?fit=800%2C534&amp;ssl=1\" class=\"alignnone size-full wp-image-2453\" alt=\"20140309-IMG_7793\" src=\"https:\/\/i0.wp.com\/vynz100photo.fr\/blog\/wp-content\/uploads\/2014\/03\/20140309-IMG_7793.jpg?resize=800%2C534&#038;ssl=1\" width=\"800\" height=\"534\" srcset=\"https:\/\/i0.wp.com\/vynz100photo.fr\/blog\/wp-content\/uploads\/2014\/03\/20140309-IMG_7793.jpg?w=1024&amp;ssl=1 1024w, https:\/\/i0.wp.com\/vynz100photo.fr\/blog\/wp-content\/uploads\/2014\/03\/20140309-IMG_7793.jpg?resize=300%2C200&amp;ssl=1 300w, https:\/\/i0.wp.com\/vynz100photo.fr\/blog\/wp-content\/uploads\/2014\/03\/20140309-IMG_7793.jpg?resize=250%2C166&amp;ssl=1 250w, https:\/\/i0.wp.com\/vynz100photo.fr\/blog\/wp-content\/uploads\/2014\/03\/20140309-IMG_7793.jpg?resize=900%2C600&amp;ssl=1 900w\" sizes=\"auto, (max-width: 800px) 100vw, 800px\" \/> <img data-recalc-dims=\"1\" loading=\"lazy\" decoding=\"async\" data-attachment-id=\"1755\" data-permalink=\"https:\/\/vynz100photo.fr\/blog\/voyages\/chine\/hangzhou\/un-week-end-a-hangzhou-9-10-novembre-2013\/20131110-img_4851\/\" data-orig-file=\"https:\/\/i0.wp.com\/vynz100photo.fr\/blog\/wp-content\/uploads\/2013\/11\/20131110-IMG_4851.jpg?fit=1024%2C683&amp;ssl=1\" data-orig-size=\"1024,683\" data-comments-opened=\"1\" data-image-meta=\"{&quot;aperture&quot;:&quot;2&quot;,&quot;credit&quot;:&quot;\\u00a9 Vincent Verger&quot;,&quot;camera&quot;:&quot;Canon EOS 5D Mark II&quot;,&quot;caption&quot;:&quot;&quot;,&quot;created_timestamp&quot;:&quot;1384087327&quot;,&quot;copyright&quot;:&quot;Vincent Verger&quot;,&quot;focal_length&quot;:&quot;50&quot;,&quot;iso&quot;:&quot;800&quot;,&quot;shutter_speed&quot;:&quot;0.004&quot;,&quot;title&quot;:&quot;&quot;}\" data-image-title=\"20131110-IMG_4851\" data-image-description=\"\" data-image-caption=\"\" data-large-file=\"https:\/\/i0.wp.com\/vynz100photo.fr\/blog\/wp-content\/uploads\/2013\/11\/20131110-IMG_4851.jpg?fit=800%2C534&amp;ssl=1\" class=\"alignnone size-full wp-image-1755\" alt=\"20131110-IMG_4851\" src=\"https:\/\/i0.wp.com\/vynz100photo.fr\/blog\/wp-content\/uploads\/2013\/11\/20131110-IMG_4851.jpg?resize=800%2C534&#038;ssl=1\" width=\"800\" height=\"534\" srcset=\"https:\/\/i0.wp.com\/vynz100photo.fr\/blog\/wp-content\/uploads\/2013\/11\/20131110-IMG_4851.jpg?w=1024&amp;ssl=1 1024w, https:\/\/i0.wp.com\/vynz100photo.fr\/blog\/wp-content\/uploads\/2013\/11\/20131110-IMG_4851.jpg?resize=300%2C200&amp;ssl=1 300w\" sizes=\"auto, (max-width: 800px) 100vw, 800px\" \/> <img data-recalc-dims=\"1\" loading=\"lazy\" decoding=\"async\" data-attachment-id=\"1757\" data-permalink=\"https:\/\/vynz100photo.fr\/blog\/voyages\/chine\/hangzhou\/un-week-end-a-hangzhou-9-10-novembre-2013\/20131110-img_4856\/\" data-orig-file=\"https:\/\/i0.wp.com\/vynz100photo.fr\/blog\/wp-content\/uploads\/2013\/11\/20131110-IMG_4856.jpg?fit=1024%2C683&amp;ssl=1\" data-orig-size=\"1024,683\" data-comments-opened=\"1\" data-image-meta=\"{&quot;aperture&quot;:&quot;2&quot;,&quot;credit&quot;:&quot;\\u00a9 Vincent Verger&quot;,&quot;camera&quot;:&quot;Canon EOS 5D Mark II&quot;,&quot;caption&quot;:&quot;&quot;,&quot;created_timestamp&quot;:&quot;1384087609&quot;,&quot;copyright&quot;:&quot;Vincent Verger&quot;,&quot;focal_length&quot;:&quot;50&quot;,&quot;iso&quot;:&quot;800&quot;,&quot;shutter_speed&quot;:&quot;0.008&quot;,&quot;title&quot;:&quot;&quot;}\" data-image-title=\"20131110-IMG_4856\" data-image-description=\"\" data-image-caption=\"\" data-large-file=\"https:\/\/i0.wp.com\/vynz100photo.fr\/blog\/wp-content\/uploads\/2013\/11\/20131110-IMG_4856.jpg?fit=800%2C534&amp;ssl=1\" class=\"alignnone size-full wp-image-1757\" alt=\"20131110-IMG_4856\" src=\"https:\/\/i0.wp.com\/vynz100photo.fr\/blog\/wp-content\/uploads\/2013\/11\/20131110-IMG_4856.jpg?resize=800%2C534&#038;ssl=1\" width=\"800\" height=\"534\" srcset=\"https:\/\/i0.wp.com\/vynz100photo.fr\/blog\/wp-content\/uploads\/2013\/11\/20131110-IMG_4856.jpg?w=1024&amp;ssl=1 1024w, https:\/\/i0.wp.com\/vynz100photo.fr\/blog\/wp-content\/uploads\/2013\/11\/20131110-IMG_4856.jpg?resize=300%2C200&amp;ssl=1 300w\" sizes=\"auto, (max-width: 800px) 100vw, 800px\" \/><\/p>\n<h2><span style=\"color: #ff6600;\">Conclusion<\/span><\/h2>\n<p>S&rsquo;il n&rsquo;est pas toujours si facile \u00e0 utiliser avec son corps tr\u00e8s court, si son ouverture maximale est assez quelconque, on ne risque rien \u00e0 en faire l&rsquo;acquisition pour quelques euros (auxquels il faudra rajouter ceux de la bague d&rsquo;adaptation). Les r\u00e9sultats sont tr\u00e8s bons, avec un certain caract\u00e8re, et l&rsquo;on peut le glisser dans une poche du sac sans aucun risque!<\/p>\n<h4>Incoming search terms:<\/h4><ul><li>https:\/\/vynz100photo fr\/blog\/photographie\/test-de-materiel\/objectifs\/industar-50-2-50mm-f35-m42\/<\/li><\/ul>","protected":false},"excerpt":{"rendered":"<p>Caract\u00e9ristiques Poids:\u00a065g Prix:\u00a05-10\u20ac environ Une focale fixe en monture M42, une vieille monture \u00e0 vis tr\u00e8s r\u00e9pandue. Si les appareils actuels n&rsquo;utilisent plus cette fixation, il est tr\u00e8s facile de trouver des bagues d&rsquo;adaptation sur les diff\u00e9rents mod\u00e8les (Canon Eos, Sony Nex, Panasonic GF&#8230;). Les deux tr\u00e8s gros avantages de ce caillou sont: &#8211; sa [&hellip;]<\/p>\n","protected":false},"author":1,"featured_media":0,"parent":814,"menu_order":10,"comment_status":"open","ping_status":"open","template":"full-width-page.php","meta":{"_mo_disable_npp":"","jetpack_post_was_ever_published":false,"footnotes":""},"class_list":["post-2466","page","type-page","status-publish","hentry"],"jetpack_sharing_enabled":true,"jetpack_shortlink":"https:\/\/wp.me\/P3QNY7-DM","jetpack_likes_enabled":true,"jetpack-related-posts":[{"id":778,"url":"https:\/\/vynz100photo.fr\/blog\/about\/notre-equipement-photographique\/","url_meta":{"origin":2466,"position":0},"title":"Notre \u00e9quipement photographique","author":"Vincent","date":"6 ao\u00fbt 2013","format":false,"excerpt":"Bien \u00e9videmment, ce n'est pas l'\u00e9quipement photographique qui fait la photo, mais le photographe. Le mat\u00e9riel permet de s'affranchir de certaines limites, de composer diff\u00e9remment et de jouer avec plus de cr\u00e9ativit\u00e9... Les images qui sont sur ce blog sont r\u00e9alis\u00e9es avec les couples bo\u00eetier\/objectif qui suivent. Claire Claire a\u2026","rel":"","context":"Article similaire","block_context":{"text":"Article similaire","link":""},"img":{"alt_text":"20140506-IMG_9417","src":"https:\/\/i0.wp.com\/vynz100photo.fr\/blog\/wp-content\/uploads\/2014\/05\/20140506-IMG_9417-200x300.jpg?resize=350%2C200","width":350,"height":200},"classes":[]},{"id":2096,"url":"https:\/\/vynz100photo.fr\/blog\/photographie\/test-de-materiel\/objectifs\/zeiss-distagon-t-21mm-f28-ze\/","url_meta":{"origin":2466,"position":1},"title":"ZEISS Distagon T* 21mm f\/2,8 ZE","author":"Vincent","date":"11 janvier 2014","format":false,"excerpt":"Caract\u00e9ristiques Poids: 720 g \u00a0 Prix:\u00a01600\u20ac environ Un des grands angles de la gamme Zeiss pour Canon avec le dispendieux 15mm et le presque jumeau 18mm. Cette focale est plus facile \u00e0 utiliser que ces derniers, qualifi\u00e9s d'ultra-grands angles... Comme les autres objectifs de la marque allemande, la\u00a0mise au point\u00a0se\u2026","rel":"","context":"Avec 2 commentaires","block_context":{"text":"Avec 2 commentaires","link":"https:\/\/vynz100photo.fr\/blog\/photographie\/test-de-materiel\/objectifs\/zeiss-distagon-t-21mm-f28-ze\/#comments"},"img":{"alt_text":"L'imposant Zeiss Distagon T* 21mm f\/2.8 ZE","src":"https:\/\/i0.wp.com\/vynz100photo.fr\/blog\/wp-content\/uploads\/2014\/01\/D3S_8555-1200.jpg?resize=350%2C200","width":350,"height":200},"classes":[]},{"id":786,"url":"https:\/\/vynz100photo.fr\/blog\/photographie\/quelques-conseils-photo\/les-objectifs-a-ne-pas-negliger\/","url_meta":{"origin":2466,"position":2},"title":"Les objectifs, \u00e0 ne pas n\u00e9gliger!","author":"Vincent","date":"7 ao\u00fbt 2013","format":false,"excerpt":"Quand on a fait le choix de son r\u00e9flex, on pense que le plus dur est fait... mais c'est une erreur, ce n'est que le d\u00e9but! La qualit\u00e9 de l'image d\u00e9pend effectivement du capteur du bo\u00eetier, mais elle est en premier lieu d\u00e9pendante de l'objectif qui fait passer la lumi\u00e8re...\u2026","rel":"","context":"Article similaire","block_context":{"text":"Article similaire","link":""},"img":{"alt_text":"Emploi d'un 21mm","src":"https:\/\/i0.wp.com\/vynz100photo.fr\/blog\/wp-content\/uploads\/2012\/09\/16092012-IMG_8801-300x200.jpg?resize=350%2C200","width":350,"height":200},"classes":[]},{"id":814,"url":"https:\/\/vynz100photo.fr\/blog\/photographie\/test-de-materiel\/objectifs\/","url_meta":{"origin":2466,"position":3},"title":"Objectifs","author":"Vincent","date":"7 ao\u00fbt 2013","format":false,"excerpt":"Quelques retours d'objectifs que j'ai poss\u00e9d\u00e9s ou test\u00e9s... Au menu, des focales fixes, qui peuvent aller tout aussi bien sur un r\u00e9flex Canon APS-C qu'un 24x36: - Canon EF 28 mm f\/2,8, - Canon\u00a0EF 35mm f\/2, - Canon EF 40mm f\/2,8, - Canon\u00a0EF 50mm f\/1,8, - Canon\u00a0EF 85mm f\/1,8 USM,\u2026","rel":"","context":"Article similaire","block_context":{"text":"Article similaire","link":""},"img":{"alt_text":"","src":"","width":0,"height":0},"classes":[]},{"id":654,"url":"https:\/\/vynz100photo.fr\/blog\/photographie\/quelques-conseils-photo\/quel-appareil-photo-choisir\/","url_meta":{"origin":2466,"position":4},"title":"Quel appareil photo choisir?","author":"Vincent","date":"3 ao\u00fbt 2013","format":false,"excerpt":"\u00a0 \u00a0 La \u00a0photographie num\u00e9rique est en perp\u00e9tuel renouvellement, les technologies se bousculent et s'entrem\u00ealent, promettant des images toujours plus extraordinaires, des zooms x100, des couleurs \u00e9clatantes, des possibilit\u00e9s cr\u00e9atives \u00e0 foison... Comment s'y retrouver dans cette jungle? \u00a0 \u00a0La premi\u00e8re chose \u00e0 savoir avant de faire l'acquisition d'un nouvel\u2026","rel":"","context":"Article similaire","block_context":{"text":"Article similaire","link":""},"img":{"alt_text":"Les diff\u00e9rents formats de capteurs","src":"https:\/\/i0.wp.com\/vynz100photo.fr\/blog\/wp-content\/uploads\/2013\/08\/taille-format-capteur-photo-aps-c-micro-4-3-cx-582x1024.jpg?resize=350%2C200","width":350,"height":200},"classes":[]},{"id":1827,"url":"https:\/\/vynz100photo.fr\/blog\/cuisine-et-restaurants\/restaurants\/grandmas-restaurant-%e5%a4%96%e5%a9%86%e5%ae%b6-hangzhou-chine\/","url_meta":{"origin":2466,"position":5},"title":"Grandma&rsquo;s Restaurant \u5916\u5a46\u5bb6 (Hangzhou, Chine)","author":"Vincent","date":"21 novembre 2013","format":false,"excerpt":"Adresse: HuBin Road 3,\u00a0Hangzhou,\u00a0Chine\u00a0 T\u00e9l: 0571-85101939 \u00a0 Type de restaurant: La cuisine de\u00a0Hanghzou\u00a0(ou\u00a0Hangbang Cai \u676d\u5e2e\u83dc) est tr\u00e8s r\u00e9put\u00e9e dans toute la Chine (une des 8 cuisines chinoises), pour la vari\u00e9t\u00e9 de ses plats, de ses textures, des m\u00e9langes sucr\u00e9s\/sal\u00e9s, des \u00e9pices savamment choisis... Ce restaurant, comme le Green Tea Restaurant\u2026","rel":"","context":"Article similaire","block_context":{"text":"Article similaire","link":""},"img":{"alt_text":"20131110-IMG_4886","src":"https:\/\/i0.wp.com\/vynz100photo.fr\/blog\/wp-content\/uploads\/2013\/11\/20131110-IMG_4886.jpg?resize=350%2C200","width":350,"height":200,"srcset":"https:\/\/i0.wp.com\/vynz100photo.fr\/blog\/wp-content\/uploads\/2013\/11\/20131110-IMG_4886.jpg?resize=350%2C200 1x, https:\/\/i0.wp.com\/vynz100photo.fr\/blog\/wp-content\/uploads\/2013\/11\/20131110-IMG_4886.jpg?resize=525%2C300 1.5x"},"classes":[]}],"_links":{"self":[{"href":"https:\/\/vynz100photo.fr\/blog\/wp-json\/wp\/v2\/pages\/2466","targetHints":{"allow":["GET"]}}],"collection":[{"href":"https:\/\/vynz100photo.fr\/blog\/wp-json\/wp\/v2\/pages"}],"about":[{"href":"https:\/\/vynz100photo.fr\/blog\/wp-json\/wp\/v2\/types\/page"}],"author":[{"embeddable":true,"href":"https:\/\/vynz100photo.fr\/blog\/wp-json\/wp\/v2\/users\/1"}],"replies":[{"embeddable":true,"href":"https:\/\/vynz100photo.fr\/blog\/wp-json\/wp\/v2\/comments?post=2466"}],"version-history":[{"count":0,"href":"https:\/\/vynz100photo.fr\/blog\/wp-json\/wp\/v2\/pages\/2466\/revisions"}],"up":[{"embeddable":true,"href":"https:\/\/vynz100photo.fr\/blog\/wp-json\/wp\/v2\/pages\/814"}],"wp:attachment":[{"href":"https:\/\/vynz100photo.fr\/blog\/wp-json\/wp\/v2\/media?parent=2466"}],"curies":[{"name":"wp","href":"https:\/\/api.w.org\/{rel}","templated":true}]}}