{"id":2262,"date":"2014-02-20T13:06:17","date_gmt":"2014-02-20T05:06:17","guid":{"rendered":"http:\/\/vynz100photo.fr\/blog\/?page_id=2262"},"modified":"2014-02-20T13:06:17","modified_gmt":"2014-02-20T05:06:17","slug":"lantau-et-le-village-de-tai-o","status":"publish","type":"page","link":"https:\/\/vynz100photo.fr\/blog\/voyages\/chine\/cinq-jours-a-hong-kong\/lantau-et-le-village-de-tai-o\/","title":{"rendered":"Lantau et le village de Tai O"},"content":{"rendered":"<p><a href=\"https:\/\/i0.wp.com\/vynz100photo.fr\/blog\/wp-content\/uploads\/2014\/01\/20140121-IMG_6298.jpg?ssl=1\"><img data-recalc-dims=\"1\" loading=\"lazy\" decoding=\"async\" data-attachment-id=\"2126\" data-permalink=\"https:\/\/vynz100photo.fr\/blog\/voyages\/chine\/cinq-jours-a-hong-kong\/lantau-et-le-village-de-tai-o\/20140121-img_6298\/\" data-orig-file=\"https:\/\/i0.wp.com\/vynz100photo.fr\/blog\/wp-content\/uploads\/2014\/01\/20140121-IMG_6298.jpg?fit=683%2C1024&amp;ssl=1\" data-orig-size=\"683,1024\" data-comments-opened=\"1\" data-image-meta=\"{&quot;aperture&quot;:&quot;2&quot;,&quot;credit&quot;:&quot;&quot;,&quot;camera&quot;:&quot;Canon EOS 5D Mark II&quot;,&quot;caption&quot;:&quot;&quot;,&quot;created_timestamp&quot;:&quot;1390300539&quot;,&quot;copyright&quot;:&quot;Vincent Verger&quot;,&quot;focal_length&quot;:&quot;35&quot;,&quot;iso&quot;:&quot;800&quot;,&quot;shutter_speed&quot;:&quot;0.0004&quot;,&quot;title&quot;:&quot;&quot;}\" data-image-title=\"20140121-IMG_6298\" data-image-description=\"\" data-image-caption=\"\" data-large-file=\"https:\/\/i0.wp.com\/vynz100photo.fr\/blog\/wp-content\/uploads\/2014\/01\/20140121-IMG_6298.jpg?fit=683%2C1024&amp;ssl=1\" class=\"aligncenter size-full wp-image-2126\" alt=\"20140121-IMG_6298\" src=\"https:\/\/i0.wp.com\/vynz100photo.fr\/blog\/wp-content\/uploads\/2014\/01\/20140121-IMG_6298.jpg?resize=683%2C1024&#038;ssl=1\" width=\"683\" height=\"1024\" srcset=\"https:\/\/i0.wp.com\/vynz100photo.fr\/blog\/wp-content\/uploads\/2014\/01\/20140121-IMG_6298.jpg?w=683&amp;ssl=1 683w, https:\/\/i0.wp.com\/vynz100photo.fr\/blog\/wp-content\/uploads\/2014\/01\/20140121-IMG_6298.jpg?resize=200%2C300&amp;ssl=1 200w\" sizes=\"auto, (max-width: 683px) 100vw, 683px\" \/><\/a> <a href=\"https:\/\/i0.wp.com\/vynz100photo.fr\/blog\/wp-content\/uploads\/2014\/01\/20140121-IMG_6378.jpg?ssl=1\"><img data-recalc-dims=\"1\" loading=\"lazy\" decoding=\"async\" data-attachment-id=\"2135\" data-permalink=\"https:\/\/vynz100photo.fr\/blog\/voyages\/chine\/cinq-jours-a-hong-kong\/lantau-et-le-village-de-tai-o\/20140121-img_6378\/\" data-orig-file=\"https:\/\/i0.wp.com\/vynz100photo.fr\/blog\/wp-content\/uploads\/2014\/01\/20140121-IMG_6378.jpg?fit=683%2C1024&amp;ssl=1\" data-orig-size=\"683,1024\" data-comments-opened=\"1\" data-image-meta=\"{&quot;aperture&quot;:&quot;2&quot;,&quot;credit&quot;:&quot;&quot;,&quot;camera&quot;:&quot;Canon EOS 5D Mark II&quot;,&quot;caption&quot;:&quot;&quot;,&quot;created_timestamp&quot;:&quot;1390305161&quot;,&quot;copyright&quot;:&quot;Vincent Verger&quot;,&quot;focal_length&quot;:&quot;35&quot;,&quot;iso&quot;:&quot;100&quot;,&quot;shutter_speed&quot;:&quot;0.00025&quot;,&quot;title&quot;:&quot;&quot;}\" data-image-title=\"20140121-IMG_6378\" data-image-description=\"\" data-image-caption=\"\" data-large-file=\"https:\/\/i0.wp.com\/vynz100photo.fr\/blog\/wp-content\/uploads\/2014\/01\/20140121-IMG_6378.jpg?fit=683%2C1024&amp;ssl=1\" class=\"aligncenter size-full wp-image-2135\" alt=\"20140121-IMG_6378\" src=\"https:\/\/i0.wp.com\/vynz100photo.fr\/blog\/wp-content\/uploads\/2014\/01\/20140121-IMG_6378.jpg?resize=683%2C1024&#038;ssl=1\" width=\"683\" height=\"1024\" srcset=\"https:\/\/i0.wp.com\/vynz100photo.fr\/blog\/wp-content\/uploads\/2014\/01\/20140121-IMG_6378.jpg?w=683&amp;ssl=1 683w, https:\/\/i0.wp.com\/vynz100photo.fr\/blog\/wp-content\/uploads\/2014\/01\/20140121-IMG_6378.jpg?resize=200%2C300&amp;ssl=1 200w\" sizes=\"auto, (max-width: 683px) 100vw, 683px\" \/><\/a> <a href=\"https:\/\/i0.wp.com\/vynz100photo.fr\/blog\/wp-content\/uploads\/2014\/01\/20140121-IMG_6348.jpg?ssl=1\"><img data-recalc-dims=\"1\" loading=\"lazy\" decoding=\"async\" data-attachment-id=\"2134\" data-permalink=\"https:\/\/vynz100photo.fr\/blog\/voyages\/chine\/cinq-jours-a-hong-kong\/lantau-et-le-village-de-tai-o\/20140121-img_6348\/\" data-orig-file=\"https:\/\/i0.wp.com\/vynz100photo.fr\/blog\/wp-content\/uploads\/2014\/01\/20140121-IMG_6348.jpg?fit=683%2C1024&amp;ssl=1\" data-orig-size=\"683,1024\" data-comments-opened=\"1\" data-image-meta=\"{&quot;aperture&quot;:&quot;2&quot;,&quot;credit&quot;:&quot;&quot;,&quot;camera&quot;:&quot;Canon EOS 5D Mark II&quot;,&quot;caption&quot;:&quot;&quot;,&quot;created_timestamp&quot;:&quot;1390303572&quot;,&quot;copyright&quot;:&quot;Vincent Verger&quot;,&quot;focal_length&quot;:&quot;35&quot;,&quot;iso&quot;:&quot;100&quot;,&quot;shutter_speed&quot;:&quot;0.00125&quot;,&quot;title&quot;:&quot;&quot;}\" data-image-title=\"20140121-IMG_6348\" data-image-description=\"\" data-image-caption=\"\" data-large-file=\"https:\/\/i0.wp.com\/vynz100photo.fr\/blog\/wp-content\/uploads\/2014\/01\/20140121-IMG_6348.jpg?fit=683%2C1024&amp;ssl=1\" class=\"aligncenter size-large wp-image-2134\" alt=\"20140121-IMG_6348\" src=\"https:\/\/i0.wp.com\/vynz100photo.fr\/blog\/wp-content\/uploads\/2014\/01\/20140121-IMG_6348.jpg?resize=683%2C1024&#038;ssl=1\" width=\"683\" height=\"1024\" srcset=\"https:\/\/i0.wp.com\/vynz100photo.fr\/blog\/wp-content\/uploads\/2014\/01\/20140121-IMG_6348.jpg?w=683&amp;ssl=1 683w, https:\/\/i0.wp.com\/vynz100photo.fr\/blog\/wp-content\/uploads\/2014\/01\/20140121-IMG_6348.jpg?resize=200%2C300&amp;ssl=1 200w\" sizes=\"auto, (max-width: 683px) 100vw, 683px\" \/><\/a> <a href=\"https:\/\/i0.wp.com\/vynz100photo.fr\/blog\/wp-content\/uploads\/2014\/01\/20140121-IMG_6342.jpg?ssl=1\"><img data-recalc-dims=\"1\" loading=\"lazy\" decoding=\"async\" data-attachment-id=\"2133\" data-permalink=\"https:\/\/vynz100photo.fr\/blog\/voyages\/chine\/cinq-jours-a-hong-kong\/lantau-et-le-village-de-tai-o\/20140121-img_6342\/\" data-orig-file=\"https:\/\/i0.wp.com\/vynz100photo.fr\/blog\/wp-content\/uploads\/2014\/01\/20140121-IMG_6342.jpg?fit=683%2C1024&amp;ssl=1\" data-orig-size=\"683,1024\" data-comments-opened=\"1\" data-image-meta=\"{&quot;aperture&quot;:&quot;2&quot;,&quot;credit&quot;:&quot;&quot;,&quot;camera&quot;:&quot;Canon EOS 5D Mark II&quot;,&quot;caption&quot;:&quot;&quot;,&quot;created_timestamp&quot;:&quot;1390303203&quot;,&quot;copyright&quot;:&quot;Vincent Verger&quot;,&quot;focal_length&quot;:&quot;35&quot;,&quot;iso&quot;:&quot;100&quot;,&quot;shutter_speed&quot;:&quot;0.00025&quot;,&quot;title&quot;:&quot;&quot;}\" data-image-title=\"20140121-IMG_6342\" data-image-description=\"\" data-image-caption=\"\" data-large-file=\"https:\/\/i0.wp.com\/vynz100photo.fr\/blog\/wp-content\/uploads\/2014\/01\/20140121-IMG_6342.jpg?fit=683%2C1024&amp;ssl=1\" class=\"aligncenter size-large wp-image-2133\" alt=\"20140121-IMG_6342\" src=\"https:\/\/i0.wp.com\/vynz100photo.fr\/blog\/wp-content\/uploads\/2014\/01\/20140121-IMG_6342.jpg?resize=683%2C1024&#038;ssl=1\" width=\"683\" height=\"1024\" srcset=\"https:\/\/i0.wp.com\/vynz100photo.fr\/blog\/wp-content\/uploads\/2014\/01\/20140121-IMG_6342.jpg?w=683&amp;ssl=1 683w, https:\/\/i0.wp.com\/vynz100photo.fr\/blog\/wp-content\/uploads\/2014\/01\/20140121-IMG_6342.jpg?resize=200%2C300&amp;ssl=1 200w\" sizes=\"auto, (max-width: 683px) 100vw, 683px\" \/><\/a> <a href=\"https:\/\/i0.wp.com\/vynz100photo.fr\/blog\/wp-content\/uploads\/2014\/01\/20140121-IMG_6339.jpg?ssl=1\"><img data-recalc-dims=\"1\" loading=\"lazy\" decoding=\"async\" data-attachment-id=\"2132\" data-permalink=\"https:\/\/vynz100photo.fr\/blog\/voyages\/chine\/cinq-jours-a-hong-kong\/lantau-et-le-village-de-tai-o\/20140121-img_6339\/\" data-orig-file=\"https:\/\/i0.wp.com\/vynz100photo.fr\/blog\/wp-content\/uploads\/2014\/01\/20140121-IMG_6339.jpg?fit=1024%2C683&amp;ssl=1\" data-orig-size=\"1024,683\" data-comments-opened=\"1\" data-image-meta=\"{&quot;aperture&quot;:&quot;2&quot;,&quot;credit&quot;:&quot;&quot;,&quot;camera&quot;:&quot;Canon EOS 5D Mark II&quot;,&quot;caption&quot;:&quot;&quot;,&quot;created_timestamp&quot;:&quot;1390303150&quot;,&quot;copyright&quot;:&quot;Vincent Verger&quot;,&quot;focal_length&quot;:&quot;35&quot;,&quot;iso&quot;:&quot;100&quot;,&quot;shutter_speed&quot;:&quot;0.002&quot;,&quot;title&quot;:&quot;&quot;}\" data-image-title=\"20140121-IMG_6339\" data-image-description=\"\" data-image-caption=\"\" data-large-file=\"https:\/\/i0.wp.com\/vynz100photo.fr\/blog\/wp-content\/uploads\/2014\/01\/20140121-IMG_6339.jpg?fit=800%2C534&amp;ssl=1\" class=\"aligncenter size-large wp-image-2132\" alt=\"20140121-IMG_6339\" src=\"https:\/\/i0.wp.com\/vynz100photo.fr\/blog\/wp-content\/uploads\/2014\/01\/20140121-IMG_6339.jpg?resize=800%2C533&#038;ssl=1\" width=\"800\" height=\"533\" srcset=\"https:\/\/i0.wp.com\/vynz100photo.fr\/blog\/wp-content\/uploads\/2014\/01\/20140121-IMG_6339.jpg?w=1024&amp;ssl=1 1024w, https:\/\/i0.wp.com\/vynz100photo.fr\/blog\/wp-content\/uploads\/2014\/01\/20140121-IMG_6339.jpg?resize=300%2C200&amp;ssl=1 300w, https:\/\/i0.wp.com\/vynz100photo.fr\/blog\/wp-content\/uploads\/2014\/01\/20140121-IMG_6339.jpg?resize=900%2C600&amp;ssl=1 900w\" sizes=\"auto, (max-width: 800px) 100vw, 800px\" \/><\/a> <a href=\"https:\/\/i0.wp.com\/vynz100photo.fr\/blog\/wp-content\/uploads\/2014\/01\/20140121-IMG_6319.jpg?ssl=1\"><img data-recalc-dims=\"1\" loading=\"lazy\" decoding=\"async\" data-attachment-id=\"2131\" data-permalink=\"https:\/\/vynz100photo.fr\/blog\/voyages\/chine\/cinq-jours-a-hong-kong\/lantau-et-le-village-de-tai-o\/20140121-img_6319\/\" data-orig-file=\"https:\/\/i0.wp.com\/vynz100photo.fr\/blog\/wp-content\/uploads\/2014\/01\/20140121-IMG_6319.jpg?fit=1024%2C683&amp;ssl=1\" data-orig-size=\"1024,683\" data-comments-opened=\"1\" data-image-meta=\"{&quot;aperture&quot;:&quot;2&quot;,&quot;credit&quot;:&quot;&quot;,&quot;camera&quot;:&quot;Canon EOS 5D Mark II&quot;,&quot;caption&quot;:&quot;&quot;,&quot;created_timestamp&quot;:&quot;1390302328&quot;,&quot;copyright&quot;:&quot;Vincent Verger&quot;,&quot;focal_length&quot;:&quot;35&quot;,&quot;iso&quot;:&quot;100&quot;,&quot;shutter_speed&quot;:&quot;0.0004&quot;,&quot;title&quot;:&quot;&quot;}\" data-image-title=\"20140121-IMG_6319\" data-image-description=\"\" data-image-caption=\"\" data-large-file=\"https:\/\/i0.wp.com\/vynz100photo.fr\/blog\/wp-content\/uploads\/2014\/01\/20140121-IMG_6319.jpg?fit=800%2C534&amp;ssl=1\" class=\"aligncenter size-large wp-image-2131\" alt=\"20140121-IMG_6319\" src=\"https:\/\/i0.wp.com\/vynz100photo.fr\/blog\/wp-content\/uploads\/2014\/01\/20140121-IMG_6319.jpg?resize=800%2C533&#038;ssl=1\" width=\"800\" height=\"533\" srcset=\"https:\/\/i0.wp.com\/vynz100photo.fr\/blog\/wp-content\/uploads\/2014\/01\/20140121-IMG_6319.jpg?w=1024&amp;ssl=1 1024w, https:\/\/i0.wp.com\/vynz100photo.fr\/blog\/wp-content\/uploads\/2014\/01\/20140121-IMG_6319.jpg?resize=300%2C200&amp;ssl=1 300w, https:\/\/i0.wp.com\/vynz100photo.fr\/blog\/wp-content\/uploads\/2014\/01\/20140121-IMG_6319.jpg?resize=900%2C600&amp;ssl=1 900w\" sizes=\"auto, (max-width: 800px) 100vw, 800px\" \/><\/a> <a href=\"https:\/\/i0.wp.com\/vynz100photo.fr\/blog\/wp-content\/uploads\/2014\/01\/20140121-IMG_6314.jpg?ssl=1\"><img data-recalc-dims=\"1\" loading=\"lazy\" decoding=\"async\" data-attachment-id=\"2130\" data-permalink=\"https:\/\/vynz100photo.fr\/blog\/voyages\/chine\/cinq-jours-a-hong-kong\/lantau-et-le-village-de-tai-o\/20140121-img_6314\/\" data-orig-file=\"https:\/\/i0.wp.com\/vynz100photo.fr\/blog\/wp-content\/uploads\/2014\/01\/20140121-IMG_6314.jpg?fit=1024%2C683&amp;ssl=1\" data-orig-size=\"1024,683\" data-comments-opened=\"1\" data-image-meta=\"{&quot;aperture&quot;:&quot;2&quot;,&quot;credit&quot;:&quot;&quot;,&quot;camera&quot;:&quot;Canon EOS 5D Mark II&quot;,&quot;caption&quot;:&quot;&quot;,&quot;created_timestamp&quot;:&quot;1390302023&quot;,&quot;copyright&quot;:&quot;Vincent Verger&quot;,&quot;focal_length&quot;:&quot;35&quot;,&quot;iso&quot;:&quot;100&quot;,&quot;shutter_speed&quot;:&quot;0.0004&quot;,&quot;title&quot;:&quot;&quot;}\" data-image-title=\"20140121-IMG_6314\" data-image-description=\"\" data-image-caption=\"\" data-large-file=\"https:\/\/i0.wp.com\/vynz100photo.fr\/blog\/wp-content\/uploads\/2014\/01\/20140121-IMG_6314.jpg?fit=800%2C534&amp;ssl=1\" class=\"aligncenter size-large wp-image-2130\" alt=\"20140121-IMG_6314\" src=\"https:\/\/i0.wp.com\/vynz100photo.fr\/blog\/wp-content\/uploads\/2014\/01\/20140121-IMG_6314.jpg?resize=800%2C533&#038;ssl=1\" width=\"800\" height=\"533\" srcset=\"https:\/\/i0.wp.com\/vynz100photo.fr\/blog\/wp-content\/uploads\/2014\/01\/20140121-IMG_6314.jpg?w=1024&amp;ssl=1 1024w, https:\/\/i0.wp.com\/vynz100photo.fr\/blog\/wp-content\/uploads\/2014\/01\/20140121-IMG_6314.jpg?resize=300%2C200&amp;ssl=1 300w, https:\/\/i0.wp.com\/vynz100photo.fr\/blog\/wp-content\/uploads\/2014\/01\/20140121-IMG_6314.jpg?resize=900%2C600&amp;ssl=1 900w\" sizes=\"auto, (max-width: 800px) 100vw, 800px\" \/><\/a> <a href=\"https:\/\/i0.wp.com\/vynz100photo.fr\/blog\/wp-content\/uploads\/2014\/01\/20140121-IMG_6308.jpg?ssl=1\"><img data-recalc-dims=\"1\" loading=\"lazy\" decoding=\"async\" data-attachment-id=\"2129\" data-permalink=\"https:\/\/vynz100photo.fr\/blog\/voyages\/chine\/cinq-jours-a-hong-kong\/lantau-et-le-village-de-tai-o\/20140121-img_6308\/\" data-orig-file=\"https:\/\/i0.wp.com\/vynz100photo.fr\/blog\/wp-content\/uploads\/2014\/01\/20140121-IMG_6308.jpg?fit=1024%2C683&amp;ssl=1\" data-orig-size=\"1024,683\" data-comments-opened=\"1\" data-image-meta=\"{&quot;aperture&quot;:&quot;2&quot;,&quot;credit&quot;:&quot;&quot;,&quot;camera&quot;:&quot;Canon EOS 5D Mark II&quot;,&quot;caption&quot;:&quot;&quot;,&quot;created_timestamp&quot;:&quot;1390301676&quot;,&quot;copyright&quot;:&quot;Vincent Verger&quot;,&quot;focal_length&quot;:&quot;35&quot;,&quot;iso&quot;:&quot;100&quot;,&quot;shutter_speed&quot;:&quot;0.00015625&quot;,&quot;title&quot;:&quot;&quot;}\" data-image-title=\"20140121-IMG_6308\" data-image-description=\"\" data-image-caption=\"\" data-large-file=\"https:\/\/i0.wp.com\/vynz100photo.fr\/blog\/wp-content\/uploads\/2014\/01\/20140121-IMG_6308.jpg?fit=800%2C534&amp;ssl=1\" class=\"aligncenter size-large wp-image-2129\" alt=\"20140121-IMG_6308\" src=\"https:\/\/i0.wp.com\/vynz100photo.fr\/blog\/wp-content\/uploads\/2014\/01\/20140121-IMG_6308.jpg?resize=800%2C533&#038;ssl=1\" width=\"800\" height=\"533\" srcset=\"https:\/\/i0.wp.com\/vynz100photo.fr\/blog\/wp-content\/uploads\/2014\/01\/20140121-IMG_6308.jpg?w=1024&amp;ssl=1 1024w, https:\/\/i0.wp.com\/vynz100photo.fr\/blog\/wp-content\/uploads\/2014\/01\/20140121-IMG_6308.jpg?resize=300%2C200&amp;ssl=1 300w, https:\/\/i0.wp.com\/vynz100photo.fr\/blog\/wp-content\/uploads\/2014\/01\/20140121-IMG_6308.jpg?resize=900%2C600&amp;ssl=1 900w\" sizes=\"auto, (max-width: 800px) 100vw, 800px\" \/><\/a> <a href=\"https:\/\/i0.wp.com\/vynz100photo.fr\/blog\/wp-content\/uploads\/2014\/01\/20140121-IMG_6307.jpg?ssl=1\"><img data-recalc-dims=\"1\" loading=\"lazy\" decoding=\"async\" data-attachment-id=\"2128\" data-permalink=\"https:\/\/vynz100photo.fr\/blog\/voyages\/chine\/cinq-jours-a-hong-kong\/lantau-et-le-village-de-tai-o\/20140121-img_6307\/\" data-orig-file=\"https:\/\/i0.wp.com\/vynz100photo.fr\/blog\/wp-content\/uploads\/2014\/01\/20140121-IMG_6307.jpg?fit=683%2C1024&amp;ssl=1\" data-orig-size=\"683,1024\" data-comments-opened=\"1\" data-image-meta=\"{&quot;aperture&quot;:&quot;2&quot;,&quot;credit&quot;:&quot;&quot;,&quot;camera&quot;:&quot;Canon EOS 5D Mark II&quot;,&quot;caption&quot;:&quot;&quot;,&quot;created_timestamp&quot;:&quot;1390301634&quot;,&quot;copyright&quot;:&quot;Vincent Verger&quot;,&quot;focal_length&quot;:&quot;35&quot;,&quot;iso&quot;:&quot;100&quot;,&quot;shutter_speed&quot;:&quot;0.0003125&quot;,&quot;title&quot;:&quot;&quot;}\" data-image-title=\"20140121-IMG_6307\" data-image-description=\"\" data-image-caption=\"\" data-large-file=\"https:\/\/i0.wp.com\/vynz100photo.fr\/blog\/wp-content\/uploads\/2014\/01\/20140121-IMG_6307.jpg?fit=683%2C1024&amp;ssl=1\" class=\"aligncenter size-large wp-image-2128\" alt=\"20140121-IMG_6307\" src=\"https:\/\/i0.wp.com\/vynz100photo.fr\/blog\/wp-content\/uploads\/2014\/01\/20140121-IMG_6307.jpg?resize=683%2C1024&#038;ssl=1\" width=\"683\" height=\"1024\" srcset=\"https:\/\/i0.wp.com\/vynz100photo.fr\/blog\/wp-content\/uploads\/2014\/01\/20140121-IMG_6307.jpg?w=683&amp;ssl=1 683w, https:\/\/i0.wp.com\/vynz100photo.fr\/blog\/wp-content\/uploads\/2014\/01\/20140121-IMG_6307.jpg?resize=200%2C300&amp;ssl=1 200w\" sizes=\"auto, (max-width: 683px) 100vw, 683px\" \/><\/a> <a href=\"https:\/\/i0.wp.com\/vynz100photo.fr\/blog\/wp-content\/uploads\/2014\/01\/20140121-IMG_6305.jpg?ssl=1\"><img data-recalc-dims=\"1\" loading=\"lazy\" decoding=\"async\" data-attachment-id=\"2127\" data-permalink=\"https:\/\/vynz100photo.fr\/blog\/voyages\/chine\/cinq-jours-a-hong-kong\/lantau-et-le-village-de-tai-o\/20140121-img_6305\/\" data-orig-file=\"https:\/\/i0.wp.com\/vynz100photo.fr\/blog\/wp-content\/uploads\/2014\/01\/20140121-IMG_6305.jpg?fit=1024%2C683&amp;ssl=1\" data-orig-size=\"1024,683\" data-comments-opened=\"1\" data-image-meta=\"{&quot;aperture&quot;:&quot;10&quot;,&quot;credit&quot;:&quot;&quot;,&quot;camera&quot;:&quot;Canon EOS 5D Mark II&quot;,&quot;caption&quot;:&quot;&quot;,&quot;created_timestamp&quot;:&quot;1390301589&quot;,&quot;copyright&quot;:&quot;Vincent Verger&quot;,&quot;focal_length&quot;:&quot;35&quot;,&quot;iso&quot;:&quot;100&quot;,&quot;shutter_speed&quot;:&quot;0.005&quot;,&quot;title&quot;:&quot;&quot;}\" data-image-title=\"20140121-IMG_6305\" data-image-description=\"\" data-image-caption=\"\" data-large-file=\"https:\/\/i0.wp.com\/vynz100photo.fr\/blog\/wp-content\/uploads\/2014\/01\/20140121-IMG_6305.jpg?fit=800%2C534&amp;ssl=1\" class=\"aligncenter size-large wp-image-2127\" alt=\"20140121-IMG_6305\" src=\"https:\/\/i0.wp.com\/vynz100photo.fr\/blog\/wp-content\/uploads\/2014\/01\/20140121-IMG_6305.jpg?resize=800%2C533&#038;ssl=1\" width=\"800\" height=\"533\" srcset=\"https:\/\/i0.wp.com\/vynz100photo.fr\/blog\/wp-content\/uploads\/2014\/01\/20140121-IMG_6305.jpg?w=1024&amp;ssl=1 1024w, https:\/\/i0.wp.com\/vynz100photo.fr\/blog\/wp-content\/uploads\/2014\/01\/20140121-IMG_6305.jpg?resize=300%2C200&amp;ssl=1 300w, https:\/\/i0.wp.com\/vynz100photo.fr\/blog\/wp-content\/uploads\/2014\/01\/20140121-IMG_6305.jpg?resize=900%2C600&amp;ssl=1 900w\" sizes=\"auto, (max-width: 800px) 100vw, 800px\" \/><\/a><\/p>\n","protected":false},"excerpt":{"rendered":"","protected":false},"author":1,"featured_media":0,"parent":2258,"menu_order":1,"comment_status":"open","ping_status":"open","template":"full-width-page.php","meta":{"_mo_disable_npp":"","jetpack_post_was_ever_published":false,"footnotes":""},"class_list":["post-2262","page","type-page","status-publish","hentry"],"jetpack_sharing_enabled":true,"jetpack_shortlink":"https:\/\/wp.me\/P3QNY7-Au","jetpack_likes_enabled":true,"jetpack-related-posts":[{"id":2258,"url":"https:\/\/vynz100photo.fr\/blog\/voyages\/chine\/cinq-jours-a-hong-kong\/","url_meta":{"origin":2262,"position":0},"title":"Cinq jours \u00e0 Hong-Kong","author":"Vincent","date":"20 f\u00e9vrier 2014","format":false,"excerpt":"\u00a0 \u00a0 Les vacances du Nouvel An chinois sont toujours assez particuli\u00e8res: 3 semaines \u00e0 Shanghai, avec la plus grande migration annuelle de personnes au monde... Du coup, on h\u00e9site souvent \u00e0 partir. L\u00e0, on avait d\u00e9cid\u00e9 de rester \u00e0 la maison pour se reposer, mais une matin\u00e9e de pollution\u2026","rel":"","context":"Article similaire","block_context":{"text":"Article similaire","link":""},"img":{"alt_text":"","src":"","width":0,"height":0},"classes":[]},{"id":1359,"url":"https:\/\/vynz100photo.fr\/blog\/voyages\/chine\/en-route-vers-lanhui-29-sept-5-octobre\/la-foret-de-bambous-de-mukeng\/","url_meta":{"origin":2262,"position":1},"title":"La for\u00eat de bambous de Mukeng","author":"Vincent","date":"5 octobre 2013","format":false,"excerpt":"A quelques kilom\u00e8tres de Honcun, apr\u00e8s une route qui serpente entre les montagnes, on arrive \u00e0 un endroit assez diff\u00e9rent: le village de Mukeng. On essaie de fuir les hordes de touristes qui d\u00e9barquent dans ce joli coin de verdure en ce 1er octobre... L\u00e0 se dresse une for\u00eat de\u2026","rel":"","context":"Article similaire","block_context":{"text":"Article similaire","link":""},"img":{"alt_text":"20131001-IMG_4195","src":"https:\/\/i0.wp.com\/vynz100photo.fr\/blog\/wp-content\/uploads\/2013\/10\/20131001-IMG_4195.jpg?resize=350%2C200","width":350,"height":200,"srcset":"https:\/\/i0.wp.com\/vynz100photo.fr\/blog\/wp-content\/uploads\/2013\/10\/20131001-IMG_4195.jpg?resize=350%2C200 1x, https:\/\/i0.wp.com\/vynz100photo.fr\/blog\/wp-content\/uploads\/2013\/10\/20131001-IMG_4195.jpg?resize=525%2C300 1.5x"},"classes":[]},{"id":1345,"url":"https:\/\/vynz100photo.fr\/blog\/voyages\/chine\/en-route-vers-lanhui-29-sept-5-octobre\/","url_meta":{"origin":2262,"position":2},"title":"En route vers l&rsquo;Anhui! (29 sept \/ 5 octobre)","author":"Vincent","date":"4 octobre 2013","format":false,"excerpt":"Pour ces petites vacances de la F\u00eate Nationale Chinoise -aussi appel\u00e9e \"Golden Week\" puisque c'est l'un des deux moments ou tout le pays est en vacances- nous avons d\u00e9cid\u00e9 de partir \u00e0 450 kilom\u00e8tres \u00e0 l'ouest de Shanghai, dans la province de l'Anhui. \u00a0 L\u00e0, apr\u00e8s avoir pass\u00e9 quelques heures\u2026","rel":"","context":"Article similaire","block_context":{"text":"Article similaire","link":""},"img":{"alt_text":"","src":"","width":0,"height":0},"classes":[]},{"id":1357,"url":"https:\/\/vynz100photo.fr\/blog\/voyages\/chine\/en-route-vers-lanhui-29-sept-5-octobre\/honcun-paisible-cite-imperiale\/","url_meta":{"origin":2262,"position":3},"title":"Honcun, paisible cit\u00e9 imp\u00e9riale","author":"Vincent","date":"6 octobre 2013","format":false,"excerpt":"\u00a0 Il est 14h \u00e0 Tunxi... juste l'heure du bus pour Honcun (2 heures de trajet environ pour 35 RMB \u00e0 quatre), et nous voil\u00e0 en route. C'est un petit bus sans suspensions, les places sont petites et peu confortables, mais peu importe, ce sont les vacances! Et puis comme\u2026","rel":"","context":"Article similaire","block_context":{"text":"Article similaire","link":""},"img":{"alt_text":"20130930-IMG_4054","src":"https:\/\/i0.wp.com\/vynz100photo.fr\/blog\/wp-content\/uploads\/2013\/10\/20130930-IMG_4054.jpg?resize=350%2C200","width":350,"height":200,"srcset":"https:\/\/i0.wp.com\/vynz100photo.fr\/blog\/wp-content\/uploads\/2013\/10\/20130930-IMG_4054.jpg?resize=350%2C200 1x, https:\/\/i0.wp.com\/vynz100photo.fr\/blog\/wp-content\/uploads\/2013\/10\/20130930-IMG_4054.jpg?resize=525%2C300 1.5x"},"classes":[]},{"id":941,"url":"https:\/\/vynz100photo.fr\/blog\/voyages\/japon-hokkaido\/pause-a-ashibetsu-15-juillet\/","url_meta":{"origin":2262,"position":4},"title":"Pause \u00e0 Ashibetsu (15 juillet)","author":"Vincent","date":"15 ao\u00fbt 2013","format":false,"excerpt":"Ouf, le camping est parfait: grand, ombrag\u00e9, avec douches et machine \u00e0 laver, des prises \u00e9lectriques pour recharger les batteries des appareils photos, et le meilleur: il est vide d\u00e8s que le week-end se termine... Ce soir-l\u00e0, les filles se font plein de copains: les enfants ont des filets \u00e0\u2026","rel":"","context":"Article similaire","block_context":{"text":"Article similaire","link":""},"img":{"alt_text":"ashibetsu","src":"https:\/\/i0.wp.com\/vynz100photo.fr\/blog\/wp-content\/uploads\/2013\/08\/ashibetsu-1024x770.jpg?resize=350%2C200","width":350,"height":200,"srcset":"https:\/\/i0.wp.com\/vynz100photo.fr\/blog\/wp-content\/uploads\/2013\/08\/ashibetsu-1024x770.jpg?resize=350%2C200 1x, https:\/\/i0.wp.com\/vynz100photo.fr\/blog\/wp-content\/uploads\/2013\/08\/ashibetsu-1024x770.jpg?resize=525%2C300 1.5x, https:\/\/i0.wp.com\/vynz100photo.fr\/blog\/wp-content\/uploads\/2013\/08\/ashibetsu-1024x770.jpg?resize=700%2C400 2x"},"classes":[]},{"id":710,"url":"https:\/\/vynz100photo.fr\/blog\/voyages\/japon-hokkaido\/furano-14-juillet\/","url_meta":{"origin":2262,"position":5},"title":"Furano (14 juillet)","author":"Vincent","date":"15 ao\u00fbt 2013","format":false,"excerpt":"Il est d\u00e9j\u00e0 temps de quitter le lac Toya... direction plein est, o\u00f9 nous voulons visiter les champs de lavande de Furano, avec ces couleurs incroyables dont on retrouve de nombreux clich\u00e9s sur la toile... Il faut d\u00e9monter les tentes, prendre un petit d\u00e9jeuner... ah non on n'a plus rien,\u2026","rel":"","context":"Article similaire","block_context":{"text":"Article similaire","link":""},"img":{"alt_text":"furano","src":"https:\/\/i0.wp.com\/vynz100photo.fr\/blog\/wp-content\/uploads\/2013\/08\/furano-1024x770.jpg?resize=350%2C200","width":350,"height":200,"srcset":"https:\/\/i0.wp.com\/vynz100photo.fr\/blog\/wp-content\/uploads\/2013\/08\/furano-1024x770.jpg?resize=350%2C200 1x, https:\/\/i0.wp.com\/vynz100photo.fr\/blog\/wp-content\/uploads\/2013\/08\/furano-1024x770.jpg?resize=525%2C300 1.5x, https:\/\/i0.wp.com\/vynz100photo.fr\/blog\/wp-content\/uploads\/2013\/08\/furano-1024x770.jpg?resize=700%2C400 2x"},"classes":[]}],"_links":{"self":[{"href":"https:\/\/vynz100photo.fr\/blog\/wp-json\/wp\/v2\/pages\/2262","targetHints":{"allow":["GET"]}}],"collection":[{"href":"https:\/\/vynz100photo.fr\/blog\/wp-json\/wp\/v2\/pages"}],"about":[{"href":"https:\/\/vynz100photo.fr\/blog\/wp-json\/wp\/v2\/types\/page"}],"author":[{"embeddable":true,"href":"https:\/\/vynz100photo.fr\/blog\/wp-json\/wp\/v2\/users\/1"}],"replies":[{"embeddable":true,"href":"https:\/\/vynz100photo.fr\/blog\/wp-json\/wp\/v2\/comments?post=2262"}],"version-history":[{"count":0,"href":"https:\/\/vynz100photo.fr\/blog\/wp-json\/wp\/v2\/pages\/2262\/revisions"}],"up":[{"embeddable":true,"href":"https:\/\/vynz100photo.fr\/blog\/wp-json\/wp\/v2\/pages\/2258"}],"wp:attachment":[{"href":"https:\/\/vynz100photo.fr\/blog\/wp-json\/wp\/v2\/media?parent=2262"}],"curies":[{"name":"wp","href":"https:\/\/api.w.org\/{rel}","templated":true}]}}