{"id":2258,"date":"2014-02-20T11:42:33","date_gmt":"2014-02-20T03:42:33","guid":{"rendered":"http:\/\/vynz100photo.fr\/blog\/?page_id=2258"},"modified":"2014-02-20T13:07:34","modified_gmt":"2014-02-20T05:07:34","slug":"cinq-jours-a-hong-kong","status":"publish","type":"page","link":"https:\/\/vynz100photo.fr\/blog\/voyages\/chine\/cinq-jours-a-hong-kong\/","title":{"rendered":"Cinq jours \u00e0 Hong-Kong"},"content":{"rendered":"<p>&nbsp;<\/p>\n<p>&nbsp;<\/p>\n<p>Les vacances du Nouvel An chinois sont toujours assez particuli\u00e8res: 3 semaines \u00e0 Shanghai, avec la plus grande migration annuelle de personnes au monde&#8230;<\/p>\n<p>Du coup, on h\u00e9site souvent \u00e0 partir. L\u00e0, on avait d\u00e9cid\u00e9 de rester \u00e0 la maison pour se reposer, mais une matin\u00e9e de pollution nous a convaincus&#8230; on prend un billet pour l&rsquo;apr\u00e8s-midi (merci DragonAir), on se d\u00e9p\u00eache de faire les valises, on court \u00e0 l&rsquo;a\u00e9roport et on d\u00e9colle!<\/p>\n<p>Au programme: deux jours <a href=\"http:\/\/wp.me\/P3QNY7-Au\">sur l&rsquo;\u00eele de Lantau<\/a>, \u00e0 l&rsquo;ouest de HK, puis des promenades sur Kowloon et Hong-Kong, entre ville grouillante et montagnes paisibles&#8230;<\/p>\n","protected":false},"excerpt":{"rendered":"<p>&nbsp; &nbsp; Les vacances du Nouvel An chinois sont toujours assez particuli\u00e8res: 3 semaines \u00e0 Shanghai, avec la plus grande migration annuelle de personnes au monde&#8230; Du coup, on h\u00e9site souvent \u00e0 partir. L\u00e0, on avait d\u00e9cid\u00e9 de rester \u00e0 la maison pour se reposer, mais une matin\u00e9e de pollution nous a convaincus&#8230; on prend [&hellip;]<\/p>\n","protected":false},"author":1,"featured_media":0,"parent":634,"menu_order":4,"comment_status":"open","ping_status":"open","template":"full-width-page.php","meta":{"_mo_disable_npp":"","jetpack_post_was_ever_published":false,"footnotes":""},"class_list":["post-2258","page","type-page","status-publish","hentry"],"jetpack_sharing_enabled":true,"jetpack_shortlink":"https:\/\/wp.me\/P3QNY7-Aq","jetpack_likes_enabled":true,"jetpack-related-posts":[{"id":2262,"url":"https:\/\/vynz100photo.fr\/blog\/voyages\/chine\/cinq-jours-a-hong-kong\/lantau-et-le-village-de-tai-o\/","url_meta":{"origin":2258,"position":0},"title":"Lantau et le village de Tai O","author":"Vincent","date":"20 f\u00e9vrier 2014","format":false,"excerpt":"","rel":"","context":"Article similaire","block_context":{"text":"Article similaire","link":""},"img":{"alt_text":"20140121-IMG_6298","src":"https:\/\/i0.wp.com\/vynz100photo.fr\/blog\/wp-content\/uploads\/2014\/01\/20140121-IMG_6298.jpg?resize=350%2C200","width":350,"height":200,"srcset":"https:\/\/i0.wp.com\/vynz100photo.fr\/blog\/wp-content\/uploads\/2014\/01\/20140121-IMG_6298.jpg?resize=350%2C200 1x, https:\/\/i0.wp.com\/vynz100photo.fr\/blog\/wp-content\/uploads\/2014\/01\/20140121-IMG_6298.jpg?resize=525%2C300 1.5x"},"classes":[]},{"id":3928,"url":"https:\/\/vynz100photo.fr\/blog\/voyages\/un-pied-en-europe-ou-10-jours-a-istanbul\/","url_meta":{"origin":2258,"position":1},"title":"Un pied en Europe ou 10 jours \u00e0 Istanbul","author":"Vincent","date":"23 avril 2015","format":false,"excerpt":"\u00a0 Que faire depuis le Qatar en avril, alors que les temp\u00e9ratures montent franchement et qu'on a un b\u00e9b\u00e9 d'un an? Comme cela faisait longtemps que le cousin Jules de Toulouse n'avait pas vu sa famille arabe, on s'est d\u00e9cid\u00e9s pour une destination \u00e0 mi-chemin: Istanbul! Au programme, le centre\u2026","rel":"","context":"Article similaire","block_context":{"text":"Article similaire","link":""},"img":{"alt_text":"20150417-IMG_5412","src":"https:\/\/i0.wp.com\/vynz100photo.fr\/blog\/wp-content\/uploads\/2015\/04\/20150417-IMG_5412.jpg?resize=350%2C200","width":350,"height":200,"srcset":"https:\/\/i0.wp.com\/vynz100photo.fr\/blog\/wp-content\/uploads\/2015\/04\/20150417-IMG_5412.jpg?resize=350%2C200 1x, https:\/\/i0.wp.com\/vynz100photo.fr\/blog\/wp-content\/uploads\/2015\/04\/20150417-IMG_5412.jpg?resize=525%2C300 1.5x, https:\/\/i0.wp.com\/vynz100photo.fr\/blog\/wp-content\/uploads\/2015\/04\/20150417-IMG_5412.jpg?resize=700%2C400 2x"},"classes":[]},{"id":630,"url":"https:\/\/vynz100photo.fr\/blog\/voyages\/japon-hokkaido\/","url_meta":{"origin":2258,"position":2},"title":"Japon &#8211; Hokkaido","author":"Vincent","date":"3 ao\u00fbt 2013","format":false,"excerpt":"Ce mois de juillet 2013 a \u00e9t\u00e9 presque int\u00e9gralement consacr\u00e9 \u00e0 un petit voyage familial, sur l'\u00eele d'Hokkaido au nord du Japon. Ici, pas de mousson tropicale, pas de pics de pollution, pas de scandales alimentaires... air pur, volcans en activit\u00e9, randonn\u00e9es seront au menu de ces 22 jours! Pourquoi\u2026","rel":"","context":"Article similaire","block_context":{"text":"Article similaire","link":""},"img":{"alt_text":"carte hokkaido5","src":"https:\/\/i0.wp.com\/vynz100photo.fr\/blog\/wp-content\/uploads\/2013\/08\/carte-hokkaido5.jpg?resize=350%2C200","width":350,"height":200,"srcset":"https:\/\/i0.wp.com\/vynz100photo.fr\/blog\/wp-content\/uploads\/2013\/08\/carte-hokkaido5.jpg?resize=350%2C200 1x, https:\/\/i0.wp.com\/vynz100photo.fr\/blog\/wp-content\/uploads\/2013\/08\/carte-hokkaido5.jpg?resize=525%2C300 1.5x, https:\/\/i0.wp.com\/vynz100photo.fr\/blog\/wp-content\/uploads\/2013\/08\/carte-hokkaido5.jpg?resize=700%2C400 2x, https:\/\/i0.wp.com\/vynz100photo.fr\/blog\/wp-content\/uploads\/2013\/08\/carte-hokkaido5.jpg?resize=1050%2C600 3x, https:\/\/i0.wp.com\/vynz100photo.fr\/blog\/wp-content\/uploads\/2013\/08\/carte-hokkaido5.jpg?resize=1400%2C800 4x"},"classes":[]},{"id":644,"url":"https:\/\/vynz100photo.fr\/blog\/recettes\/cake-aux-agrumes-confits\/","url_meta":{"origin":2258,"position":3},"title":"Cake aux agrumes confits","author":"Vincent","date":"3 ao\u00fbt 2013","format":false,"excerpt":"Cette fois-ci, on va faire plus simple, mais au moins aussi bon... nouveau week-end, nouvelle recette! Un dessert qui n\u00e9cessite du rhum et du temps, deux denr\u00e9es qui nous ont manqu\u00e9 l'ann\u00e9e derni\u00e8re! C'est donc parti pour un plat familial, qui devient meilleur apr\u00e8s un ou deux jours (le plus\u2026","rel":"","context":"Article similaire","block_context":{"text":"Article similaire","link":""},"img":{"alt_text":"","src":"https:\/\/i0.wp.com\/2.bp.blogspot.com\/-jf8CrO4zd-w\/TnxsOM7q8wI\/AAAAAAAAIEk\/RovbskDfCYI\/s640\/IMG_1198.jpg?resize=350%2C200","width":350,"height":200},"classes":[]},{"id":4319,"url":"https:\/\/vynz100photo.fr\/blog\/voyages\/voyage-en-terre-australe-lafrique-du-sud\/7-10-avril-dans-les-collines-de-citrusdal-cederberg\/","url_meta":{"origin":2258,"position":4},"title":"7-10 avril: dans les collines de Citrusdal (Cederberg)","author":"Vincent","date":"28 mai 2017","format":false,"excerpt":"Vendredi 7 avril 2017 - l'arriv\u00e9e Apr\u00e8s 9h30 de vol (Qatar Airways, le plus court), on arrive enfin \u00e0 l'a\u00e9roport de Capetown (ou Le Cap). Le temps de passer les formalit\u00e9s administratives, de prendre la voiture de location (qui est plus petite que pr\u00e9vue et donc tr\u00e8s bien remplie), et\u2026","rel":"","context":"Article similaire","block_context":{"text":"Article similaire","link":""},"img":{"alt_text":"","src":"https:\/\/i0.wp.com\/vynz100photo.fr\/blog\/wp-content\/uploads\/2017\/05\/20170407-IMG_2864.jpg?resize=350%2C200","width":350,"height":200,"srcset":"https:\/\/i0.wp.com\/vynz100photo.fr\/blog\/wp-content\/uploads\/2017\/05\/20170407-IMG_2864.jpg?resize=350%2C200 1x, https:\/\/i0.wp.com\/vynz100photo.fr\/blog\/wp-content\/uploads\/2017\/05\/20170407-IMG_2864.jpg?resize=525%2C300 1.5x, https:\/\/i0.wp.com\/vynz100photo.fr\/blog\/wp-content\/uploads\/2017\/05\/20170407-IMG_2864.jpg?resize=700%2C400 2x"},"classes":[]},{"id":4310,"url":"https:\/\/vynz100photo.fr\/blog\/voyages\/voyage-en-terre-australe-lafrique-du-sud\/","url_meta":{"origin":2258,"position":5},"title":"Voyage en terre australe: l&rsquo;Afrique du Sud","author":"Vincent","date":"28 mai 2017","format":false,"excerpt":"7 au 21 avril 2017 - Province du Cap Occidental \u00a0 Nous avons choisi une destination lointaine et verdoyante pour ces vacances d'avril... L'Afrique du Sud \u00e9tant un pays particuli\u00e8rement gigantesque, nous nous sommes cantonn\u00e9s pour ces 15 jours \u00e0 la Province du Cap Occidental, qui conjugue \u00e0 la fois\u2026","rel":"","context":"Article similaire","block_context":{"text":"Article similaire","link":""},"img":{"alt_text":"","src":"https:\/\/i0.wp.com\/vynz100photo.fr\/blog\/wp-content\/uploads\/2017\/05\/20170412-IMG_3481.jpg?fit=1024%2C683&ssl=1&resize=350%2C200","width":350,"height":200,"srcset":"https:\/\/i0.wp.com\/vynz100photo.fr\/blog\/wp-content\/uploads\/2017\/05\/20170412-IMG_3481.jpg?fit=1024%2C683&ssl=1&resize=350%2C200 1x, https:\/\/i0.wp.com\/vynz100photo.fr\/blog\/wp-content\/uploads\/2017\/05\/20170412-IMG_3481.jpg?fit=1024%2C683&ssl=1&resize=525%2C300 1.5x, https:\/\/i0.wp.com\/vynz100photo.fr\/blog\/wp-content\/uploads\/2017\/05\/20170412-IMG_3481.jpg?fit=1024%2C683&ssl=1&resize=700%2C400 2x"},"classes":[]}],"_links":{"self":[{"href":"https:\/\/vynz100photo.fr\/blog\/wp-json\/wp\/v2\/pages\/2258","targetHints":{"allow":["GET"]}}],"collection":[{"href":"https:\/\/vynz100photo.fr\/blog\/wp-json\/wp\/v2\/pages"}],"about":[{"href":"https:\/\/vynz100photo.fr\/blog\/wp-json\/wp\/v2\/types\/page"}],"author":[{"embeddable":true,"href":"https:\/\/vynz100photo.fr\/blog\/wp-json\/wp\/v2\/users\/1"}],"replies":[{"embeddable":true,"href":"https:\/\/vynz100photo.fr\/blog\/wp-json\/wp\/v2\/comments?post=2258"}],"version-history":[{"count":0,"href":"https:\/\/vynz100photo.fr\/blog\/wp-json\/wp\/v2\/pages\/2258\/revisions"}],"up":[{"embeddable":true,"href":"https:\/\/vynz100photo.fr\/blog\/wp-json\/wp\/v2\/pages\/634"}],"wp:attachment":[{"href":"https:\/\/vynz100photo.fr\/blog\/wp-json\/wp\/v2\/media?parent=2258"}],"curies":[{"name":"wp","href":"https:\/\/api.w.org\/{rel}","templated":true}]}}