{"id":2096,"date":"2014-01-11T18:30:15","date_gmt":"2014-01-11T10:30:15","guid":{"rendered":"http:\/\/vynz100photo.fr\/blog\/?page_id=2096"},"modified":"2018-08-26T21:26:09","modified_gmt":"2018-08-27T02:26:09","slug":"zeiss-distagon-t-21mm-f28-ze","status":"publish","type":"page","link":"https:\/\/vynz100photo.fr\/blog\/photographie\/test-de-materiel\/objectifs\/zeiss-distagon-t-21mm-f28-ze\/","title":{"rendered":"ZEISS Distagon T* 21mm f\/2,8 ZE"},"content":{"rendered":"<div id=\"attachment_2099\" style=\"width: 469px\" class=\"wp-caption aligncenter\"><img data-recalc-dims=\"1\" loading=\"lazy\" decoding=\"async\" aria-describedby=\"caption-attachment-2099\" data-attachment-id=\"2099\" data-permalink=\"https:\/\/vynz100photo.fr\/blog\/photographie\/test-de-materiel\/objectifs\/zeiss-distagon-t-21mm-f28-ze\/d3s_8555-1200\/\" data-orig-file=\"https:\/\/i0.wp.com\/vynz100photo.fr\/blog\/wp-content\/uploads\/2014\/01\/D3S_8555-1200.jpg?fit=656%2C800&amp;ssl=1\" data-orig-size=\"656,800\" data-comments-opened=\"1\" data-image-meta=\"{&quot;aperture&quot;:&quot;0&quot;,&quot;credit&quot;:&quot;&quot;,&quot;camera&quot;:&quot;&quot;,&quot;caption&quot;:&quot;&quot;,&quot;created_timestamp&quot;:&quot;0&quot;,&quot;copyright&quot;:&quot;&quot;,&quot;focal_length&quot;:&quot;0&quot;,&quot;iso&quot;:&quot;0&quot;,&quot;shutter_speed&quot;:&quot;0&quot;,&quot;title&quot;:&quot;&quot;}\" data-image-title=\"D3S_8555-1200\" data-image-description=\"\" data-image-caption=\"&lt;p&gt;L&amp;rsquo;imposant Zeiss Distagon T* 21mm f\/2.8 ZE&lt;\/p&gt;\n\" data-large-file=\"https:\/\/i0.wp.com\/vynz100photo.fr\/blog\/wp-content\/uploads\/2014\/01\/D3S_8555-1200.jpg?fit=656%2C800&amp;ssl=1\" class=\" wp-image-2099 \" src=\"https:\/\/i0.wp.com\/vynz100photo.fr\/blog\/wp-content\/uploads\/2014\/01\/D3S_8555-1200.jpg?resize=459%2C560&#038;ssl=1\" alt=\"L'imposant Zeiss Distagon T* 21mm f\/2.8 ZE\" width=\"459\" height=\"560\" srcset=\"https:\/\/i0.wp.com\/vynz100photo.fr\/blog\/wp-content\/uploads\/2014\/01\/D3S_8555-1200.jpg?w=656&amp;ssl=1 656w, https:\/\/i0.wp.com\/vynz100photo.fr\/blog\/wp-content\/uploads\/2014\/01\/D3S_8555-1200.jpg?resize=246%2C300&amp;ssl=1 246w\" sizes=\"auto, (max-width: 459px) 100vw, 459px\" \/><p id=\"caption-attachment-2099\" class=\"wp-caption-text\">L&rsquo;imposant Zeiss Distagon T* 21mm f\/2.8 ZE<\/p><\/div>\n<div style=\"text-align: justify;\">\n<h2><span style=\"color: #ff6600;\">Caract\u00e9ristiques<\/span><\/h2>\n<p><span style=\"text-decoration: underline;\">Poids<\/span>: 720 g<\/p>\n<p>&nbsp;<\/p>\n<\/div>\n<p style=\"text-align: justify;\"><span style=\"text-decoration: underline;\">Prix<\/span>:\u00a01600\u20ac environ<\/p>\n<p style=\"text-align: justify;\">Un des grands angles de la gamme Zeiss pour Canon avec le dispendieux 15mm et le presque jumeau 18mm. Cette focale est plus facile \u00e0 utiliser que ces derniers, qualifi\u00e9s d&rsquo;ultra-grands angles&#8230;<\/p>\n<p style=\"text-align: justify;\">Comme les autres objectifs de la marque allemande, la\u00a0<strong>mise au point<\/strong>\u00a0se fait\u00a0<strong>manuellement<\/strong>, il n&rsquo;y a pas d&rsquo;autofocus et tout est donc pr\u00e9vu pour utiliser la main pour ce faire&#8230; c&rsquo;est un point qu&rsquo;il faut souligner, m\u00eame si en pratique ce n&rsquo;est pas tr\u00e8s g\u00eanant aec un grand-angle qui a par d\u00e9finition <strong>une profondeur de champ importante<\/strong>!<\/p>\n<h2 style=\"text-align: justify;\"><span style=\"color: #ff6600;\">Construction<\/span><\/h2>\n<p style=\"text-align: justify;\">Avec ses objectifs d\u00e9di\u00e9s aux marques Canon et Nikon, Zeiss \u00a0fait du solide et du haut-de-gamme: un assemblage parfaitement ajust\u00e9 de verre et de m\u00e9tal,\u00a0<strong>extr\u00eamement bien fini<\/strong>. La bague de mise au point est large et bien proportionn\u00e9e, avec l&rsquo;onctuosit\u00e9 n\u00e9cessaire.<\/p>\n<p style=\"text-align: justify;\">La\u00a0<strong>lentille<\/strong>\u00a0est immense (82mm), mais parfaitement prot\u00e9g\u00e9e par le pare-soleil: elle est plane, et permet donc l&rsquo;utilisation de filtres (UV, polarisant, ND). Le flanc de l&rsquo;objectif est d\u00e9di\u00e9 \u00e0 l&rsquo;<strong>\u00e9chelle des distances<\/strong>, qui permet une\u00a0<strong>pr\u00e9cision \u00a0appr\u00e9ciable lors des plans rapproch\u00e9s<\/strong>. La course de la bague est plus longue pour les courtes distances que pour les longues, ce qui facilite son usage au quotidien, comme sur les autres Zeiss&#8230;<\/p>\n<p style=\"text-align: justify;\">Enfin, les prises de vue sont possibles d&rsquo;assez pr\u00e8s, puisque <strong>la distance de mise au point minimale est de 22 cm seulement<\/strong>&#8230;<\/p>\n<h2><span style=\"color: #ff6600;\">Sur le terrain<\/span><\/h2>\n<p style=\"text-align: justify;\">D\u00e8s les premiers clich\u00e9s c&rsquo;est un r\u00e9gal&#8230; s&rsquo;il n&rsquo;est pas facile de \u00ab\u00a0remplir\u00a0\u00bb correctement une image \u00e0 la focale 21mm (\u00e9quivalent \u00e0 14mm sur APS-C), dans le viseur c&rsquo;est d\u00e9j\u00e0 tr\u00e8s beau&#8230;<\/p>\n<p style=\"text-align: justify;\">Il est <strong>assez lourd<\/strong>, mais pour du paysage \u00e7a passe tr\u00e8s bien: sur tr\u00e9pied \u00e7a ne pose \u00e9videmment pas de souci&#8230; Je l&rsquo;utilise avec plaisir sur les <strong>poses longues<\/strong> (avec filtre ND), la nuit dans le d\u00e9sert, ou sur les plages ensoleill\u00e9es (son premier voyage fut Zanzibar).<\/p>\n<p style=\"text-align: justify;\">Dans la pratique c&rsquo;est tr\u00e8s facile \u00e0 utiliser, il suffit de fermer un peu le diaphragme (genre f\/8) et de faire la mise au point \u00e0 l&rsquo;infini: tout sera net!<\/p>\n<p style=\"text-align: justify;\">Enfin, une fois arriv\u00e9 sur l&rsquo;\u00e9cran de l&rsquo;ordinateur, on reste <strong>dans le m\u00eame ordre qualitatif<\/strong>: les fichiers sont nets et contrast\u00e9s, avec <strong>ce rendu de couleur typiquement Zeiss<\/strong>. Il n&rsquo;y a presque pas de d\u00e9formation, les <strong>aberrations chromatiques sont inexistantes<\/strong>, le vignettage \u00e0 pleine ouverture est tr\u00e8s esth\u00e9tique&#8230;<\/p>\n<p style=\"text-align: justify;\">En d\u00e9finitive, cela ne demande que <strong>tr\u00e8s peu de travail en post-production<\/strong>. Mais quand c&rsquo;est le cas, la qualit\u00e9 des fichiers obtenus permet de fignoler les d\u00e9tails, les d\u00e9grad\u00e9s, le passage en N&amp;B est tr\u00e8s facile et on obtient de belles choses&#8230;<\/p>\n<h2><span style=\"font-size: 1.5em; line-height: 1.5em; color: #ff6600;\">Exemples<\/span><\/h2>\n<p><img data-recalc-dims=\"1\" loading=\"lazy\" decoding=\"async\" data-attachment-id=\"2164\" data-permalink=\"https:\/\/vynz100photo.fr\/blog\/photographie\/test-de-materiel\/objectifs\/zeiss-distagon-t-21mm-f28-ze\/20130720-img_2742\/\" data-orig-file=\"https:\/\/i0.wp.com\/vynz100photo.fr\/blog\/wp-content\/uploads\/2014\/01\/20130720-IMG_2742.jpg?fit=1024%2C683&amp;ssl=1\" data-orig-size=\"1024,683\" data-comments-opened=\"1\" data-image-meta=\"{&quot;aperture&quot;:&quot;8&quot;,&quot;credit&quot;:&quot;12 03:32:02&quot;,&quot;camera&quot;:&quot;&quot;,&quot;caption&quot;:&quot;&quot;,&quot;created_timestamp&quot;:&quot;1374330747&quot;,&quot;copyright&quot;:&quot;ent Verger&quot;,&quot;focal_length&quot;:&quot;21&quot;,&quot;iso&quot;:&quot;100&quot;,&quot;shutter_speed&quot;:&quot;0.0125&quot;,&quot;title&quot;:&quot;&quot;}\" data-image-title=\"20130720-IMG_2742\" data-image-description=\"\" data-image-caption=\"\" data-large-file=\"https:\/\/i0.wp.com\/vynz100photo.fr\/blog\/wp-content\/uploads\/2014\/01\/20130720-IMG_2742.jpg?fit=800%2C534&amp;ssl=1\" class=\"aligncenter size-full wp-image-2164\" src=\"https:\/\/i0.wp.com\/vynz100photo.fr\/blog\/wp-content\/uploads\/2014\/01\/20130720-IMG_2742.jpg?resize=800%2C534&#038;ssl=1\" alt=\"20130720-IMG_2742\" width=\"800\" height=\"534\" srcset=\"https:\/\/i0.wp.com\/vynz100photo.fr\/blog\/wp-content\/uploads\/2014\/01\/20130720-IMG_2742.jpg?w=1024&amp;ssl=1 1024w, https:\/\/i0.wp.com\/vynz100photo.fr\/blog\/wp-content\/uploads\/2014\/01\/20130720-IMG_2742.jpg?resize=300%2C200&amp;ssl=1 300w, https:\/\/i0.wp.com\/vynz100photo.fr\/blog\/wp-content\/uploads\/2014\/01\/20130720-IMG_2742.jpg?resize=900%2C600&amp;ssl=1 900w\" sizes=\"auto, (max-width: 800px) 100vw, 800px\" \/><img data-recalc-dims=\"1\" loading=\"lazy\" decoding=\"async\" data-attachment-id=\"1934\" data-permalink=\"https:\/\/vynz100photo.fr\/blog\/une-journee-a-la-baule\/20131226-img_5497\/\" data-orig-file=\"https:\/\/i0.wp.com\/vynz100photo.fr\/blog\/wp-content\/uploads\/2013\/12\/20131226-IMG_5497.jpg?fit=683%2C1024&amp;ssl=1\" data-orig-size=\"683,1024\" data-comments-opened=\"1\" data-image-meta=\"{&quot;aperture&quot;:&quot;2.8&quot;,&quot;credit&quot;:&quot;&quot;,&quot;camera&quot;:&quot;Canon EOS 5D Mark II&quot;,&quot;caption&quot;:&quot;&quot;,&quot;created_timestamp&quot;:&quot;1388074661&quot;,&quot;copyright&quot;:&quot;Vincent Verger&quot;,&quot;focal_length&quot;:&quot;21&quot;,&quot;iso&quot;:&quot;100&quot;,&quot;shutter_speed&quot;:&quot;0.000625&quot;,&quot;title&quot;:&quot;&quot;}\" data-image-title=\"20131226-IMG_5497\" data-image-description=\"\" data-image-caption=\"\" data-large-file=\"https:\/\/i0.wp.com\/vynz100photo.fr\/blog\/wp-content\/uploads\/2013\/12\/20131226-IMG_5497.jpg?fit=683%2C1024&amp;ssl=1\" class=\"aligncenter size-full wp-image-1934\" src=\"https:\/\/i0.wp.com\/vynz100photo.fr\/blog\/wp-content\/uploads\/2013\/12\/20131226-IMG_5497.jpg?resize=683%2C1024&#038;ssl=1\" alt=\"20131226-IMG_5497\" width=\"683\" height=\"1024\" srcset=\"https:\/\/i0.wp.com\/vynz100photo.fr\/blog\/wp-content\/uploads\/2013\/12\/20131226-IMG_5497.jpg?w=683&amp;ssl=1 683w, https:\/\/i0.wp.com\/vynz100photo.fr\/blog\/wp-content\/uploads\/2013\/12\/20131226-IMG_5497.jpg?resize=200%2C300&amp;ssl=1 200w\" sizes=\"auto, (max-width: 683px) 100vw, 683px\" \/> <img data-recalc-dims=\"1\" loading=\"lazy\" decoding=\"async\" data-attachment-id=\"1430\" data-permalink=\"https:\/\/vynz100photo.fr\/blog\/voyages\/chine\/en-route-vers-lanhui-29-sept-5-octobre\/honcun-paisible-cite-imperiale\/20130930-img_4049\/\" data-orig-file=\"https:\/\/i0.wp.com\/vynz100photo.fr\/blog\/wp-content\/uploads\/2013\/10\/20130930-IMG_4049.jpg?fit=1024%2C535&amp;ssl=1\" data-orig-size=\"1024,535\" data-comments-opened=\"1\" data-image-meta=\"{&quot;aperture&quot;:&quot;22&quot;,&quot;credit&quot;:&quot;&quot;,&quot;camera&quot;:&quot;Canon EOS 5D Mark II&quot;,&quot;caption&quot;:&quot;&quot;,&quot;created_timestamp&quot;:&quot;1380560842&quot;,&quot;copyright&quot;:&quot;Vincent Verger&quot;,&quot;focal_length&quot;:&quot;21&quot;,&quot;iso&quot;:&quot;100&quot;,&quot;shutter_speed&quot;:&quot;0.05&quot;,&quot;title&quot;:&quot;&quot;}\" data-image-title=\"20130930-IMG_4049\" data-image-description=\"\" data-image-caption=\"\" data-large-file=\"https:\/\/i0.wp.com\/vynz100photo.fr\/blog\/wp-content\/uploads\/2013\/10\/20130930-IMG_4049.jpg?fit=800%2C418&amp;ssl=1\" class=\"aligncenter size-full wp-image-1430\" src=\"https:\/\/i0.wp.com\/vynz100photo.fr\/blog\/wp-content\/uploads\/2013\/10\/20130930-IMG_4049.jpg?resize=800%2C418&#038;ssl=1\" alt=\"20130930-IMG_4049\" width=\"800\" height=\"418\" srcset=\"https:\/\/i0.wp.com\/vynz100photo.fr\/blog\/wp-content\/uploads\/2013\/10\/20130930-IMG_4049.jpg?w=1024&amp;ssl=1 1024w, https:\/\/i0.wp.com\/vynz100photo.fr\/blog\/wp-content\/uploads\/2013\/10\/20130930-IMG_4049.jpg?resize=300%2C156&amp;ssl=1 300w\" sizes=\"auto, (max-width: 800px) 100vw, 800px\" \/> <img data-recalc-dims=\"1\" loading=\"lazy\" decoding=\"async\" data-attachment-id=\"776\" data-permalink=\"https:\/\/vynz100photo.fr\/blog\/photographie\/test-de-materiel\/objectifs\/zeiss-distagon-t-21mm-f28-ze\/20130711-img_2005-2-2\/\" data-orig-file=\"https:\/\/i0.wp.com\/vynz100photo.fr\/blog\/wp-content\/uploads\/2013\/08\/20130711-IMG_2005-21.jpg?fit=683%2C1024&amp;ssl=1\" data-orig-size=\"683,1024\" data-comments-opened=\"1\" data-image-meta=\"{&quot;aperture&quot;:&quot;2.8&quot;,&quot;credit&quot;:&quot;Vincent Verger&quot;,&quot;camera&quot;:&quot;Canon EOS 5D Mark II&quot;,&quot;caption&quot;:&quot;&quot;,&quot;created_timestamp&quot;:&quot;1373512345&quot;,&quot;copyright&quot;:&quot;Vincent Verger&quot;,&quot;focal_length&quot;:&quot;21&quot;,&quot;iso&quot;:&quot;400&quot;,&quot;shutter_speed&quot;:&quot;136&quot;,&quot;title&quot;:&quot;&quot;}\" data-image-title=\"20130711-IMG_2005-2\" data-image-description=\"\" data-image-caption=\"\" data-large-file=\"https:\/\/i0.wp.com\/vynz100photo.fr\/blog\/wp-content\/uploads\/2013\/08\/20130711-IMG_2005-21.jpg?fit=683%2C1024&amp;ssl=1\" class=\"aligncenter size-full wp-image-776\" src=\"https:\/\/i0.wp.com\/vynz100photo.fr\/blog\/wp-content\/uploads\/2013\/08\/20130711-IMG_2005-21.jpg?resize=683%2C1024&#038;ssl=1\" alt=\"20130711-IMG_2005-2\" width=\"683\" height=\"1024\" srcset=\"https:\/\/i0.wp.com\/vynz100photo.fr\/blog\/wp-content\/uploads\/2013\/08\/20130711-IMG_2005-21.jpg?w=683&amp;ssl=1 683w, https:\/\/i0.wp.com\/vynz100photo.fr\/blog\/wp-content\/uploads\/2013\/08\/20130711-IMG_2005-21.jpg?resize=200%2C300&amp;ssl=1 200w\" sizes=\"auto, (max-width: 683px) 100vw, 683px\" \/><\/p>\n<h2><\/h2>\n<h2><span style=\"color: #ff6600;\">Conclusion<\/span><\/h2>\n<p>Sans doute le meilleur grand-angle en monture Canon&#8230; il est lourd, cher, manuel, mais quel plaisir \u00e0 l&rsquo;usage! La plupart de mes images pr\u00e9f\u00e9r\u00e9es ont \u00e9t\u00e9 faites avec cet objectif&#8230;<\/p>\n<p>Si le poids, le prix et le c\u00f4t\u00e9 manuel ne rebutent pas, c&rsquo;est <strong>le caillou d\u00e9di\u00e9 au paysage \u00e0 poss\u00e9der absolument<\/strong>&#8230; sinon, on peut se tourner vers le Canon 17-40 f\/4 L ou vers le Voigtl\u00e4nder Color Skopar 20mm f\/3,5 SLII\u00a0qui est beaucoup plus discret.<\/p>\n","protected":false},"excerpt":{"rendered":"<p>Caract\u00e9ristiques Poids: 720 g &nbsp; Prix:\u00a01600\u20ac environ Un des grands angles de la gamme Zeiss pour Canon avec le dispendieux 15mm et le presque jumeau 18mm. Cette focale est plus facile \u00e0 utiliser que ces derniers, qualifi\u00e9s d&rsquo;ultra-grands angles&#8230; Comme les autres objectifs de la marque allemande, la\u00a0mise au point\u00a0se fait\u00a0manuellement, il n&rsquo;y a pas [&hellip;]<\/p>\n","protected":false},"author":1,"featured_media":0,"parent":814,"menu_order":6,"comment_status":"open","ping_status":"open","template":"full-width-page.php","meta":{"_mo_disable_npp":"","footnotes":""},"class_list":["post-2096","page","type-page","status-publish","hentry"],"jetpack_sharing_enabled":true,"jetpack_shortlink":"https:\/\/wp.me\/P3QNY7-xO","jetpack_likes_enabled":true,"jetpack-related-posts":[{"id":2004,"url":"https:\/\/vynz100photo.fr\/blog\/photographie\/test-de-materiel\/objectifs\/zeiss-distagon-t-35mm-f2-ze\/","url_meta":{"origin":2096,"position":0},"title":"ZEISS Distagon T* 35mm f\/2 ZE","author":"Vincent","date":"31 d\u00e9cembre 2013","format":false,"excerpt":"Caract\u00e9ristiques Poids: 570 g \u00a0 Prix:\u00a0900\u20ac environ Un des deux objectifs 35mm de la gamme Zeiss pour Canon avec le \u00a035mm f\/1,4. S'il est moins ouvert que ce dernier, il est aussi beaucoup plus l\u00e9ger et beaucoup moins cher! Comme les autres objectifs de la marque allemande, la\u00a0mise au point\u00a0se\u2026","rel":"","context":"Article similaire","block_context":{"text":"Article similaire","link":""},"img":{"alt_text":"Zeiss Distagon T* 35mm f\/2","src":"https:\/\/i0.wp.com\/vynz100photo.fr\/blog\/wp-content\/uploads\/2013\/12\/ZEISS1762850.jpg?resize=350%2C200","width":350,"height":200},"classes":[]},{"id":814,"url":"https:\/\/vynz100photo.fr\/blog\/photographie\/test-de-materiel\/objectifs\/","url_meta":{"origin":2096,"position":1},"title":"Objectifs","author":"Vincent","date":"7 ao\u00fbt 2013","format":false,"excerpt":"Quelques retours d'objectifs que j'ai poss\u00e9d\u00e9s ou test\u00e9s... Au menu, des focales fixes, qui peuvent aller tout aussi bien sur un r\u00e9flex Canon APS-C qu'un 24x36: - Canon EF 28 mm f\/2,8, - Canon\u00a0EF 35mm f\/2, - Canon EF 40mm f\/2,8, - Canon\u00a0EF 50mm f\/1,8, - Canon\u00a0EF 85mm f\/1,8 USM,\u2026","rel":"","context":"Article similaire","block_context":{"text":"Article similaire","link":""},"img":{"alt_text":"","src":"","width":0,"height":0},"classes":[]},{"id":1221,"url":"https:\/\/vynz100photo.fr\/blog\/photographie\/test-de-materiel\/objectifs\/zeiss-makro-planar-t-50mm-f2-ze\/","url_meta":{"origin":2096,"position":2},"title":"ZEISS Makro-Planar T* 50mm f2 ZE","author":"Vincent","date":"1 septembre 2013","format":false,"excerpt":"\u00a0 Caract\u00e9ristiques Poids: 570 g \u00a0 Prix:\u00a01100\u20ac environ Un des deux objectifs 50mm de la gamme Zeiss pour Canon avec le Planar 50mm f\/1,4. Les Makro Planar ont la possibilit\u00e9 de faire des plans tr\u00e8s rapproch\u00e9s (1:2) que n'ont pas les autres objectifs de la marque allemande. Comme ces derniers,\u2026","rel":"","context":"Avec 1 commentaire","block_context":{"text":"Avec 1 commentaire","link":"https:\/\/vynz100photo.fr\/blog\/photographie\/test-de-materiel\/objectifs\/zeiss-makro-planar-t-50mm-f2-ze\/#comments"},"img":{"alt_text":"Le ZEISS Makro-Planar T* 50mm f2","src":"https:\/\/i0.wp.com\/vynz100photo.fr\/blog\/wp-content\/uploads\/2013\/09\/261882-big.jpg?resize=350%2C200","width":350,"height":200,"srcset":"https:\/\/i0.wp.com\/vynz100photo.fr\/blog\/wp-content\/uploads\/2013\/09\/261882-big.jpg?resize=350%2C200 1x, https:\/\/i0.wp.com\/vynz100photo.fr\/blog\/wp-content\/uploads\/2013\/09\/261882-big.jpg?resize=525%2C300 1.5x"},"classes":[]},{"id":778,"url":"https:\/\/vynz100photo.fr\/blog\/about\/notre-equipement-photographique\/","url_meta":{"origin":2096,"position":3},"title":"Notre \u00e9quipement photographique","author":"Vincent","date":"6 ao\u00fbt 2013","format":false,"excerpt":"Bien \u00e9videmment, ce n'est pas l'\u00e9quipement photographique qui fait la photo, mais le photographe. Le mat\u00e9riel permet de s'affranchir de certaines limites, de composer diff\u00e9remment et de jouer avec plus de cr\u00e9ativit\u00e9... Les images qui sont sur ce blog sont r\u00e9alis\u00e9es avec les couples bo\u00eetier\/objectif qui suivent. Claire Claire a\u2026","rel":"","context":"Article similaire","block_context":{"text":"Article similaire","link":""},"img":{"alt_text":"20140506-IMG_9417","src":"https:\/\/i0.wp.com\/vynz100photo.fr\/blog\/wp-content\/uploads\/2014\/05\/20140506-IMG_9417-200x300.jpg?resize=350%2C200","width":350,"height":200},"classes":[]},{"id":1903,"url":"https:\/\/vynz100photo.fr\/blog\/photographie\/test-de-materiel\/objectifs\/canon-ef-40mm-f28\/","url_meta":{"origin":2096,"position":4},"title":"Canon EF 40mm f\/2,8","author":"Vincent","date":"20 d\u00e9cembre 2013","format":false,"excerpt":"\u00a0 \u00a0 Caract\u00e9ristiques Poids: 130 g \u00a0 Prix:\u00a0150\u20ac environ Le petit nouveau de chez Canon, avec un moteur STM utilisable sur les nouveaux r\u00e9flexs de la marque en vid\u00e9o: il est petit, voire tr\u00e8s petit, discret et efficace. Sur un petit capteur APS-C il sera un \u00e9quivalent 65mm, alors que\u2026","rel":"","context":"Article similaire","block_context":{"text":"Article similaire","link":""},"img":{"alt_text":"D3S_8821-1200","src":"https:\/\/i0.wp.com\/vynz100photo.fr\/blog\/wp-content\/uploads\/2013\/12\/D3S_8821-1200-1024x685.jpg?resize=350%2C200","width":350,"height":200},"classes":[]},{"id":816,"url":"https:\/\/vynz100photo.fr\/blog\/photographie\/test-de-materiel\/objectifs\/canon-ef-50mm-f18\/","url_meta":{"origin":2096,"position":5},"title":"Canon EF 50mm f\/1,8","author":"Vincent","date":"7 ao\u00fbt 2013","format":false,"excerpt":"\u00a0 Caract\u00e9ristiques Poids: 130 g Prix: 100\u20ac environ C'est le petit objectif \u00e0 avoir chez Canon, l\u00e9ger, superbe optiquement d\u00e8s que l'on ferme le diaphragme, avec un beau rendu \u00e0 pleine ouverture... Sa focale de 50mm fait de lui un compagnon id\u00e9al au quotidien (sur 24x36) et un tr\u00e8s bon\u2026","rel":"","context":"Avec 1 commentaire","block_context":{"text":"Avec 1 commentaire","link":"https:\/\/vynz100photo.fr\/blog\/photographie\/test-de-materiel\/objectifs\/canon-ef-50mm-f18\/#comments"},"img":{"alt_text":"Canon EF 50mm f\/1,8","src":"https:\/\/i0.wp.com\/vynz100photo.fr\/blog\/wp-content\/uploads\/2013\/08\/50mm.jpg?resize=350%2C200","width":350,"height":200},"classes":[]}],"_links":{"self":[{"href":"https:\/\/vynz100photo.fr\/blog\/wp-json\/wp\/v2\/pages\/2096","targetHints":{"allow":["GET"]}}],"collection":[{"href":"https:\/\/vynz100photo.fr\/blog\/wp-json\/wp\/v2\/pages"}],"about":[{"href":"https:\/\/vynz100photo.fr\/blog\/wp-json\/wp\/v2\/types\/page"}],"author":[{"embeddable":true,"href":"https:\/\/vynz100photo.fr\/blog\/wp-json\/wp\/v2\/users\/1"}],"replies":[{"embeddable":true,"href":"https:\/\/vynz100photo.fr\/blog\/wp-json\/wp\/v2\/comments?post=2096"}],"version-history":[{"count":0,"href":"https:\/\/vynz100photo.fr\/blog\/wp-json\/wp\/v2\/pages\/2096\/revisions"}],"up":[{"embeddable":true,"href":"https:\/\/vynz100photo.fr\/blog\/wp-json\/wp\/v2\/pages\/814"}],"wp:attachment":[{"href":"https:\/\/vynz100photo.fr\/blog\/wp-json\/wp\/v2\/media?parent=2096"}],"curies":[{"name":"wp","href":"https:\/\/api.w.org\/{rel}","templated":true}]}}