{"id":2004,"date":"2013-12-31T17:50:23","date_gmt":"2013-12-31T09:50:23","guid":{"rendered":"http:\/\/vynz100photo.fr\/blog\/?page_id=2004"},"modified":"2014-10-14T09:02:10","modified_gmt":"2014-10-14T07:02:10","slug":"zeiss-distagon-t-35mm-f2-ze","status":"publish","type":"page","link":"https:\/\/vynz100photo.fr\/blog\/photographie\/test-de-materiel\/objectifs\/zeiss-distagon-t-35mm-f2-ze\/","title":{"rendered":"ZEISS Distagon T* 35mm f\/2 ZE"},"content":{"rendered":"<div>\n<div id=\"attachment_2005\" style=\"width: 410px\" class=\"wp-caption aligncenter\"><a href=\"https:\/\/i0.wp.com\/vynz100photo.fr\/blog\/wp-content\/uploads\/2013\/12\/ZEISS1762850.jpg?ssl=1\"><img data-recalc-dims=\"1\" loading=\"lazy\" decoding=\"async\" aria-describedby=\"caption-attachment-2005\" data-attachment-id=\"2005\" data-permalink=\"https:\/\/vynz100photo.fr\/blog\/photographie\/test-de-materiel\/objectifs\/zeiss-distagon-t-35mm-f2-ze\/zeiss1762850\/\" data-orig-file=\"https:\/\/i0.wp.com\/vynz100photo.fr\/blog\/wp-content\/uploads\/2013\/12\/ZEISS1762850.jpg?fit=400%2C400&amp;ssl=1\" data-orig-size=\"400,400\" data-comments-opened=\"1\" data-image-meta=\"{&quot;aperture&quot;:&quot;0&quot;,&quot;credit&quot;:&quot;&quot;,&quot;camera&quot;:&quot;&quot;,&quot;caption&quot;:&quot;&quot;,&quot;created_timestamp&quot;:&quot;0&quot;,&quot;copyright&quot;:&quot;&quot;,&quot;focal_length&quot;:&quot;0&quot;,&quot;iso&quot;:&quot;0&quot;,&quot;shutter_speed&quot;:&quot;0&quot;,&quot;title&quot;:&quot;&quot;}\" data-image-title=\"\" data-image-description=\"\" data-image-caption=\"&lt;p&gt;Zeiss Distagon T* 35mm f\/2&lt;\/p&gt;\n\" data-large-file=\"https:\/\/i0.wp.com\/vynz100photo.fr\/blog\/wp-content\/uploads\/2013\/12\/ZEISS1762850.jpg?fit=400%2C400&amp;ssl=1\" class=\"size-full wp-image-2005\" src=\"https:\/\/i0.wp.com\/vynz100photo.fr\/blog\/wp-content\/uploads\/2013\/12\/ZEISS1762850.jpg?resize=400%2C400&#038;ssl=1\" alt=\"Zeiss Distagon T* 35mm f\/2\" width=\"400\" height=\"400\" srcset=\"https:\/\/i0.wp.com\/vynz100photo.fr\/blog\/wp-content\/uploads\/2013\/12\/ZEISS1762850.jpg?w=400&amp;ssl=1 400w, https:\/\/i0.wp.com\/vynz100photo.fr\/blog\/wp-content\/uploads\/2013\/12\/ZEISS1762850.jpg?resize=150%2C150&amp;ssl=1 150w, https:\/\/i0.wp.com\/vynz100photo.fr\/blog\/wp-content\/uploads\/2013\/12\/ZEISS1762850.jpg?resize=300%2C300&amp;ssl=1 300w, https:\/\/i0.wp.com\/vynz100photo.fr\/blog\/wp-content\/uploads\/2013\/12\/ZEISS1762850.jpg?resize=144%2C144&amp;ssl=1 144w\" sizes=\"auto, (max-width: 400px) 100vw, 400px\" \/><\/a><p id=\"caption-attachment-2005\" class=\"wp-caption-text\">Zeiss Distagon T* 35mm f\/2<\/p><\/div>\n<h2><span style=\"color: #ff6600;\">Caract\u00e9ristiques<\/span><\/h2>\n<p><span style=\"text-decoration: underline;\">Poids<\/span>: 570 g<\/p>\n<p>&nbsp;<\/p>\n<\/div>\n<p><span style=\"text-decoration: underline;\">Prix<\/span>:\u00a0900\u20ac environ<\/p>\n<p>Un des deux objectifs 35mm de la gamme Zeiss pour Canon avec le \u00a035mm f\/1,4. S&rsquo;il est moins ouvert que ce dernier, il est aussi beaucoup plus l\u00e9ger et beaucoup moins cher!<\/p>\n<p>Comme les autres objectifs de la marque allemande, la\u00a0<strong>mise au point<\/strong>\u00a0se fait\u00a0<strong>manuellement<\/strong>, il n&rsquo;y a pas d&rsquo;autofocus et tout est donc pr\u00e9vu pour utiliser la main pour ce faire&#8230; c&rsquo;est un point qui est assez important!<\/p>\n<h2><span style=\"color: #ff6600;\">Construction<\/span><\/h2>\n<p>Avec ses objectifs d\u00e9di\u00e9s aux marques Canon et Nikon, Zeiss ne fait pas dans le\u00a0<em>cheap<\/em>: un assemblage compact de verre et de m\u00e9tal,\u00a0<strong>extr\u00eamement bien fini<\/strong>. La bague de mise au point est large et bien proportionn\u00e9e, avec l&rsquo;onctuosit\u00e9 n\u00e9cessaire.<\/p>\n<p>La\u00a0<strong>lentille<\/strong>\u00a0est l\u00e9g\u00e8rement bomb\u00e9e, mais parfaitement prot\u00e9g\u00e9e par le pare-soleil. Le flanc de l&rsquo;objectif est d\u00e9di\u00e9 \u00e0 l&rsquo;<strong>\u00e9chelle des distances<\/strong>, qui permet une\u00a0<strong>pr\u00e9cision \u00a0appr\u00e9ciable lors des plans rapproch\u00e9s<\/strong>. La course de la bague est plus longue pour les courtes distances que pour les longues, ce qui facilite son usage au quotidien&#8230;<\/p>\n<p>Enfin, les prises de vue sont possibles d&rsquo;assez pr\u00e8s, puisque la mise au point minimale est de 30 cm&#8230;<\/p>\n<h2><span style=\"color: #ff6600;\">Sur le terrain<\/span><\/h2>\n<p style=\"text-align: justify;\"><span style=\"color: #000000;\">J&rsquo;ai install\u00e9 un verre de vis\u00e9e sp\u00e9cial sur le 5D MkII pour pouvoir faire la mise au point manuelle plus facilement. Par cons\u00e9quent c&rsquo;est\u00a0<strong>tr\u00e8s facile \u00e0 utiliser,\u00a0<\/strong>puisque c&rsquo;est l&rsquo;oeil et non la machine qui choisit la zone de nettet\u00e9&#8230; avec un 35mm (l\u00e9ger grand angle donc), la zone de nettet\u00e9, m\u00eame \u00e0 pleine ouverture (f\/2), est assez importante.<\/span><\/p>\n<p style=\"text-align: justify;\">Question image, on est dans les standards de Zeiss, \u00e0 savoir de <strong>tr\u00e8s belles couleurs<\/strong>, des <strong>micro-contrastes bien d\u00e9finis<\/strong>. C&rsquo;est un plaisir d\u00e8s que l&rsquo;on met l&rsquo;oeil dans le viseur, et m\u00eame chose sur l&rsquo;\u00e9cran de l&rsquo;ordinateur lorsque l&rsquo;on d\u00e9couvre ses images&#8230;<\/p>\n<p style=\"text-align: justify;\">Il faut n\u00e9anmoins noter les <strong>franges violettes en contre-jour, sur les lumi\u00e8res artificielles<\/strong>. Cela reste anecdotique et facilement corrigeable en post-production avec des logiciels comme<strong> Adobe Lightroom<\/strong>&#8230;<\/p>\n<p style=\"text-align: justify;\">En plus de ses qualit\u00e9s d&rsquo;images, il est aussi\u00a0<strong>polyvalent<\/strong>\u00a0par sa capacit\u00e9 \u00e0 faire de la proxi-photo (pour la cuisine par exemple, mais aussi la flore). Il est par contre\u00a0<strong>assez lourd<\/strong>\u00a0et imposant, mais c&rsquo;est le corollaire de sa construction&#8230;<\/p>\n<h2><span style=\"color: #ff6600;\"><strong>Exemples<\/strong><\/span><\/h2>\n<h2><a href=\"https:\/\/i0.wp.com\/vynz100photo.fr\/blog\/wp-content\/uploads\/2013\/12\/20131230-IMG_5735.jpg?ssl=1\"><img data-recalc-dims=\"1\" loading=\"lazy\" decoding=\"async\" data-attachment-id=\"1999\" data-permalink=\"https:\/\/vynz100photo.fr\/blog\/toulouse-en-famille\/20131230-img_5735\/\" data-orig-file=\"https:\/\/i0.wp.com\/vynz100photo.fr\/blog\/wp-content\/uploads\/2013\/12\/20131230-IMG_5735.jpg?fit=1024%2C683&amp;ssl=1\" data-orig-size=\"1024,683\" data-comments-opened=\"1\" data-image-meta=\"{&quot;aperture&quot;:&quot;2&quot;,&quot;credit&quot;:&quot;&quot;,&quot;camera&quot;:&quot;Canon EOS 5D Mark II&quot;,&quot;caption&quot;:&quot;&quot;,&quot;created_timestamp&quot;:&quot;1388411791&quot;,&quot;copyright&quot;:&quot;Vincent Verger&quot;,&quot;focal_length&quot;:&quot;35&quot;,&quot;iso&quot;:&quot;100&quot;,&quot;shutter_speed&quot;:&quot;0.0005&quot;,&quot;title&quot;:&quot;&quot;}\" data-image-title=\"20131230-IMG_5735\" data-image-description=\"\" data-image-caption=\"\" data-large-file=\"https:\/\/i0.wp.com\/vynz100photo.fr\/blog\/wp-content\/uploads\/2013\/12\/20131230-IMG_5735.jpg?fit=800%2C534&amp;ssl=1\" class=\"aligncenter size-full wp-image-1999\" src=\"https:\/\/i0.wp.com\/vynz100photo.fr\/blog\/wp-content\/uploads\/2013\/12\/20131230-IMG_5735.jpg?resize=800%2C534&#038;ssl=1\" alt=\"20131230-IMG_5735\" width=\"800\" height=\"534\" srcset=\"https:\/\/i0.wp.com\/vynz100photo.fr\/blog\/wp-content\/uploads\/2013\/12\/20131230-IMG_5735.jpg?w=1024&amp;ssl=1 1024w, https:\/\/i0.wp.com\/vynz100photo.fr\/blog\/wp-content\/uploads\/2013\/12\/20131230-IMG_5735.jpg?resize=300%2C200&amp;ssl=1 300w, https:\/\/i0.wp.com\/vynz100photo.fr\/blog\/wp-content\/uploads\/2013\/12\/20131230-IMG_5735.jpg?resize=900%2C600&amp;ssl=1 900w\" sizes=\"auto, (max-width: 800px) 100vw, 800px\" \/><\/a> <a href=\"https:\/\/i0.wp.com\/vynz100photo.fr\/blog\/wp-content\/uploads\/2013\/12\/20131230-IMG_5732.jpg?ssl=1\"><img data-recalc-dims=\"1\" loading=\"lazy\" decoding=\"async\" data-attachment-id=\"1998\" data-permalink=\"https:\/\/vynz100photo.fr\/blog\/toulouse-en-famille\/20131230-img_5732\/\" data-orig-file=\"https:\/\/i0.wp.com\/vynz100photo.fr\/blog\/wp-content\/uploads\/2013\/12\/20131230-IMG_5732.jpg?fit=1024%2C683&amp;ssl=1\" data-orig-size=\"1024,683\" data-comments-opened=\"1\" data-image-meta=\"{&quot;aperture&quot;:&quot;2&quot;,&quot;credit&quot;:&quot;&quot;,&quot;camera&quot;:&quot;Canon EOS 5D Mark II&quot;,&quot;caption&quot;:&quot;&quot;,&quot;created_timestamp&quot;:&quot;1388411348&quot;,&quot;copyright&quot;:&quot;Vincent Verger&quot;,&quot;focal_length&quot;:&quot;35&quot;,&quot;iso&quot;:&quot;100&quot;,&quot;shutter_speed&quot;:&quot;0.00125&quot;,&quot;title&quot;:&quot;&quot;}\" data-image-title=\"20131230-IMG_5732\" data-image-description=\"\" data-image-caption=\"\" data-large-file=\"https:\/\/i0.wp.com\/vynz100photo.fr\/blog\/wp-content\/uploads\/2013\/12\/20131230-IMG_5732.jpg?fit=800%2C534&amp;ssl=1\" class=\"aligncenter size-full wp-image-1998\" src=\"https:\/\/i0.wp.com\/vynz100photo.fr\/blog\/wp-content\/uploads\/2013\/12\/20131230-IMG_5732.jpg?resize=800%2C534&#038;ssl=1\" alt=\"20131230-IMG_5732\" width=\"800\" height=\"534\" srcset=\"https:\/\/i0.wp.com\/vynz100photo.fr\/blog\/wp-content\/uploads\/2013\/12\/20131230-IMG_5732.jpg?w=1024&amp;ssl=1 1024w, https:\/\/i0.wp.com\/vynz100photo.fr\/blog\/wp-content\/uploads\/2013\/12\/20131230-IMG_5732.jpg?resize=300%2C200&amp;ssl=1 300w, https:\/\/i0.wp.com\/vynz100photo.fr\/blog\/wp-content\/uploads\/2013\/12\/20131230-IMG_5732.jpg?resize=900%2C600&amp;ssl=1 900w\" sizes=\"auto, (max-width: 800px) 100vw, 800px\" \/><\/a> <a href=\"https:\/\/i0.wp.com\/vynz100photo.fr\/blog\/wp-content\/uploads\/2013\/12\/20131229-IMG_5654.jpg?ssl=1\"><img data-recalc-dims=\"1\" loading=\"lazy\" decoding=\"async\" data-attachment-id=\"1984\" data-permalink=\"https:\/\/vynz100photo.fr\/blog\/toulouse-en-famille\/20131229-img_5654\/\" data-orig-file=\"https:\/\/i0.wp.com\/vynz100photo.fr\/blog\/wp-content\/uploads\/2013\/12\/20131229-IMG_5654.jpg?fit=1024%2C683&amp;ssl=1\" data-orig-size=\"1024,683\" data-comments-opened=\"1\" data-image-meta=\"{&quot;aperture&quot;:&quot;2&quot;,&quot;credit&quot;:&quot;&quot;,&quot;camera&quot;:&quot;Canon EOS 5D Mark II&quot;,&quot;caption&quot;:&quot;&quot;,&quot;created_timestamp&quot;:&quot;1388339635&quot;,&quot;copyright&quot;:&quot;Vincent Verger&quot;,&quot;focal_length&quot;:&quot;35&quot;,&quot;iso&quot;:&quot;400&quot;,&quot;shutter_speed&quot;:&quot;0.033333333333333&quot;,&quot;title&quot;:&quot;&quot;}\" data-image-title=\"20131229-IMG_5654\" data-image-description=\"\" data-image-caption=\"\" data-large-file=\"https:\/\/i0.wp.com\/vynz100photo.fr\/blog\/wp-content\/uploads\/2013\/12\/20131229-IMG_5654.jpg?fit=800%2C534&amp;ssl=1\" class=\"aligncenter size-full wp-image-1984\" src=\"https:\/\/i0.wp.com\/vynz100photo.fr\/blog\/wp-content\/uploads\/2013\/12\/20131229-IMG_5654.jpg?resize=800%2C534&#038;ssl=1\" alt=\"20131229-IMG_5654\" width=\"800\" height=\"534\" srcset=\"https:\/\/i0.wp.com\/vynz100photo.fr\/blog\/wp-content\/uploads\/2013\/12\/20131229-IMG_5654.jpg?w=1024&amp;ssl=1 1024w, https:\/\/i0.wp.com\/vynz100photo.fr\/blog\/wp-content\/uploads\/2013\/12\/20131229-IMG_5654.jpg?resize=300%2C200&amp;ssl=1 300w, https:\/\/i0.wp.com\/vynz100photo.fr\/blog\/wp-content\/uploads\/2013\/12\/20131229-IMG_5654.jpg?resize=900%2C600&amp;ssl=1 900w\" sizes=\"auto, (max-width: 800px) 100vw, 800px\" \/><\/a> <a href=\"https:\/\/i0.wp.com\/vynz100photo.fr\/blog\/wp-content\/uploads\/2013\/12\/20131228-IMG_5618.jpg?ssl=1\"><img data-recalc-dims=\"1\" loading=\"lazy\" decoding=\"async\" data-attachment-id=\"1967\" data-permalink=\"https:\/\/vynz100photo.fr\/blog\/toulouse-nous-voila\/20131228-img_5618\/\" data-orig-file=\"https:\/\/i0.wp.com\/vynz100photo.fr\/blog\/wp-content\/uploads\/2013\/12\/20131228-IMG_5618.jpg?fit=1024%2C683&amp;ssl=1\" data-orig-size=\"1024,683\" data-comments-opened=\"1\" data-image-meta=\"{&quot;aperture&quot;:&quot;2&quot;,&quot;credit&quot;:&quot;&quot;,&quot;camera&quot;:&quot;Canon EOS 5D Mark II&quot;,&quot;caption&quot;:&quot;&quot;,&quot;created_timestamp&quot;:&quot;1388267784&quot;,&quot;copyright&quot;:&quot;Vincent Verger&quot;,&quot;focal_length&quot;:&quot;35&quot;,&quot;iso&quot;:&quot;800&quot;,&quot;shutter_speed&quot;:&quot;0.066666666666667&quot;,&quot;title&quot;:&quot;&quot;}\" data-image-title=\"20131228-IMG_5618\" data-image-description=\"\" data-image-caption=\"\" data-large-file=\"https:\/\/i0.wp.com\/vynz100photo.fr\/blog\/wp-content\/uploads\/2013\/12\/20131228-IMG_5618.jpg?fit=800%2C534&amp;ssl=1\" class=\"aligncenter size-full wp-image-1967\" src=\"https:\/\/i0.wp.com\/vynz100photo.fr\/blog\/wp-content\/uploads\/2013\/12\/20131228-IMG_5618.jpg?resize=800%2C534&#038;ssl=1\" alt=\"20131228-IMG_5618\" width=\"800\" height=\"534\" srcset=\"https:\/\/i0.wp.com\/vynz100photo.fr\/blog\/wp-content\/uploads\/2013\/12\/20131228-IMG_5618.jpg?w=1024&amp;ssl=1 1024w, https:\/\/i0.wp.com\/vynz100photo.fr\/blog\/wp-content\/uploads\/2013\/12\/20131228-IMG_5618.jpg?resize=300%2C200&amp;ssl=1 300w, https:\/\/i0.wp.com\/vynz100photo.fr\/blog\/wp-content\/uploads\/2013\/12\/20131228-IMG_5618.jpg?resize=900%2C600&amp;ssl=1 900w\" sizes=\"auto, (max-width: 800px) 100vw, 800px\" \/><\/a><\/h2>\n<h2><span style=\"color: #ff6600;\"><strong>Conclusion<\/strong><\/span><\/h2>\n<p style=\"text-align: justify;\">Ce dernier arriv\u00e9 dans ma petite famille de Zeiss ne d\u00e9m\u00e9rite pas, son image et son plaisir d&rsquo;utilisation sont exceptionnels.<\/p>\n<p style=\"text-align: justify;\">Il est n\u00e9anmoins un tantinet en dessous des <a title=\"ZEISS Makro-Planar T* 50mm f2 ZE\" href=\"https:\/\/vynz100photo.fr\/blog\/photographie\/test-de-materiel\/objectifs\/zeiss-makro-planar-t-50mm-f2-ze\/\">50mm f\/2 MakroPlanar<\/a> et du <a title=\"ZEISS Distagon T* 21mm f\/2,8 ZE\" href=\"https:\/\/vynz100photo.fr\/blog\/photographie\/test-de-materiel\/objectifs\/zeiss-distagon-t-21mm-f28-ze\/\">21mm Distagon<\/a> en qualit\u00e9 d&rsquo;image (notamment avec les petites franges violettes en contre-jour violent), mais on reste dans des standards tr\u00e8s \u00e9lev\u00e9s. L&rsquo;effet \u00ab\u00a03D\u00a0\u00bb est ici bien rendu, avec une signature bien reconnaissable.<\/p>\n<p style=\"text-align: justify;\">Pour mon usage, je n&rsquo;utilisais presque plus mon<a title=\"Canon EF 35mm f\/2\" href=\"https:\/\/vynz100photo.fr\/blog\/photographie\/test-de-materiel\/objectifs\/canon-ef-35mm-f2\/\"> Canon 35mm f\/2<\/a> sur le 5D MarkII, mais ce nouveau venu m&rsquo;a redonn\u00e9 go\u00fbt \u00e0 cette focale qui permet des images int\u00e9ressantes dans la composition&#8230; Il est notamment beaucoup plus homog\u00e8ne sur tout le champ, permettant une utilisation paysage vraiment excellente&#8230;<\/p>\n<h4>Incoming search terms:<\/h4><ul><li>https:\/\/vynz100photo fr\/blog\/photographie\/test-de-materiel\/objectifs\/zeiss-distagon-t-35mm-f2-ze\/<\/li><\/ul>","protected":false},"excerpt":{"rendered":"<p>Caract\u00e9ristiques Poids: 570 g &nbsp; Prix:\u00a0900\u20ac environ Un des deux objectifs 35mm de la gamme Zeiss pour Canon avec le \u00a035mm f\/1,4. S&rsquo;il est moins ouvert que ce dernier, il est aussi beaucoup plus l\u00e9ger et beaucoup moins cher! Comme les autres objectifs de la marque allemande, la\u00a0mise au point\u00a0se fait\u00a0manuellement, il n&rsquo;y a pas [&hellip;]<\/p>\n","protected":false},"author":1,"featured_media":0,"parent":814,"menu_order":0,"comment_status":"open","ping_status":"open","template":"full-width-page.php","meta":{"_mo_disable_npp":"","jetpack_post_was_ever_published":false,"footnotes":""},"class_list":["post-2004","page","type-page","status-publish","hentry"],"jetpack_sharing_enabled":true,"jetpack_shortlink":"https:\/\/wp.me\/P3QNY7-wk","jetpack_likes_enabled":true,"jetpack-related-posts":[{"id":814,"url":"https:\/\/vynz100photo.fr\/blog\/photographie\/test-de-materiel\/objectifs\/","url_meta":{"origin":2004,"position":0},"title":"Objectifs","author":"Vincent","date":"7 ao\u00fbt 2013","format":false,"excerpt":"Quelques retours d'objectifs que j'ai poss\u00e9d\u00e9s ou test\u00e9s... Au menu, des focales fixes, qui peuvent aller tout aussi bien sur un r\u00e9flex Canon APS-C qu'un 24x36: - Canon EF 28 mm f\/2,8, - Canon\u00a0EF 35mm f\/2, - Canon EF 40mm f\/2,8, - Canon\u00a0EF 50mm f\/1,8, - Canon\u00a0EF 85mm f\/1,8 USM,\u2026","rel":"","context":"Article similaire","block_context":{"text":"Article similaire","link":""},"img":{"alt_text":"","src":"","width":0,"height":0},"classes":[]},{"id":778,"url":"https:\/\/vynz100photo.fr\/blog\/about\/notre-equipement-photographique\/","url_meta":{"origin":2004,"position":1},"title":"Notre \u00e9quipement photographique","author":"Vincent","date":"6 ao\u00fbt 2013","format":false,"excerpt":"Bien \u00e9videmment, ce n'est pas l'\u00e9quipement photographique qui fait la photo, mais le photographe. Le mat\u00e9riel permet de s'affranchir de certaines limites, de composer diff\u00e9remment et de jouer avec plus de cr\u00e9ativit\u00e9... Les images qui sont sur ce blog sont r\u00e9alis\u00e9es avec les couples bo\u00eetier\/objectif qui suivent. Claire Claire a\u2026","rel":"","context":"Article similaire","block_context":{"text":"Article similaire","link":""},"img":{"alt_text":"20140506-IMG_9417","src":"https:\/\/i0.wp.com\/vynz100photo.fr\/blog\/wp-content\/uploads\/2014\/05\/20140506-IMG_9417-200x300.jpg?resize=350%2C200","width":350,"height":200},"classes":[]},{"id":1903,"url":"https:\/\/vynz100photo.fr\/blog\/photographie\/test-de-materiel\/objectifs\/canon-ef-40mm-f28\/","url_meta":{"origin":2004,"position":2},"title":"Canon EF 40mm f\/2,8","author":"Vincent","date":"20 d\u00e9cembre 2013","format":false,"excerpt":"\u00a0 \u00a0 Caract\u00e9ristiques Poids: 130 g \u00a0 Prix:\u00a0150\u20ac environ Le petit nouveau de chez Canon, avec un moteur STM utilisable sur les nouveaux r\u00e9flexs de la marque en vid\u00e9o: il est petit, voire tr\u00e8s petit, discret et efficace. Sur un petit capteur APS-C il sera un \u00e9quivalent 65mm, alors que\u2026","rel":"","context":"Article similaire","block_context":{"text":"Article similaire","link":""},"img":{"alt_text":"D3S_8821-1200","src":"https:\/\/i0.wp.com\/vynz100photo.fr\/blog\/wp-content\/uploads\/2013\/12\/D3S_8821-1200-1024x685.jpg?resize=350%2C200","width":350,"height":200},"classes":[]},{"id":2096,"url":"https:\/\/vynz100photo.fr\/blog\/photographie\/test-de-materiel\/objectifs\/zeiss-distagon-t-21mm-f28-ze\/","url_meta":{"origin":2004,"position":3},"title":"ZEISS Distagon T* 21mm f\/2,8 ZE","author":"Vincent","date":"11 janvier 2014","format":false,"excerpt":"Caract\u00e9ristiques Poids: 720 g \u00a0 Prix:\u00a01600\u20ac environ Un des grands angles de la gamme Zeiss pour Canon avec le dispendieux 15mm et le presque jumeau 18mm. Cette focale est plus facile \u00e0 utiliser que ces derniers, qualifi\u00e9s d'ultra-grands angles... Comme les autres objectifs de la marque allemande, la\u00a0mise au point\u00a0se\u2026","rel":"","context":"Avec 2 commentaires","block_context":{"text":"Avec 2 commentaires","link":"https:\/\/vynz100photo.fr\/blog\/photographie\/test-de-materiel\/objectifs\/zeiss-distagon-t-21mm-f28-ze\/#comments"},"img":{"alt_text":"L'imposant Zeiss Distagon T* 21mm f\/2.8 ZE","src":"https:\/\/i0.wp.com\/vynz100photo.fr\/blog\/wp-content\/uploads\/2014\/01\/D3S_8555-1200.jpg?resize=350%2C200","width":350,"height":200},"classes":[]},{"id":1221,"url":"https:\/\/vynz100photo.fr\/blog\/photographie\/test-de-materiel\/objectifs\/zeiss-makro-planar-t-50mm-f2-ze\/","url_meta":{"origin":2004,"position":4},"title":"ZEISS Makro-Planar T* 50mm f2 ZE","author":"Vincent","date":"1 septembre 2013","format":false,"excerpt":"\u00a0 Caract\u00e9ristiques Poids: 570 g \u00a0 Prix:\u00a01100\u20ac environ Un des deux objectifs 50mm de la gamme Zeiss pour Canon avec le Planar 50mm f\/1,4. Les Makro Planar ont la possibilit\u00e9 de faire des plans tr\u00e8s rapproch\u00e9s (1:2) que n'ont pas les autres objectifs de la marque allemande. Comme ces derniers,\u2026","rel":"","context":"Avec 1 commentaire","block_context":{"text":"Avec 1 commentaire","link":"https:\/\/vynz100photo.fr\/blog\/photographie\/test-de-materiel\/objectifs\/zeiss-makro-planar-t-50mm-f2-ze\/#comments"},"img":{"alt_text":"Le ZEISS Makro-Planar T* 50mm f2","src":"https:\/\/i0.wp.com\/vynz100photo.fr\/blog\/wp-content\/uploads\/2013\/09\/261882-big.jpg?resize=350%2C200","width":350,"height":200,"srcset":"https:\/\/i0.wp.com\/vynz100photo.fr\/blog\/wp-content\/uploads\/2013\/09\/261882-big.jpg?resize=350%2C200 1x, https:\/\/i0.wp.com\/vynz100photo.fr\/blog\/wp-content\/uploads\/2013\/09\/261882-big.jpg?resize=525%2C300 1.5x"},"classes":[]},{"id":1027,"url":"https:\/\/vynz100photo.fr\/blog\/photographie\/test-de-materiel\/objectifs\/canon-ef-35mm-f2\/","url_meta":{"origin":2004,"position":5},"title":"Canon EF 35mm f\/2","author":"Vincent","date":"31 ao\u00fbt 2013","format":false,"excerpt":"Caract\u00e9ristiques Poids:\u00a0210 g Prix:\u00a0300\u20ac environ Une focale fixe \u00e0 prix contenu, l\u00e9g\u00e8re et avec une belle ouverture de f\/2... \u00a0Sa focale de 35mm en fait un l\u00e9ger grand-angle, utilisable au quotidien comme objectif \u00e0 tout faire. Cette focale est une des pr\u00e9f\u00e9r\u00e9es des photographes de rue, et ce depuis bien\u2026","rel":"","context":"Avec 1 commentaire","block_context":{"text":"Avec 1 commentaire","link":"https:\/\/vynz100photo.fr\/blog\/photographie\/test-de-materiel\/objectifs\/canon-ef-35mm-f2\/#comments"},"img":{"alt_text":"Le vieux Canon 35mm f\/2","src":"https:\/\/i0.wp.com\/vynz100photo.fr\/blog\/wp-content\/uploads\/2013\/08\/35-f2.jpg?resize=350%2C200","width":350,"height":200,"srcset":"https:\/\/i0.wp.com\/vynz100photo.fr\/blog\/wp-content\/uploads\/2013\/08\/35-f2.jpg?resize=350%2C200 1x, https:\/\/i0.wp.com\/vynz100photo.fr\/blog\/wp-content\/uploads\/2013\/08\/35-f2.jpg?resize=525%2C300 1.5x"},"classes":[]}],"_links":{"self":[{"href":"https:\/\/vynz100photo.fr\/blog\/wp-json\/wp\/v2\/pages\/2004","targetHints":{"allow":["GET"]}}],"collection":[{"href":"https:\/\/vynz100photo.fr\/blog\/wp-json\/wp\/v2\/pages"}],"about":[{"href":"https:\/\/vynz100photo.fr\/blog\/wp-json\/wp\/v2\/types\/page"}],"author":[{"embeddable":true,"href":"https:\/\/vynz100photo.fr\/blog\/wp-json\/wp\/v2\/users\/1"}],"replies":[{"embeddable":true,"href":"https:\/\/vynz100photo.fr\/blog\/wp-json\/wp\/v2\/comments?post=2004"}],"version-history":[{"count":0,"href":"https:\/\/vynz100photo.fr\/blog\/wp-json\/wp\/v2\/pages\/2004\/revisions"}],"up":[{"embeddable":true,"href":"https:\/\/vynz100photo.fr\/blog\/wp-json\/wp\/v2\/pages\/814"}],"wp:attachment":[{"href":"https:\/\/vynz100photo.fr\/blog\/wp-json\/wp\/v2\/media?parent=2004"}],"curies":[{"name":"wp","href":"https:\/\/api.w.org\/{rel}","templated":true}]}}