{"id":2,"date":"2012-08-29T16:18:26","date_gmt":"2012-08-29T16:18:26","guid":{"rendered":"http:\/\/vynz100photo.fr\/blog\/\/?page_id=2"},"modified":"2013-08-03T16:46:38","modified_gmt":"2013-08-03T08:46:38","slug":"about","status":"publish","type":"page","link":"https:\/\/vynz100photo.fr\/blog\/about\/","title":{"rendered":"About"},"content":{"rendered":"<p>Notre petite famille vit actuellement en Chine, apr\u00e8s une \u00e9tape de deux ans \u00e0 Dubai&#8230; Nous essayons de visiter et de profiter au mieux des pays que nous traversons et que nous visitons.<\/p>\n","protected":false},"excerpt":{"rendered":"<p>Notre petite famille vit actuellement en Chine, apr\u00e8s une \u00e9tape de deux ans \u00e0 Dubai&#8230; Nous essayons de visiter et de profiter au mieux des pays que nous traversons et que nous visitons.<\/p>\n","protected":false},"author":1,"featured_media":0,"parent":0,"menu_order":0,"comment_status":"open","ping_status":"open","template":"","meta":{"_mo_disable_npp":"","jetpack_post_was_ever_published":false,"footnotes":""},"class_list":["post-2","page","type-page","status-publish","hentry"],"jetpack_sharing_enabled":true,"jetpack_shortlink":"https:\/\/wp.me\/P3QNY7-2","jetpack_likes_enabled":true,"jetpack-related-posts":[],"_links":{"self":[{"href":"https:\/\/vynz100photo.fr\/blog\/wp-json\/wp\/v2\/pages\/2","targetHints":{"allow":["GET"]}}],"collection":[{"href":"https:\/\/vynz100photo.fr\/blog\/wp-json\/wp\/v2\/pages"}],"about":[{"href":"https:\/\/vynz100photo.fr\/blog\/wp-json\/wp\/v2\/types\/page"}],"author":[{"embeddable":true,"href":"https:\/\/vynz100photo.fr\/blog\/wp-json\/wp\/v2\/users\/1"}],"replies":[{"embeddable":true,"href":"https:\/\/vynz100photo.fr\/blog\/wp-json\/wp\/v2\/comments?post=2"}],"version-history":[{"count":0,"href":"https:\/\/vynz100photo.fr\/blog\/wp-json\/wp\/v2\/pages\/2\/revisions"}],"wp:attachment":[{"href":"https:\/\/vynz100photo.fr\/blog\/wp-json\/wp\/v2\/media?parent=2"}],"curies":[{"name":"wp","href":"https:\/\/api.w.org\/{rel}","templated":true}]}}