{"id":1903,"date":"2013-12-20T12:08:00","date_gmt":"2013-12-20T04:08:00","guid":{"rendered":"http:\/\/vynz100photo.fr\/blog\/?page_id=1903"},"modified":"2014-06-08T00:09:45","modified_gmt":"2014-06-07T16:09:45","slug":"canon-ef-40mm-f28","status":"publish","type":"page","link":"https:\/\/vynz100photo.fr\/blog\/photographie\/test-de-materiel\/objectifs\/canon-ef-40mm-f28\/","title":{"rendered":"Canon EF 40mm f\/2,8"},"content":{"rendered":"<p>&nbsp;<\/p>\n<h1><a href=\"https:\/\/i0.wp.com\/vynz100photo.fr\/blog\/wp-content\/uploads\/2013\/12\/D3S_8821-1200.jpg?ssl=1\"><img data-recalc-dims=\"1\" loading=\"lazy\" decoding=\"async\" data-attachment-id=\"1905\" data-permalink=\"https:\/\/vynz100photo.fr\/blog\/photographie\/test-de-materiel\/objectifs\/canon-ef-40mm-f28\/d3s_8821-1200\/\" data-orig-file=\"https:\/\/i0.wp.com\/vynz100photo.fr\/blog\/wp-content\/uploads\/2013\/12\/D3S_8821-1200.jpg?fit=1200%2C803&amp;ssl=1\" data-orig-size=\"1200,803\" data-comments-opened=\"1\" data-image-meta=\"{&quot;aperture&quot;:&quot;22&quot;,&quot;credit&quot;:&quot;Ken Rockwell&quot;,&quot;camera&quot;:&quot;NIKON D3&quot;,&quot;caption&quot;:&quot;&quot;,&quot;created_timestamp&quot;:&quot;1345021188&quot;,&quot;copyright&quot;:&quot;Ken@KenRockwell.com (858) 453-2099&quot;,&quot;focal_length&quot;:&quot;200&quot;,&quot;iso&quot;:&quot;200&quot;,&quot;shutter_speed&quot;:&quot;0.004&quot;,&quot;title&quot;:&quot;&quot;}\" data-image-title=\"D3S_8821-1200\" data-image-description=\"\" data-image-caption=\"\" data-large-file=\"https:\/\/i0.wp.com\/vynz100photo.fr\/blog\/wp-content\/uploads\/2013\/12\/D3S_8821-1200.jpg?fit=800%2C535&amp;ssl=1\" class=\"aligncenter wp-image-1905\" src=\"https:\/\/i0.wp.com\/vynz100photo.fr\/blog\/wp-content\/uploads\/2013\/12\/D3S_8821-1200.jpg?resize=392%2C263&#038;ssl=1\" alt=\"D3S_8821-1200\" width=\"392\" height=\"263\" srcset=\"https:\/\/i0.wp.com\/vynz100photo.fr\/blog\/wp-content\/uploads\/2013\/12\/D3S_8821-1200.jpg?resize=1024%2C685&amp;ssl=1 1024w, https:\/\/i0.wp.com\/vynz100photo.fr\/blog\/wp-content\/uploads\/2013\/12\/D3S_8821-1200.jpg?resize=300%2C200&amp;ssl=1 300w, https:\/\/i0.wp.com\/vynz100photo.fr\/blog\/wp-content\/uploads\/2013\/12\/D3S_8821-1200.jpg?resize=900%2C602&amp;ssl=1 900w, https:\/\/i0.wp.com\/vynz100photo.fr\/blog\/wp-content\/uploads\/2013\/12\/D3S_8821-1200.jpg?w=1200&amp;ssl=1 1200w\" sizes=\"auto, (max-width: 392px) 100vw, 392px\" \/><\/a><\/h1>\n<p>&nbsp;<\/p>\n<h1><span style=\"color: #ff6600;\">Caract\u00e9ristiques<\/span><\/h1>\n<div>\n<p><span style=\"text-decoration: underline;\">Poids<\/span>: 130 g<\/p>\n<p>&nbsp;<\/p>\n<\/div>\n<p><span style=\"text-decoration: underline;\">Prix<\/span>:\u00a0150\u20ac environ<\/p>\n<p>Le petit nouveau de chez Canon, avec un moteur STM utilisable sur les nouveaux r\u00e9flexs de la marque en vid\u00e9o: il est petit, voire tr\u00e8s petit, discret et efficace. Sur un petit capteur APS-C il sera un \u00e9quivalent 65mm, alors que sur 24&#215;36 il sera plus polyvalent.<\/p>\n<p>En revanche, il n&rsquo;ouvre qu&rsquo;\u00e0 f\/2,8, ce qui est pas mal mais pas extraordinaire.<\/p>\n<h1><span style=\"color: #ff6600;\">Construction<\/span><\/h1>\n<p>Il est tout petit, mais fonctionne tr\u00e8s bien, pas de faiblesse apparente; il fait plus solide que le 50mm f\/1,8, la bague de focus manuel est plac\u00e9e sur le devant de l&rsquo;objectif et est assez facile \u00e0 utilis\u00e9e, bien plus que sur les autres objectifs fixes d&rsquo;entr\u00e9e de gamme de Canon (28, 35 ou 50mm).<\/p>\n<p>Le pare-soleil est tout petit, fix\u00e9 sur la partie mobile de l&rsquo;objectif, ce qui n&rsquo;est pas bon pour sa dur\u00e9e de vie&#8230; on verra \u00e0 l&rsquo;usage!<\/p>\n<h1><span style=\"color: #ff6600;\">Sur le terrain<\/span><\/h1>\n<p>Tr\u00e8s facile \u00e0 l&rsquo;usage, l&rsquo;<strong>autofocus est assez rapide sans \u00eatre foudroyant<\/strong>. L&rsquo;image pr\u00e9sente un <strong>vignettage<\/strong> (assombrissement dans les angles) <strong>assez pr\u00e9sent \u00e0 pleine ouverture<\/strong> (f\/2,8) qui dispara\u00eet assez vite en fermant.<\/p>\n<p>Pour moi, il faut s&rsquo;habituer \u00e0 sa focale hybride entre 35mm et 50mm, mais on s&rsquo;y fait assez vite dans la rue, c&rsquo;est tr\u00e8s bien. <strong>Son principal atout, sa compacit\u00e9<\/strong>, permet de partir avec le 5D dans un sac sans emmener le sac d\u00e9di\u00e9 \u00e0 la photo, et sa l\u00e9g\u00e8ret\u00e9 est appr\u00e9ci\u00e9e!<\/p>\n<h1><span style=\"color: #ff6600;\">Exemples<\/span><\/h1>\n<p><img data-recalc-dims=\"1\" loading=\"lazy\" decoding=\"async\" data-attachment-id=\"3115\" data-permalink=\"https:\/\/vynz100photo.fr\/blog\/photographie\/test-de-materiel\/objectifs\/canon-ef-40mm-f28\/20140403-img_8252\/\" data-orig-file=\"https:\/\/i0.wp.com\/vynz100photo.fr\/blog\/wp-content\/uploads\/2013\/12\/20140403-IMG_8252.jpg?fit=683%2C1024&amp;ssl=1\" data-orig-size=\"683,1024\" data-comments-opened=\"1\" data-image-meta=\"{&quot;aperture&quot;:&quot;2.8&quot;,&quot;credit&quot;:&quot;&quot;,&quot;camera&quot;:&quot;Canon EOS 5D Mark II&quot;,&quot;caption&quot;:&quot;&quot;,&quot;created_timestamp&quot;:&quot;1396546743&quot;,&quot;copyright&quot;:&quot;\\u00a9 Vincent Verger&quot;,&quot;focal_length&quot;:&quot;40&quot;,&quot;iso&quot;:&quot;400&quot;,&quot;shutter_speed&quot;:&quot;0.01&quot;,&quot;title&quot;:&quot;&quot;}\" data-image-title=\"20140403-IMG_8252\" data-image-description=\"\" data-image-caption=\"\" data-large-file=\"https:\/\/i0.wp.com\/vynz100photo.fr\/blog\/wp-content\/uploads\/2013\/12\/20140403-IMG_8252.jpg?fit=683%2C1024&amp;ssl=1\" class=\"alignnone size-full wp-image-3115\" src=\"https:\/\/i0.wp.com\/vynz100photo.fr\/blog\/wp-content\/uploads\/2013\/12\/20140403-IMG_8252.jpg?resize=683%2C1024&#038;ssl=1\" alt=\"20140403-IMG_8252\" width=\"683\" height=\"1024\" srcset=\"https:\/\/i0.wp.com\/vynz100photo.fr\/blog\/wp-content\/uploads\/2013\/12\/20140403-IMG_8252.jpg?w=683&amp;ssl=1 683w, https:\/\/i0.wp.com\/vynz100photo.fr\/blog\/wp-content\/uploads\/2013\/12\/20140403-IMG_8252.jpg?resize=200%2C300&amp;ssl=1 200w, https:\/\/i0.wp.com\/vynz100photo.fr\/blog\/wp-content\/uploads\/2013\/12\/20140403-IMG_8252.jpg?resize=250%2C374&amp;ssl=1 250w\" sizes=\"auto, (max-width: 683px) 100vw, 683px\" \/> <img data-recalc-dims=\"1\" loading=\"lazy\" decoding=\"async\" data-attachment-id=\"3116\" data-permalink=\"https:\/\/vynz100photo.fr\/blog\/photographie\/test-de-materiel\/objectifs\/canon-ef-40mm-f28\/20140420-img_8678-2\/\" data-orig-file=\"https:\/\/i0.wp.com\/vynz100photo.fr\/blog\/wp-content\/uploads\/2013\/12\/20140420-IMG_8678.jpg?fit=1024%2C683&amp;ssl=1\" data-orig-size=\"1024,683\" data-comments-opened=\"1\" data-image-meta=\"{&quot;aperture&quot;:&quot;2.8&quot;,&quot;credit&quot;:&quot;&quot;,&quot;camera&quot;:&quot;Canon EOS 5D Mark II&quot;,&quot;caption&quot;:&quot;&quot;,&quot;created_timestamp&quot;:&quot;1398001318&quot;,&quot;copyright&quot;:&quot;\\u00a9 Vincent Verger&quot;,&quot;focal_length&quot;:&quot;40&quot;,&quot;iso&quot;:&quot;400&quot;,&quot;shutter_speed&quot;:&quot;0.008&quot;,&quot;title&quot;:&quot;&quot;}\" data-image-title=\"20140420-IMG_8678\" data-image-description=\"\" data-image-caption=\"\" data-large-file=\"https:\/\/i0.wp.com\/vynz100photo.fr\/blog\/wp-content\/uploads\/2013\/12\/20140420-IMG_8678.jpg?fit=800%2C534&amp;ssl=1\" class=\"alignnone size-large wp-image-3116\" src=\"https:\/\/i0.wp.com\/vynz100photo.fr\/blog\/wp-content\/uploads\/2013\/12\/20140420-IMG_8678.jpg?resize=800%2C533&#038;ssl=1\" alt=\"20140420-IMG_8678\" width=\"800\" height=\"533\" srcset=\"https:\/\/i0.wp.com\/vynz100photo.fr\/blog\/wp-content\/uploads\/2013\/12\/20140420-IMG_8678.jpg?w=1024&amp;ssl=1 1024w, https:\/\/i0.wp.com\/vynz100photo.fr\/blog\/wp-content\/uploads\/2013\/12\/20140420-IMG_8678.jpg?resize=300%2C200&amp;ssl=1 300w, https:\/\/i0.wp.com\/vynz100photo.fr\/blog\/wp-content\/uploads\/2013\/12\/20140420-IMG_8678.jpg?resize=250%2C166&amp;ssl=1 250w, https:\/\/i0.wp.com\/vynz100photo.fr\/blog\/wp-content\/uploads\/2013\/12\/20140420-IMG_8678.jpg?resize=900%2C600&amp;ssl=1 900w\" sizes=\"auto, (max-width: 800px) 100vw, 800px\" \/> <img data-recalc-dims=\"1\" loading=\"lazy\" decoding=\"async\" data-attachment-id=\"3117\" data-permalink=\"https:\/\/vynz100photo.fr\/blog\/photographie\/test-de-materiel\/objectifs\/canon-ef-40mm-f28\/20140420-img_8734-2\/\" data-orig-file=\"https:\/\/i0.wp.com\/vynz100photo.fr\/blog\/wp-content\/uploads\/2013\/12\/20140420-IMG_8734.jpg?fit=1024%2C683&amp;ssl=1\" data-orig-size=\"1024,683\" data-comments-opened=\"1\" data-image-meta=\"{&quot;aperture&quot;:&quot;2.8&quot;,&quot;credit&quot;:&quot;&quot;,&quot;camera&quot;:&quot;Canon EOS 5D Mark II&quot;,&quot;caption&quot;:&quot;&quot;,&quot;created_timestamp&quot;:&quot;1398008105&quot;,&quot;copyright&quot;:&quot;\\u00a9 Vincent Verger&quot;,&quot;focal_length&quot;:&quot;40&quot;,&quot;iso&quot;:&quot;400&quot;,&quot;shutter_speed&quot;:&quot;0.002&quot;,&quot;title&quot;:&quot;&quot;}\" data-image-title=\"20140420-IMG_8734\" data-image-description=\"\" data-image-caption=\"\" data-large-file=\"https:\/\/i0.wp.com\/vynz100photo.fr\/blog\/wp-content\/uploads\/2013\/12\/20140420-IMG_8734.jpg?fit=800%2C534&amp;ssl=1\" class=\"alignnone size-large wp-image-3117\" src=\"https:\/\/i0.wp.com\/vynz100photo.fr\/blog\/wp-content\/uploads\/2013\/12\/20140420-IMG_8734.jpg?resize=800%2C533&#038;ssl=1\" alt=\"20140420-IMG_8734\" width=\"800\" height=\"533\" srcset=\"https:\/\/i0.wp.com\/vynz100photo.fr\/blog\/wp-content\/uploads\/2013\/12\/20140420-IMG_8734.jpg?w=1024&amp;ssl=1 1024w, https:\/\/i0.wp.com\/vynz100photo.fr\/blog\/wp-content\/uploads\/2013\/12\/20140420-IMG_8734.jpg?resize=300%2C200&amp;ssl=1 300w, https:\/\/i0.wp.com\/vynz100photo.fr\/blog\/wp-content\/uploads\/2013\/12\/20140420-IMG_8734.jpg?resize=250%2C166&amp;ssl=1 250w, https:\/\/i0.wp.com\/vynz100photo.fr\/blog\/wp-content\/uploads\/2013\/12\/20140420-IMG_8734.jpg?resize=900%2C600&amp;ssl=1 900w\" sizes=\"auto, (max-width: 800px) 100vw, 800px\" \/> <img data-recalc-dims=\"1\" loading=\"lazy\" decoding=\"async\" data-attachment-id=\"3118\" data-permalink=\"https:\/\/vynz100photo.fr\/blog\/photographie\/test-de-materiel\/objectifs\/canon-ef-40mm-f28\/20140223-img_7695\/\" data-orig-file=\"https:\/\/i0.wp.com\/vynz100photo.fr\/blog\/wp-content\/uploads\/2013\/12\/20140223-IMG_7695.jpg?fit=1024%2C683&amp;ssl=1\" data-orig-size=\"1024,683\" data-comments-opened=\"1\" data-image-meta=\"{&quot;aperture&quot;:&quot;2.8&quot;,&quot;credit&quot;:&quot;Vincent Verger&quot;,&quot;camera&quot;:&quot;Canon EOS 5D Mark II&quot;,&quot;caption&quot;:&quot;&quot;,&quot;created_timestamp&quot;:&quot;1393167286&quot;,&quot;copyright&quot;:&quot;\\u00a9 Vincent Verger&quot;,&quot;focal_length&quot;:&quot;40&quot;,&quot;iso&quot;:&quot;200&quot;,&quot;shutter_speed&quot;:&quot;0.0125&quot;,&quot;title&quot;:&quot;&quot;}\" data-image-title=\"20140223-IMG_7695\" data-image-description=\"\" data-image-caption=\"\" data-large-file=\"https:\/\/i0.wp.com\/vynz100photo.fr\/blog\/wp-content\/uploads\/2013\/12\/20140223-IMG_7695.jpg?fit=800%2C534&amp;ssl=1\" class=\"alignnone size-large wp-image-3118\" src=\"https:\/\/i0.wp.com\/vynz100photo.fr\/blog\/wp-content\/uploads\/2013\/12\/20140223-IMG_7695.jpg?resize=800%2C533&#038;ssl=1\" alt=\"20140223-IMG_7695\" width=\"800\" height=\"533\" srcset=\"https:\/\/i0.wp.com\/vynz100photo.fr\/blog\/wp-content\/uploads\/2013\/12\/20140223-IMG_7695.jpg?w=1024&amp;ssl=1 1024w, https:\/\/i0.wp.com\/vynz100photo.fr\/blog\/wp-content\/uploads\/2013\/12\/20140223-IMG_7695.jpg?resize=300%2C200&amp;ssl=1 300w, https:\/\/i0.wp.com\/vynz100photo.fr\/blog\/wp-content\/uploads\/2013\/12\/20140223-IMG_7695.jpg?resize=250%2C166&amp;ssl=1 250w, https:\/\/i0.wp.com\/vynz100photo.fr\/blog\/wp-content\/uploads\/2013\/12\/20140223-IMG_7695.jpg?resize=900%2C600&amp;ssl=1 900w\" sizes=\"auto, (max-width: 800px) 100vw, 800px\" \/><\/p>\n<h1><span style=\"color: #ff6600;\">Conclusion<\/span><\/h1>\n<p style=\"text-align: justify;\">Un tr\u00e8s bon objectif, tr\u00e8s compact, avec une qualit\u00e9 d&rsquo;image excellente \u00e0 prix contenu. Si on n&rsquo;a pas de 50mm ou de 35mm, c&rsquo;est vraiment un caillou \u00e0 consid\u00e9rer avec beaucoup d&rsquo;attention.<\/p>\n<p style=\"text-align: justify;\">Pour ma part, il ne fait pas vraiment le poids face aux Zeiss <a title=\"ZEISS Distagon T* 35mm f\/2 ZE\" href=\"https:\/\/vynz100photo.fr\/blog\/photographie\/test-de-materiel\/objectifs\/zeiss-distagon-t-35mm-f2-ze\/\">Distagon 35mm f\/2<\/a> et <a title=\"ZEISS Makro-Planar T* 50mm f2 ZE\" href=\"https:\/\/vynz100photo.fr\/blog\/photographie\/test-de-materiel\/objectifs\/zeiss-makro-planar-t-50mm-f2-ze\/\">Makro Planar 50mm f\/2<\/a>, mais il reste pour le moment dans le sac pour sa compacit\u00e9 et son autofocus. Sa focale \u00ab\u00a0hybride\u00a0\u00bb entre 50 et 35 est assez naturelle, mais si on est habitu\u00e9 \u00e0 l&rsquo;une ou l&rsquo;autre c&rsquo;est moins \u00e9vident \u00e0 l&rsquo;usage&#8230;<\/p>\n","protected":false},"excerpt":{"rendered":"<p>&nbsp; &nbsp; Caract\u00e9ristiques Poids: 130 g &nbsp; Prix:\u00a0150\u20ac environ Le petit nouveau de chez Canon, avec un moteur STM utilisable sur les nouveaux r\u00e9flexs de la marque en vid\u00e9o: il est petit, voire tr\u00e8s petit, discret et efficace. Sur un petit capteur APS-C il sera un \u00e9quivalent 65mm, alors que sur 24&#215;36 il sera plus [&hellip;]<\/p>\n","protected":false},"author":1,"featured_media":0,"parent":814,"menu_order":0,"comment_status":"open","ping_status":"open","template":"full-width-page.php","meta":{"_mo_disable_npp":"","jetpack_post_was_ever_published":false,"footnotes":""},"class_list":["post-1903","page","type-page","status-publish","hentry"],"jetpack_sharing_enabled":true,"jetpack_shortlink":"https:\/\/wp.me\/P3QNY7-uH","jetpack_likes_enabled":true,"jetpack-related-posts":[{"id":778,"url":"https:\/\/vynz100photo.fr\/blog\/about\/notre-equipement-photographique\/","url_meta":{"origin":1903,"position":0},"title":"Notre \u00e9quipement photographique","author":"Vincent","date":"6 ao\u00fbt 2013","format":false,"excerpt":"Bien \u00e9videmment, ce n'est pas l'\u00e9quipement photographique qui fait la photo, mais le photographe. Le mat\u00e9riel permet de s'affranchir de certaines limites, de composer diff\u00e9remment et de jouer avec plus de cr\u00e9ativit\u00e9... Les images qui sont sur ce blog sont r\u00e9alis\u00e9es avec les couples bo\u00eetier\/objectif qui suivent. Claire Claire a\u2026","rel":"","context":"Article similaire","block_context":{"text":"Article similaire","link":""},"img":{"alt_text":"20140506-IMG_9417","src":"https:\/\/i0.wp.com\/vynz100photo.fr\/blog\/wp-content\/uploads\/2014\/05\/20140506-IMG_9417-200x300.jpg?resize=350%2C200","width":350,"height":200},"classes":[]},{"id":814,"url":"https:\/\/vynz100photo.fr\/blog\/photographie\/test-de-materiel\/objectifs\/","url_meta":{"origin":1903,"position":1},"title":"Objectifs","author":"Vincent","date":"7 ao\u00fbt 2013","format":false,"excerpt":"Quelques retours d'objectifs que j'ai poss\u00e9d\u00e9s ou test\u00e9s... Au menu, des focales fixes, qui peuvent aller tout aussi bien sur un r\u00e9flex Canon APS-C qu'un 24x36: - Canon EF 28 mm f\/2,8, - Canon\u00a0EF 35mm f\/2, - Canon EF 40mm f\/2,8, - Canon\u00a0EF 50mm f\/1,8, - Canon\u00a0EF 85mm f\/1,8 USM,\u2026","rel":"","context":"Article similaire","block_context":{"text":"Article similaire","link":""},"img":{"alt_text":"","src":"","width":0,"height":0},"classes":[]},{"id":786,"url":"https:\/\/vynz100photo.fr\/blog\/photographie\/quelques-conseils-photo\/les-objectifs-a-ne-pas-negliger\/","url_meta":{"origin":1903,"position":2},"title":"Les objectifs, \u00e0 ne pas n\u00e9gliger!","author":"Vincent","date":"7 ao\u00fbt 2013","format":false,"excerpt":"Quand on a fait le choix de son r\u00e9flex, on pense que le plus dur est fait... mais c'est une erreur, ce n'est que le d\u00e9but! La qualit\u00e9 de l'image d\u00e9pend effectivement du capteur du bo\u00eetier, mais elle est en premier lieu d\u00e9pendante de l'objectif qui fait passer la lumi\u00e8re...\u2026","rel":"","context":"Article similaire","block_context":{"text":"Article similaire","link":""},"img":{"alt_text":"Emploi d'un 21mm","src":"https:\/\/i0.wp.com\/vynz100photo.fr\/blog\/wp-content\/uploads\/2012\/09\/16092012-IMG_8801-300x200.jpg?resize=350%2C200","width":350,"height":200},"classes":[]},{"id":1221,"url":"https:\/\/vynz100photo.fr\/blog\/photographie\/test-de-materiel\/objectifs\/zeiss-makro-planar-t-50mm-f2-ze\/","url_meta":{"origin":1903,"position":3},"title":"ZEISS Makro-Planar T* 50mm f2 ZE","author":"Vincent","date":"1 septembre 2013","format":false,"excerpt":"\u00a0 Caract\u00e9ristiques Poids: 570 g \u00a0 Prix:\u00a01100\u20ac environ Un des deux objectifs 50mm de la gamme Zeiss pour Canon avec le Planar 50mm f\/1,4. Les Makro Planar ont la possibilit\u00e9 de faire des plans tr\u00e8s rapproch\u00e9s (1:2) que n'ont pas les autres objectifs de la marque allemande. Comme ces derniers,\u2026","rel":"","context":"Avec 1 commentaire","block_context":{"text":"Avec 1 commentaire","link":"https:\/\/vynz100photo.fr\/blog\/photographie\/test-de-materiel\/objectifs\/zeiss-makro-planar-t-50mm-f2-ze\/#comments"},"img":{"alt_text":"Le ZEISS Makro-Planar T* 50mm f2","src":"https:\/\/i0.wp.com\/vynz100photo.fr\/blog\/wp-content\/uploads\/2013\/09\/261882-big.jpg?resize=350%2C200","width":350,"height":200,"srcset":"https:\/\/i0.wp.com\/vynz100photo.fr\/blog\/wp-content\/uploads\/2013\/09\/261882-big.jpg?resize=350%2C200 1x, https:\/\/i0.wp.com\/vynz100photo.fr\/blog\/wp-content\/uploads\/2013\/09\/261882-big.jpg?resize=525%2C300 1.5x"},"classes":[]},{"id":816,"url":"https:\/\/vynz100photo.fr\/blog\/photographie\/test-de-materiel\/objectifs\/canon-ef-50mm-f18\/","url_meta":{"origin":1903,"position":4},"title":"Canon EF 50mm f\/1,8","author":"Vincent","date":"7 ao\u00fbt 2013","format":false,"excerpt":"\u00a0 Caract\u00e9ristiques Poids: 130 g Prix: 100\u20ac environ C'est le petit objectif \u00e0 avoir chez Canon, l\u00e9ger, superbe optiquement d\u00e8s que l'on ferme le diaphragme, avec un beau rendu \u00e0 pleine ouverture... Sa focale de 50mm fait de lui un compagnon id\u00e9al au quotidien (sur 24x36) et un tr\u00e8s bon\u2026","rel":"","context":"Avec 1 commentaire","block_context":{"text":"Avec 1 commentaire","link":"https:\/\/vynz100photo.fr\/blog\/photographie\/test-de-materiel\/objectifs\/canon-ef-50mm-f18\/#comments"},"img":{"alt_text":"Canon EF 50mm f\/1,8","src":"https:\/\/i0.wp.com\/vynz100photo.fr\/blog\/wp-content\/uploads\/2013\/08\/50mm.jpg?resize=350%2C200","width":350,"height":200},"classes":[]},{"id":2096,"url":"https:\/\/vynz100photo.fr\/blog\/photographie\/test-de-materiel\/objectifs\/zeiss-distagon-t-21mm-f28-ze\/","url_meta":{"origin":1903,"position":5},"title":"ZEISS Distagon T* 21mm f\/2,8 ZE","author":"Vincent","date":"11 janvier 2014","format":false,"excerpt":"Caract\u00e9ristiques Poids: 720 g \u00a0 Prix:\u00a01600\u20ac environ Un des grands angles de la gamme Zeiss pour Canon avec le dispendieux 15mm et le presque jumeau 18mm. Cette focale est plus facile \u00e0 utiliser que ces derniers, qualifi\u00e9s d'ultra-grands angles... Comme les autres objectifs de la marque allemande, la\u00a0mise au point\u00a0se\u2026","rel":"","context":"Avec 2 commentaires","block_context":{"text":"Avec 2 commentaires","link":"https:\/\/vynz100photo.fr\/blog\/photographie\/test-de-materiel\/objectifs\/zeiss-distagon-t-21mm-f28-ze\/#comments"},"img":{"alt_text":"L'imposant Zeiss Distagon T* 21mm f\/2.8 ZE","src":"https:\/\/i0.wp.com\/vynz100photo.fr\/blog\/wp-content\/uploads\/2014\/01\/D3S_8555-1200.jpg?resize=350%2C200","width":350,"height":200},"classes":[]}],"_links":{"self":[{"href":"https:\/\/vynz100photo.fr\/blog\/wp-json\/wp\/v2\/pages\/1903","targetHints":{"allow":["GET"]}}],"collection":[{"href":"https:\/\/vynz100photo.fr\/blog\/wp-json\/wp\/v2\/pages"}],"about":[{"href":"https:\/\/vynz100photo.fr\/blog\/wp-json\/wp\/v2\/types\/page"}],"author":[{"embeddable":true,"href":"https:\/\/vynz100photo.fr\/blog\/wp-json\/wp\/v2\/users\/1"}],"replies":[{"embeddable":true,"href":"https:\/\/vynz100photo.fr\/blog\/wp-json\/wp\/v2\/comments?post=1903"}],"version-history":[{"count":0,"href":"https:\/\/vynz100photo.fr\/blog\/wp-json\/wp\/v2\/pages\/1903\/revisions"}],"up":[{"embeddable":true,"href":"https:\/\/vynz100photo.fr\/blog\/wp-json\/wp\/v2\/pages\/814"}],"wp:attachment":[{"href":"https:\/\/vynz100photo.fr\/blog\/wp-json\/wp\/v2\/media?parent=1903"}],"curies":[{"name":"wp","href":"https:\/\/api.w.org\/{rel}","templated":true}]}}