{"id":1782,"date":"2013-11-19T15:42:43","date_gmt":"2013-11-19T07:42:43","guid":{"rendered":"http:\/\/vynz100photo.fr\/blog\/?page_id=1782"},"modified":"2013-11-19T15:42:43","modified_gmt":"2013-11-19T07:42:43","slug":"le-nepal-authentique-et-spirituel","status":"publish","type":"page","link":"https:\/\/vynz100photo.fr\/blog\/voyages\/le-nepal-authentique-et-spirituel\/","title":{"rendered":"Le N\u00e9pal, authentique et spirituel?"},"content":{"rendered":"\n","protected":false},"excerpt":{"rendered":"","protected":false},"author":1,"featured_media":0,"parent":624,"menu_order":0,"comment_status":"open","ping_status":"open","template":"full-width-page.php","meta":{"_mo_disable_npp":"","jetpack_post_was_ever_published":false,"footnotes":""},"class_list":["post-1782","page","type-page","status-publish","hentry"],"jetpack_sharing_enabled":true,"jetpack_shortlink":"https:\/\/wp.me\/P3QNY7-sK","jetpack_likes_enabled":true,"jetpack-related-posts":[{"id":1777,"url":"https:\/\/vynz100photo.fr\/blog\/voyages\/armenie-aux-confins-de-leurope\/","url_meta":{"origin":1782,"position":0},"title":"Arm\u00e9nie, aux confins de l&rsquo;Europe&#8230; et de l&rsquo;Asie!","author":"Vincent","date":"19 novembre 2013","format":false,"excerpt":"20 avril 2012 - 3 mai 2012 Quelle destination \"exotique\"? On a d\u00e9j\u00e0 visit\u00e9 l'Afrique (Tanzanie), le Liban (Beyrouth et Byblos), Oman (\u00e0 plusieurs reprises), les Emirats, le N\u00e9pal... du coup, on h\u00e9site entre la Jordanie et... on ne sait pas trop quoi. \u00a0 Un souvenir nous revient en m\u00e9moire:\u2026","rel":"","context":"Article similaire","block_context":{"text":"Article similaire","link":""},"img":{"alt_text":"28042012-IMG_3469","src":"https:\/\/i0.wp.com\/vynz100photo.fr\/blog\/wp-content\/uploads\/2013\/11\/28042012-IMG_3469.jpg?resize=350%2C200","width":350,"height":200,"srcset":"https:\/\/i0.wp.com\/vynz100photo.fr\/blog\/wp-content\/uploads\/2013\/11\/28042012-IMG_3469.jpg?resize=350%2C200 1x, https:\/\/i0.wp.com\/vynz100photo.fr\/blog\/wp-content\/uploads\/2013\/11\/28042012-IMG_3469.jpg?resize=525%2C300 1.5x, https:\/\/i0.wp.com\/vynz100photo.fr\/blog\/wp-content\/uploads\/2013\/11\/28042012-IMG_3469.jpg?resize=700%2C400 2x"},"classes":[]},{"id":1685,"url":"https:\/\/vynz100photo.fr\/blog\/voyages\/chine\/hangzhou\/","url_meta":{"origin":1782,"position":1},"title":"Hangzhou","author":"Vincent","date":"13 novembre 2013","format":false,"excerpt":"\u00a0 Une de nos villes pr\u00e9f\u00e9r\u00e9e, \u00e0 moins d'une heure de Shanghai en train... on s'y prom\u00e8ne en toute saison, on y mange bien, on y d\u00e9guste un des meilleurs th\u00e9s du monde... A voir en hiver ou en automne!","rel":"","context":"Article similaire","block_context":{"text":"Article similaire","link":""},"img":{"alt_text":"","src":"","width":0,"height":0},"classes":[]},{"id":1804,"url":"https:\/\/vynz100photo.fr\/blog\/voyages\/au-pays-du-matin-calme-voyage-en-coree-du-sud-avril-mai-2013\/","url_meta":{"origin":1782,"position":2},"title":"Au pays du matin calme, voyage en Cor\u00e9e du Sud (avril-mai 2013)","author":"Vincent","date":"21 novembre 2013","format":false,"excerpt":"A venir... \u00a0 Nous sommes partis visiter un pays peu connu mais attachant, la Cor\u00e9e du Sud. Au menu, S\u00e9oul bien s\u00fbr, mais aussi Busan, la c\u00f4te sud et les temples du centre du pays...","rel":"","context":"Article similaire","block_context":{"text":"Article similaire","link":""},"img":{"alt_text":"","src":"https:\/\/i0.wp.com\/vynz100photo.fr\/blog\/wp-content\/uploads\/2013\/11\/20130424-IMG_8621.jpg?fit=1024%2C683&ssl=1&resize=350%2C200","width":350,"height":200,"srcset":"https:\/\/i0.wp.com\/vynz100photo.fr\/blog\/wp-content\/uploads\/2013\/11\/20130424-IMG_8621.jpg?fit=1024%2C683&ssl=1&resize=350%2C200 1x, https:\/\/i0.wp.com\/vynz100photo.fr\/blog\/wp-content\/uploads\/2013\/11\/20130424-IMG_8621.jpg?fit=1024%2C683&ssl=1&resize=525%2C300 1.5x, https:\/\/i0.wp.com\/vynz100photo.fr\/blog\/wp-content\/uploads\/2013\/11\/20130424-IMG_8621.jpg?fit=1024%2C683&ssl=1&resize=700%2C400 2x"},"classes":[]},{"id":1809,"url":"https:\/\/vynz100photo.fr\/blog\/cuisine-et-restaurants\/restaurants\/green-tea-%e5%bd%95%e8%8c%b6%e9%a4%90%e5%8e%85-hangzhou-chine\/","url_meta":{"origin":1782,"position":3},"title":"Green Tea \u5f55\u8336\u9910\u5385 (Hangzhou, Chine)","author":"Vincent","date":"21 novembre 2013","format":false,"excerpt":"Adresse: 83 Longjing Road \u9f99\u4e95\u8def83\u53f7, Hangzhou T\u00e9l:\u00a0+ 86 571 8703 0016 Type de restaurant: La cuisine de Hanghzou (ou\u00a0Hangbang Cai \u676d\u5e2e\u83dc) est tr\u00e8s r\u00e9put\u00e9e dans toute la Chine (une des 8 cuisines chinoises), pour la vari\u00e9t\u00e9 de ses plats, de ses textures, des m\u00e9langes sucr\u00e9s\/sal\u00e9s, des \u00e9pices savamment choisis... Ce\u2026","rel":"","context":"Article similaire","block_context":{"text":"Article similaire","link":""},"img":{"alt_text":"20131109-IMG_4742","src":"https:\/\/i0.wp.com\/vynz100photo.fr\/blog\/wp-content\/uploads\/2013\/11\/20131109-IMG_4742.jpg?resize=350%2C200","width":350,"height":200,"srcset":"https:\/\/i0.wp.com\/vynz100photo.fr\/blog\/wp-content\/uploads\/2013\/11\/20131109-IMG_4742.jpg?resize=350%2C200 1x, https:\/\/i0.wp.com\/vynz100photo.fr\/blog\/wp-content\/uploads\/2013\/11\/20131109-IMG_4742.jpg?resize=525%2C300 1.5x"},"classes":[]},{"id":1827,"url":"https:\/\/vynz100photo.fr\/blog\/cuisine-et-restaurants\/restaurants\/grandmas-restaurant-%e5%a4%96%e5%a9%86%e5%ae%b6-hangzhou-chine\/","url_meta":{"origin":1782,"position":4},"title":"Grandma&rsquo;s Restaurant \u5916\u5a46\u5bb6 (Hangzhou, Chine)","author":"Vincent","date":"21 novembre 2013","format":false,"excerpt":"Adresse: HuBin Road 3,\u00a0Hangzhou,\u00a0Chine\u00a0 T\u00e9l: 0571-85101939 \u00a0 Type de restaurant: La cuisine de\u00a0Hanghzou\u00a0(ou\u00a0Hangbang Cai \u676d\u5e2e\u83dc) est tr\u00e8s r\u00e9put\u00e9e dans toute la Chine (une des 8 cuisines chinoises), pour la vari\u00e9t\u00e9 de ses plats, de ses textures, des m\u00e9langes sucr\u00e9s\/sal\u00e9s, des \u00e9pices savamment choisis... Ce restaurant, comme le Green Tea Restaurant\u2026","rel":"","context":"Article similaire","block_context":{"text":"Article similaire","link":""},"img":{"alt_text":"20131110-IMG_4886","src":"https:\/\/i0.wp.com\/vynz100photo.fr\/blog\/wp-content\/uploads\/2013\/11\/20131110-IMG_4886.jpg?resize=350%2C200","width":350,"height":200,"srcset":"https:\/\/i0.wp.com\/vynz100photo.fr\/blog\/wp-content\/uploads\/2013\/11\/20131110-IMG_4886.jpg?resize=350%2C200 1x, https:\/\/i0.wp.com\/vynz100photo.fr\/blog\/wp-content\/uploads\/2013\/11\/20131110-IMG_4886.jpg?resize=525%2C300 1.5x"},"classes":[]},{"id":1357,"url":"https:\/\/vynz100photo.fr\/blog\/voyages\/chine\/en-route-vers-lanhui-29-sept-5-octobre\/honcun-paisible-cite-imperiale\/","url_meta":{"origin":1782,"position":5},"title":"Honcun, paisible cit\u00e9 imp\u00e9riale","author":"Vincent","date":"6 octobre 2013","format":false,"excerpt":"\u00a0 Il est 14h \u00e0 Tunxi... juste l'heure du bus pour Honcun (2 heures de trajet environ pour 35 RMB \u00e0 quatre), et nous voil\u00e0 en route. C'est un petit bus sans suspensions, les places sont petites et peu confortables, mais peu importe, ce sont les vacances! Et puis comme\u2026","rel":"","context":"Article similaire","block_context":{"text":"Article similaire","link":""},"img":{"alt_text":"20130930-IMG_4054","src":"https:\/\/i0.wp.com\/vynz100photo.fr\/blog\/wp-content\/uploads\/2013\/10\/20130930-IMG_4054.jpg?resize=350%2C200","width":350,"height":200,"srcset":"https:\/\/i0.wp.com\/vynz100photo.fr\/blog\/wp-content\/uploads\/2013\/10\/20130930-IMG_4054.jpg?resize=350%2C200 1x, https:\/\/i0.wp.com\/vynz100photo.fr\/blog\/wp-content\/uploads\/2013\/10\/20130930-IMG_4054.jpg?resize=525%2C300 1.5x"},"classes":[]}],"_links":{"self":[{"href":"https:\/\/vynz100photo.fr\/blog\/wp-json\/wp\/v2\/pages\/1782","targetHints":{"allow":["GET"]}}],"collection":[{"href":"https:\/\/vynz100photo.fr\/blog\/wp-json\/wp\/v2\/pages"}],"about":[{"href":"https:\/\/vynz100photo.fr\/blog\/wp-json\/wp\/v2\/types\/page"}],"author":[{"embeddable":true,"href":"https:\/\/vynz100photo.fr\/blog\/wp-json\/wp\/v2\/users\/1"}],"replies":[{"embeddable":true,"href":"https:\/\/vynz100photo.fr\/blog\/wp-json\/wp\/v2\/comments?post=1782"}],"version-history":[{"count":0,"href":"https:\/\/vynz100photo.fr\/blog\/wp-json\/wp\/v2\/pages\/1782\/revisions"}],"up":[{"embeddable":true,"href":"https:\/\/vynz100photo.fr\/blog\/wp-json\/wp\/v2\/pages\/624"}],"wp:attachment":[{"href":"https:\/\/vynz100photo.fr\/blog\/wp-json\/wp\/v2\/media?parent=1782"}],"curies":[{"name":"wp","href":"https:\/\/api.w.org\/{rel}","templated":true}]}}