{"id":1685,"date":"2013-11-13T23:18:46","date_gmt":"2013-11-13T15:18:46","guid":{"rendered":"http:\/\/vynz100photo.fr\/blog\/?page_id=1685"},"modified":"2013-11-13T23:18:46","modified_gmt":"2013-11-13T15:18:46","slug":"hangzhou","status":"publish","type":"page","link":"https:\/\/vynz100photo.fr\/blog\/voyages\/chine\/hangzhou\/","title":{"rendered":"Hangzhou"},"content":{"rendered":"\n<p>&nbsp;<\/p>\n<p>Une de nos villes pr\u00e9f\u00e9r\u00e9e, \u00e0 moins d&rsquo;une heure de Shanghai en train&#8230; on s&rsquo;y prom\u00e8ne en toute saison, on y mange bien, on y d\u00e9guste un des meilleurs th\u00e9s du monde&#8230;<\/p>\n<p>A voir en hiver ou en automne!<\/p>\n","protected":false},"excerpt":{"rendered":"<p>&nbsp; Une de nos villes pr\u00e9f\u00e9r\u00e9e, \u00e0 moins d&rsquo;une heure de Shanghai en train&#8230; on s&rsquo;y prom\u00e8ne en toute saison, on y mange bien, on y d\u00e9guste un des meilleurs th\u00e9s du monde&#8230; A voir en hiver ou en automne!<\/p>\n","protected":false},"author":1,"featured_media":0,"parent":634,"menu_order":3,"comment_status":"open","ping_status":"open","template":"full-width-page.php","meta":{"_mo_disable_npp":"","jetpack_post_was_ever_published":false,"footnotes":""},"class_list":["post-1685","page","type-page","status-publish","hentry"],"jetpack_sharing_enabled":true,"jetpack_shortlink":"https:\/\/wp.me\/P3QNY7-rb","jetpack_likes_enabled":true,"jetpack-related-posts":[{"id":941,"url":"https:\/\/vynz100photo.fr\/blog\/voyages\/japon-hokkaido\/pause-a-ashibetsu-15-juillet\/","url_meta":{"origin":1685,"position":0},"title":"Pause \u00e0 Ashibetsu (15 juillet)","author":"Vincent","date":"15 ao\u00fbt 2013","format":false,"excerpt":"Ouf, le camping est parfait: grand, ombrag\u00e9, avec douches et machine \u00e0 laver, des prises \u00e9lectriques pour recharger les batteries des appareils photos, et le meilleur: il est vide d\u00e8s que le week-end se termine... Ce soir-l\u00e0, les filles se font plein de copains: les enfants ont des filets \u00e0\u2026","rel":"","context":"Article similaire","block_context":{"text":"Article similaire","link":""},"img":{"alt_text":"ashibetsu","src":"https:\/\/i0.wp.com\/vynz100photo.fr\/blog\/wp-content\/uploads\/2013\/08\/ashibetsu-1024x770.jpg?resize=350%2C200","width":350,"height":200,"srcset":"https:\/\/i0.wp.com\/vynz100photo.fr\/blog\/wp-content\/uploads\/2013\/08\/ashibetsu-1024x770.jpg?resize=350%2C200 1x, https:\/\/i0.wp.com\/vynz100photo.fr\/blog\/wp-content\/uploads\/2013\/08\/ashibetsu-1024x770.jpg?resize=525%2C300 1.5x, https:\/\/i0.wp.com\/vynz100photo.fr\/blog\/wp-content\/uploads\/2013\/08\/ashibetsu-1024x770.jpg?resize=700%2C400 2x"},"classes":[]},{"id":2258,"url":"https:\/\/vynz100photo.fr\/blog\/voyages\/chine\/cinq-jours-a-hong-kong\/","url_meta":{"origin":1685,"position":1},"title":"Cinq jours \u00e0 Hong-Kong","author":"Vincent","date":"20 f\u00e9vrier 2014","format":false,"excerpt":"\u00a0 \u00a0 Les vacances du Nouvel An chinois sont toujours assez particuli\u00e8res: 3 semaines \u00e0 Shanghai, avec la plus grande migration annuelle de personnes au monde... Du coup, on h\u00e9site souvent \u00e0 partir. L\u00e0, on avait d\u00e9cid\u00e9 de rester \u00e0 la maison pour se reposer, mais une matin\u00e9e de pollution\u2026","rel":"","context":"Article similaire","block_context":{"text":"Article similaire","link":""},"img":{"alt_text":"","src":"","width":0,"height":0},"classes":[]},{"id":678,"url":"https:\/\/vynz100photo.fr\/blog\/voyages\/japon-hokkaido\/sapporo-premiers-pas-sur-le-sol-nippon-8-10-juillet\/","url_meta":{"origin":1685,"position":2},"title":"Sapporo, premiers pas sur le sol nippon (8-10 juillet)","author":"Vincent","date":"5 ao\u00fbt 2013","format":false,"excerpt":"Partis de Shanghai en milieu de journ\u00e9e, apr\u00e8s une escale s\u00e9oulite, on arrive le lundi soir \u00e0 l'a\u00e9roport de Chitose (\u65b0\u5343\u6b73\u7a7a\u6e2f), un des plus importants de l'archipel tant par sa superficie que par son trafic... L\u00e0, il faut prendre un train, puis deux m\u00e9tros, pour arriver \u00e0 quelques centaines de\u2026","rel":"","context":"Article similaire","block_context":{"text":"Article similaire","link":""},"img":{"alt_text":"En route vers de nouvelles aventures!","src":"https:\/\/i0.wp.com\/vynz100photo.fr\/blog\/wp-content\/uploads\/2013\/08\/20130708-IMG_1785.jpg?resize=350%2C200","width":350,"height":200,"srcset":"https:\/\/i0.wp.com\/vynz100photo.fr\/blog\/wp-content\/uploads\/2013\/08\/20130708-IMG_1785.jpg?resize=350%2C200 1x, https:\/\/i0.wp.com\/vynz100photo.fr\/blog\/wp-content\/uploads\/2013\/08\/20130708-IMG_1785.jpg?resize=525%2C300 1.5x, https:\/\/i0.wp.com\/vynz100photo.fr\/blog\/wp-content\/uploads\/2013\/08\/20130708-IMG_1785.jpg?resize=700%2C400 2x"},"classes":[]},{"id":786,"url":"https:\/\/vynz100photo.fr\/blog\/photographie\/quelques-conseils-photo\/les-objectifs-a-ne-pas-negliger\/","url_meta":{"origin":1685,"position":3},"title":"Les objectifs, \u00e0 ne pas n\u00e9gliger!","author":"Vincent","date":"7 ao\u00fbt 2013","format":false,"excerpt":"Quand on a fait le choix de son r\u00e9flex, on pense que le plus dur est fait... mais c'est une erreur, ce n'est que le d\u00e9but! La qualit\u00e9 de l'image d\u00e9pend effectivement du capteur du bo\u00eetier, mais elle est en premier lieu d\u00e9pendante de l'objectif qui fait passer la lumi\u00e8re...\u2026","rel":"","context":"Article similaire","block_context":{"text":"Article similaire","link":""},"img":{"alt_text":"Emploi d'un 21mm","src":"https:\/\/i0.wp.com\/vynz100photo.fr\/blog\/wp-content\/uploads\/2012\/09\/16092012-IMG_8801-300x200.jpg?resize=350%2C200","width":350,"height":200},"classes":[]},{"id":646,"url":"https:\/\/vynz100photo.fr\/blog\/recettes\/la-sachertorte-la-belle-autrichienne\/","url_meta":{"origin":1685,"position":4},"title":"La Sachert\u00f6rte, la belle Autrichienne","author":"Vincent","date":"3 ao\u00fbt 2013","format":false,"excerpt":"\u00a0 \u00a0 \u00a0 La\u00a0Sachertorte\u00a0est un des g\u00e2teaux les plus connus au monde; originaire de Vienne en Autriche, il tire son nom de l'h\u00f4tel Sacher, qui est le seul \u00e0 en avoir la recette parfaite. A d\u00e9faut de vous livrer ce secret des plus jalousement gard\u00e9s, voil\u00e0 notre modeste contribution, le\u2026","rel":"","context":"Article similaire","block_context":{"text":"Article similaire","link":""},"img":{"alt_text":"","src":"https:\/\/i0.wp.com\/3.bp.blogspot.com\/-JOUdiXD5C_A\/TnTEgzEGZgI\/AAAAAAAAIEM\/USSGyvT07Mk\/s320\/17092011-IMG_1174.jpg?resize=350%2C200","width":350,"height":200},"classes":[]},{"id":816,"url":"https:\/\/vynz100photo.fr\/blog\/photographie\/test-de-materiel\/objectifs\/canon-ef-50mm-f18\/","url_meta":{"origin":1685,"position":5},"title":"Canon EF 50mm f\/1,8","author":"Vincent","date":"7 ao\u00fbt 2013","format":false,"excerpt":"\u00a0 Caract\u00e9ristiques Poids: 130 g Prix: 100\u20ac environ C'est le petit objectif \u00e0 avoir chez Canon, l\u00e9ger, superbe optiquement d\u00e8s que l'on ferme le diaphragme, avec un beau rendu \u00e0 pleine ouverture... Sa focale de 50mm fait de lui un compagnon id\u00e9al au quotidien (sur 24x36) et un tr\u00e8s bon\u2026","rel":"","context":"Avec 1 commentaire","block_context":{"text":"Avec 1 commentaire","link":"https:\/\/vynz100photo.fr\/blog\/photographie\/test-de-materiel\/objectifs\/canon-ef-50mm-f18\/#comments"},"img":{"alt_text":"Canon EF 50mm f\/1,8","src":"https:\/\/i0.wp.com\/vynz100photo.fr\/blog\/wp-content\/uploads\/2013\/08\/50mm.jpg?resize=350%2C200","width":350,"height":200},"classes":[]}],"_links":{"self":[{"href":"https:\/\/vynz100photo.fr\/blog\/wp-json\/wp\/v2\/pages\/1685","targetHints":{"allow":["GET"]}}],"collection":[{"href":"https:\/\/vynz100photo.fr\/blog\/wp-json\/wp\/v2\/pages"}],"about":[{"href":"https:\/\/vynz100photo.fr\/blog\/wp-json\/wp\/v2\/types\/page"}],"author":[{"embeddable":true,"href":"https:\/\/vynz100photo.fr\/blog\/wp-json\/wp\/v2\/users\/1"}],"replies":[{"embeddable":true,"href":"https:\/\/vynz100photo.fr\/blog\/wp-json\/wp\/v2\/comments?post=1685"}],"version-history":[{"count":0,"href":"https:\/\/vynz100photo.fr\/blog\/wp-json\/wp\/v2\/pages\/1685\/revisions"}],"up":[{"embeddable":true,"href":"https:\/\/vynz100photo.fr\/blog\/wp-json\/wp\/v2\/pages\/634"}],"wp:attachment":[{"href":"https:\/\/vynz100photo.fr\/blog\/wp-json\/wp\/v2\/media?parent=1685"}],"curies":[{"name":"wp","href":"https:\/\/api.w.org\/{rel}","templated":true}]}}