{"id":1345,"date":"2013-10-04T01:20:10","date_gmt":"2013-10-03T17:20:10","guid":{"rendered":"http:\/\/vynz100photo.fr\/blog\/?page_id=1345"},"modified":"2014-03-02T00:46:55","modified_gmt":"2014-03-01T16:46:55","slug":"en-route-vers-lanhui-29-sept-5-octobre","status":"publish","type":"page","link":"https:\/\/vynz100photo.fr\/blog\/voyages\/chine\/en-route-vers-lanhui-29-sept-5-octobre\/","title":{"rendered":"En route vers l&rsquo;Anhui! (29 sept \/ 5 octobre)"},"content":{"rendered":"<p>Pour ces petites vacances de la<strong> F\u00eate Nationale Chinoise<\/strong> -aussi appel\u00e9e \u00ab\u00a0Golden Week\u00a0\u00bb puisque c&rsquo;est l&rsquo;un des deux moments ou tout le pays est en vacances- nous avons d\u00e9cid\u00e9 de partir \u00e0 450 kilom\u00e8tres \u00e0 l&rsquo;ouest de Shanghai, dans la <strong>province de l&rsquo;Anhui<\/strong>.<\/p>\n<p>&nbsp;<\/p>\n<p style=\"text-align: center;\"><\/p>\n<p>L\u00e0, apr\u00e8s avoir pass\u00e9 quelques heures \u00e0 <a title=\"Tunxi, arriv\u00e9e dans l\u2019Anhui\" href=\"https:\/\/vynz100photo.fr\/blog\/voyages\/chine\/en-route-vers-lanhui-29-sept-5-octobre\/tunxi-arrivee-dans-lanhui\/\">Tunxi<\/a>, nous visitons deux villages inscrits au patrimoine mondial de l&rsquo;UNESCO, <a href=\"https:\/\/vynz100photo.fr\/blog\/voyages\/chine\/en-route-vers-lanhui-29-sept-5-octobre\/honcun-paisible-cite-imperiale\/\">Hongcun<\/a> et <a title=\"Xi Di l\u2019authentique\" href=\"https:\/\/vynz100photo.fr\/blog\/voyages\/chine\/en-route-vers-lanhui-29-sept-5-octobre\/xi-di-lauthentique\/\">Xi Di<\/a>, passant une nuit dans chaque village. Nous profiterons ausi pour visiter <a title=\"La for\u00eat de bambous de Mukeng\" href=\"https:\/\/vynz100photo.fr\/blog\/voyages\/chine\/en-route-vers-lanhui-29-sept-5-octobre\/la-foret-de-bambous-de-mukeng\/\">les for\u00eat de bambous de Mukeng<\/a> et la montagne sacr\u00e9e (tao\u00efste) de <a href=\"https:\/\/vynz100photo.fr\/blog\/voyages\/chine\/en-route-vers-lanhui-29-sept-5-octobre\/qi-yun-shan-la-montagne-sacree\/\">Qi Yun Shan<\/a>.<\/p>\n<p>&nbsp;<\/p>\n<p>Puis nous retournons \u00e0 Tunxi pour retrouver Shanghai et son air tellement urbain&#8230;<\/p>\n","protected":false},"excerpt":{"rendered":"<p>Pour ces petites vacances de la F\u00eate Nationale Chinoise -aussi appel\u00e9e \u00ab\u00a0Golden Week\u00a0\u00bb puisque c&rsquo;est l&rsquo;un des deux moments ou tout le pays est en vacances- nous avons d\u00e9cid\u00e9 de partir \u00e0 450 kilom\u00e8tres \u00e0 l&rsquo;ouest de Shanghai, dans la province de l&rsquo;Anhui. &nbsp; L\u00e0, apr\u00e8s avoir pass\u00e9 quelques heures \u00e0 Tunxi, nous visitons deux [&hellip;]<\/p>\n","protected":false},"author":1,"featured_media":0,"parent":634,"menu_order":0,"comment_status":"open","ping_status":"open","template":"full-width-page.php","meta":{"_mo_disable_npp":"","jetpack_post_was_ever_published":false,"footnotes":""},"class_list":["post-1345","page","type-page","status-publish","hentry"],"jetpack_sharing_enabled":true,"jetpack_shortlink":"https:\/\/wp.me\/P3QNY7-lH","jetpack_likes_enabled":true,"jetpack-related-posts":[{"id":1357,"url":"https:\/\/vynz100photo.fr\/blog\/voyages\/chine\/en-route-vers-lanhui-29-sept-5-octobre\/honcun-paisible-cite-imperiale\/","url_meta":{"origin":1345,"position":0},"title":"Honcun, paisible cit\u00e9 imp\u00e9riale","author":"Vincent","date":"6 octobre 2013","format":false,"excerpt":"\u00a0 Il est 14h \u00e0 Tunxi... juste l'heure du bus pour Honcun (2 heures de trajet environ pour 35 RMB \u00e0 quatre), et nous voil\u00e0 en route. C'est un petit bus sans suspensions, les places sont petites et peu confortables, mais peu importe, ce sont les vacances! Et puis comme\u2026","rel":"","context":"Article similaire","block_context":{"text":"Article similaire","link":""},"img":{"alt_text":"20130930-IMG_4054","src":"https:\/\/i0.wp.com\/vynz100photo.fr\/blog\/wp-content\/uploads\/2013\/10\/20130930-IMG_4054.jpg?resize=350%2C200","width":350,"height":200,"srcset":"https:\/\/i0.wp.com\/vynz100photo.fr\/blog\/wp-content\/uploads\/2013\/10\/20130930-IMG_4054.jpg?resize=350%2C200 1x, https:\/\/i0.wp.com\/vynz100photo.fr\/blog\/wp-content\/uploads\/2013\/10\/20130930-IMG_4054.jpg?resize=525%2C300 1.5x"},"classes":[]},{"id":1359,"url":"https:\/\/vynz100photo.fr\/blog\/voyages\/chine\/en-route-vers-lanhui-29-sept-5-octobre\/la-foret-de-bambous-de-mukeng\/","url_meta":{"origin":1345,"position":1},"title":"La for\u00eat de bambous de Mukeng","author":"Vincent","date":"5 octobre 2013","format":false,"excerpt":"A quelques kilom\u00e8tres de Honcun, apr\u00e8s une route qui serpente entre les montagnes, on arrive \u00e0 un endroit assez diff\u00e9rent: le village de Mukeng. On essaie de fuir les hordes de touristes qui d\u00e9barquent dans ce joli coin de verdure en ce 1er octobre... L\u00e0 se dresse une for\u00eat de\u2026","rel":"","context":"Article similaire","block_context":{"text":"Article similaire","link":""},"img":{"alt_text":"20131001-IMG_4195","src":"https:\/\/i0.wp.com\/vynz100photo.fr\/blog\/wp-content\/uploads\/2013\/10\/20131001-IMG_4195.jpg?resize=350%2C200","width":350,"height":200,"srcset":"https:\/\/i0.wp.com\/vynz100photo.fr\/blog\/wp-content\/uploads\/2013\/10\/20131001-IMG_4195.jpg?resize=350%2C200 1x, https:\/\/i0.wp.com\/vynz100photo.fr\/blog\/wp-content\/uploads\/2013\/10\/20131001-IMG_4195.jpg?resize=525%2C300 1.5x"},"classes":[]},{"id":941,"url":"https:\/\/vynz100photo.fr\/blog\/voyages\/japon-hokkaido\/pause-a-ashibetsu-15-juillet\/","url_meta":{"origin":1345,"position":2},"title":"Pause \u00e0 Ashibetsu (15 juillet)","author":"Vincent","date":"15 ao\u00fbt 2013","format":false,"excerpt":"Ouf, le camping est parfait: grand, ombrag\u00e9, avec douches et machine \u00e0 laver, des prises \u00e9lectriques pour recharger les batteries des appareils photos, et le meilleur: il est vide d\u00e8s que le week-end se termine... Ce soir-l\u00e0, les filles se font plein de copains: les enfants ont des filets \u00e0\u2026","rel":"","context":"Article similaire","block_context":{"text":"Article similaire","link":""},"img":{"alt_text":"ashibetsu","src":"https:\/\/i0.wp.com\/vynz100photo.fr\/blog\/wp-content\/uploads\/2013\/08\/ashibetsu-1024x770.jpg?resize=350%2C200","width":350,"height":200,"srcset":"https:\/\/i0.wp.com\/vynz100photo.fr\/blog\/wp-content\/uploads\/2013\/08\/ashibetsu-1024x770.jpg?resize=350%2C200 1x, https:\/\/i0.wp.com\/vynz100photo.fr\/blog\/wp-content\/uploads\/2013\/08\/ashibetsu-1024x770.jpg?resize=525%2C300 1.5x, https:\/\/i0.wp.com\/vynz100photo.fr\/blog\/wp-content\/uploads\/2013\/08\/ashibetsu-1024x770.jpg?resize=700%2C400 2x"},"classes":[]},{"id":2262,"url":"https:\/\/vynz100photo.fr\/blog\/voyages\/chine\/cinq-jours-a-hong-kong\/lantau-et-le-village-de-tai-o\/","url_meta":{"origin":1345,"position":3},"title":"Lantau et le village de Tai O","author":"Vincent","date":"20 f\u00e9vrier 2014","format":false,"excerpt":"","rel":"","context":"Article similaire","block_context":{"text":"Article similaire","link":""},"img":{"alt_text":"20140121-IMG_6298","src":"https:\/\/i0.wp.com\/vynz100photo.fr\/blog\/wp-content\/uploads\/2014\/01\/20140121-IMG_6298.jpg?resize=350%2C200","width":350,"height":200,"srcset":"https:\/\/i0.wp.com\/vynz100photo.fr\/blog\/wp-content\/uploads\/2014\/01\/20140121-IMG_6298.jpg?resize=350%2C200 1x, https:\/\/i0.wp.com\/vynz100photo.fr\/blog\/wp-content\/uploads\/2014\/01\/20140121-IMG_6298.jpg?resize=525%2C300 1.5x"},"classes":[]},{"id":1363,"url":"https:\/\/vynz100photo.fr\/blog\/voyages\/chine\/en-route-vers-lanhui-29-sept-5-octobre\/qi-yun-shan-la-montagne-sacree\/","url_meta":{"origin":1345,"position":4},"title":"Qi Yun Shan, la montagne sacr\u00e9e","author":"Vincent","date":"9 f\u00e9vrier 2014","format":false,"excerpt":"On sort de l'h\u00f4tel pr\u00e9cipitamment pour rejoindre le bus, avec un gros dilemme: faut-il rentrer \u00e0 Tunxi pour revisiter depuis cette ville, ou faire un trajet Xidi-Qi Yun Shan, puis un retour \u00e0 Xidi pour r\u00e9cup\u00e9rer les valises, puis enfin un trajet Xidi-Tunxi pour retrouver l'h\u00f4tel r\u00e9serv\u00e9 la semaine pr\u00e9c\u00e9dente?\u2026","rel":"","context":"Article similaire","block_context":{"text":"Article similaire","link":""},"img":{"alt_text":"20131002-IMG_4359","src":"https:\/\/i0.wp.com\/vynz100photo.fr\/blog\/wp-content\/uploads\/2014\/02\/20131002-IMG_4359.jpg?resize=350%2C200","width":350,"height":200,"srcset":"https:\/\/i0.wp.com\/vynz100photo.fr\/blog\/wp-content\/uploads\/2014\/02\/20131002-IMG_4359.jpg?resize=350%2C200 1x, https:\/\/i0.wp.com\/vynz100photo.fr\/blog\/wp-content\/uploads\/2014\/02\/20131002-IMG_4359.jpg?resize=525%2C300 1.5x"},"classes":[]},{"id":1809,"url":"https:\/\/vynz100photo.fr\/blog\/cuisine-et-restaurants\/restaurants\/green-tea-%e5%bd%95%e8%8c%b6%e9%a4%90%e5%8e%85-hangzhou-chine\/","url_meta":{"origin":1345,"position":5},"title":"Green Tea \u5f55\u8336\u9910\u5385 (Hangzhou, Chine)","author":"Vincent","date":"21 novembre 2013","format":false,"excerpt":"Adresse: 83 Longjing Road \u9f99\u4e95\u8def83\u53f7, Hangzhou T\u00e9l:\u00a0+ 86 571 8703 0016 Type de restaurant: La cuisine de Hanghzou (ou\u00a0Hangbang Cai \u676d\u5e2e\u83dc) est tr\u00e8s r\u00e9put\u00e9e dans toute la Chine (une des 8 cuisines chinoises), pour la vari\u00e9t\u00e9 de ses plats, de ses textures, des m\u00e9langes sucr\u00e9s\/sal\u00e9s, des \u00e9pices savamment choisis... Ce\u2026","rel":"","context":"Article similaire","block_context":{"text":"Article similaire","link":""},"img":{"alt_text":"20131109-IMG_4742","src":"https:\/\/i0.wp.com\/vynz100photo.fr\/blog\/wp-content\/uploads\/2013\/11\/20131109-IMG_4742.jpg?resize=350%2C200","width":350,"height":200,"srcset":"https:\/\/i0.wp.com\/vynz100photo.fr\/blog\/wp-content\/uploads\/2013\/11\/20131109-IMG_4742.jpg?resize=350%2C200 1x, https:\/\/i0.wp.com\/vynz100photo.fr\/blog\/wp-content\/uploads\/2013\/11\/20131109-IMG_4742.jpg?resize=525%2C300 1.5x"},"classes":[]}],"_links":{"self":[{"href":"https:\/\/vynz100photo.fr\/blog\/wp-json\/wp\/v2\/pages\/1345","targetHints":{"allow":["GET"]}}],"collection":[{"href":"https:\/\/vynz100photo.fr\/blog\/wp-json\/wp\/v2\/pages"}],"about":[{"href":"https:\/\/vynz100photo.fr\/blog\/wp-json\/wp\/v2\/types\/page"}],"author":[{"embeddable":true,"href":"https:\/\/vynz100photo.fr\/blog\/wp-json\/wp\/v2\/users\/1"}],"replies":[{"embeddable":true,"href":"https:\/\/vynz100photo.fr\/blog\/wp-json\/wp\/v2\/comments?post=1345"}],"version-history":[{"count":0,"href":"https:\/\/vynz100photo.fr\/blog\/wp-json\/wp\/v2\/pages\/1345\/revisions"}],"up":[{"embeddable":true,"href":"https:\/\/vynz100photo.fr\/blog\/wp-json\/wp\/v2\/pages\/634"}],"wp:attachment":[{"href":"https:\/\/vynz100photo.fr\/blog\/wp-json\/wp\/v2\/media?parent=1345"}],"curies":[{"name":"wp","href":"https:\/\/api.w.org\/{rel}","templated":true}]}}