{"id":1221,"date":"2013-09-01T21:29:29","date_gmt":"2013-09-01T13:29:29","guid":{"rendered":"http:\/\/vynz100photo.fr\/blog\/?page_id=1221"},"modified":"2014-01-10T17:12:18","modified_gmt":"2014-01-10T09:12:18","slug":"zeiss-makro-planar-t-50mm-f2-ze","status":"publish","type":"page","link":"https:\/\/vynz100photo.fr\/blog\/photographie\/test-de-materiel\/objectifs\/zeiss-makro-planar-t-50mm-f2-ze\/","title":{"rendered":"ZEISS Makro-Planar T* 50mm f2 ZE"},"content":{"rendered":"<div id=\"attachment_1222\" style=\"width: 610px\" class=\"wp-caption aligncenter\"><a href=\"https:\/\/i0.wp.com\/vynz100photo.fr\/blog\/wp-content\/uploads\/2013\/09\/261882-big.jpg?ssl=1\"><img data-recalc-dims=\"1\" loading=\"lazy\" decoding=\"async\" aria-describedby=\"caption-attachment-1222\" data-attachment-id=\"1222\" data-permalink=\"https:\/\/vynz100photo.fr\/blog\/photographie\/test-de-materiel\/objectifs\/zeiss-makro-planar-t-50mm-f2-ze\/261882-big\/\" data-orig-file=\"https:\/\/i0.wp.com\/vynz100photo.fr\/blog\/wp-content\/uploads\/2013\/09\/261882-big.jpg?fit=600%2C600&amp;ssl=1\" data-orig-size=\"600,600\" data-comments-opened=\"1\" data-image-meta=\"{&quot;aperture&quot;:&quot;0&quot;,&quot;credit&quot;:&quot;&quot;,&quot;camera&quot;:&quot;&quot;,&quot;caption&quot;:&quot;&quot;,&quot;created_timestamp&quot;:&quot;0&quot;,&quot;copyright&quot;:&quot;&quot;,&quot;focal_length&quot;:&quot;0&quot;,&quot;iso&quot;:&quot;0&quot;,&quot;shutter_speed&quot;:&quot;0&quot;,&quot;title&quot;:&quot;&quot;}\" data-image-title=\"261882-big\" data-image-description=\"\" data-image-caption=\"&lt;p&gt;Le ZEISS Makro-Planar T* 50mm f2&lt;\/p&gt;\n\" data-large-file=\"https:\/\/i0.wp.com\/vynz100photo.fr\/blog\/wp-content\/uploads\/2013\/09\/261882-big.jpg?fit=600%2C600&amp;ssl=1\" class=\"size-full wp-image-1222\" alt=\"Le ZEISS Makro-Planar T* 50mm f2\" src=\"https:\/\/i0.wp.com\/vynz100photo.fr\/blog\/wp-content\/uploads\/2013\/09\/261882-big.jpg?resize=600%2C600&#038;ssl=1\" width=\"600\" height=\"600\" srcset=\"https:\/\/i0.wp.com\/vynz100photo.fr\/blog\/wp-content\/uploads\/2013\/09\/261882-big.jpg?w=600&amp;ssl=1 600w, https:\/\/i0.wp.com\/vynz100photo.fr\/blog\/wp-content\/uploads\/2013\/09\/261882-big.jpg?resize=150%2C150&amp;ssl=1 150w, https:\/\/i0.wp.com\/vynz100photo.fr\/blog\/wp-content\/uploads\/2013\/09\/261882-big.jpg?resize=300%2C300&amp;ssl=1 300w\" sizes=\"auto, (max-width: 600px) 100vw, 600px\" \/><\/a><p id=\"caption-attachment-1222\" class=\"wp-caption-text\">Le ZEISS Makro-Planar T* 50mm f2<\/p><\/div>\n<p>&nbsp;<\/p>\n<div>\n<h2><span style=\"color: #ff6600;\"><strong>Caract\u00e9ristiques<\/strong><\/span><\/h2>\n<p><span style=\"text-decoration: underline;\">Poids<\/span>: 570 g<\/p>\n<p>&nbsp;<\/p>\n<\/div>\n<p><span style=\"text-decoration: underline;\">Prix<\/span>:\u00a01100\u20ac environ<\/p>\n<p>Un des deux objectifs 50mm de la gamme Zeiss pour Canon avec le Planar 50mm f\/1,4. Les <em>Makro Planar<\/em> ont la possibilit\u00e9 de faire <strong>des plans tr\u00e8s rapproch\u00e9s (1:2)<\/strong> que n&rsquo;ont pas les autres objectifs de la marque allemande.<\/p>\n<p>Comme ces derniers, la <strong>mise au point<\/strong> se fait <strong>manuellement<\/strong>, il n&rsquo;y a pas d&rsquo;autofocus et tout est donc pr\u00e9vu pour utiliser la main pour ce faire&#8230; c&rsquo;est un point qui est assez important!<\/p>\n<h2><span style=\"color: #ff6600;\"><strong>Construction<\/strong><\/span><\/h2>\n<p>Avec ses objectifs d\u00e9di\u00e9s aux marques Canon et Nikon, Zeiss ne fait pas dans le <em>cheap<\/em>: un assemblage compact de verre et de m\u00e9tal, <strong>extr\u00eamement bien fini<\/strong>. La bague de mise au point est large et bien proportionn\u00e9e, avec l&rsquo;onctuosit\u00e9 n\u00e9cessaire.<\/p>\n<p>La <strong>lentille<\/strong> est enfonc\u00e9e <strong>dans le corps de l&rsquo;objectif<\/strong> et donc bien prot\u00e9g\u00e9e lorsque celui-ci s&rsquo;allonge lors de la mise au point. Le flanc de l&rsquo;objectif est d\u00e9di\u00e9 \u00e0 l&rsquo;<strong>\u00e9chelle des distances<\/strong>, qui permet une <strong>pr\u00e9cision tr\u00e8s fine lors des plans rapproch\u00e9s<\/strong>. En contrepartie, il faut pas mal tourner la bague lors d&rsquo;une prise de vue \u00ab\u00a0macro\u00a0\u00bb&#8230;<\/p>\n<p>Il est livr\u00e9 avec un <strong>pare-soleil du m\u00eame acabit<\/strong>, tr\u00e8s solide et bien fini. Il prot\u00e8ge efficacement l&rsquo;objectif, comme j&rsquo;ai pu le voir lorsque ma fille a fait chuter le bo\u00eetier sur un sol en marbre&#8230;<\/p>\n<h2><span style=\"color: #ff6600;\"><strong>Sur le terrain<\/strong><\/span><\/h2>\n<p>J&rsquo;ai install\u00e9 apr\u00e8s une semaine d&rsquo;usage un verre de vis\u00e9e sp\u00e9cial sur le 5D MkII pour pouvoir faire la mise au point manuelle plus facilement. Toujours est-il que je n&rsquo;ai jamais eu le moindre probl\u00e8me \u00e0 ne pas avoir d&rsquo;autofocus. Certes on est moins r\u00e9actif, mais c&rsquo;est l&rsquo;oeil et non l&rsquo;appareil qui choisit la zone nette. Par cons\u00e9quent c&rsquo;est <strong>tr\u00e8s facile \u00e0 utiliser<\/strong>&#8230;<\/p>\n<p>Question image, on est bien au niveau du Zeiss Distagon 21mm f\/2,8 au niveau du <strong>piqu\u00e9<\/strong> (pr\u00e9cision), des <strong>couleurs<\/strong> et des <strong>micro-contrastes<\/strong>: au top! Quelle que soit l&rsquo;ouverture, cet objectif d\u00e9livre <strong>une image d&rsquo;une pr\u00e9cision exceptionnelle<\/strong>, bien loin du petit <a title=\"Canon EF 50mm f\/1,8\" href=\"https:\/\/vynz100photo.fr\/blog\/photographie\/test-de-materiel\/objectifs\/canon-ef-50mm-f18\/\">50mm f\/1,8 Canon<\/a> ou du Zeiss Planar f\/1,4.<\/p>\n<p>Ainsi, il n&rsquo;y a quasiment pas de d\u00e9fauts optiques (comme les franges violettes du <a title=\"Canon EF 85mm f\/1,8 USM\" href=\"https:\/\/vynz100photo.fr\/blog\/photographie\/test-de-materiel\/objectifs\/canon-ef-85mm-f18-usm\/\">85mm f\/1,8<\/a> par exemple), le bokeh (flou d&rsquo;arri\u00e8re-plan) est tr\u00e8s r\u00e9gulier<\/p>\n<p>En plus de ses qualit\u00e9s d&rsquo;images, il est aussi <strong>extr\u00eamement polyvalent<\/strong> par sa capacit\u00e9 \u00e0 faire de la proxi-photo (pour la cuisine par exemple, mais aussi la flore). Il est par contre <strong>assez lourd<\/strong> et imposant, mais c&rsquo;est l&rsquo;objectif qui me sert le plus au quotidien&#8230;<\/p>\n<h2><strong><span style=\"color: #ff6600;\">Exemples<\/span><\/strong><\/h2>\n<p><a href=\"https:\/\/i0.wp.com\/vynz100photo.fr\/blog\/wp-content\/uploads\/2013\/09\/20130131-IMG_4990.jpg?ssl=1\"><img data-recalc-dims=\"1\" loading=\"lazy\" decoding=\"async\" data-attachment-id=\"1226\" data-permalink=\"https:\/\/vynz100photo.fr\/blog\/photographie\/test-de-materiel\/objectifs\/zeiss-makro-planar-t-50mm-f2-ze\/20130131-img_4990\/\" data-orig-file=\"https:\/\/i0.wp.com\/vynz100photo.fr\/blog\/wp-content\/uploads\/2013\/09\/20130131-IMG_4990.jpg?fit=1024%2C683&amp;ssl=1\" data-orig-size=\"1024,683\" data-comments-opened=\"1\" data-image-meta=\"{&quot;aperture&quot;:&quot;2&quot;,&quot;credit&quot;:&quot;Vincent Verger&quot;,&quot;camera&quot;:&quot;Canon EOS 5D Mark II&quot;,&quot;caption&quot;:&quot;&quot;,&quot;created_timestamp&quot;:&quot;1359649379&quot;,&quot;copyright&quot;:&quot;@ Vincent VERGER&quot;,&quot;focal_length&quot;:&quot;50&quot;,&quot;iso&quot;:&quot;100&quot;,&quot;shutter_speed&quot;:&quot;0.00125&quot;,&quot;title&quot;:&quot;&quot;}\" data-image-title=\"20130131-IMG_4990\" data-image-description=\"\" data-image-caption=\"\" data-large-file=\"https:\/\/i0.wp.com\/vynz100photo.fr\/blog\/wp-content\/uploads\/2013\/09\/20130131-IMG_4990.jpg?fit=800%2C534&amp;ssl=1\" class=\"aligncenter size-full wp-image-1226\" alt=\"20130131-IMG_4990\" src=\"https:\/\/i0.wp.com\/vynz100photo.fr\/blog\/wp-content\/uploads\/2013\/09\/20130131-IMG_4990.jpg?resize=800%2C534&#038;ssl=1\" width=\"800\" height=\"534\" srcset=\"https:\/\/i0.wp.com\/vynz100photo.fr\/blog\/wp-content\/uploads\/2013\/09\/20130131-IMG_4990.jpg?w=1024&amp;ssl=1 1024w, https:\/\/i0.wp.com\/vynz100photo.fr\/blog\/wp-content\/uploads\/2013\/09\/20130131-IMG_4990.jpg?resize=300%2C200&amp;ssl=1 300w\" sizes=\"auto, (max-width: 800px) 100vw, 800px\" \/><\/a> <a href=\"https:\/\/i0.wp.com\/vynz100photo.fr\/blog\/wp-content\/uploads\/2013\/09\/04032012-IMG_0168-2.jpg?ssl=1\"><img data-recalc-dims=\"1\" loading=\"lazy\" decoding=\"async\" data-attachment-id=\"1227\" data-permalink=\"https:\/\/vynz100photo.fr\/blog\/photographie\/test-de-materiel\/objectifs\/zeiss-makro-planar-t-50mm-f2-ze\/04032012-img_0168-2\/\" data-orig-file=\"https:\/\/i0.wp.com\/vynz100photo.fr\/blog\/wp-content\/uploads\/2013\/09\/04032012-IMG_0168-2.jpg?fit=1024%2C683&amp;ssl=1\" data-orig-size=\"1024,683\" data-comments-opened=\"1\" data-image-meta=\"{&quot;aperture&quot;:&quot;2.8&quot;,&quot;credit&quot;:&quot;Vincent Verger&quot;,&quot;camera&quot;:&quot;Canon EOS 5D Mark II&quot;,&quot;caption&quot;:&quot;&quot;,&quot;created_timestamp&quot;:&quot;1330853635&quot;,&quot;copyright&quot;:&quot;@ Vincent VERGER&quot;,&quot;focal_length&quot;:&quot;50&quot;,&quot;iso&quot;:&quot;100&quot;,&quot;shutter_speed&quot;:&quot;0.000625&quot;,&quot;title&quot;:&quot;&quot;}\" data-image-title=\"04032012-IMG_0168-2\" data-image-description=\"\" data-image-caption=\"\" data-large-file=\"https:\/\/i0.wp.com\/vynz100photo.fr\/blog\/wp-content\/uploads\/2013\/09\/04032012-IMG_0168-2.jpg?fit=800%2C534&amp;ssl=1\" class=\"aligncenter size-full wp-image-1227\" alt=\"04032012-IMG_0168-2\" src=\"https:\/\/i0.wp.com\/vynz100photo.fr\/blog\/wp-content\/uploads\/2013\/09\/04032012-IMG_0168-2.jpg?resize=800%2C534&#038;ssl=1\" width=\"800\" height=\"534\" srcset=\"https:\/\/i0.wp.com\/vynz100photo.fr\/blog\/wp-content\/uploads\/2013\/09\/04032012-IMG_0168-2.jpg?w=1024&amp;ssl=1 1024w, https:\/\/i0.wp.com\/vynz100photo.fr\/blog\/wp-content\/uploads\/2013\/09\/04032012-IMG_0168-2.jpg?resize=300%2C200&amp;ssl=1 300w\" sizes=\"auto, (max-width: 800px) 100vw, 800px\" \/><\/a> <a href=\"https:\/\/i0.wp.com\/vynz100photo.fr\/blog\/wp-content\/uploads\/2013\/09\/20130404-IMG_6771-Modifier.jpg?ssl=1\"><img data-recalc-dims=\"1\" loading=\"lazy\" decoding=\"async\" data-attachment-id=\"1228\" data-permalink=\"https:\/\/vynz100photo.fr\/blog\/photographie\/test-de-materiel\/objectifs\/zeiss-makro-planar-t-50mm-f2-ze\/20130404-img_6771-modifier-2\/\" data-orig-file=\"https:\/\/i0.wp.com\/vynz100photo.fr\/blog\/wp-content\/uploads\/2013\/09\/20130404-IMG_6771-Modifier.jpg?fit=1024%2C683&amp;ssl=1\" data-orig-size=\"1024,683\" data-comments-opened=\"1\" data-image-meta=\"{&quot;aperture&quot;:&quot;2&quot;,&quot;credit&quot;:&quot;Vincent Verger&quot;,&quot;camera&quot;:&quot;Canon EOS 5D Mark II&quot;,&quot;caption&quot;:&quot;&quot;,&quot;created_timestamp&quot;:&quot;1365079299&quot;,&quot;copyright&quot;:&quot;@ Vincent VERGER&quot;,&quot;focal_length&quot;:&quot;50&quot;,&quot;iso&quot;:&quot;100&quot;,&quot;shutter_speed&quot;:&quot;0.002&quot;,&quot;title&quot;:&quot;&quot;}\" data-image-title=\"20130404-IMG_6771-Modifier\" data-image-description=\"\" data-image-caption=\"\" data-large-file=\"https:\/\/i0.wp.com\/vynz100photo.fr\/blog\/wp-content\/uploads\/2013\/09\/20130404-IMG_6771-Modifier.jpg?fit=800%2C534&amp;ssl=1\" class=\"aligncenter size-large wp-image-1228\" alt=\"20130404-IMG_6771-Modifier\" src=\"https:\/\/i0.wp.com\/vynz100photo.fr\/blog\/wp-content\/uploads\/2013\/09\/20130404-IMG_6771-Modifier.jpg?resize=800%2C533&#038;ssl=1\" width=\"800\" height=\"533\" srcset=\"https:\/\/i0.wp.com\/vynz100photo.fr\/blog\/wp-content\/uploads\/2013\/09\/20130404-IMG_6771-Modifier.jpg?w=1024&amp;ssl=1 1024w, https:\/\/i0.wp.com\/vynz100photo.fr\/blog\/wp-content\/uploads\/2013\/09\/20130404-IMG_6771-Modifier.jpg?resize=300%2C200&amp;ssl=1 300w\" sizes=\"auto, (max-width: 800px) 100vw, 800px\" \/><\/a> <a href=\"https:\/\/i0.wp.com\/vynz100photo.fr\/blog\/wp-content\/uploads\/2013\/09\/23042012-IMG_2350-Modifier.jpg?ssl=1\"><img data-recalc-dims=\"1\" loading=\"lazy\" decoding=\"async\" data-attachment-id=\"1229\" data-permalink=\"https:\/\/vynz100photo.fr\/blog\/photographie\/test-de-materiel\/objectifs\/zeiss-makro-planar-t-50mm-f2-ze\/23042012-img_2350-modifier\/\" data-orig-file=\"https:\/\/i0.wp.com\/vynz100photo.fr\/blog\/wp-content\/uploads\/2013\/09\/23042012-IMG_2350-Modifier.jpg?fit=683%2C1024&amp;ssl=1\" data-orig-size=\"683,1024\" data-comments-opened=\"1\" data-image-meta=\"{&quot;aperture&quot;:&quot;2&quot;,&quot;credit&quot;:&quot;Vincent Verger&quot;,&quot;camera&quot;:&quot;Canon EOS 5D Mark II&quot;,&quot;caption&quot;:&quot;&quot;,&quot;created_timestamp&quot;:&quot;1335176356&quot;,&quot;copyright&quot;:&quot;@ Vincent VERGER&quot;,&quot;focal_length&quot;:&quot;50&quot;,&quot;iso&quot;:&quot;100&quot;,&quot;shutter_speed&quot;:&quot;0.0002&quot;,&quot;title&quot;:&quot;&quot;}\" data-image-title=\"23042012-IMG_2350-Modifier\" data-image-description=\"\" data-image-caption=\"\" data-large-file=\"https:\/\/i0.wp.com\/vynz100photo.fr\/blog\/wp-content\/uploads\/2013\/09\/23042012-IMG_2350-Modifier.jpg?fit=683%2C1024&amp;ssl=1\" class=\"aligncenter size-full wp-image-1229\" alt=\"23042012-IMG_2350-Modifier\" src=\"https:\/\/i0.wp.com\/vynz100photo.fr\/blog\/wp-content\/uploads\/2013\/09\/23042012-IMG_2350-Modifier.jpg?resize=683%2C1024&#038;ssl=1\" width=\"683\" height=\"1024\" srcset=\"https:\/\/i0.wp.com\/vynz100photo.fr\/blog\/wp-content\/uploads\/2013\/09\/23042012-IMG_2350-Modifier.jpg?w=683&amp;ssl=1 683w, https:\/\/i0.wp.com\/vynz100photo.fr\/blog\/wp-content\/uploads\/2013\/09\/23042012-IMG_2350-Modifier.jpg?resize=200%2C300&amp;ssl=1 200w\" sizes=\"auto, (max-width: 683px) 100vw, 683px\" \/><\/a><\/p>\n<h2><strong><span style=\"color: #ff6600;\">Conclusion<\/span><\/strong><\/h2>\n<p>Si on peut se passer d&rsquo;autofocus et d&rsquo;une tr\u00e8s grande ouverture , c&rsquo;est <strong>le meilleur des 50mm sur Canon au niveau de la pr\u00e9cision de l&rsquo;image et du contraste<\/strong>. Il est construit comme un tank, polyvalent et tr\u00e8s agr\u00e9able \u00e0 l&rsquo;usage. S&rsquo;il n&rsquo;a pas le model\u00e9 particulier du Canon 50mm f\/1,2 L (ni son prix d&rsquo;ailleurs), ce sont deux objectifs superlatifs&#8230;<\/p>\n<p>Les objectifs manuels obligent n\u00e9anmoins \u00e0 composer diff\u00e9remment les images, on a besoin de temps pour faire la mise au point, mais elle est exactement comme on l&rsquo;a d\u00e9sir\u00e9e et vue (avec un peu de pratique \u00e7a vient rapidement). Il est plus difficile de capter quelqu&rsquo;un qui bouge rapidement, surtout \u00e0 grande ouverture&#8230; mais quel plaisir de manier cet ensemble de verre et de m\u00e9tal!<\/p>\n<p>Bref, si on peut s&rsquo;offrir ce joujou (plut\u00f4t sur 24&#215;36), il ne faut pas h\u00e9siter, d&rsquo;autant plus qu&rsquo;il ne peut pas tomber en panne!<\/p>\n","protected":false},"excerpt":{"rendered":"<p>&nbsp; Caract\u00e9ristiques Poids: 570 g &nbsp; Prix:\u00a01100\u20ac environ Un des deux objectifs 50mm de la gamme Zeiss pour Canon avec le Planar 50mm f\/1,4. Les Makro Planar ont la possibilit\u00e9 de faire des plans tr\u00e8s rapproch\u00e9s (1:2) que n&rsquo;ont pas les autres objectifs de la marque allemande. Comme ces derniers, la mise au point se [&hellip;]<\/p>\n","protected":false},"author":1,"featured_media":0,"parent":814,"menu_order":0,"comment_status":"open","ping_status":"open","template":"full-width-page.php","meta":{"_mo_disable_npp":"","footnotes":""},"class_list":["post-1221","page","type-page","status-publish","hentry"],"jetpack_sharing_enabled":true,"jetpack_shortlink":"https:\/\/wp.me\/P3QNY7-jH","jetpack_likes_enabled":true,"jetpack-related-posts":[{"id":814,"url":"https:\/\/vynz100photo.fr\/blog\/photographie\/test-de-materiel\/objectifs\/","url_meta":{"origin":1221,"position":0},"title":"Objectifs","author":"Vincent","date":"7 ao\u00fbt 2013","format":false,"excerpt":"Quelques retours d'objectifs que j'ai poss\u00e9d\u00e9s ou test\u00e9s... Au menu, des focales fixes, qui peuvent aller tout aussi bien sur un r\u00e9flex Canon APS-C qu'un 24x36: - Canon EF 28 mm f\/2,8, - Canon\u00a0EF 35mm f\/2, - Canon EF 40mm f\/2,8, - Canon\u00a0EF 50mm f\/1,8, - Canon\u00a0EF 85mm f\/1,8 USM,\u2026","rel":"","context":"Article similaire","block_context":{"text":"Article similaire","link":""},"img":{"alt_text":"","src":"","width":0,"height":0},"classes":[]},{"id":816,"url":"https:\/\/vynz100photo.fr\/blog\/photographie\/test-de-materiel\/objectifs\/canon-ef-50mm-f18\/","url_meta":{"origin":1221,"position":1},"title":"Canon EF 50mm f\/1,8","author":"Vincent","date":"7 ao\u00fbt 2013","format":false,"excerpt":"\u00a0 Caract\u00e9ristiques Poids: 130 g Prix: 100\u20ac environ C'est le petit objectif \u00e0 avoir chez Canon, l\u00e9ger, superbe optiquement d\u00e8s que l'on ferme le diaphragme, avec un beau rendu \u00e0 pleine ouverture... Sa focale de 50mm fait de lui un compagnon id\u00e9al au quotidien (sur 24x36) et un tr\u00e8s bon\u2026","rel":"","context":"Avec 1 commentaire","block_context":{"text":"Avec 1 commentaire","link":"https:\/\/vynz100photo.fr\/blog\/photographie\/test-de-materiel\/objectifs\/canon-ef-50mm-f18\/#comments"},"img":{"alt_text":"Canon EF 50mm f\/1,8","src":"https:\/\/i0.wp.com\/vynz100photo.fr\/blog\/wp-content\/uploads\/2013\/08\/50mm.jpg?resize=350%2C200","width":350,"height":200},"classes":[]},{"id":778,"url":"https:\/\/vynz100photo.fr\/blog\/about\/notre-equipement-photographique\/","url_meta":{"origin":1221,"position":2},"title":"Notre \u00e9quipement photographique","author":"Vincent","date":"6 ao\u00fbt 2013","format":false,"excerpt":"Bien \u00e9videmment, ce n'est pas l'\u00e9quipement photographique qui fait la photo, mais le photographe. Le mat\u00e9riel permet de s'affranchir de certaines limites, de composer diff\u00e9remment et de jouer avec plus de cr\u00e9ativit\u00e9... Les images qui sont sur ce blog sont r\u00e9alis\u00e9es avec les couples bo\u00eetier\/objectif qui suivent. Claire Claire a\u2026","rel":"","context":"Article similaire","block_context":{"text":"Article similaire","link":""},"img":{"alt_text":"20140506-IMG_9417","src":"https:\/\/i0.wp.com\/vynz100photo.fr\/blog\/wp-content\/uploads\/2014\/05\/20140506-IMG_9417-200x300.jpg?resize=350%2C200","width":350,"height":200},"classes":[]},{"id":1903,"url":"https:\/\/vynz100photo.fr\/blog\/photographie\/test-de-materiel\/objectifs\/canon-ef-40mm-f28\/","url_meta":{"origin":1221,"position":3},"title":"Canon EF 40mm f\/2,8","author":"Vincent","date":"20 d\u00e9cembre 2013","format":false,"excerpt":"\u00a0 \u00a0 Caract\u00e9ristiques Poids: 130 g \u00a0 Prix:\u00a0150\u20ac environ Le petit nouveau de chez Canon, avec un moteur STM utilisable sur les nouveaux r\u00e9flexs de la marque en vid\u00e9o: il est petit, voire tr\u00e8s petit, discret et efficace. Sur un petit capteur APS-C il sera un \u00e9quivalent 65mm, alors que\u2026","rel":"","context":"Article similaire","block_context":{"text":"Article similaire","link":""},"img":{"alt_text":"D3S_8821-1200","src":"https:\/\/i0.wp.com\/vynz100photo.fr\/blog\/wp-content\/uploads\/2013\/12\/D3S_8821-1200-1024x685.jpg?resize=350%2C200","width":350,"height":200},"classes":[]},{"id":2004,"url":"https:\/\/vynz100photo.fr\/blog\/photographie\/test-de-materiel\/objectifs\/zeiss-distagon-t-35mm-f2-ze\/","url_meta":{"origin":1221,"position":4},"title":"ZEISS Distagon T* 35mm f\/2 ZE","author":"Vincent","date":"31 d\u00e9cembre 2013","format":false,"excerpt":"Caract\u00e9ristiques Poids: 570 g \u00a0 Prix:\u00a0900\u20ac environ Un des deux objectifs 35mm de la gamme Zeiss pour Canon avec le \u00a035mm f\/1,4. S'il est moins ouvert que ce dernier, il est aussi beaucoup plus l\u00e9ger et beaucoup moins cher! Comme les autres objectifs de la marque allemande, la\u00a0mise au point\u00a0se\u2026","rel":"","context":"Article similaire","block_context":{"text":"Article similaire","link":""},"img":{"alt_text":"Zeiss Distagon T* 35mm f\/2","src":"https:\/\/i0.wp.com\/vynz100photo.fr\/blog\/wp-content\/uploads\/2013\/12\/ZEISS1762850.jpg?resize=350%2C200","width":350,"height":200},"classes":[]},{"id":831,"url":"https:\/\/vynz100photo.fr\/blog\/photographie\/test-de-materiel\/objectifs\/canon-ef-85mm-f18-usm\/","url_meta":{"origin":1221,"position":5},"title":"Canon EF 85mm f\/1,8 USM","author":"Vincent","date":"7 ao\u00fbt 2013","format":false,"excerpt":"Caract\u00e9ristiques Poids: 425 g \u00a0 Prix:\u00a0350\u20ac environ Un des best-sellers de Canon, dans la s\u00e9rie des focales fixes \u00e0 prix raisonnable. Sa focale de 85mm est id\u00e9ale pour les portraits serr\u00e9es (APS-C) ou de buste (24x36); de plus sa grande ouverture de f.1,8 permet de tr\u00e8s jolis flous d'arri\u00e8re-plan... Construction\u2026","rel":"","context":"Avec 2 commentaires","block_context":{"text":"Avec 2 commentaires","link":"https:\/\/vynz100photo.fr\/blog\/photographie\/test-de-materiel\/objectifs\/canon-ef-85mm-f18-usm\/#comments"},"img":{"alt_text":"Canon EF 85mm f1.8 USM","src":"https:\/\/i0.wp.com\/vynz100photo.fr\/blog\/wp-content\/uploads\/2013\/08\/Canon-EF-85mm-f1.8-USM-01.jpg?resize=350%2C200","width":350,"height":200},"classes":[]}],"_links":{"self":[{"href":"https:\/\/vynz100photo.fr\/blog\/wp-json\/wp\/v2\/pages\/1221","targetHints":{"allow":["GET"]}}],"collection":[{"href":"https:\/\/vynz100photo.fr\/blog\/wp-json\/wp\/v2\/pages"}],"about":[{"href":"https:\/\/vynz100photo.fr\/blog\/wp-json\/wp\/v2\/types\/page"}],"author":[{"embeddable":true,"href":"https:\/\/vynz100photo.fr\/blog\/wp-json\/wp\/v2\/users\/1"}],"replies":[{"embeddable":true,"href":"https:\/\/vynz100photo.fr\/blog\/wp-json\/wp\/v2\/comments?post=1221"}],"version-history":[{"count":0,"href":"https:\/\/vynz100photo.fr\/blog\/wp-json\/wp\/v2\/pages\/1221\/revisions"}],"up":[{"embeddable":true,"href":"https:\/\/vynz100photo.fr\/blog\/wp-json\/wp\/v2\/pages\/814"}],"wp:attachment":[{"href":"https:\/\/vynz100photo.fr\/blog\/wp-json\/wp\/v2\/media?parent=1221"}],"curies":[{"name":"wp","href":"https:\/\/api.w.org\/{rel}","templated":true}]}}