{"id":1027,"date":"2013-08-31T00:35:23","date_gmt":"2013-08-30T16:35:23","guid":{"rendered":"http:\/\/vynz100photo.fr\/blog\/?page_id=1027"},"modified":"2013-08-31T00:35:23","modified_gmt":"2013-08-30T16:35:23","slug":"canon-ef-35mm-f2","status":"publish","type":"page","link":"https:\/\/vynz100photo.fr\/blog\/photographie\/test-de-materiel\/objectifs\/canon-ef-35mm-f2\/","title":{"rendered":"Canon EF 35mm f\/2"},"content":{"rendered":"<div id=\"attachment_1028\" style=\"width: 550px\" class=\"wp-caption aligncenter\"><a href=\"https:\/\/i0.wp.com\/vynz100photo.fr\/blog\/wp-content\/uploads\/2013\/08\/35-f2.jpg?ssl=1\"><img data-recalc-dims=\"1\" loading=\"lazy\" decoding=\"async\" aria-describedby=\"caption-attachment-1028\" data-attachment-id=\"1028\" data-permalink=\"https:\/\/vynz100photo.fr\/blog\/photographie\/test-de-materiel\/objectifs\/canon-ef-35mm-f2\/35-f2\/\" data-orig-file=\"https:\/\/i0.wp.com\/vynz100photo.fr\/blog\/wp-content\/uploads\/2013\/08\/35-f2.jpg?fit=600%2C556&amp;ssl=1\" data-orig-size=\"600,556\" data-comments-opened=\"1\" data-image-meta=\"{&quot;aperture&quot;:&quot;0&quot;,&quot;credit&quot;:&quot;&quot;,&quot;camera&quot;:&quot;&quot;,&quot;caption&quot;:&quot;&quot;,&quot;created_timestamp&quot;:&quot;0&quot;,&quot;copyright&quot;:&quot;Ken@KenRockwell.com (858) 453-2099&quot;,&quot;focal_length&quot;:&quot;0&quot;,&quot;iso&quot;:&quot;0&quot;,&quot;shutter_speed&quot;:&quot;0&quot;,&quot;title&quot;:&quot;&quot;}\" data-image-title=\"35 f:2\" data-image-description=\"\" data-image-caption=\"&lt;p&gt;Le vieux Canon 35mm f\/2&lt;\/p&gt;\n\" data-large-file=\"https:\/\/i0.wp.com\/vynz100photo.fr\/blog\/wp-content\/uploads\/2013\/08\/35-f2.jpg?fit=600%2C556&amp;ssl=1\" class=\" wp-image-1028 \" alt=\"Le vieux Canon 35mm f\/2\" src=\"https:\/\/i0.wp.com\/vynz100photo.fr\/blog\/wp-content\/uploads\/2013\/08\/35-f2.jpg?resize=540%2C500&#038;ssl=1\" width=\"540\" height=\"500\" srcset=\"https:\/\/i0.wp.com\/vynz100photo.fr\/blog\/wp-content\/uploads\/2013\/08\/35-f2.jpg?w=600&amp;ssl=1 600w, https:\/\/i0.wp.com\/vynz100photo.fr\/blog\/wp-content\/uploads\/2013\/08\/35-f2.jpg?resize=300%2C278&amp;ssl=1 300w\" sizes=\"auto, (max-width: 540px) 100vw, 540px\" \/><\/a><p id=\"caption-attachment-1028\" class=\"wp-caption-text\">Le vieux Canon 35mm f\/2<\/p><\/div>\n<h2><span style=\"color: #ff6600;\">Caract\u00e9ristiques<\/span><\/h2>\n<p><span style=\"text-decoration: underline;\">Poids:<\/span>\u00a0210 g<\/p>\n<p><span style=\"text-decoration: underline;\">Prix:<\/span>\u00a0300\u20ac environ<\/p>\n<p style=\"text-align: justify;\">Une focale fixe \u00e0 prix contenu, l\u00e9g\u00e8re et avec une <strong>belle ouverture de f\/2<\/strong>&#8230; \u00a0Sa focale de <strong>35mm<\/strong> en fait un l\u00e9ger grand-angle, utilisable au quotidien comme objectif \u00e0 tout faire. Cette focale est <strong>une des pr\u00e9f\u00e9r\u00e9es des photographes de rue<\/strong>, et ce depuis bien longtemps, car elle cadre plus large que le 50mm et permet d&rsquo;inclure le contexte plus facilement&#8230; en argentique ou sur 24&#215;36! En APS-C elle se comporte comme un presque 50mm, tr\u00e8s polyvalente.<\/p>\n<h2><span style=\"color: #ff6600;\">Construction<\/span><\/h2>\n<p>On est sur une <strong>construction un peu ancienne<\/strong>, puisque cet objectif a commenc\u00e9 sa carri\u00e8re il y a plus de 20 ans&#8230; La <strong>qualit\u00e9 est assez moyenne<\/strong>, ba\u00efonnette m\u00e9tal mais corps plastique, l\u00e9ger, peu encombrant. En revanche <strong>l&rsquo;autofocus<\/strong> fait bien son \u00e2ge, il est <strong>assez bruyant<\/strong> m\u00eame s&rsquo;il est efficace: pas de moteur USM ici, comme pour les <a title=\"Canon EF 85mm f\/1,8 USM\" href=\"https:\/\/vynz100photo.fr\/blog\/photographie\/test-de-materiel\/objectifs\/canon-ef-85mm-f18-usm\/\">85mm f\/1,8<\/a> ou <a title=\"Canon EF 135mm f\/2 L USM\" href=\"https:\/\/vynz100photo.fr\/blog\/photographie\/test-de-materiel\/objectifs\/canon-ef-135mm-f2-l-usm\/\">135mm f\/2 L<\/a>, mais un banal moteur classique.<\/p>\n<p>La <strong>construction<\/strong> est donc <strong>s\u00e9rieuse<\/strong>, bien au-dessus d&rsquo;un objectif 18-55 du kit, mais pas de quoi s&rsquo;extasier.<\/p>\n<h2><span style=\"color: #ff6600;\">Sur le terrain<\/span><\/h2>\n<p>C&rsquo;est en situation d&rsquo;action que ce petit objectif donne sa pleine mesure: <strong>couleurs agr\u00e9ables, d\u00e9formations et aberrations optiques et chromatiques contenues, et un piqu\u00e9 tr\u00e8s int\u00e9ressant d\u00e8s la pleine ouverture<\/strong>!<\/p>\n<p>Par contre, les bords de l&rsquo;image sont plus critiquables lorsque l&rsquo;on ouvre (vers f\/2), ce qui disparait presque en fermant le diaphragme (vers f\/5,6). Sur un bo\u00eetier 24&#215;36 ce d\u00e9faut sera perceptible, mais<strong> sur un bo\u00eetier APS-C il sera vraiment exceptionnel<\/strong> (le capteur \u00e9tant plus petit, cette partie moins bonne ne se retrouve pas sur l&rsquo;image)&#8230;<\/p>\n<p>Du coup, on a un <strong>objectif polyvalent<\/strong>, en situation de vie quotidienne comme en paysage, et ce <strong>quel que soit le type de bo\u00eetier<\/strong> que l&rsquo;on utilise&#8230;<\/p>\n<h2><span style=\"color: #ff6600;\">Exemples<\/span><\/h2>\n<p>&nbsp;<\/p>\n<div id=\"attachment_1164\" style=\"width: 1034px\" class=\"wp-caption aligncenter\"><a href=\"https:\/\/i0.wp.com\/vynz100photo.fr\/blog\/wp-content\/uploads\/2013\/08\/04072011-IMG_8397.jpg?ssl=1\"><img data-recalc-dims=\"1\" loading=\"lazy\" decoding=\"async\" aria-describedby=\"caption-attachment-1164\" data-attachment-id=\"1164\" data-permalink=\"https:\/\/vynz100photo.fr\/blog\/photographie\/test-de-materiel\/objectifs\/canon-ef-35mm-f2\/04072011-img_8397\/\" data-orig-file=\"https:\/\/i0.wp.com\/vynz100photo.fr\/blog\/wp-content\/uploads\/2013\/08\/04072011-IMG_8397.jpg?fit=1024%2C683&amp;ssl=1\" data-orig-size=\"1024,683\" data-comments-opened=\"1\" data-image-meta=\"{&quot;aperture&quot;:&quot;2&quot;,&quot;credit&quot;:&quot;Vincent Verger&quot;,&quot;camera&quot;:&quot;Canon EOS 550D&quot;,&quot;caption&quot;:&quot;&quot;,&quot;created_timestamp&quot;:&quot;1309799692&quot;,&quot;copyright&quot;:&quot;@ Vincent VERGER&quot;,&quot;focal_length&quot;:&quot;35&quot;,&quot;iso&quot;:&quot;100&quot;,&quot;shutter_speed&quot;:&quot;0.00025&quot;,&quot;title&quot;:&quot;&quot;}\" data-image-title=\"04072011-IMG_8397\" data-image-description=\"\" data-image-caption=\"&lt;p&gt;550D &amp;#8211; f\/2 (APS-C)&lt;\/p&gt;\n\" data-large-file=\"https:\/\/i0.wp.com\/vynz100photo.fr\/blog\/wp-content\/uploads\/2013\/08\/04072011-IMG_8397.jpg?fit=800%2C534&amp;ssl=1\" class=\"size-full wp-image-1164\" alt=\"550D - f\/2 (APS-C)\" src=\"https:\/\/i0.wp.com\/vynz100photo.fr\/blog\/wp-content\/uploads\/2013\/08\/04072011-IMG_8397.jpg?resize=800%2C534&#038;ssl=1\" width=\"800\" height=\"534\" srcset=\"https:\/\/i0.wp.com\/vynz100photo.fr\/blog\/wp-content\/uploads\/2013\/08\/04072011-IMG_8397.jpg?w=1024&amp;ssl=1 1024w, https:\/\/i0.wp.com\/vynz100photo.fr\/blog\/wp-content\/uploads\/2013\/08\/04072011-IMG_8397.jpg?resize=300%2C200&amp;ssl=1 300w\" sizes=\"auto, (max-width: 800px) 100vw, 800px\" \/><\/a><p id=\"caption-attachment-1164\" class=\"wp-caption-text\">550D &#8211; f\/2 (APS-C)<\/p><\/div>\n<div id=\"attachment_1163\" style=\"width: 693px\" class=\"wp-caption aligncenter\"><a href=\"https:\/\/i0.wp.com\/vynz100photo.fr\/blog\/wp-content\/uploads\/2013\/08\/05072011-IMG_8622.jpg?ssl=1\"><img data-recalc-dims=\"1\" loading=\"lazy\" decoding=\"async\" aria-describedby=\"caption-attachment-1163\" data-attachment-id=\"1163\" data-permalink=\"https:\/\/vynz100photo.fr\/blog\/photographie\/test-de-materiel\/objectifs\/canon-ef-35mm-f2\/05072011-img_8622\/\" data-orig-file=\"https:\/\/i0.wp.com\/vynz100photo.fr\/blog\/wp-content\/uploads\/2013\/08\/05072011-IMG_8622.jpg?fit=683%2C1024&amp;ssl=1\" data-orig-size=\"683,1024\" data-comments-opened=\"1\" data-image-meta=\"{&quot;aperture&quot;:&quot;2&quot;,&quot;credit&quot;:&quot;Vincent Verger&quot;,&quot;camera&quot;:&quot;Canon EOS 550D&quot;,&quot;caption&quot;:&quot;&quot;,&quot;created_timestamp&quot;:&quot;1309889544&quot;,&quot;copyright&quot;:&quot;@ Vincent VERGER&quot;,&quot;focal_length&quot;:&quot;35&quot;,&quot;iso&quot;:&quot;100&quot;,&quot;shutter_speed&quot;:&quot;0.000625&quot;,&quot;title&quot;:&quot;&quot;}\" data-image-title=\"05072011-IMG_8622\" data-image-description=\"\" data-image-caption=\"&lt;p&gt;550D &amp;#8211; f\/2 (APS-C)&lt;\/p&gt;\n\" data-large-file=\"https:\/\/i0.wp.com\/vynz100photo.fr\/blog\/wp-content\/uploads\/2013\/08\/05072011-IMG_8622.jpg?fit=683%2C1024&amp;ssl=1\" class=\"size-full wp-image-1163\" alt=\"550D - f\/2 (APS-C)\" src=\"https:\/\/i0.wp.com\/vynz100photo.fr\/blog\/wp-content\/uploads\/2013\/08\/05072011-IMG_8622.jpg?resize=683%2C1024&#038;ssl=1\" width=\"683\" height=\"1024\" srcset=\"https:\/\/i0.wp.com\/vynz100photo.fr\/blog\/wp-content\/uploads\/2013\/08\/05072011-IMG_8622.jpg?w=683&amp;ssl=1 683w, https:\/\/i0.wp.com\/vynz100photo.fr\/blog\/wp-content\/uploads\/2013\/08\/05072011-IMG_8622.jpg?resize=200%2C300&amp;ssl=1 200w\" sizes=\"auto, (max-width: 683px) 100vw, 683px\" \/><\/a><p id=\"caption-attachment-1163\" class=\"wp-caption-text\">550D &#8211; f\/2 (APS-C)<\/p><\/div>\n<div id=\"attachment_1162\" style=\"width: 1034px\" class=\"wp-caption aligncenter\"><a href=\"https:\/\/i0.wp.com\/vynz100photo.fr\/blog\/wp-content\/uploads\/2013\/08\/20130602-HA1B1090.jpg?ssl=1\"><img data-recalc-dims=\"1\" loading=\"lazy\" decoding=\"async\" aria-describedby=\"caption-attachment-1162\" data-attachment-id=\"1162\" data-permalink=\"https:\/\/vynz100photo.fr\/blog\/photographie\/test-de-materiel\/objectifs\/canon-ef-35mm-f2\/20130602-ha1b1090\/\" data-orig-file=\"https:\/\/i0.wp.com\/vynz100photo.fr\/blog\/wp-content\/uploads\/2013\/08\/20130602-HA1B1090.jpg?fit=1024%2C683&amp;ssl=1\" data-orig-size=\"1024,683\" data-comments-opened=\"1\" data-image-meta=\"{&quot;aperture&quot;:&quot;2&quot;,&quot;credit&quot;:&quot;Vincent Verger&quot;,&quot;camera&quot;:&quot;Canon EOS-1D Mark II&quot;,&quot;caption&quot;:&quot;&quot;,&quot;created_timestamp&quot;:&quot;1370193434&quot;,&quot;copyright&quot;:&quot;@ Vincent VERGER&quot;,&quot;focal_length&quot;:&quot;35&quot;,&quot;iso&quot;:&quot;200&quot;,&quot;shutter_speed&quot;:&quot;0.00025&quot;,&quot;title&quot;:&quot;&quot;}\" data-image-title=\"20130602-HA1B1090\" data-image-description=\"\" data-image-caption=\"&lt;p&gt;1D MarkII &amp;#8211; f\/2 (APS-H)&lt;\/p&gt;\n\" data-large-file=\"https:\/\/i0.wp.com\/vynz100photo.fr\/blog\/wp-content\/uploads\/2013\/08\/20130602-HA1B1090.jpg?fit=800%2C534&amp;ssl=1\" class=\"size-full wp-image-1162\" alt=\"1D MarkII - f\/2 (APS-H)\" src=\"https:\/\/i0.wp.com\/vynz100photo.fr\/blog\/wp-content\/uploads\/2013\/08\/20130602-HA1B1090.jpg?resize=800%2C534&#038;ssl=1\" width=\"800\" height=\"534\" srcset=\"https:\/\/i0.wp.com\/vynz100photo.fr\/blog\/wp-content\/uploads\/2013\/08\/20130602-HA1B1090.jpg?w=1024&amp;ssl=1 1024w, https:\/\/i0.wp.com\/vynz100photo.fr\/blog\/wp-content\/uploads\/2013\/08\/20130602-HA1B1090.jpg?resize=300%2C200&amp;ssl=1 300w\" sizes=\"auto, (max-width: 800px) 100vw, 800px\" \/><\/a><p id=\"caption-attachment-1162\" class=\"wp-caption-text\">1D MarkII &#8211; f\/2 (APS-H)<\/p><\/div>\n<div id=\"attachment_1161\" style=\"width: 693px\" class=\"wp-caption aligncenter\"><a href=\"https:\/\/i0.wp.com\/vynz100photo.fr\/blog\/wp-content\/uploads\/2013\/08\/20130801-_A1B18181.jpg?ssl=1\"><img data-recalc-dims=\"1\" loading=\"lazy\" decoding=\"async\" aria-describedby=\"caption-attachment-1161\" data-attachment-id=\"1161\" data-permalink=\"https:\/\/vynz100photo.fr\/blog\/photographie\/test-de-materiel\/objectifs\/canon-ef-35mm-f2\/20130801-_a1b1818-2\/\" data-orig-file=\"https:\/\/i0.wp.com\/vynz100photo.fr\/blog\/wp-content\/uploads\/2013\/08\/20130801-_A1B18181.jpg?fit=683%2C1024&amp;ssl=1\" data-orig-size=\"683,1024\" data-comments-opened=\"1\" data-image-meta=\"{&quot;aperture&quot;:&quot;2&quot;,&quot;credit&quot;:&quot;Vincent Verger&quot;,&quot;camera&quot;:&quot;Canon EOS-1D Mark II&quot;,&quot;caption&quot;:&quot;&quot;,&quot;created_timestamp&quot;:&quot;1375359698&quot;,&quot;copyright&quot;:&quot;Vincent Verger&quot;,&quot;focal_length&quot;:&quot;35&quot;,&quot;iso&quot;:&quot;160&quot;,&quot;shutter_speed&quot;:&quot;0.00125&quot;,&quot;title&quot;:&quot;&quot;}\" data-image-title=\"20130801-_A1B1818\" data-image-description=\"\" data-image-caption=\"&lt;p&gt;1D MarkII &amp;#8211; f\/2 (APS-H)&lt;\/p&gt;\n\" data-large-file=\"https:\/\/i0.wp.com\/vynz100photo.fr\/blog\/wp-content\/uploads\/2013\/08\/20130801-_A1B18181.jpg?fit=683%2C1024&amp;ssl=1\" class=\"size-full wp-image-1161\" alt=\"1D MarkII - f\/2 (APS-H)\" src=\"https:\/\/i0.wp.com\/vynz100photo.fr\/blog\/wp-content\/uploads\/2013\/08\/20130801-_A1B18181.jpg?resize=683%2C1024&#038;ssl=1\" width=\"683\" height=\"1024\" srcset=\"https:\/\/i0.wp.com\/vynz100photo.fr\/blog\/wp-content\/uploads\/2013\/08\/20130801-_A1B18181.jpg?w=683&amp;ssl=1 683w, https:\/\/i0.wp.com\/vynz100photo.fr\/blog\/wp-content\/uploads\/2013\/08\/20130801-_A1B18181.jpg?resize=200%2C300&amp;ssl=1 200w\" sizes=\"auto, (max-width: 683px) 100vw, 683px\" \/><\/a><p id=\"caption-attachment-1161\" class=\"wp-caption-text\">1D MarkII &#8211; f\/2 (APS-H)<\/p><\/div>\n<div id=\"attachment_1160\" style=\"width: 1034px\" class=\"wp-caption aligncenter\"><a href=\"https:\/\/i0.wp.com\/vynz100photo.fr\/blog\/wp-content\/uploads\/2013\/08\/07102011-IMG_1656.jpg?ssl=1\"><img data-recalc-dims=\"1\" loading=\"lazy\" decoding=\"async\" aria-describedby=\"caption-attachment-1160\" data-attachment-id=\"1160\" data-permalink=\"https:\/\/vynz100photo.fr\/blog\/photographie\/test-de-materiel\/objectifs\/canon-ef-35mm-f2\/07102011-img_1656\/\" data-orig-file=\"https:\/\/i0.wp.com\/vynz100photo.fr\/blog\/wp-content\/uploads\/2013\/08\/07102011-IMG_1656.jpg?fit=1024%2C683&amp;ssl=1\" data-orig-size=\"1024,683\" data-comments-opened=\"1\" data-image-meta=\"{&quot;aperture&quot;:&quot;8&quot;,&quot;credit&quot;:&quot;Vincent Verger&quot;,&quot;camera&quot;:&quot;Canon EOS 5D Mark II&quot;,&quot;caption&quot;:&quot;&quot;,&quot;created_timestamp&quot;:&quot;1317993222&quot;,&quot;copyright&quot;:&quot;@ Vincent VERGER&quot;,&quot;focal_length&quot;:&quot;35&quot;,&quot;iso&quot;:&quot;100&quot;,&quot;shutter_speed&quot;:&quot;0.004&quot;,&quot;title&quot;:&quot;&quot;}\" data-image-title=\"07102011-IMG_1656\" data-image-description=\"\" data-image-caption=\"&lt;p&gt;5D MarkII &amp;#8211; f\/8&lt;\/p&gt;\n\" data-large-file=\"https:\/\/i0.wp.com\/vynz100photo.fr\/blog\/wp-content\/uploads\/2013\/08\/07102011-IMG_1656.jpg?fit=800%2C534&amp;ssl=1\" class=\"size-full wp-image-1160\" alt=\"5D MarkII - f\/8\" src=\"https:\/\/i0.wp.com\/vynz100photo.fr\/blog\/wp-content\/uploads\/2013\/08\/07102011-IMG_1656.jpg?resize=800%2C534&#038;ssl=1\" width=\"800\" height=\"534\" srcset=\"https:\/\/i0.wp.com\/vynz100photo.fr\/blog\/wp-content\/uploads\/2013\/08\/07102011-IMG_1656.jpg?w=1024&amp;ssl=1 1024w, https:\/\/i0.wp.com\/vynz100photo.fr\/blog\/wp-content\/uploads\/2013\/08\/07102011-IMG_1656.jpg?resize=300%2C200&amp;ssl=1 300w\" sizes=\"auto, (max-width: 800px) 100vw, 800px\" \/><\/a><p id=\"caption-attachment-1160\" class=\"wp-caption-text\">5D MarkII &#8211; f\/8<\/p><\/div>\n<div id=\"attachment_1159\" style=\"width: 1034px\" class=\"wp-caption aligncenter\"><a href=\"https:\/\/i0.wp.com\/vynz100photo.fr\/blog\/wp-content\/uploads\/2013\/08\/02012012-IMG_6907.jpg?ssl=1\"><img data-recalc-dims=\"1\" loading=\"lazy\" decoding=\"async\" aria-describedby=\"caption-attachment-1159\" data-attachment-id=\"1159\" data-permalink=\"https:\/\/vynz100photo.fr\/blog\/photographie\/test-de-materiel\/objectifs\/canon-ef-35mm-f2\/02012012-img_6907\/\" data-orig-file=\"https:\/\/i0.wp.com\/vynz100photo.fr\/blog\/wp-content\/uploads\/2013\/08\/02012012-IMG_6907.jpg?fit=1024%2C683&amp;ssl=1\" data-orig-size=\"1024,683\" data-comments-opened=\"1\" data-image-meta=\"{&quot;aperture&quot;:&quot;13&quot;,&quot;credit&quot;:&quot;Vincent Verger&quot;,&quot;camera&quot;:&quot;Canon EOS 5D Mark II&quot;,&quot;caption&quot;:&quot;&quot;,&quot;created_timestamp&quot;:&quot;1325506708&quot;,&quot;copyright&quot;:&quot;@ Vincent VERGER&quot;,&quot;focal_length&quot;:&quot;35&quot;,&quot;iso&quot;:&quot;100&quot;,&quot;shutter_speed&quot;:&quot;0.01&quot;,&quot;title&quot;:&quot;&quot;}\" data-image-title=\"02012012-IMG_6907\" data-image-description=\"\" data-image-caption=\"&lt;p&gt;5D MarkII &amp;#8211; f\/13&lt;\/p&gt;\n\" data-large-file=\"https:\/\/i0.wp.com\/vynz100photo.fr\/blog\/wp-content\/uploads\/2013\/08\/02012012-IMG_6907.jpg?fit=800%2C534&amp;ssl=1\" class=\"size-full wp-image-1159\" alt=\"5D MarkII - f\/13\" src=\"https:\/\/i0.wp.com\/vynz100photo.fr\/blog\/wp-content\/uploads\/2013\/08\/02012012-IMG_6907.jpg?resize=800%2C534&#038;ssl=1\" width=\"800\" height=\"534\" srcset=\"https:\/\/i0.wp.com\/vynz100photo.fr\/blog\/wp-content\/uploads\/2013\/08\/02012012-IMG_6907.jpg?w=1024&amp;ssl=1 1024w, https:\/\/i0.wp.com\/vynz100photo.fr\/blog\/wp-content\/uploads\/2013\/08\/02012012-IMG_6907.jpg?resize=300%2C200&amp;ssl=1 300w\" sizes=\"auto, (max-width: 800px) 100vw, 800px\" \/><\/a><p id=\"caption-attachment-1159\" class=\"wp-caption-text\">5D MarkII &#8211; f\/13<\/p><\/div>\n<h2><span style=\"color: #ff6600;\">Conclusion<\/span><\/h2>\n<p>Encore un \u00ab\u00a0caillou\u00a0\u00bb qui a fait le bonheur de bien des photographes et qui peut continuer encore! Sa <strong>qualit\u00e9 optique lui permet d&rsquo;\u00eatre encore \u00e0 la hauteur des capteurs<\/strong> dop\u00e9s aux hormones actuels, avec un <strong>rendu tr\u00e8s agr\u00e9able<\/strong> et un <strong>piqu\u00e9 tr\u00e8s bon<\/strong> (au centre) d\u00e8s f\/2. Son <strong>prix mod\u00e9r\u00e9<\/strong> est un autre de ses atouts!<\/p>\n<p>Je le conseille <strong>plus sur bo\u00eetier APS-C que sur 24&#215;36<\/strong>, o\u00f9 ses bords moins bons se voient: sur mon 550D il \u00e9tait devenu tr\u00e8s rapidement mon bouchon de bo\u00eetier, conduisant tous les autres objectifs \u00e0 \u00e9migrer sous des cieux plus cl\u00e9ments&#8230; D\u00e9sormais il accompagne mon 1D MkII au quotidien&#8230; cela donne un \u00e9quivalent 45mm environ, assez pratique pour la rue. Je n&rsquo;ai pas pu me r\u00e9soudre \u00e0 le vendre!<\/p>\n<p>Attention n\u00e9anmoins, <strong>il est en fin de vie<\/strong> puisqu&rsquo;il a \u00e9t\u00e9 remplac\u00e9 par le 35mm f\/2 IS (stabilis\u00e9) qui co\u00fbte deux \u00e0 trois fois son prix et qui est meilleur optiquement&#8230; Il ne faut donc pas trop tarder si vous voulez qu&rsquo;il vienne garnir votre besace!<\/p>\n","protected":false},"excerpt":{"rendered":"<p>Caract\u00e9ristiques Poids:\u00a0210 g Prix:\u00a0300\u20ac environ Une focale fixe \u00e0 prix contenu, l\u00e9g\u00e8re et avec une belle ouverture de f\/2&#8230; \u00a0Sa focale de 35mm en fait un l\u00e9ger grand-angle, utilisable au quotidien comme objectif \u00e0 tout faire. Cette focale est une des pr\u00e9f\u00e9r\u00e9es des photographes de rue, et ce depuis bien longtemps, car elle cadre plus [&hellip;]<\/p>\n","protected":false},"author":1,"featured_media":0,"parent":814,"menu_order":1,"comment_status":"open","ping_status":"open","template":"full-width-page.php","meta":{"_mo_disable_npp":"","jetpack_post_was_ever_published":false,"footnotes":""},"class_list":["post-1027","page","type-page","status-publish","hentry"],"jetpack_sharing_enabled":true,"jetpack_shortlink":"https:\/\/wp.me\/P3QNY7-gz","jetpack_likes_enabled":true,"jetpack-related-posts":[{"id":1903,"url":"https:\/\/vynz100photo.fr\/blog\/photographie\/test-de-materiel\/objectifs\/canon-ef-40mm-f28\/","url_meta":{"origin":1027,"position":0},"title":"Canon EF 40mm f\/2,8","author":"Vincent","date":"20 d\u00e9cembre 2013","format":false,"excerpt":"\u00a0 \u00a0 Caract\u00e9ristiques Poids: 130 g \u00a0 Prix:\u00a0150\u20ac environ Le petit nouveau de chez Canon, avec un moteur STM utilisable sur les nouveaux r\u00e9flexs de la marque en vid\u00e9o: il est petit, voire tr\u00e8s petit, discret et efficace. Sur un petit capteur APS-C il sera un \u00e9quivalent 65mm, alors que\u2026","rel":"","context":"Article similaire","block_context":{"text":"Article similaire","link":""},"img":{"alt_text":"D3S_8821-1200","src":"https:\/\/i0.wp.com\/vynz100photo.fr\/blog\/wp-content\/uploads\/2013\/12\/D3S_8821-1200-1024x685.jpg?resize=350%2C200","width":350,"height":200},"classes":[]},{"id":814,"url":"https:\/\/vynz100photo.fr\/blog\/photographie\/test-de-materiel\/objectifs\/","url_meta":{"origin":1027,"position":1},"title":"Objectifs","author":"Vincent","date":"7 ao\u00fbt 2013","format":false,"excerpt":"Quelques retours d'objectifs que j'ai poss\u00e9d\u00e9s ou test\u00e9s... Au menu, des focales fixes, qui peuvent aller tout aussi bien sur un r\u00e9flex Canon APS-C qu'un 24x36: - Canon EF 28 mm f\/2,8, - Canon\u00a0EF 35mm f\/2, - Canon EF 40mm f\/2,8, - Canon\u00a0EF 50mm f\/1,8, - Canon\u00a0EF 85mm f\/1,8 USM,\u2026","rel":"","context":"Article similaire","block_context":{"text":"Article similaire","link":""},"img":{"alt_text":"","src":"","width":0,"height":0},"classes":[]},{"id":778,"url":"https:\/\/vynz100photo.fr\/blog\/about\/notre-equipement-photographique\/","url_meta":{"origin":1027,"position":2},"title":"Notre \u00e9quipement photographique","author":"Vincent","date":"6 ao\u00fbt 2013","format":false,"excerpt":"Bien \u00e9videmment, ce n'est pas l'\u00e9quipement photographique qui fait la photo, mais le photographe. Le mat\u00e9riel permet de s'affranchir de certaines limites, de composer diff\u00e9remment et de jouer avec plus de cr\u00e9ativit\u00e9... Les images qui sont sur ce blog sont r\u00e9alis\u00e9es avec les couples bo\u00eetier\/objectif qui suivent. Claire Claire a\u2026","rel":"","context":"Article similaire","block_context":{"text":"Article similaire","link":""},"img":{"alt_text":"20140506-IMG_9417","src":"https:\/\/i0.wp.com\/vynz100photo.fr\/blog\/wp-content\/uploads\/2014\/05\/20140506-IMG_9417-200x300.jpg?resize=350%2C200","width":350,"height":200},"classes":[]},{"id":786,"url":"https:\/\/vynz100photo.fr\/blog\/photographie\/quelques-conseils-photo\/les-objectifs-a-ne-pas-negliger\/","url_meta":{"origin":1027,"position":3},"title":"Les objectifs, \u00e0 ne pas n\u00e9gliger!","author":"Vincent","date":"7 ao\u00fbt 2013","format":false,"excerpt":"Quand on a fait le choix de son r\u00e9flex, on pense que le plus dur est fait... mais c'est une erreur, ce n'est que le d\u00e9but! La qualit\u00e9 de l'image d\u00e9pend effectivement du capteur du bo\u00eetier, mais elle est en premier lieu d\u00e9pendante de l'objectif qui fait passer la lumi\u00e8re...\u2026","rel":"","context":"Article similaire","block_context":{"text":"Article similaire","link":""},"img":{"alt_text":"Emploi d'un 21mm","src":"https:\/\/i0.wp.com\/vynz100photo.fr\/blog\/wp-content\/uploads\/2012\/09\/16092012-IMG_8801-300x200.jpg?resize=350%2C200","width":350,"height":200},"classes":[]},{"id":2004,"url":"https:\/\/vynz100photo.fr\/blog\/photographie\/test-de-materiel\/objectifs\/zeiss-distagon-t-35mm-f2-ze\/","url_meta":{"origin":1027,"position":4},"title":"ZEISS Distagon T* 35mm f\/2 ZE","author":"Vincent","date":"31 d\u00e9cembre 2013","format":false,"excerpt":"Caract\u00e9ristiques Poids: 570 g \u00a0 Prix:\u00a0900\u20ac environ Un des deux objectifs 35mm de la gamme Zeiss pour Canon avec le \u00a035mm f\/1,4. S'il est moins ouvert que ce dernier, il est aussi beaucoup plus l\u00e9ger et beaucoup moins cher! Comme les autres objectifs de la marque allemande, la\u00a0mise au point\u00a0se\u2026","rel":"","context":"Article similaire","block_context":{"text":"Article similaire","link":""},"img":{"alt_text":"Zeiss Distagon T* 35mm f\/2","src":"https:\/\/i0.wp.com\/vynz100photo.fr\/blog\/wp-content\/uploads\/2013\/12\/ZEISS1762850.jpg?resize=350%2C200","width":350,"height":200},"classes":[]},{"id":816,"url":"https:\/\/vynz100photo.fr\/blog\/photographie\/test-de-materiel\/objectifs\/canon-ef-50mm-f18\/","url_meta":{"origin":1027,"position":5},"title":"Canon EF 50mm f\/1,8","author":"Vincent","date":"7 ao\u00fbt 2013","format":false,"excerpt":"\u00a0 Caract\u00e9ristiques Poids: 130 g Prix: 100\u20ac environ C'est le petit objectif \u00e0 avoir chez Canon, l\u00e9ger, superbe optiquement d\u00e8s que l'on ferme le diaphragme, avec un beau rendu \u00e0 pleine ouverture... Sa focale de 50mm fait de lui un compagnon id\u00e9al au quotidien (sur 24x36) et un tr\u00e8s bon\u2026","rel":"","context":"Avec 1 commentaire","block_context":{"text":"Avec 1 commentaire","link":"https:\/\/vynz100photo.fr\/blog\/photographie\/test-de-materiel\/objectifs\/canon-ef-50mm-f18\/#comments"},"img":{"alt_text":"Canon EF 50mm f\/1,8","src":"https:\/\/i0.wp.com\/vynz100photo.fr\/blog\/wp-content\/uploads\/2013\/08\/50mm.jpg?resize=350%2C200","width":350,"height":200},"classes":[]}],"_links":{"self":[{"href":"https:\/\/vynz100photo.fr\/blog\/wp-json\/wp\/v2\/pages\/1027","targetHints":{"allow":["GET"]}}],"collection":[{"href":"https:\/\/vynz100photo.fr\/blog\/wp-json\/wp\/v2\/pages"}],"about":[{"href":"https:\/\/vynz100photo.fr\/blog\/wp-json\/wp\/v2\/types\/page"}],"author":[{"embeddable":true,"href":"https:\/\/vynz100photo.fr\/blog\/wp-json\/wp\/v2\/users\/1"}],"replies":[{"embeddable":true,"href":"https:\/\/vynz100photo.fr\/blog\/wp-json\/wp\/v2\/comments?post=1027"}],"version-history":[{"count":0,"href":"https:\/\/vynz100photo.fr\/blog\/wp-json\/wp\/v2\/pages\/1027\/revisions"}],"up":[{"embeddable":true,"href":"https:\/\/vynz100photo.fr\/blog\/wp-json\/wp\/v2\/pages\/814"}],"wp:attachment":[{"href":"https:\/\/vynz100photo.fr\/blog\/wp-json\/wp\/v2\/media?parent=1027"}],"curies":[{"name":"wp","href":"https:\/\/api.w.org\/{rel}","templated":true}]}}