{"id":1024,"date":"2013-08-18T14:28:29","date_gmt":"2013-08-18T06:28:29","guid":{"rendered":"http:\/\/vynz100photo.fr\/blog\/?page_id=1024"},"modified":"2013-08-18T14:29:59","modified_gmt":"2013-08-18T06:29:59","slug":"canon-ef-135mm-f2-l-usm","status":"publish","type":"page","link":"https:\/\/vynz100photo.fr\/blog\/photographie\/test-de-materiel\/objectifs\/canon-ef-135mm-f2-l-usm\/","title":{"rendered":"Canon EF 135mm f\/2 L USM"},"content":{"rendered":"<p><a href=\"https:\/\/i0.wp.com\/vynz100photo.fr\/blog\/wp-content\/uploads\/2013\/08\/canon_135mmf2_usm_733.jpg?ssl=1\"><img data-recalc-dims=\"1\" loading=\"lazy\" decoding=\"async\" data-attachment-id=\"1025\" data-permalink=\"https:\/\/vynz100photo.fr\/blog\/photographie\/test-de-materiel\/objectifs\/canon-ef-135mm-f2-l-usm\/canon_135mmf2_usm_733\/\" data-orig-file=\"https:\/\/i0.wp.com\/vynz100photo.fr\/blog\/wp-content\/uploads\/2013\/08\/canon_135mmf2_usm_733.jpg?fit=550%2C733&amp;ssl=1\" data-orig-size=\"550,733\" data-comments-opened=\"1\" data-image-meta=\"{&quot;aperture&quot;:&quot;0&quot;,&quot;credit&quot;:&quot;&quot;,&quot;camera&quot;:&quot;&quot;,&quot;caption&quot;:&quot;&quot;,&quot;created_timestamp&quot;:&quot;0&quot;,&quot;copyright&quot;:&quot;&quot;,&quot;focal_length&quot;:&quot;0&quot;,&quot;iso&quot;:&quot;0&quot;,&quot;shutter_speed&quot;:&quot;0&quot;,&quot;title&quot;:&quot;&quot;}\" data-image-title=\"canon_135mmf2_usm_733\" data-image-description=\"\" data-image-caption=\"\" data-large-file=\"https:\/\/i0.wp.com\/vynz100photo.fr\/blog\/wp-content\/uploads\/2013\/08\/canon_135mmf2_usm_733.jpg?fit=550%2C733&amp;ssl=1\" class=\"aligncenter size-full wp-image-1025\" alt=\"canon_135mmf2_usm_733\" src=\"https:\/\/i0.wp.com\/vynz100photo.fr\/blog\/wp-content\/uploads\/2013\/08\/canon_135mmf2_usm_733.jpg?resize=550%2C733&#038;ssl=1\" width=\"550\" height=\"733\" srcset=\"https:\/\/i0.wp.com\/vynz100photo.fr\/blog\/wp-content\/uploads\/2013\/08\/canon_135mmf2_usm_733.jpg?w=550&amp;ssl=1 550w, https:\/\/i0.wp.com\/vynz100photo.fr\/blog\/wp-content\/uploads\/2013\/08\/canon_135mmf2_usm_733.jpg?resize=225%2C300&amp;ssl=1 225w\" sizes=\"auto, (max-width: 550px) 100vw, 550px\" \/><\/a><\/p>\n<p>&nbsp;<\/p>\n<h2><span style=\"color: #ff6600;\">Caract\u00e9ristiques<\/span><\/h2>\n<p><span style=\"text-decoration: underline;\">Poids:<\/span> 750 g<\/p>\n<p><span style=\"text-decoration: underline;\">Prix:<\/span> 1100\u20ac environ<\/p>\n<p style=\"text-align: justify;\">Une <strong>focale fixe de 135mm<\/strong>, soit un t\u00e9l\u00e9objectif, avec une <strong>grande ouverture de f\/2<\/strong>, on est bien en pr\u00e9sence d&rsquo;un caillou d\u00e9di\u00e9 au portrait. Son <strong>autofocus de type USM <\/strong>est<strong>\u00a0<\/strong>extr\u00eamement v\u00e9loce, ce qui lui permet d&rsquo;\u00eatre aussi performant en photo sportive; enfin, sa finition \u00ab\u00a0L\u00a0\u00bb, la <strong>gamme professionnelle<\/strong> de Canon, est excellente&#8230; tout comme son prix!<\/p>\n<h2><span style=\"color: #ff6600;\">Construction<\/span><\/h2>\n<p style=\"text-align: justify;\">On est clairement dans le haut de gamme du constructeur japonais: l&rsquo;objectif est compact, relativement lourd (sur un petit APS-C \u00e7a va s\u00e9rieusement pencher en avant!) mais bien \u00e9quilibr\u00e9. La lentille frontale est \u00e9norme (72mm).<\/p>\n<p style=\"text-align: justify;\">La bague de mise au point manuelle est large et bien progressive, en caoutchouc. Le pare-soleil est grand et de bonne facture&#8230; par contre, autant l&rsquo;objectif est discret sans ce dernier, autant avec ce n&rsquo;est plus la m\u00eame chose! Enfin, il est accompagn\u00e9 d&rsquo;un sac solide pour le transporter, ce qui est un minimum \u00e0 ce niveau de tarifs.<\/p>\n<h2><span style=\"color: #ff6600;\">Sur le terrain<\/span><\/h2>\n<p style=\"text-align: justify;\">La premi\u00e8re bonne impression se confirme tr\u00e8s rapidement: c&rsquo;est <strong>un r\u00e9gal \u00e0 l&rsquo;utilisation<\/strong>, son <em>bokeh<\/em>\u00a0 (flou d&rsquo;arri\u00e8re-plan) est d&rsquo;une grande douceur. D\u00e8s la pleine ouverture le piqu\u00e9 est pr\u00e9sent, il est d&rsquo;une pr\u00e9cision redoutable.<\/p>\n<p style=\"text-align: justify;\">L&rsquo;autofocus est <strong>incroyablement rapide<\/strong>, et tr\u00e8s pr\u00e9cis. Sur les sujets qui sont un peu \u00e9loign\u00e9s, on peut choisir de ne faire la mise au point que de 1,20 m \u00e0 l&rsquo;infini plut\u00f4t que de 0,90m \u00e0 l&rsquo;infini&#8230; de cette fa\u00e7on, la course de l&rsquo;autofocus est plus courte et donc la mise au point plus rapide&#8230;<\/p>\n<p style=\"text-align: justify;\">Question qualit\u00e9 d&rsquo;image, pas de d\u00e9formation, tr\u00e8s tr\u00e8s peu d&rsquo;aberrations chromatiques, une pr\u00e9cision diabolique, des couleurs \u00e9clatantes&#8230; que du tr\u00e8s lourd!<\/p>\n<p style=\"text-align: justify;\">Utilis\u00e9 principalement sur des portraits, c&rsquo;est <strong>vraiment un objectif superlatif<\/strong>, on a l&rsquo;impression que chaque photo est r\u00e9ussie avec cet objectif! M\u00e9fiance de ne pas vouloir trop shooter \u00e0 pleine ouverture, on se retrouve vite avec un oeil net et l&rsquo;autre flou, la profondeur de champ \u00e0 135mm est tr\u00e8s courte!<\/p>\n<h2><span style=\"color: #ff6600;\">Exemples<\/span><\/h2>\n<p>&nbsp;<\/p>\n<div id=\"attachment_935\" style=\"width: 1034px\" class=\"wp-caption aligncenter\"><a href=\"https:\/\/i0.wp.com\/vynz100photo.fr\/blog\/wp-content\/uploads\/2013\/08\/20130714-IMG_2430.jpg?ssl=1\"><img data-recalc-dims=\"1\" loading=\"lazy\" decoding=\"async\" aria-describedby=\"caption-attachment-935\" data-attachment-id=\"935\" data-permalink=\"https:\/\/vynz100photo.fr\/blog\/voyages\/japon-hokkaido\/furano-14-juillet\/20130714-img_2430\/\" data-orig-file=\"https:\/\/i0.wp.com\/vynz100photo.fr\/blog\/wp-content\/uploads\/2013\/08\/20130714-IMG_2430.jpg?fit=1024%2C683&amp;ssl=1\" data-orig-size=\"1024,683\" data-comments-opened=\"1\" data-image-meta=\"{&quot;aperture&quot;:&quot;2&quot;,&quot;credit&quot;:&quot;Vincent Verger&quot;,&quot;camera&quot;:&quot;Canon EOS 5D Mark II&quot;,&quot;caption&quot;:&quot;&quot;,&quot;created_timestamp&quot;:&quot;1373820097&quot;,&quot;copyright&quot;:&quot;Vincent Verger&quot;,&quot;focal_length&quot;:&quot;135&quot;,&quot;iso&quot;:&quot;200&quot;,&quot;shutter_speed&quot;:&quot;0.000625&quot;,&quot;title&quot;:&quot;&quot;}\" data-image-title=\"20130714-IMG_2430\" data-image-description=\"\" data-image-caption=\"\" data-large-file=\"https:\/\/i0.wp.com\/vynz100photo.fr\/blog\/wp-content\/uploads\/2013\/08\/20130714-IMG_2430.jpg?fit=800%2C534&amp;ssl=1\" class=\"size-full wp-image-935\" alt=\"Sur 5D MkII (24x36)\" src=\"https:\/\/i0.wp.com\/vynz100photo.fr\/blog\/wp-content\/uploads\/2013\/08\/20130714-IMG_2430.jpg?resize=800%2C534&#038;ssl=1\" width=\"800\" height=\"534\" srcset=\"https:\/\/i0.wp.com\/vynz100photo.fr\/blog\/wp-content\/uploads\/2013\/08\/20130714-IMG_2430.jpg?w=1024&amp;ssl=1 1024w, https:\/\/i0.wp.com\/vynz100photo.fr\/blog\/wp-content\/uploads\/2013\/08\/20130714-IMG_2430.jpg?resize=300%2C200&amp;ssl=1 300w\" sizes=\"auto, (max-width: 800px) 100vw, 800px\" \/><\/a><p id=\"caption-attachment-935\" class=\"wp-caption-text\">Sur 5D MkII (24&#215;36)<\/p><\/div>\n<p>&nbsp;<\/p>\n<h2><\/h2>\n<div id=\"attachment_1035\" style=\"width: 693px\" class=\"wp-caption aligncenter\"><a href=\"https:\/\/i0.wp.com\/vynz100photo.fr\/blog\/wp-content\/uploads\/2013\/08\/20130601-_A1B0930-2.jpg?ssl=1\"><img data-recalc-dims=\"1\" loading=\"lazy\" decoding=\"async\" aria-describedby=\"caption-attachment-1035\" data-attachment-id=\"1035\" data-permalink=\"https:\/\/vynz100photo.fr\/blog\/photographie\/test-de-materiel\/objectifs\/canon-ef-135mm-f2-l-usm\/20130601-_a1b0930-2\/\" data-orig-file=\"https:\/\/i0.wp.com\/vynz100photo.fr\/blog\/wp-content\/uploads\/2013\/08\/20130601-_A1B0930-2.jpg?fit=683%2C1024&amp;ssl=1\" data-orig-size=\"683,1024\" data-comments-opened=\"1\" data-image-meta=\"{&quot;aperture&quot;:&quot;2&quot;,&quot;credit&quot;:&quot;Vincent Verger&quot;,&quot;camera&quot;:&quot;Canon EOS-1D Mark II&quot;,&quot;caption&quot;:&quot;&quot;,&quot;created_timestamp&quot;:&quot;1370071892&quot;,&quot;copyright&quot;:&quot;@ Vincent VERGER&quot;,&quot;focal_length&quot;:&quot;135&quot;,&quot;iso&quot;:&quot;640&quot;,&quot;shutter_speed&quot;:&quot;0.0003125&quot;,&quot;title&quot;:&quot;&quot;}\" data-image-title=\"20130601-_A1B0930-2\" data-image-description=\"\" data-image-caption=\"&lt;p&gt;Sur APS-H (1D MkII)&lt;\/p&gt;\n\" data-large-file=\"https:\/\/i0.wp.com\/vynz100photo.fr\/blog\/wp-content\/uploads\/2013\/08\/20130601-_A1B0930-2.jpg?fit=683%2C1024&amp;ssl=1\" class=\"size-full wp-image-1035\" alt=\"Sur APS-H (1D MkII)\" src=\"https:\/\/i0.wp.com\/vynz100photo.fr\/blog\/wp-content\/uploads\/2013\/08\/20130601-_A1B0930-2.jpg?resize=683%2C1024&#038;ssl=1\" width=\"683\" height=\"1024\" srcset=\"https:\/\/i0.wp.com\/vynz100photo.fr\/blog\/wp-content\/uploads\/2013\/08\/20130601-_A1B0930-2.jpg?w=683&amp;ssl=1 683w, https:\/\/i0.wp.com\/vynz100photo.fr\/blog\/wp-content\/uploads\/2013\/08\/20130601-_A1B0930-2.jpg?resize=200%2C300&amp;ssl=1 200w\" sizes=\"auto, (max-width: 683px) 100vw, 683px\" \/><\/a><p id=\"caption-attachment-1035\" class=\"wp-caption-text\">Sur APS-H (1D MkII)<\/p><\/div>\n<h2><\/h2>\n<div id=\"attachment_1034\" style=\"width: 1034px\" class=\"wp-caption aligncenter\"><a href=\"https:\/\/i0.wp.com\/vynz100photo.fr\/blog\/wp-content\/uploads\/2013\/08\/20130717-IMG_9979.jpg?ssl=1\"><img data-recalc-dims=\"1\" loading=\"lazy\" decoding=\"async\" aria-describedby=\"caption-attachment-1034\" data-attachment-id=\"1034\" data-permalink=\"https:\/\/vynz100photo.fr\/blog\/photographie\/test-de-materiel\/objectifs\/canon-ef-135mm-f2-l-usm\/20130717-img_9979\/\" data-orig-file=\"https:\/\/i0.wp.com\/vynz100photo.fr\/blog\/wp-content\/uploads\/2013\/08\/20130717-IMG_9979.jpg?fit=1024%2C683&amp;ssl=1\" data-orig-size=\"1024,683\" data-comments-opened=\"1\" data-image-meta=\"{&quot;aperture&quot;:&quot;2.5&quot;,&quot;credit&quot;:&quot;Vincent Verger&quot;,&quot;camera&quot;:&quot;Canon EOS 5D Mark II&quot;,&quot;caption&quot;:&quot;&quot;,&quot;created_timestamp&quot;:&quot;1374082475&quot;,&quot;copyright&quot;:&quot;Vincent Verger&quot;,&quot;focal_length&quot;:&quot;135&quot;,&quot;iso&quot;:&quot;100&quot;,&quot;shutter_speed&quot;:&quot;0.0005&quot;,&quot;title&quot;:&quot;&quot;}\" data-image-title=\"20130717-IMG_9979\" data-image-description=\"\" data-image-caption=\"&lt;p&gt;Sur 24&amp;#215;36 (5D MkII)&lt;\/p&gt;\n\" data-large-file=\"https:\/\/i0.wp.com\/vynz100photo.fr\/blog\/wp-content\/uploads\/2013\/08\/20130717-IMG_9979.jpg?fit=800%2C534&amp;ssl=1\" class=\"size-full wp-image-1034\" alt=\"Sur 24x36 (5D MkII)\" src=\"https:\/\/i0.wp.com\/vynz100photo.fr\/blog\/wp-content\/uploads\/2013\/08\/20130717-IMG_9979.jpg?resize=800%2C534&#038;ssl=1\" width=\"800\" height=\"534\" srcset=\"https:\/\/i0.wp.com\/vynz100photo.fr\/blog\/wp-content\/uploads\/2013\/08\/20130717-IMG_9979.jpg?w=1024&amp;ssl=1 1024w, https:\/\/i0.wp.com\/vynz100photo.fr\/blog\/wp-content\/uploads\/2013\/08\/20130717-IMG_9979.jpg?resize=300%2C200&amp;ssl=1 300w\" sizes=\"auto, (max-width: 800px) 100vw, 800px\" \/><\/a><p id=\"caption-attachment-1034\" class=\"wp-caption-text\">Sur 24&#215;36 (5D MkII)<\/p><\/div>\n<h2><\/h2>\n<div id=\"attachment_1036\" style=\"width: 693px\" class=\"wp-caption aligncenter\"><a href=\"https:\/\/i0.wp.com\/vynz100photo.fr\/blog\/wp-content\/uploads\/2013\/08\/20130502-IMG_9826-Modifier-2.jpg?ssl=1\"><img data-recalc-dims=\"1\" loading=\"lazy\" decoding=\"async\" aria-describedby=\"caption-attachment-1036\" data-attachment-id=\"1036\" data-permalink=\"https:\/\/vynz100photo.fr\/blog\/photographie\/test-de-materiel\/objectifs\/canon-ef-135mm-f2-l-usm\/20130502-img_9826-modifier-2\/\" data-orig-file=\"https:\/\/i0.wp.com\/vynz100photo.fr\/blog\/wp-content\/uploads\/2013\/08\/20130502-IMG_9826-Modifier-2.jpg?fit=683%2C1024&amp;ssl=1\" data-orig-size=\"683,1024\" data-comments-opened=\"1\" data-image-meta=\"{&quot;aperture&quot;:&quot;2&quot;,&quot;credit&quot;:&quot;Vincent Verger&quot;,&quot;camera&quot;:&quot;Canon EOS 5D Mark II&quot;,&quot;caption&quot;:&quot;&quot;,&quot;created_timestamp&quot;:&quot;1367494734&quot;,&quot;copyright&quot;:&quot;@ Vincent VERGER&quot;,&quot;focal_length&quot;:&quot;135&quot;,&quot;iso&quot;:&quot;100&quot;,&quot;shutter_speed&quot;:&quot;0.000625&quot;,&quot;title&quot;:&quot;&quot;}\" data-image-title=\"20130502-IMG_9826-Modifier-2\" data-image-description=\"\" data-image-caption=\"&lt;p&gt;Sur 24&amp;#215;36 (5D MkII)&lt;\/p&gt;\n\" data-large-file=\"https:\/\/i0.wp.com\/vynz100photo.fr\/blog\/wp-content\/uploads\/2013\/08\/20130502-IMG_9826-Modifier-2.jpg?fit=683%2C1024&amp;ssl=1\" class=\"size-full wp-image-1036\" alt=\"Sur 24x36 (5D MkII)\" src=\"https:\/\/i0.wp.com\/vynz100photo.fr\/blog\/wp-content\/uploads\/2013\/08\/20130502-IMG_9826-Modifier-2.jpg?resize=683%2C1024&#038;ssl=1\" width=\"683\" height=\"1024\" srcset=\"https:\/\/i0.wp.com\/vynz100photo.fr\/blog\/wp-content\/uploads\/2013\/08\/20130502-IMG_9826-Modifier-2.jpg?w=683&amp;ssl=1 683w, https:\/\/i0.wp.com\/vynz100photo.fr\/blog\/wp-content\/uploads\/2013\/08\/20130502-IMG_9826-Modifier-2.jpg?resize=200%2C300&amp;ssl=1 200w\" sizes=\"auto, (max-width: 683px) 100vw, 683px\" \/><\/a><p id=\"caption-attachment-1036\" class=\"wp-caption-text\">Sur 24&#215;36 (5D MkII)<\/p><\/div>\n<h2><\/h2>\n<h2><span style=\"color: #ff6600;\">Conclusion<\/span><\/h2>\n<p style=\"text-align: justify;\">\u00a0C&rsquo;est vraiment <strong>l&rsquo;objectif parfait <\/strong>sur 24&#215;36<strong> pour faire des portraits<\/strong>: l\u00e9ger, pas tr\u00e8s encombrant par rapport aux zooms pro de la marque, il ne souffre de <strong>quasiment aucun d\u00e9faut optique<\/strong>, son autofocus est supersonique&#8230; seul frein, <strong>son prix<\/strong>, actuellement bien au del\u00e0 des 1000\u20ac.<\/p>\n<p style=\"text-align: justify;\">Sur APS-C et pour les budgets plus r\u00e9duits je conseillerais plut\u00f4t le <a title=\"Canon EF 85mm f\/1,8 USM\" href=\"https:\/\/vynz100photo.fr\/blog\/photographie\/test-de-materiel\/objectifs\/canon-ef-85mm-f18-usm\/\">Canon EF 85mm f\/1,8<\/a>, deux \u00e0 trois fois moins cher, plus l\u00e9ger, mais plus court et au rendu moins exceptionnel&#8230; mais n\u00e9anmoins superbe.<\/p>\n","protected":false},"excerpt":{"rendered":"<p>&nbsp; Caract\u00e9ristiques Poids: 750 g Prix: 1100\u20ac environ Une focale fixe de 135mm, soit un t\u00e9l\u00e9objectif, avec une grande ouverture de f\/2, on est bien en pr\u00e9sence d&rsquo;un caillou d\u00e9di\u00e9 au portrait. Son autofocus de type USM est\u00a0extr\u00eamement v\u00e9loce, ce qui lui permet d&rsquo;\u00eatre aussi performant en photo sportive; enfin, sa finition \u00ab\u00a0L\u00a0\u00bb, la gamme [&hellip;]<\/p>\n","protected":false},"author":1,"featured_media":0,"parent":814,"menu_order":4,"comment_status":"open","ping_status":"closed","template":"full-width-page.php","meta":{"_mo_disable_npp":"","jetpack_post_was_ever_published":false,"footnotes":""},"class_list":["post-1024","page","type-page","status-publish","hentry"],"jetpack_sharing_enabled":true,"jetpack_shortlink":"https:\/\/wp.me\/P3QNY7-gw","jetpack_likes_enabled":true,"jetpack-related-posts":[{"id":831,"url":"https:\/\/vynz100photo.fr\/blog\/photographie\/test-de-materiel\/objectifs\/canon-ef-85mm-f18-usm\/","url_meta":{"origin":1024,"position":0},"title":"Canon EF 85mm f\/1,8 USM","author":"Vincent","date":"7 ao\u00fbt 2013","format":false,"excerpt":"Caract\u00e9ristiques Poids: 425 g \u00a0 Prix:\u00a0350\u20ac environ Un des best-sellers de Canon, dans la s\u00e9rie des focales fixes \u00e0 prix raisonnable. Sa focale de 85mm est id\u00e9ale pour les portraits serr\u00e9es (APS-C) ou de buste (24x36); de plus sa grande ouverture de f.1,8 permet de tr\u00e8s jolis flous d'arri\u00e8re-plan... Construction\u2026","rel":"","context":"Avec 2 commentaires","block_context":{"text":"Avec 2 commentaires","link":"https:\/\/vynz100photo.fr\/blog\/photographie\/test-de-materiel\/objectifs\/canon-ef-85mm-f18-usm\/#comments"},"img":{"alt_text":"Canon EF 85mm f1.8 USM","src":"https:\/\/i0.wp.com\/vynz100photo.fr\/blog\/wp-content\/uploads\/2013\/08\/Canon-EF-85mm-f1.8-USM-01.jpg?resize=350%2C200","width":350,"height":200},"classes":[]},{"id":814,"url":"https:\/\/vynz100photo.fr\/blog\/photographie\/test-de-materiel\/objectifs\/","url_meta":{"origin":1024,"position":1},"title":"Objectifs","author":"Vincent","date":"7 ao\u00fbt 2013","format":false,"excerpt":"Quelques retours d'objectifs que j'ai poss\u00e9d\u00e9s ou test\u00e9s... Au menu, des focales fixes, qui peuvent aller tout aussi bien sur un r\u00e9flex Canon APS-C qu'un 24x36: - Canon EF 28 mm f\/2,8, - Canon\u00a0EF 35mm f\/2, - Canon EF 40mm f\/2,8, - Canon\u00a0EF 50mm f\/1,8, - Canon\u00a0EF 85mm f\/1,8 USM,\u2026","rel":"","context":"Article similaire","block_context":{"text":"Article similaire","link":""},"img":{"alt_text":"","src":"","width":0,"height":0},"classes":[]},{"id":1027,"url":"https:\/\/vynz100photo.fr\/blog\/photographie\/test-de-materiel\/objectifs\/canon-ef-35mm-f2\/","url_meta":{"origin":1024,"position":2},"title":"Canon EF 35mm f\/2","author":"Vincent","date":"31 ao\u00fbt 2013","format":false,"excerpt":"Caract\u00e9ristiques Poids:\u00a0210 g Prix:\u00a0300\u20ac environ Une focale fixe \u00e0 prix contenu, l\u00e9g\u00e8re et avec une belle ouverture de f\/2... \u00a0Sa focale de 35mm en fait un l\u00e9ger grand-angle, utilisable au quotidien comme objectif \u00e0 tout faire. Cette focale est une des pr\u00e9f\u00e9r\u00e9es des photographes de rue, et ce depuis bien\u2026","rel":"","context":"Avec 1 commentaire","block_context":{"text":"Avec 1 commentaire","link":"https:\/\/vynz100photo.fr\/blog\/photographie\/test-de-materiel\/objectifs\/canon-ef-35mm-f2\/#comments"},"img":{"alt_text":"Le vieux Canon 35mm f\/2","src":"https:\/\/i0.wp.com\/vynz100photo.fr\/blog\/wp-content\/uploads\/2013\/08\/35-f2.jpg?resize=350%2C200","width":350,"height":200,"srcset":"https:\/\/i0.wp.com\/vynz100photo.fr\/blog\/wp-content\/uploads\/2013\/08\/35-f2.jpg?resize=350%2C200 1x, https:\/\/i0.wp.com\/vynz100photo.fr\/blog\/wp-content\/uploads\/2013\/08\/35-f2.jpg?resize=525%2C300 1.5x"},"classes":[]},{"id":778,"url":"https:\/\/vynz100photo.fr\/blog\/about\/notre-equipement-photographique\/","url_meta":{"origin":1024,"position":3},"title":"Notre \u00e9quipement photographique","author":"Vincent","date":"6 ao\u00fbt 2013","format":false,"excerpt":"Bien \u00e9videmment, ce n'est pas l'\u00e9quipement photographique qui fait la photo, mais le photographe. Le mat\u00e9riel permet de s'affranchir de certaines limites, de composer diff\u00e9remment et de jouer avec plus de cr\u00e9ativit\u00e9... Les images qui sont sur ce blog sont r\u00e9alis\u00e9es avec les couples bo\u00eetier\/objectif qui suivent. Claire Claire a\u2026","rel":"","context":"Article similaire","block_context":{"text":"Article similaire","link":""},"img":{"alt_text":"20140506-IMG_9417","src":"https:\/\/i0.wp.com\/vynz100photo.fr\/blog\/wp-content\/uploads\/2014\/05\/20140506-IMG_9417-200x300.jpg?resize=350%2C200","width":350,"height":200},"classes":[]},{"id":816,"url":"https:\/\/vynz100photo.fr\/blog\/photographie\/test-de-materiel\/objectifs\/canon-ef-50mm-f18\/","url_meta":{"origin":1024,"position":4},"title":"Canon EF 50mm f\/1,8","author":"Vincent","date":"7 ao\u00fbt 2013","format":false,"excerpt":"\u00a0 Caract\u00e9ristiques Poids: 130 g Prix: 100\u20ac environ C'est le petit objectif \u00e0 avoir chez Canon, l\u00e9ger, superbe optiquement d\u00e8s que l'on ferme le diaphragme, avec un beau rendu \u00e0 pleine ouverture... Sa focale de 50mm fait de lui un compagnon id\u00e9al au quotidien (sur 24x36) et un tr\u00e8s bon\u2026","rel":"","context":"Avec 1 commentaire","block_context":{"text":"Avec 1 commentaire","link":"https:\/\/vynz100photo.fr\/blog\/photographie\/test-de-materiel\/objectifs\/canon-ef-50mm-f18\/#comments"},"img":{"alt_text":"Canon EF 50mm f\/1,8","src":"https:\/\/i0.wp.com\/vynz100photo.fr\/blog\/wp-content\/uploads\/2013\/08\/50mm.jpg?resize=350%2C200","width":350,"height":200},"classes":[]},{"id":786,"url":"https:\/\/vynz100photo.fr\/blog\/photographie\/quelques-conseils-photo\/les-objectifs-a-ne-pas-negliger\/","url_meta":{"origin":1024,"position":5},"title":"Les objectifs, \u00e0 ne pas n\u00e9gliger!","author":"Vincent","date":"7 ao\u00fbt 2013","format":false,"excerpt":"Quand on a fait le choix de son r\u00e9flex, on pense que le plus dur est fait... mais c'est une erreur, ce n'est que le d\u00e9but! La qualit\u00e9 de l'image d\u00e9pend effectivement du capteur du bo\u00eetier, mais elle est en premier lieu d\u00e9pendante de l'objectif qui fait passer la lumi\u00e8re...\u2026","rel":"","context":"Article similaire","block_context":{"text":"Article similaire","link":""},"img":{"alt_text":"Emploi d'un 21mm","src":"https:\/\/i0.wp.com\/vynz100photo.fr\/blog\/wp-content\/uploads\/2012\/09\/16092012-IMG_8801-300x200.jpg?resize=350%2C200","width":350,"height":200},"classes":[]}],"_links":{"self":[{"href":"https:\/\/vynz100photo.fr\/blog\/wp-json\/wp\/v2\/pages\/1024","targetHints":{"allow":["GET"]}}],"collection":[{"href":"https:\/\/vynz100photo.fr\/blog\/wp-json\/wp\/v2\/pages"}],"about":[{"href":"https:\/\/vynz100photo.fr\/blog\/wp-json\/wp\/v2\/types\/page"}],"author":[{"embeddable":true,"href":"https:\/\/vynz100photo.fr\/blog\/wp-json\/wp\/v2\/users\/1"}],"replies":[{"embeddable":true,"href":"https:\/\/vynz100photo.fr\/blog\/wp-json\/wp\/v2\/comments?post=1024"}],"version-history":[{"count":0,"href":"https:\/\/vynz100photo.fr\/blog\/wp-json\/wp\/v2\/pages\/1024\/revisions"}],"up":[{"embeddable":true,"href":"https:\/\/vynz100photo.fr\/blog\/wp-json\/wp\/v2\/pages\/814"}],"wp:attachment":[{"href":"https:\/\/vynz100photo.fr\/blog\/wp-json\/wp\/v2\/media?parent=1024"}],"curies":[{"name":"wp","href":"https:\/\/api.w.org\/{rel}","templated":true}]}}